{"id":56,"date":"2025-01-31T12:25:17","date_gmt":"2025-01-31T12:25:17","guid":{"rendered":"https:\/\/imlauer.com\/braurestaurant-imlauer\/tisch-reservieren\/"},"modified":"2025-11-10T09:37:12","modified_gmt":"2025-11-10T09:37:12","slug":"tisch-reservieren","status":"publish","type":"page","link":"https:\/\/imlauer.com\/braurestaurant-imlauer\/tisch-reservieren\/","title":{"rendered":"Tisch reservieren"},"content":{"rendered":"<p><div class=\"fusion-fullwidth fullwidth-box fusion-builder-row-1 has-pattern-background has-mask-background fusion-parallax-none hundred-percent-fullwidth non-hundred-percent-height-scrolling lazyload back-bild\" style=\"--awb-background-blend-mode:multiply;--awb-border-radius-top-left:0px;--awb-border-radius-top-right:0px;--awb-border-radius-bottom-right:0px;--awb-border-radius-bottom-left:0px;--awb-background-color:var(--awb-custom11);--awb-background-size:cover;--awb-flex-wrap:wrap;\" data-bg=\"https:\/\/imlauer.com\/braurestaurant-imlauer\/wp-content\/uploads\/2025\/02\/Buergerstube-Blick-Richtung-Fenster-2-3.jpg\" ><div class=\"fusion-builder-row fusion-row\"><div class=\"fusion-layout-column fusion_builder_column fusion-builder-column-0 fusion_builder_column_1_1 1_1 fusion-one-full fusion-column-first fusion-column-last\" style=\"--awb-bg-blend:overlay;--awb-bg-size:cover;\"><div class=\"fusion-column-wrapper fusion-column-has-shadow fusion-flex-column-wrapper-legacy\"><div class=\"fusion-sep-clear\"><\/div><div class=\"fusion-separator fusion-full-width-sep\" style=\"margin-left: auto;margin-right: auto;margin-top:50px;width:100%;\"><\/div><div class=\"fusion-sep-clear\"><\/div><div class=\"fusion-text fusion-text-1 heading_video\"><p><img decoding=\"async\" class=\"lazyload aligncenter size-full wp-image-3035\" src=\"data:image\/svg+xml,%3Csvg%20xmlns%3D%27http%3A%2F%2Fwww.w3.org%2F2000%2Fsvg%27%20width%3D%27200%27%20height%3D%27258%27%20viewBox%3D%270%200%20200%20258%27%3E%3Crect%20width%3D%27200%27%20height%3D%27258%27%20fill-opacity%3D%220%22%2F%3E%3C%2Fsvg%3E\" data-orig-src=\"https:\/\/imlauer.com\/braurestaurant-imlauer\/wp-content\/uploads\/sites\/5\/2019\/07\/Imlauer-juwel.png\" alt=\"Imlauer-juwel\" width=\"200\" height=\"258\" \/><\/p>\n<\/div><div class=\"fusion-text fusion-text-2 heading_video\" style=\"--awb-text-color:var(--awb-color1);\"><h1 style=\"text-align: center;\"><span style=\"color: #ffffff;\">IMLAUER RESTAURANTS<\/span><\/h1>\n<h1 style=\"text-align: center;\"><span style=\"color: #ffffff;\">the place to feel welcome<\/span><\/h1>\n<\/div><div class=\"fusion-sep-clear\"><\/div><div class=\"fusion-separator fusion-full-width-sep\" style=\"margin-left: auto;margin-right: auto;margin-top:80px;width:100%;\"><\/div><div class=\"fusion-sep-clear\"><\/div><div class=\"fusion-text fusion-text-3\"><div class=\"arrow arrow-first\"><\/div>\n<div class=\"arrow arrow-second\"><\/div>\n<\/div><div class=\"fusion-clearfix\"><\/div><\/div><\/div><\/div><\/div><div class=\"fusion-fullwidth fullwidth-box fusion-builder-row-2 hundred-percent-fullwidth non-hundred-percent-height-scrolling fusion-equal-height-columns restaurant\" style=\"--awb-background-position:left top;--awb-border-sizes-top:0px;--awb-border-sizes-bottom:0px;--awb-border-sizes-left:0px;--awb-border-sizes-right:0px;--awb-border-radius-top-left:0px;--awb-border-radius-top-right:0px;--awb-border-radius-bottom-right:0px;--awb-border-radius-bottom-left:0px;--awb-flex-wrap:wrap;\" id=\"brau\" ><div class=\"fusion-builder-row fusion-row\"><div class=\"fusion-layout-column fusion_builder_column fusion-builder-column-1 fusion_builder_column_1_2 1_2 fusion-one-half fusion-column-first\" style=\"--awb-padding-top:40px;--awb-padding-right:40px;--awb-padding-bottom:40px;--awb-padding-left:40px;--awb-bg-color:#ffffff;--awb-bg-color-hover:#ffffff;--awb-bg-size:cover;--awb-border-color:rgba(175,151,85,0.29);--awb-border-top:0;--awb-border-right:0;--awb-border-bottom:0;--awb-border-left:0;--awb-border-style:solid;\"><div class=\"fusion-column-wrapper fusion-column-has-shadow fusion-flex-column-wrapper-legacy\"><div class=\"fusion-column-content-centered\"><div class=\"fusion-column-content\"><div class=\"fusion-slider-sc fusion-flexslider-loading flexslider flexslider-hover-type-none\" data-slideshow_autoplay=\"1\" data-slideshow_smooth_height=\"0\" data-slideshow_speed=\"7000\" style=\"max-width:100%;height:100%;\"><ul class=\"slides\"><li class=\"image\"><span class=\"lazyload fusion-image-hover-element hover-type-none\"><img decoding=\"async\" src=\"https:\/\/imlauer.com\/braurestaurant-imlauer\/wp-content\/uploads\/2025\/02\/Buergerstube-Blick-Richtung-Fenster-2-2.jpg\" data-orig-src=\"https:\/\/imlauer.com\/braurestaurant-imlauer\/wp-content\/uploads\/2025\/02\/Buergerstube-Blick-Richtung-Fenster-2-2.jpg\" width=\"1000\" height=\"667\" class=\"lazyload wp-image-244\" srcset=\"data:image\/svg+xml,%3Csvg%20xmlns%3D%27http%3A%2F%2Fwww.w3.org%2F2000%2Fsvg%27%20width%3D%271000%27%20height%3D%27667%27%20viewBox%3D%270%200%201000%20667%27%3E%3Crect%20width%3D%271000%27%20height%3D%27667%27%20fill-opacity%3D%220%22%2F%3E%3C%2Fsvg%3E\" data-srcset=\"https:\/\/imlauer.com\/braurestaurant-imlauer\/wp-content\/uploads\/2025\/02\/Buergerstube-Blick-Richtung-Fenster-2-2-200x133.jpg 200w, https:\/\/imlauer.com\/braurestaurant-imlauer\/wp-content\/uploads\/2025\/02\/Buergerstube-Blick-Richtung-Fenster-2-2-400x267.jpg 400w, https:\/\/imlauer.com\/braurestaurant-imlauer\/wp-content\/uploads\/2025\/02\/Buergerstube-Blick-Richtung-Fenster-2-2-600x400.jpg 600w, https:\/\/imlauer.com\/braurestaurant-imlauer\/wp-content\/uploads\/2025\/02\/Buergerstube-Blick-Richtung-Fenster-2-2-800x534.jpg 800w, https:\/\/imlauer.com\/braurestaurant-imlauer\/wp-content\/uploads\/2025\/02\/Buergerstube-Blick-Richtung-Fenster-2-2.jpg 1000w\" data-sizes=\"auto\" data-orig-sizes=\"(max-width: 800px) 100vw, 600px\" \/><\/span><\/li><li class=\"image\"><span class=\"lazyload fusion-image-hover-element hover-type-none\"><img decoding=\"async\" src=\"https:\/\/imlauer.com\/braurestaurant-imlauer\/wp-content\/uploads\/2025\/02\/Gastgarten.jpg\" data-orig-src=\"https:\/\/imlauer.com\/braurestaurant-imlauer\/wp-content\/uploads\/2025\/02\/Gastgarten.jpg\" width=\"1000\" height=\"667\" class=\"lazyload wp-image-203\" srcset=\"data:image\/svg+xml,%3Csvg%20xmlns%3D%27http%3A%2F%2Fwww.w3.org%2F2000%2Fsvg%27%20width%3D%271000%27%20height%3D%27667%27%20viewBox%3D%270%200%201000%20667%27%3E%3Crect%20width%3D%271000%27%20height%3D%27667%27%20fill-opacity%3D%220%22%2F%3E%3C%2Fsvg%3E\" data-srcset=\"https:\/\/imlauer.com\/braurestaurant-imlauer\/wp-content\/uploads\/2025\/02\/Gastgarten-200x133.jpg 200w, https:\/\/imlauer.com\/braurestaurant-imlauer\/wp-content\/uploads\/2025\/02\/Gastgarten-400x267.jpg 400w, https:\/\/imlauer.com\/braurestaurant-imlauer\/wp-content\/uploads\/2025\/02\/Gastgarten-600x400.jpg 600w, https:\/\/imlauer.com\/braurestaurant-imlauer\/wp-content\/uploads\/2025\/02\/Gastgarten-800x534.jpg 800w, https:\/\/imlauer.com\/braurestaurant-imlauer\/wp-content\/uploads\/2025\/02\/Gastgarten.jpg 1000w\" data-sizes=\"auto\" data-orig-sizes=\"(max-width: 800px) 100vw, 600px\" \/><\/span><\/li><li class=\"image\"><span class=\"lazyload fusion-image-hover-element hover-type-none\"><img decoding=\"async\" src=\"https:\/\/imlauer.com\/braurestaurant-imlauer\/wp-content\/uploads\/2025\/02\/Braurestaurant-Tische-bei-Fenster-4.jpg\" data-orig-src=\"https:\/\/imlauer.com\/braurestaurant-imlauer\/wp-content\/uploads\/2025\/02\/Braurestaurant-Tische-bei-Fenster-4.jpg\" width=\"1000\" height=\"667\" class=\"lazyload wp-image-169\" srcset=\"data:image\/svg+xml,%3Csvg%20xmlns%3D%27http%3A%2F%2Fwww.w3.org%2F2000%2Fsvg%27%20width%3D%271000%27%20height%3D%27667%27%20viewBox%3D%270%200%201000%20667%27%3E%3Crect%20width%3D%271000%27%20height%3D%27667%27%20fill-opacity%3D%220%22%2F%3E%3C%2Fsvg%3E\" data-srcset=\"https:\/\/imlauer.com\/braurestaurant-imlauer\/wp-content\/uploads\/2025\/02\/Braurestaurant-Tische-bei-Fenster-4-200x133.jpg 200w, https:\/\/imlauer.com\/braurestaurant-imlauer\/wp-content\/uploads\/2025\/02\/Braurestaurant-Tische-bei-Fenster-4-400x267.jpg 400w, https:\/\/imlauer.com\/braurestaurant-imlauer\/wp-content\/uploads\/2025\/02\/Braurestaurant-Tische-bei-Fenster-4-600x400.jpg 600w, https:\/\/imlauer.com\/braurestaurant-imlauer\/wp-content\/uploads\/2025\/02\/Braurestaurant-Tische-bei-Fenster-4-800x534.jpg 800w, https:\/\/imlauer.com\/braurestaurant-imlauer\/wp-content\/uploads\/2025\/02\/Braurestaurant-Tische-bei-Fenster-4.jpg 1000w\" data-sizes=\"auto\" data-orig-sizes=\"(max-width: 800px) 100vw, 600px\" \/><\/span><\/li><\/ul><\/div><\/div><\/div><div class=\"fusion-clearfix\"><\/div><\/div><\/div><div class=\"fusion-layout-column fusion_builder_column fusion-builder-column-2 fusion_builder_column_1_2 1_2 fusion-one-half fusion-column-last\" style=\"--awb-padding-top:20px;--awb-padding-right:20px;--awb-padding-bottom:20px;--awb-padding-left:20px;--awb-bg-position:right bottom;--awb-bg-blend:overlay;--awb-bg-size:cover;\"><div class=\"fusion-column-wrapper fusion-column-has-shadow fusion-flex-column-wrapper-legacy\"><div class=\"fusion-column-content-centered\"><div class=\"fusion-column-content\"><div class=\"fusion-sep-clear\"><\/div><div class=\"fusion-separator fusion-full-width-sep\" style=\"margin-left: auto;margin-right: auto;margin-top:12px;width:100%;\"><\/div><div class=\"fusion-sep-clear\"><\/div><div class=\"fusion-image-element fusion-image-align-center in-legacy-container\" style=\"text-align:center;--awb-max-width:400px;--awb-caption-title-font-family:var(--h2_typography-font-family);--awb-caption-title-font-weight:var(--h2_typography-font-weight);--awb-caption-title-font-style:var(--h2_typography-font-style);--awb-caption-title-size:var(--h2_typography-font-size);--awb-caption-title-transform:var(--h2_typography-text-transform);--awb-caption-title-line-height:var(--h2_typography-line-height);--awb-caption-title-letter-spacing:var(--h2_typography-letter-spacing);\"><div class=\"imageframe-align-center\"><span class=\" fusion-imageframe imageframe-none imageframe-1 hover-type-none\"><img decoding=\"async\" src=\"data:image\/gif;base64,R0lGODlhAQABAAAAACH5BAEKAAEALAAAAAABAAEAAAICTAEAOw==\" data-orig-src=\"https:\/\/imlauer.com\/braurestaurant-imlauer\/wp-content\/uploads\/sites\/5\/2021\/02\/IH_Braurestaurant_Imlauer_SBG_rot_zentriert_rgb.jpg\" alt class=\"lazyload img-responsive\"\/><\/span><\/div><\/div><div class=\"fusion-sep-clear\"><\/div><div class=\"fusion-separator fusion-full-width-sep\" style=\"margin-left: auto;margin-right: auto;margin-top:12px;width:100%;\"><\/div><div class=\"fusion-sep-clear\"><\/div><div class=\"fusion-text fusion-text-4\"><p style=\"text-align: center;\">Das Braurestaurant IMLAUER ist ein Ort der Salzburger Gastlichkeit, an dem Genuss, Gem\u00fctlichkeit und ein respektvolles Miteinander im Mittelpunkt stehen.<br \/>\nUm allen G\u00e4sten ein angenehmes und entspanntes Restauranterlebnis zu erm\u00f6glichen,<br \/>\nbitten wir um Verst\u00e4ndnis, dass wir <strong>keine Junggesellenabschiede bzw. &#8222;Polterabende&#8220;<\/strong>\u00a0begr\u00fc\u00dfen k\u00f6nnen.<\/p>\n<\/div><div class=\"fusion-sep-clear\"><\/div><div class=\"fusion-separator fusion-full-width-sep\" style=\"margin-left: auto;margin-right: auto;margin-top:12px;width:100%;\"><\/div><div class=\"fusion-sep-clear\"><\/div><div class=\"fusion-text fusion-text-5\" style=\"--awb-text-transform:uppercase;\"><p style=\"text-align: center;\"><strong>RESERVIEREN SIE JETZT IHREN TISCH<br \/>\n<\/strong><\/p>\n<\/div><div class=\"fusion-sep-clear\"><\/div><div class=\"fusion-separator fusion-full-width-sep\" style=\"margin-left: auto;margin-right: auto;margin-top:12px;width:100%;\"><\/div><div class=\"fusion-sep-clear\"><\/div><!-- Start Quandoo Code -->\n<div id=\"quandoo-booking-widget\"><\/div>\n<script src=\"https:\/\/booking-widget.quandoo.com\/index.js\" data-merchant-id=\"85533\" data-theme=\"light\"><\/script>\n\n<!-- End Bookatable Code -->\n<style>#quandoo-booking-widget {\n    width: 360px;\n  margin: 0 auto;\n}<\/style><\/div><\/div><div class=\"fusion-clearfix\"><\/div><\/div><\/div><\/div><\/div><\/p>\n","protected":false},"excerpt":{"rendered":"","protected":false},"author":1,"featured_media":0,"parent":0,"menu_order":0,"comment_status":"closed","ping_status":"closed","template":"100-width.php","meta":{"footnotes":""},"class_list":["post-56","page","type-page","status-publish","hentry"],"_links":{"self":[{"href":"https:\/\/imlauer.com\/braurestaurant-imlauer\/wp-json\/wp\/v2\/pages\/56","targetHints":{"allow":["GET"]}}],"collection":[{"href":"https:\/\/imlauer.com\/braurestaurant-imlauer\/wp-json\/wp\/v2\/pages"}],"about":[{"href":"https:\/\/imlauer.com\/braurestaurant-imlauer\/wp-json\/wp\/v2\/types\/page"}],"author":[{"embeddable":true,"href":"https:\/\/imlauer.com\/braurestaurant-imlauer\/wp-json\/wp\/v2\/users\/1"}],"replies":[{"embeddable":true,"href":"https:\/\/imlauer.com\/braurestaurant-imlauer\/wp-json\/wp\/v2\/comments?post=56"}],"version-history":[{"count":10,"href":"https:\/\/imlauer.com\/braurestaurant-imlauer\/wp-json\/wp\/v2\/pages\/56\/revisions"}],"predecessor-version":[{"id":10220,"href":"https:\/\/imlauer.com\/braurestaurant-imlauer\/wp-json\/wp\/v2\/pages\/56\/revisions\/10220"}],"wp:attachment":[{"href":"https:\/\/imlauer.com\/braurestaurant-imlauer\/wp-json\/wp\/v2\/media?parent=56"}],"curies":[{"name":"wp","href":"https:\/\/api.w.org\/{rel}","templated":true}]}}