{"id":8149,"date":"2019-06-13T08:37:52","date_gmt":"2019-06-13T08:37:52","guid":{"rendered":"https:\/\/imlauer.com\/hotel-imlauer-salzburg\/posizione-e-arrivo\/"},"modified":"2026-03-05T09:27:37","modified_gmt":"2026-03-05T09:27:37","slug":"posizione-e-arrivo","status":"publish","type":"page","link":"https:\/\/imlauer.com\/hotel-imlauer-salzburg\/posizione-e-arrivo\/?lang=it","title":{"rendered":"Posizione e arrivo"},"content":{"rendered":"<p><div class=\"fusion-fullwidth fullwidth-box fusion-builder-row-1 hundred-percent-fullwidth non-hundred-percent-height-scrolling fusion-equal-height-columns fusion-no-small-visibility fusion-no-medium-visibility\" style=\"--awb-background-position:left top;--awb-border-sizes-top:0px;--awb-border-sizes-bottom:0px;--awb-border-sizes-left:0px;--awb-border-sizes-right:0px;--awb-border-radius-top-left:0px;--awb-border-radius-top-right:0px;--awb-border-radius-bottom-right:0px;--awb-border-radius-bottom-left:0px;--awb-padding-top:0px;--awb-padding-right:0px;--awb-padding-bottom:0px;--awb-padding-left:0px;--awb-flex-wrap:wrap;\" ><div class=\"fusion-builder-row fusion-row\"><div class=\"fusion-layout-column fusion_builder_column fusion-builder-column-0 fusion_builder_column_1_3 1_3 fusion-one-third fusion-column-first\" style=\"--awb-padding-top:30px;--awb-padding-right:15%;--awb-padding-bottom:30px;--awb-padding-left:15%;--awb-bg-size:cover;--awb-margin-bottom:0px;\"><div class=\"fusion-column-wrapper fusion-column-has-shadow fusion-flex-column-wrapper-legacy\"><div class=\"fusion-column-content-centered\"><div class=\"fusion-column-content\"><div class=\"fusion-text fusion-text-1\"><p style=\"letter-spacing: 4px; font-size: 13px; text-align: center; margin-bottom: 0px;\">CONTATTO<\/p>\n<h1 style=\"text-align: center;\">Hotel IMLAUER &amp; Br\u00e4u Salzburg<\/h1>\n<\/div><div class=\"fusion-sep-clear\"><\/div><div class=\"fusion-separator fusion-full-width-sep\" style=\"margin-left: auto;margin-right: auto;margin-top:10px;width:100%;\"><\/div><div class=\"fusion-sep-clear\"><\/div><ul style=\"--awb-size:17px;--awb-iconcolor:#cbaa5c;--awb-line-height:28.9px;--awb-icon-width:28.9px;--awb-icon-height:28.9px;--awb-icon-margin:11.9px;--awb-content-margin:40.8px;\" class=\"fusion-checklist fusion-checklist-1 fusion-checklist-default type-icons address\"><li class=\"fusion-li-item\" style=\"\"><span class=\"icon-wrapper circle-no\"><i class=\"fusion-li-icon fa-phone-alt fas\" aria-hidden=\"true\"><\/i><\/span><div class=\"fusion-li-item-content\">\n<p>Tel: <a href=\"tel:+43662889920\">+43 662 88 99 20<\/a><\/p>\n<\/div><\/li><li class=\"fusion-li-item\" style=\"\"><span class=\"icon-wrapper circle-no\"><i class=\"fusion-li-icon fa-envelope far\" aria-hidden=\"true\"><\/i><\/span><div class=\"fusion-li-item-content\">\n<p><a href=\"mailto:hotel@imlauer.com\">hotel@imlauer.com<\/a><\/p>\n<\/div><\/li><li class=\"fusion-li-item\" style=\"\"><span class=\"icon-wrapper circle-no\"><i class=\"fusion-li-icon fa-map-marked-alt fas\" aria-hidden=\"true\"><\/i><\/span><div class=\"fusion-li-item-content\">\n<p>Rainerstra\u00dfe 12-14<br \/>\n5020 Salisburgo, Austria<\/p>\n<\/div><\/li><\/ul><div class=\"fusion-sep-clear\"><\/div><div class=\"fusion-separator fusion-full-width-sep\" style=\"margin-left: auto;margin-right: auto;margin-top:80px;width:100%;\"><\/div><div class=\"fusion-sep-clear\"><\/div><div class=\"fusion-image-element fusion-image-align-center in-legacy-container\" style=\"text-align:center;--awb-max-width:200px;--awb-caption-title-font-family:var(--h2_typography-font-family);--awb-caption-title-font-weight:var(--h2_typography-font-weight);--awb-caption-title-font-style:var(--h2_typography-font-style);--awb-caption-title-size:var(--h2_typography-font-size);--awb-caption-title-transform:var(--h2_typography-text-transform);--awb-caption-title-line-height:var(--h2_typography-line-height);--awb-caption-title-letter-spacing:var(--h2_typography-letter-spacing);\"><div class=\"imageframe-align-center\"><span class=\" fusion-imageframe imageframe-none imageframe-1 hover-type-none\"><img decoding=\"async\" width=\"333\" height=\"140\" title=\"SIXT\" src=\"https:\/\/imlauer.com\/hotel-imlauer-salzburg\/wp-content\/uploads\/2025\/02\/SIXT.png\" data-orig-src=\"https:\/\/imlauer.com\/hotel-imlauer-salzburg\/wp-content\/uploads\/2025\/02\/SIXT.png\" alt class=\"lazyload img-responsive wp-image-334\" srcset=\"data:image\/svg+xml,%3Csvg%20xmlns%3D%27http%3A%2F%2Fwww.w3.org%2F2000%2Fsvg%27%20width%3D%27333%27%20height%3D%27140%27%20viewBox%3D%270%200%20333%20140%27%3E%3Crect%20width%3D%27333%27%20height%3D%27140%27%20fill-opacity%3D%220%22%2F%3E%3C%2Fsvg%3E\" data-srcset=\"https:\/\/imlauer.com\/hotel-imlauer-salzburg\/wp-content\/uploads\/2025\/02\/SIXT-200x84.png 200w, https:\/\/imlauer.com\/hotel-imlauer-salzburg\/wp-content\/uploads\/2025\/02\/SIXT.png 333w\" data-sizes=\"auto\" data-orig-sizes=\"(max-width: 969px) 100vw, 333px\" \/><\/span><\/div><\/div><div class=\"fusion-sep-clear\"><\/div><div class=\"fusion-separator fusion-full-width-sep\" style=\"margin-left: auto;margin-right: auto;margin-top:10px;width:100%;\"><\/div><div class=\"fusion-sep-clear\"><\/div><div class=\"fusion-text fusion-text-2\"><p style=\"text-align: center;\">Come ospite dell&#8217;IMLAUER &amp; Br\u00e4u Hotel Salzburg, riceverai uno sconto del 15% sul noleggio di un&#8217;auto del nostro partner SIXT.<\/p>\n<\/div><div class=\"fusion-aligncenter\"><a class=\"fusion-button button-flat fusion-button-default-size button-default fusion-button-default button-1 fusion-button-default-span fusion-button-default-type\" target=\"_blank\" rel=\"noopener noreferrer\" href=\"https:\/\/www.sixt.at\/partners\/imlauer-hotels\/\"><span class=\"fusion-button-text awb-button__text awb-button__text--default\">Alla pagina partner di SIXT<\/span><\/a><\/div><\/div><\/div><div class=\"fusion-clearfix\"><\/div><\/div><\/div><div class=\"fusion-layout-column fusion_builder_column fusion-builder-column-1 fusion_builder_column_2_3 2_3 fusion-two-third fusion-column-last\" style=\"--awb-padding-top:90px;--awb-padding-right:15%;--awb-padding-bottom:90px;--awb-padding-left:15%;--awb-bg-color:#f5f5f5;--awb-bg-color-hover:#f5f5f5;--awb-bg-size:cover;--awb-margin-bottom:0px;\"><div class=\"fusion-column-wrapper fusion-flex-column-wrapper-legacy\"><div class=\"fusion-column-content-centered\"><div class=\"fusion-column-content\"><div class=\"fusion-text fusion-text-3\"><h2>Posizione e arrivo<\/h2>\n<h2>Indicazioni dettagliate per raggiungere l&#8217;Hotel IMLAUER &amp; Br\u00e4u<\/h2>\n<p>Facile da raggiungere, in auto, treno o aereo. L&#8217;Hotel IMLAUER &amp; Br\u00e4u Salzburg si trova in una posizione eccellente, a pochi passi dal <a href=\"https:\/\/imlauer.com\/city-guide\/\" target=\"_blank\" rel=\"noopener\">Palazzo Mirabell e dagli straordinari Giardini Mirabell<\/a> e a pochi passi dal centro storico di Salisburgo.<\/p>\n<\/div><ul style=\"--awb-iconcolor:#cbaa5c;--awb-line-height:30.6px;--awb-icon-width:30.6px;--awb-icon-height:30.6px;--awb-icon-margin:12.6px;--awb-content-margin:43.2px;\" class=\"fusion-checklist fusion-checklist-2 fusion-checklist-default type-icons anreise\"><li class=\"fusion-li-item\" style=\"\"><span class=\"icon-wrapper circle-no\"><i class=\"fusion-li-icon fa-car-side fas\" aria-hidden=\"true\"><\/i><\/span><div class=\"fusion-li-item-content\">\n<p><strong>In auto \/ Parcheggio IMLAUER:  <\/strong><\/p>\n<p><strong>Inserisci nel navigatore satellitare &#8222;Humboldtstra\u00dfe, 5020 Salzburg&#8220;.<br \/>\n<\/strong><\/p>\n<p>Ti consigliamo di prendere l&#8217;uscita &#8222;Salzburg Nord&#8220; in direzione Salzburg\/Zentrum. Percorri Vogelweiderstra\u00dfe \/ B150 per circa 2 km, poi gira a destra su Sterneckstra\u00dfe\/B1 e segui la strada. Dopo circa 400 metri Sterneckstra\u00dfe piega leggermente a destra e si unisce a Gabelsbergerstra\u00dfe. Dopo 150 m su Gabelsbergerstra\u00dfe, gira a sinistra su Paracelsusstra\u00dfe. Dopo 250 metri, gira a destra in Franz-Josef-Stra\u00dfe e seguila per 350 metri. Poi gira di nuovo a destra in Rainerstra\u00dfe. Dopo 150 metri, raggiungi una rotatoria e prendi la prima uscita per Markus-Sittikus-Stra\u00dfe. Percorri 120 metri fino alla fine della Markus-Sittikus-Stra\u00dfe e gira a sinistra nella Faberstra\u00dfe.       <\/p>\n<p>Dopo circa 65 metri raggiungerai Faberstra\u00dfe \/ angolo Humboldtstra\u00dfe, dove si trovano il nostro hotel e il parcheggio. Puoi parcheggiare la tua auto nel parcheggio IMLAUER al costo di \u20ac 20,00 per 24 ore, in base alla disponibilit\u00e0.  Offriamo 3 stazioni di ricarica elettronica dove potrai ricaricare per 0,45 \u20ac\/kWh<strong>. <\/strong>Non \u00e8 possibile prenotare una stazione di ricarica.<strong><br \/>\n<\/strong><\/p>\n<\/div><\/li><li class=\"fusion-li-item\" style=\"\"><span class=\"icon-wrapper circle-no\"><i class=\"fusion-li-icon fa-walking fas\" aria-hidden=\"true\"><\/i><\/span><div class=\"fusion-li-item-content\">\n<p><strong>A piedi:<\/strong><\/p>\n<p>Dalla stazione ferroviaria: L&#8217;hotel IMLAUER &amp; Br\u00e4u si trova a 7 minuti a piedi. Segui Rainerstra\u00dfe in direzione del centro storico. Dopo 550 metri troverai il nostro hotel sul lato sinistro della strada.<\/p>\n<\/div><\/li><li class=\"fusion-li-item\" style=\"\"><span class=\"icon-wrapper circle-no\"><i class=\"fusion-li-icon fa-bus-alt fas\" aria-hidden=\"true\"><\/i><\/span><div class=\"fusion-li-item-content\">\n<p><strong>Con i mezzi pubblici:<\/strong><\/p>\n<p>La fermata pi\u00f9 vicina si chiama &#8222;Kiesel&#8220;. Le linee #1, #2, #3, #5 e #6 si fermano l\u00ec. <\/p>\n<p>Dall&#8217;aeroporto: prendi la linea #2 in direzione &#8222;Salzburg Obergnigl&#8220;. La fermata si chiama &#8222;Kiesel&#8220;, durata circa 25 minuti, 14 fermate. Attraversa l&#8217;attraversamento pedonale per passare dall&#8217;altra parte della strada e segui Rainerstra\u00dfe a destra in direzione Zentrum\/Altstadt. Dopo circa 160 metri (2 minuti a piedi) troverai l&#8217;hotel IMLAUER &amp; Br\u00e4u sul lato sinistro.<\/p>\n<\/div><\/li><li class=\"fusion-li-item\" style=\"\"><span class=\"icon-wrapper circle-no\"><i class=\"fusion-li-icon fa-taxi fas\" aria-hidden=\"true\"><\/i><\/span><div class=\"fusion-li-item-content\">\n<p><strong>In taxi:<\/strong><\/p>\n<p>Dalla stazione ferroviaria: Il nostro hotel si trova a circa 550 metri o a soli 7 minuti a piedi dalla stazione ferroviaria principale di Salisburgo. Se vuoi prendere un taxi per questo tragitto, troverai i taxi direttamente davanti all&#8217;edificio della stazione. La durata \u00e8 di circa 5 minuti e il costo varia da 6 a 8 \u20ac a seconda del traffico e dell&#8217;ora.   <\/p>\n<p>Dall&#8217;aeroporto: I taxi sono disponibili direttamente davanti all&#8217;edificio.<br \/>\nDurata circa 15 min. Costo circa 15-20 \u20ac a seconda del traffico e dell&#8217;ora del giorno.<\/p>\n<\/div><\/li><\/ul><div class=\"fusion-sep-clear\"><\/div><div class=\"fusion-separator fusion-full-width-sep\" style=\"margin-left: auto;margin-right: auto;margin-top:30px;width:100%;\"><\/div><div class=\"fusion-sep-clear\"><\/div><\/div><\/div><div class=\"fusion-clearfix\"><\/div><\/div><\/div><\/div><\/div><div class=\"fusion-fullwidth fullwidth-box fusion-builder-row-2 hundred-percent-fullwidth non-hundred-percent-height-scrolling fusion-no-large-visibility\" style=\"--awb-background-position:left top;--awb-border-sizes-top:0px;--awb-border-sizes-bottom:0px;--awb-border-sizes-left:0px;--awb-border-sizes-right:0px;--awb-border-radius-top-left:0px;--awb-border-radius-top-right:0px;--awb-border-radius-bottom-right:0px;--awb-border-radius-bottom-left:0px;--awb-padding-top:0px;--awb-padding-right:0px;--awb-padding-bottom:0px;--awb-padding-left:0px;--awb-flex-wrap:wrap;\" ><div class=\"fusion-builder-row fusion-row\"><div class=\"fusion-layout-column fusion_builder_column fusion-builder-column-2 fusion_builder_column_1_3 1_3 fusion-one-third fusion-column-first\" style=\"--awb-padding-top:30px;--awb-padding-right:15%;--awb-padding-bottom:30px;--awb-padding-left:15%;--awb-bg-size:cover;--awb-margin-bottom:0px;\"><div class=\"fusion-column-wrapper fusion-column-has-shadow fusion-flex-column-wrapper-legacy\"><div class=\"fusion-column-content-centered\"><div class=\"fusion-column-content\"><div class=\"fusion-text fusion-text-4\"><p style=\"letter-spacing: 4px; font-size: 13px; text-align: center; margin-bottom: 0px;\">CONTATTO<\/p>\n<h2 style=\"text-align: center; font-size: 25px;\">Hotel IMLAUER &amp; Br\u00e4u Salzburg<\/h2>\n<\/div><div class=\"fusion-sep-clear\"><\/div><div class=\"fusion-separator fusion-full-width-sep\" style=\"margin-left: auto;margin-right: auto;margin-top:10px;width:100%;\"><\/div><div class=\"fusion-sep-clear\"><\/div><ul style=\"--awb-size:17px;--awb-iconcolor:#cbaa5c;--awb-line-height:28.9px;--awb-icon-width:28.9px;--awb-icon-height:28.9px;--awb-icon-margin:11.9px;--awb-content-margin:40.8px;\" class=\"fusion-checklist fusion-checklist-3 fusion-checklist-default type-icons address\"><li class=\"fusion-li-item\" style=\"\"><span class=\"icon-wrapper circle-no\"><i class=\"fusion-li-icon fa-phone-alt fas\" aria-hidden=\"true\"><\/i><\/span><div class=\"fusion-li-item-content\">\n<p>Tel: <a href=\"tel:+43662889920\">+43 662 88 99 20<\/a><\/p>\n<\/div><\/li><li class=\"fusion-li-item\" style=\"\"><span class=\"icon-wrapper circle-no\"><i class=\"fusion-li-icon fa-fax fas\" aria-hidden=\"true\"><\/i><\/span><div class=\"fusion-li-item-content\">\n<p>Fax: +43 662 88 9 92-16<\/p>\n<\/div><\/li><li class=\"fusion-li-item\" style=\"\"><span class=\"icon-wrapper circle-no\"><i class=\"fusion-li-icon fa-map-marked-alt fas\" aria-hidden=\"true\"><\/i><\/span><div class=\"fusion-li-item-content\">\n<p>Rainerstra\u00dfe 12-14<br \/>\n5020 Salisburgo, Austria<\/p>\n<\/div><\/li><li class=\"fusion-li-item\" style=\"\"><span class=\"icon-wrapper circle-no\"><i class=\"fusion-li-icon fa-envelope far\" aria-hidden=\"true\"><\/i><\/span><div class=\"fusion-li-item-content\">\n<p><a href=\"mailto:pitter@imlauer.com\">hotel@imlauer.com<\/a><\/p>\n<\/div><\/li><\/ul><\/div><\/div><div class=\"fusion-clearfix\"><\/div><\/div><\/div><div class=\"fusion-layout-column fusion_builder_column fusion-builder-column-3 fusion_builder_column_2_3 2_3 fusion-two-third fusion-column-last\" style=\"--awb-padding-top:90px;--awb-padding-right:15%;--awb-padding-bottom:90px;--awb-padding-left:15%;--awb-bg-color:#f5f5f5;--awb-bg-color-hover:#f5f5f5;--awb-bg-size:cover;--awb-margin-bottom:0px;\"><div class=\"fusion-column-wrapper fusion-flex-column-wrapper-legacy\"><div class=\"fusion-column-content-centered\"><div class=\"fusion-column-content\"><div class=\"fusion-text fusion-text-5\"><h2>Posizione e arrivo<\/h2>\n<h2>Indicazioni dettagliate per raggiungere l&#8217;Hotel IMLAUER &amp; Br\u00e4u<\/h2>\n<p>Facile da raggiungere, in auto, treno o aereo. L&#8217;Hotel IMLAUER &amp; Br\u00e4u Salzburg si trova in una posizione eccellente, a pochi passi dal <a href=\"https:\/\/imlauer.com\/city-guide\/\" target=\"_blank\" rel=\"noopener\">Palazzo Mirabell e dagli straordinari Giardini Mirabell<\/a> e a pochi passi dal centro storico di Salisburgo.<\/p>\n<\/div><ul style=\"--awb-iconcolor:#cbaa5c;--awb-line-height:30.6px;--awb-icon-width:30.6px;--awb-icon-height:30.6px;--awb-icon-margin:12.6px;--awb-content-margin:43.2px;\" class=\"fusion-checklist fusion-checklist-4 fusion-checklist-default type-icons anreise\"><li class=\"fusion-li-item\" style=\"\"><span class=\"icon-wrapper circle-no\"><i class=\"fusion-li-icon fa-car-side fas\" aria-hidden=\"true\"><\/i><\/span><div class=\"fusion-li-item-content\">\n<div class=\"fusion-li-item-content\">\n<p><strong>In auto \/ Parcheggio IMLAUER:<\/strong><\/p>\n<p><strong>Inserisci nel navigatore satellitare &#8222;Humboldtstra\u00dfe, 5020 Salzburg&#8220;.<\/strong><\/p>\n<p>Ti consigliamo di prendere l&#8217;uscita &#8222;Salzburg Nord&#8220; in direzione Salzburg\/Zentrum. Percorri Vogelweiderstra\u00dfe \/ B150 per circa 2 km, poi gira a destra su Sterneckstra\u00dfe\/B1 e segui la strada. Dopo circa 400 metri Sterneckstra\u00dfe piega leggermente a destra e si unisce a Gabelsbergerstra\u00dfe. Dopo 150 m su Gabelsbergerstra\u00dfe, gira a sinistra su Paracelsusstra\u00dfe. Dopo 250 metri, gira a destra in Franz-Josef-Stra\u00dfe e seguila per 350 metri. Poi gira di nuovo a destra in Rainerstra\u00dfe. Dopo 150 metri, raggiungi una rotatoria e prendi la prima uscita per Markus-Sittikus-Stra\u00dfe. Percorri 120 metri fino alla fine della Markus-Sittikus-Stra\u00dfe e gira a sinistra nella Faberstra\u00dfe.       <\/p>\n<p>Dopo circa 65 metri raggiungerai Faberstra\u00dfe \/ angolo Humboldtstra\u00dfe, dove si trovano il nostro hotel e il parcheggio. Puoi parcheggiare la tua auto nel parcheggio IMLAUER per <strong>\u20ac 20,00 per 24 ore<\/strong>, in base alla disponibilit\u00e0.  <strong>Offriamo 3 stazioni di ricarica elettronica dove potrai ricaricare per 0,45 \u20ac\/kWh. Non \u00e8 possibile prenotare una stazione di ricarica. <\/strong><\/p>\n<\/div>\n<\/div><\/li><li class=\"fusion-li-item\" style=\"\"><span class=\"icon-wrapper circle-no\"><i class=\"fusion-li-icon fa-walking fas\" aria-hidden=\"true\"><\/i><\/span><div class=\"fusion-li-item-content\">\n<p><strong>A piedi:<\/strong><\/p>\n<p>Dalla stazione ferroviaria: L&#8217;hotel IMLAUER &amp; Br\u00e4u si trova a 7 minuti a piedi. Segui Rainerstra\u00dfe in direzione del centro storico. Dopo 550 metri troverai il nostro hotel sul lato sinistro della strada.<\/p>\n<\/div><\/li><li class=\"fusion-li-item\" style=\"\"><span class=\"icon-wrapper circle-no\"><i class=\"fusion-li-icon fa-bus-alt fas\" aria-hidden=\"true\"><\/i><\/span><div class=\"fusion-li-item-content\">\n<p><strong>Con i mezzi pubblici:<\/strong><\/p>\n<p>La fermata pi\u00f9 vicina si chiama &#8222;Kiesel&#8220;. Le linee #1, #2, #3, #5 e #6 si fermano l\u00ec. <\/p>\n<p>Dall&#8217;aeroporto: prendi la linea #2 in direzione &#8222;Salzburg Obergnigl&#8220;. La fermata si chiama &#8222;Kiesel&#8220;, durata circa 25 minuti, 14 fermate. Attraversa l&#8217;attraversamento pedonale per passare dall&#8217;altra parte della strada e segui Rainerstra\u00dfe a destra in direzione Zentrum\/Altstadt. Dopo circa 160 metri (2 minuti a piedi) troverai l&#8217;hotel IMLAUER &amp; Br\u00e4u sul lato sinistro.<\/p>\n<\/div><\/li><li class=\"fusion-li-item\" style=\"\"><span class=\"icon-wrapper circle-no\"><i class=\"fusion-li-icon fa-taxi fas\" aria-hidden=\"true\"><\/i><\/span><div class=\"fusion-li-item-content\">\n<p><strong>In taxi:<\/strong><\/p>\n<p>Dalla stazione ferroviaria: Il nostro hotel si trova a circa 550 metri o a soli 7 minuti a piedi dalla stazione ferroviaria principale di Salisburgo. Se vuoi prendere un taxi per questo tragitto, troverai i taxi direttamente davanti all&#8217;edificio della stazione. La durata \u00e8 di circa 5 minuti e il costo varia da 6 a 8 \u20ac a seconda del traffico e dell&#8217;ora.   <\/p>\n<p>Dall&#8217;aeroporto: I taxi sono disponibili direttamente davanti all&#8217;edificio.<br \/>\nDurata circa 15 min. Costo circa 15-20 \u20ac a seconda del traffico e dell&#8217;ora del giorno.<\/p>\n<\/div><\/li><\/ul><div class=\"fusion-sep-clear\"><\/div><div class=\"fusion-separator fusion-full-width-sep\" style=\"margin-left: auto;margin-right: auto;margin-top:30px;width:100%;\"><\/div><div class=\"fusion-sep-clear\"><\/div><\/div><\/div><div class=\"fusion-clearfix\"><\/div><\/div><\/div><\/div><\/div><div class=\"fusion-fullwidth fullwidth-box fusion-builder-row-3 hundred-percent-fullwidth non-hundred-percent-height-scrolling fusion-equal-height-columns\" style=\"--awb-background-position:left top;--awb-border-sizes-top:0px;--awb-border-sizes-bottom:0px;--awb-border-sizes-left:0px;--awb-border-sizes-right:0px;--awb-border-radius-top-left:0px;--awb-border-radius-top-right:0px;--awb-border-radius-bottom-right:0px;--awb-border-radius-bottom-left:0px;--awb-padding-top:0px;--awb-padding-right:0px;--awb-padding-bottom:0px;--awb-padding-left:0px;--awb-flex-wrap:wrap;\" ><div class=\"fusion-builder-row fusion-row\"><div class=\"fusion-layout-column fusion_builder_column fusion-builder-column-4 fusion_builder_column_1_1 1_1 fusion-one-full fusion-column-first fusion-column-last fusion-column-no-min-height\" style=\"--awb-bg-blend:overlay;--awb-bg-size:cover;--awb-margin-bottom:0px;\"><div class=\"fusion-column-wrapper fusion-flex-column-wrapper-legacy\"><div id=\"hotelimlauerbraeu_map\" style=\"width:100%; height:500px;\"><\/div><div class=\"fusion-clearfix\"><\/div><\/div><\/div><\/div><\/div><\/p>\n","protected":false},"excerpt":{"rendered":"","protected":false},"author":1,"featured_media":0,"parent":0,"menu_order":0,"comment_status":"closed","ping_status":"closed","template":"100-width.php","meta":{"footnotes":""},"class_list":["post-8149","page","type-page","status-publish","hentry"],"_links":{"self":[{"href":"https:\/\/imlauer.com\/hotel-imlauer-salzburg\/wp-json\/wp\/v2\/pages\/8149","targetHints":{"allow":["GET"]}}],"collection":[{"href":"https:\/\/imlauer.com\/hotel-imlauer-salzburg\/wp-json\/wp\/v2\/pages"}],"about":[{"href":"https:\/\/imlauer.com\/hotel-imlauer-salzburg\/wp-json\/wp\/v2\/types\/page"}],"author":[{"embeddable":true,"href":"https:\/\/imlauer.com\/hotel-imlauer-salzburg\/wp-json\/wp\/v2\/users\/1"}],"replies":[{"embeddable":true,"href":"https:\/\/imlauer.com\/hotel-imlauer-salzburg\/wp-json\/wp\/v2\/comments?post=8149"}],"version-history":[{"count":24,"href":"https:\/\/imlauer.com\/hotel-imlauer-salzburg\/wp-json\/wp\/v2\/pages\/8149\/revisions"}],"predecessor-version":[{"id":47176,"href":"https:\/\/imlauer.com\/hotel-imlauer-salzburg\/wp-json\/wp\/v2\/pages\/8149\/revisions\/47176"}],"wp:attachment":[{"href":"https:\/\/imlauer.com\/hotel-imlauer-salzburg\/wp-json\/wp\/v2\/media?parent=8149"}],"curies":[{"name":"wp","href":"https:\/\/api.w.org\/{rel}","templated":true}]}}