{"id":8158,"date":"2019-06-13T08:37:52","date_gmt":"2019-06-13T08:37:52","guid":{"rendered":"https:\/\/imlauer.com\/hotel-imlauer-salzburg\/situation-acces\/"},"modified":"2026-03-05T09:28:16","modified_gmt":"2026-03-05T09:28:16","slug":"situation-acces","status":"publish","type":"page","link":"https:\/\/imlauer.com\/hotel-imlauer-salzburg\/situation-acces\/?lang=fr","title":{"rendered":"Situation &amp; acc\u00e8s"},"content":{"rendered":"<p><div class=\"fusion-fullwidth fullwidth-box fusion-builder-row-1 hundred-percent-fullwidth non-hundred-percent-height-scrolling fusion-equal-height-columns fusion-no-small-visibility fusion-no-medium-visibility\" style=\"--awb-background-position:left top;--awb-border-sizes-top:0px;--awb-border-sizes-bottom:0px;--awb-border-sizes-left:0px;--awb-border-sizes-right:0px;--awb-border-radius-top-left:0px;--awb-border-radius-top-right:0px;--awb-border-radius-bottom-right:0px;--awb-border-radius-bottom-left:0px;--awb-padding-top:0px;--awb-padding-right:0px;--awb-padding-bottom:0px;--awb-padding-left:0px;--awb-flex-wrap:wrap;\" ><div class=\"fusion-builder-row fusion-row\"><div class=\"fusion-layout-column fusion_builder_column fusion-builder-column-0 fusion_builder_column_1_3 1_3 fusion-one-third fusion-column-first\" style=\"--awb-padding-top:30px;--awb-padding-right:15%;--awb-padding-bottom:30px;--awb-padding-left:15%;--awb-bg-size:cover;--awb-margin-bottom:0px;\"><div class=\"fusion-column-wrapper fusion-column-has-shadow fusion-flex-column-wrapper-legacy\"><div class=\"fusion-column-content-centered\"><div class=\"fusion-column-content\"><div class=\"fusion-text fusion-text-1\"><p style=\"letter-spacing: 4px; font-size: 13px; text-align: center; margin-bottom: 0px;\">CONTACT<\/p>\n<h1 style=\"text-align: center;\">H\u00f4tel IMLAUER &amp; Br\u00e4u Salzbourg<\/h1>\n<\/div><div class=\"fusion-sep-clear\"><\/div><div class=\"fusion-separator fusion-full-width-sep\" style=\"margin-left: auto;margin-right: auto;margin-top:10px;width:100%;\"><\/div><div class=\"fusion-sep-clear\"><\/div><ul style=\"--awb-size:17px;--awb-iconcolor:#cbaa5c;--awb-line-height:28.9px;--awb-icon-width:28.9px;--awb-icon-height:28.9px;--awb-icon-margin:11.9px;--awb-content-margin:40.8px;\" class=\"fusion-checklist fusion-checklist-1 fusion-checklist-default type-icons address\"><li class=\"fusion-li-item\" style=\"\"><span class=\"icon-wrapper circle-no\"><i class=\"fusion-li-icon fa-phone-alt fas\" aria-hidden=\"true\"><\/i><\/span><div class=\"fusion-li-item-content\">\n<p>T\u00e9l : <a href=\"tel:+43662889920\">+43 662 88 99 20<\/a><\/p>\n<\/div><\/li><li class=\"fusion-li-item\" style=\"\"><span class=\"icon-wrapper circle-no\"><i class=\"fusion-li-icon fa-envelope far\" aria-hidden=\"true\"><\/i><\/span><div class=\"fusion-li-item-content\">\n<p><a href=\"mailto:hotel@imlauer.com\">hotel@imlauer.com<\/a><\/p>\n<\/div><\/li><li class=\"fusion-li-item\" style=\"\"><span class=\"icon-wrapper circle-no\"><i class=\"fusion-li-icon fa-map-marked-alt fas\" aria-hidden=\"true\"><\/i><\/span><div class=\"fusion-li-item-content\">\n<p>Rainerstra\u00dfe 12-14<br \/>\n5020 Salzbourg, Autriche<\/p>\n<\/div><\/li><\/ul><div class=\"fusion-sep-clear\"><\/div><div class=\"fusion-separator fusion-full-width-sep\" style=\"margin-left: auto;margin-right: auto;margin-top:80px;width:100%;\"><\/div><div class=\"fusion-sep-clear\"><\/div><div class=\"fusion-image-element fusion-image-align-center in-legacy-container\" style=\"text-align:center;--awb-max-width:200px;--awb-caption-title-font-family:var(--h2_typography-font-family);--awb-caption-title-font-weight:var(--h2_typography-font-weight);--awb-caption-title-font-style:var(--h2_typography-font-style);--awb-caption-title-size:var(--h2_typography-font-size);--awb-caption-title-transform:var(--h2_typography-text-transform);--awb-caption-title-line-height:var(--h2_typography-line-height);--awb-caption-title-letter-spacing:var(--h2_typography-letter-spacing);\"><div class=\"imageframe-align-center\"><span class=\" fusion-imageframe imageframe-none imageframe-1 hover-type-none\"><img decoding=\"async\" width=\"333\" height=\"140\" title=\"SIXT\" src=\"https:\/\/imlauer.com\/hotel-imlauer-salzburg\/wp-content\/uploads\/2025\/02\/SIXT.png\" data-orig-src=\"https:\/\/imlauer.com\/hotel-imlauer-salzburg\/wp-content\/uploads\/2025\/02\/SIXT.png\" alt class=\"lazyload img-responsive wp-image-334\" srcset=\"data:image\/svg+xml,%3Csvg%20xmlns%3D%27http%3A%2F%2Fwww.w3.org%2F2000%2Fsvg%27%20width%3D%27333%27%20height%3D%27140%27%20viewBox%3D%270%200%20333%20140%27%3E%3Crect%20width%3D%27333%27%20height%3D%27140%27%20fill-opacity%3D%220%22%2F%3E%3C%2Fsvg%3E\" data-srcset=\"https:\/\/imlauer.com\/hotel-imlauer-salzburg\/wp-content\/uploads\/2025\/02\/SIXT-200x84.png 200w, https:\/\/imlauer.com\/hotel-imlauer-salzburg\/wp-content\/uploads\/2025\/02\/SIXT.png 333w\" data-sizes=\"auto\" data-orig-sizes=\"(max-width: 969px) 100vw, 333px\" \/><\/span><\/div><\/div><div class=\"fusion-sep-clear\"><\/div><div class=\"fusion-separator fusion-full-width-sep\" style=\"margin-left: auto;margin-right: auto;margin-top:10px;width:100%;\"><\/div><div class=\"fusion-sep-clear\"><\/div><div class=\"fusion-text fusion-text-2\"><p style=\"text-align: center;\">En tant que client de l&#8217;IMLAUER &amp; Br\u00e4u Hotel Salzburg, vous b\u00e9n\u00e9ficiez d&#8217;une r\u00e9duction de 15% sur votre location de voiture SIXT aupr\u00e8s de notre partenaire SIXT.<\/p>\n<\/div><div class=\"fusion-aligncenter\"><a class=\"fusion-button button-flat fusion-button-default-size button-default fusion-button-default button-1 fusion-button-default-span fusion-button-default-type\" target=\"_blank\" rel=\"noopener noreferrer\" href=\"https:\/\/www.sixt.at\/partners\/imlauer-hotels\/\"><span class=\"fusion-button-text awb-button__text awb-button__text--default\">Vers la page des partenaires de SIXT<\/span><\/a><\/div><\/div><\/div><div class=\"fusion-clearfix\"><\/div><\/div><\/div><div class=\"fusion-layout-column fusion_builder_column fusion-builder-column-1 fusion_builder_column_2_3 2_3 fusion-two-third fusion-column-last\" style=\"--awb-padding-top:90px;--awb-padding-right:15%;--awb-padding-bottom:90px;--awb-padding-left:15%;--awb-bg-color:#f5f5f5;--awb-bg-color-hover:#f5f5f5;--awb-bg-size:cover;--awb-margin-bottom:0px;\"><div class=\"fusion-column-wrapper fusion-flex-column-wrapper-legacy\"><div class=\"fusion-column-content-centered\"><div class=\"fusion-column-content\"><div class=\"fusion-text fusion-text-3\"><h2>Situation &amp; acc\u00e8s<\/h2>\n<h2>Itin\u00e9raire d\u00e9taill\u00e9 vers l&#8217;h\u00f4tel IMLAUER &amp; Br\u00e4u<\/h2>\n<p>Facile d&#8217;acc\u00e8s, que ce soit en voiture, en train ou en avion. L&#8217;h\u00f4tel IMLAUER &amp; Br\u00e4u Salzburg est tr\u00e8s bien situ\u00e9, \u00e0 un jet de pierre du <a href=\"https:\/\/imlauer.com\/city-guide\/\" target=\"_blank\" rel=\"noopener\">ch\u00e2teau Mirabell et de son jardin unique<\/a>, ainsi qu&#8217;\u00e0 quelques pas de la vieille ville historique de Salzbourg.<\/p>\n<\/div><ul style=\"--awb-iconcolor:#cbaa5c;--awb-line-height:30.6px;--awb-icon-width:30.6px;--awb-icon-height:30.6px;--awb-icon-margin:12.6px;--awb-content-margin:43.2px;\" class=\"fusion-checklist fusion-checklist-2 fusion-checklist-default type-icons anreise\"><li class=\"fusion-li-item\" style=\"\"><span class=\"icon-wrapper circle-no\"><i class=\"fusion-li-icon fa-car-side fas\" aria-hidden=\"true\"><\/i><\/span><div class=\"fusion-li-item-content\">\n<p><strong>En voiture \/ Parking IMLAUER :  <\/strong><\/p>\n<p><strong>Veuillez entrer &#8222;Humboldtstra\u00dfe, 5020 Salzburg&#8220; dans votre syst\u00e8me de navigation.<br \/>\n<\/strong><\/p>\n<p>Nous vous recommandons de prendre la sortie &#8222;Salzburg Nord&#8220; en direction de Salzburg\/Zentrum. Suivez la Vogelweiderstra\u00dfe \/ B150 sur environ 2 km, puis tournez \u00e0 droite dans la Sterneckstra\u00dfe\/B1 et suivez la route. Apr\u00e8s environ 400m, la Sterneckstra\u00dfe fait un l\u00e9ger virage \u00e0 droite et d\u00e9bouche sur la Gabelsbergerstra\u00dfe. Apr\u00e8s 150m sur la Gabelsbergerstra\u00dfe, tournez \u00e0 gauche sur la Paracelsusstra\u00dfe. Apr\u00e8s 250m, tournez \u00e0 droite dans la Franz-Josef-Stra\u00dfe et suivez-la sur 350m. Ensuite, tournez encore une fois \u00e0 droite dans la Rainerstra\u00dfe. Apr\u00e8s 150m, vous arrivez \u00e0 un rond-point et prenez la premi\u00e8re sortie dans la Markus-Sittikus-Stra\u00dfe. Roulez 120m jusqu&#8217;\u00e0 la fin de la Markus-Sittikus-Stra\u00dfe et tournez \u00e0 gauche dans la Faberstra\u00dfe.       <\/p>\n<p>Apr\u00e8s environ 65 m\u00e8tres, vous arrivez \u00e0 la Faberstra\u00dfe \/ Humboldtstra\u00dfe, o\u00f9 se trouvent notre h\u00f4tel et notre parking. Vous pouvez garer votre voiture sur le parking IMLAUER, sous r\u00e9serve de disponibilit\u00e9, pour 20,00 \u20ac par 24 heures.  Nous mettons \u00e0 votre disposition 3 stations de recharge \u00e9lectrique, o\u00f9 vous pouvez recharger pour 0,45 \u20ac\/kWh<strong>. <\/strong>Il n&#8217;est pas possible de r\u00e9server une borne de recharge.<strong><br \/>\n<\/strong><\/p>\n<\/div><\/li><li class=\"fusion-li-item\" style=\"\"><span class=\"icon-wrapper circle-no\"><i class=\"fusion-li-icon fa-walking fas\" aria-hidden=\"true\"><\/i><\/span><div class=\"fusion-li-item-content\">\n<p><strong>A pied :<\/strong><\/p>\n<p>Depuis la gare : L&#8217;h\u00f4tel IMLAUER &amp; Br\u00e4u se trouve \u00e0 7 minutes \u00e0 pied. Pour cela, suivez la Rainerstra\u00dfe en direction du centre\/vieille ville. Notre h\u00f4tel se trouve \u00e0 550 m sur le c\u00f4t\u00e9 gauche de la rue.<\/p>\n<\/div><\/li><li class=\"fusion-li-item\" style=\"\"><span class=\"icon-wrapper circle-no\"><i class=\"fusion-li-icon fa-bus-alt fas\" aria-hidden=\"true\"><\/i><\/span><div class=\"fusion-li-item-content\">\n<p><strong>Par les transports en commun :<\/strong><\/p>\n<p>L&#8217;arr\u00eat le plus proche s&#8217;appelle &#8222;Kiesel&#8220;. Les lignes # 1, 2, 3, 5 et 6 s&#8217;y arr\u00eatent. <\/p>\n<p>Depuis l&#8217;a\u00e9roport : Prenez la ligne # 2 en direction de &#8222;Salzburg Obergnigl&#8220;. Votre arr\u00eat s&#8217;appelle &#8222;Kiesel&#8220;, dur\u00e9e environ 25 min, 14 arr\u00eats. Traversez le passage pi\u00e9ton de l&#8217;autre c\u00f4t\u00e9 de la rue et suivez la Rainerstra\u00dfe \u00e0 droite en direction du centre\/vieille ville. Apr\u00e8s environ 160m (2 minutes de marche), vous trouverez l&#8217;h\u00f4tel IMLAUER &amp; Br\u00e4u sur votre gauche.<\/p>\n<\/div><\/li><li class=\"fusion-li-item\" style=\"\"><span class=\"icon-wrapper circle-no\"><i class=\"fusion-li-icon fa-taxi fas\" aria-hidden=\"true\"><\/i><\/span><div class=\"fusion-li-item-content\">\n<p><strong>En taxi :<\/strong><\/p>\n<p>Depuis la gare : Notre h\u00f4tel se trouve \u00e0 environ 550 m\u00e8tres de la gare centrale de Salzbourg, soit \u00e0 7 minutes \u00e0 pied. Si vous souhaitez prendre un taxi pour ce trajet, vous en trouverez directement devant le b\u00e2timent de la gare. La dur\u00e9e du trajet est d&#8217;environ 5 minutes et le co\u00fbt varie entre 6 et 8 euros selon le trafic et l&#8217;heure de la journ\u00e9e.   <\/p>\n<p>Depuis l&#8217;a\u00e9roport : Des taxis sont disponibles juste devant le b\u00e2timent.<br \/>\nDur\u00e9e environ 15 min. Co\u00fbt environ entre \u20ac 15,- &amp; \u20ac 20,- selon le trafic et l&#8217;heure de la journ\u00e9e.<\/p>\n<\/div><\/li><\/ul><div class=\"fusion-sep-clear\"><\/div><div class=\"fusion-separator fusion-full-width-sep\" style=\"margin-left: auto;margin-right: auto;margin-top:30px;width:100%;\"><\/div><div class=\"fusion-sep-clear\"><\/div><\/div><\/div><div class=\"fusion-clearfix\"><\/div><\/div><\/div><\/div><\/div><div class=\"fusion-fullwidth fullwidth-box fusion-builder-row-2 hundred-percent-fullwidth non-hundred-percent-height-scrolling fusion-no-large-visibility\" style=\"--awb-background-position:left top;--awb-border-sizes-top:0px;--awb-border-sizes-bottom:0px;--awb-border-sizes-left:0px;--awb-border-sizes-right:0px;--awb-border-radius-top-left:0px;--awb-border-radius-top-right:0px;--awb-border-radius-bottom-right:0px;--awb-border-radius-bottom-left:0px;--awb-padding-top:0px;--awb-padding-right:0px;--awb-padding-bottom:0px;--awb-padding-left:0px;--awb-flex-wrap:wrap;\" ><div class=\"fusion-builder-row fusion-row\"><div class=\"fusion-layout-column fusion_builder_column fusion-builder-column-2 fusion_builder_column_1_3 1_3 fusion-one-third fusion-column-first\" style=\"--awb-padding-top:30px;--awb-padding-right:15%;--awb-padding-bottom:30px;--awb-padding-left:15%;--awb-bg-size:cover;--awb-margin-bottom:0px;\"><div class=\"fusion-column-wrapper fusion-column-has-shadow fusion-flex-column-wrapper-legacy\"><div class=\"fusion-column-content-centered\"><div class=\"fusion-column-content\"><div class=\"fusion-text fusion-text-4\"><p style=\"letter-spacing: 4px; font-size: 13px; text-align: center; margin-bottom: 0px;\">CONTACT<\/p>\n<h2 style=\"text-align: center; font-size: 25px;\">H\u00f4tel IMLAUER &amp; Br\u00e4u Salzbourg<\/h2>\n<\/div><div class=\"fusion-sep-clear\"><\/div><div class=\"fusion-separator fusion-full-width-sep\" style=\"margin-left: auto;margin-right: auto;margin-top:10px;width:100%;\"><\/div><div class=\"fusion-sep-clear\"><\/div><ul style=\"--awb-size:17px;--awb-iconcolor:#cbaa5c;--awb-line-height:28.9px;--awb-icon-width:28.9px;--awb-icon-height:28.9px;--awb-icon-margin:11.9px;--awb-content-margin:40.8px;\" class=\"fusion-checklist fusion-checklist-3 fusion-checklist-default type-icons address\"><li class=\"fusion-li-item\" style=\"\"><span class=\"icon-wrapper circle-no\"><i class=\"fusion-li-icon fa-phone-alt fas\" aria-hidden=\"true\"><\/i><\/span><div class=\"fusion-li-item-content\">\n<p>T\u00e9l : <a href=\"tel:+43662889920\">+43 662 88 99 20<\/a><\/p>\n<\/div><\/li><li class=\"fusion-li-item\" style=\"\"><span class=\"icon-wrapper circle-no\"><i class=\"fusion-li-icon fa-fax fas\" aria-hidden=\"true\"><\/i><\/span><div class=\"fusion-li-item-content\">\n<p>T\u00e9l\u00e9copieur : +43 662 88 9 92-16<\/p>\n<\/div><\/li><li class=\"fusion-li-item\" style=\"\"><span class=\"icon-wrapper circle-no\"><i class=\"fusion-li-icon fa-map-marked-alt fas\" aria-hidden=\"true\"><\/i><\/span><div class=\"fusion-li-item-content\">\n<p>Rainerstra\u00dfe 12-14<br \/>\n5020 Salzbourg, Autriche<\/p>\n<\/div><\/li><li class=\"fusion-li-item\" style=\"\"><span class=\"icon-wrapper circle-no\"><i class=\"fusion-li-icon fa-envelope far\" aria-hidden=\"true\"><\/i><\/span><div class=\"fusion-li-item-content\">\n<p><a href=\"mailto:pitter@imlauer.com\">hotel@imlauer.com<\/a><\/p>\n<\/div><\/li><\/ul><\/div><\/div><div class=\"fusion-clearfix\"><\/div><\/div><\/div><div class=\"fusion-layout-column fusion_builder_column fusion-builder-column-3 fusion_builder_column_2_3 2_3 fusion-two-third fusion-column-last\" style=\"--awb-padding-top:90px;--awb-padding-right:15%;--awb-padding-bottom:90px;--awb-padding-left:15%;--awb-bg-color:#f5f5f5;--awb-bg-color-hover:#f5f5f5;--awb-bg-size:cover;--awb-margin-bottom:0px;\"><div class=\"fusion-column-wrapper fusion-flex-column-wrapper-legacy\"><div class=\"fusion-column-content-centered\"><div class=\"fusion-column-content\"><div class=\"fusion-text fusion-text-5\"><h2>Situation &amp; acc\u00e8s<\/h2>\n<h2>Itin\u00e9raire d\u00e9taill\u00e9 vers l&#8217;h\u00f4tel IMLAUER &amp; Br\u00e4u<\/h2>\n<p>Facile d&#8217;acc\u00e8s, que ce soit en voiture, en train ou en avion. L&#8217;h\u00f4tel IMLAUER &amp; Br\u00e4u Salzburg est tr\u00e8s bien situ\u00e9, \u00e0 un jet de pierre du <a href=\"https:\/\/imlauer.com\/city-guide\/\" target=\"_blank\" rel=\"noopener\">ch\u00e2teau Mirabell et de son jardin unique<\/a>, ainsi qu&#8217;\u00e0 quelques pas de la vieille ville historique de Salzbourg.<\/p>\n<\/div><ul style=\"--awb-iconcolor:#cbaa5c;--awb-line-height:30.6px;--awb-icon-width:30.6px;--awb-icon-height:30.6px;--awb-icon-margin:12.6px;--awb-content-margin:43.2px;\" class=\"fusion-checklist fusion-checklist-4 fusion-checklist-default type-icons anreise\"><li class=\"fusion-li-item\" style=\"\"><span class=\"icon-wrapper circle-no\"><i class=\"fusion-li-icon fa-car-side fas\" aria-hidden=\"true\"><\/i><\/span><div class=\"fusion-li-item-content\">\n<div class=\"fusion-li-item-content\">\n<p><strong>En voiture \/ Parking IMLAUER :<\/strong><\/p>\n<p><strong>Veuillez entrer &#8222;Humboldtstra\u00dfe, 5020 Salzburg&#8220; dans votre syst\u00e8me de navigation.<\/strong><\/p>\n<p>Nous vous recommandons de prendre la sortie &#8222;Salzburg Nord&#8220; en direction de Salzburg\/Zentrum. Suivez la Vogelweiderstra\u00dfe \/ B150 sur environ 2 km, puis tournez \u00e0 droite dans la Sterneckstra\u00dfe\/B1 et suivez la route. Apr\u00e8s environ 400m, la Sterneckstra\u00dfe fait un l\u00e9ger virage \u00e0 droite et d\u00e9bouche sur la Gabelsbergerstra\u00dfe. Apr\u00e8s 150m sur la Gabelsbergerstra\u00dfe, tournez \u00e0 gauche sur la Paracelsusstra\u00dfe. Apr\u00e8s 250m, tournez \u00e0 droite dans la Franz-Josef-Stra\u00dfe et suivez-la sur 350m. Ensuite, tournez encore une fois \u00e0 droite dans la Rainerstra\u00dfe. Apr\u00e8s 150m, vous arrivez \u00e0 un rond-point et prenez la premi\u00e8re sortie dans la Markus-Sittikus-Stra\u00dfe. Roulez 120m jusqu&#8217;\u00e0 la fin de la Markus-Sittikus-Stra\u00dfe et tournez \u00e0 gauche dans la Faberstra\u00dfe.       <\/p>\n<p>Apr\u00e8s environ 65 m\u00e8tres, vous arrivez \u00e0 la Faberstra\u00dfe \/ Humboldtstra\u00dfe, o\u00f9 se trouvent notre h\u00f4tel ainsi que notre parking. Vous pouvez garer votre voiture sur le parking IMLAUER, sous r\u00e9serve de disponibilit\u00e9, pour <strong>20,00 \u20ac par 24 heures<\/strong>.  <strong>Nous mettons \u00e0 votre disposition 3 stations de recharge \u00e9lectrique, o\u00f9 vous pouvez recharger pour 0,45 \u20ac\/kWh. Il n&#8217;est pas possible de r\u00e9server une borne de recharge. <\/strong><\/p>\n<\/div>\n<\/div><\/li><li class=\"fusion-li-item\" style=\"\"><span class=\"icon-wrapper circle-no\"><i class=\"fusion-li-icon fa-walking fas\" aria-hidden=\"true\"><\/i><\/span><div class=\"fusion-li-item-content\">\n<p><strong>A pied :<\/strong><\/p>\n<p>Depuis la gare : L&#8217;h\u00f4tel IMLAUER &amp; Br\u00e4u se trouve \u00e0 7 minutes \u00e0 pied. Pour cela, suivez la Rainerstra\u00dfe en direction du centre\/vieille ville. Notre h\u00f4tel se trouve \u00e0 550 m sur le c\u00f4t\u00e9 gauche de la rue.<\/p>\n<\/div><\/li><li class=\"fusion-li-item\" style=\"\"><span class=\"icon-wrapper circle-no\"><i class=\"fusion-li-icon fa-bus-alt fas\" aria-hidden=\"true\"><\/i><\/span><div class=\"fusion-li-item-content\">\n<p><strong>Par les transports en commun :<\/strong><\/p>\n<p>L&#8217;arr\u00eat le plus proche s&#8217;appelle &#8222;Kiesel&#8220;. Les lignes # 1, 2, 3, 5 et 6 s&#8217;y arr\u00eatent. <\/p>\n<p>Depuis l&#8217;a\u00e9roport : Prenez la ligne # 2 en direction de &#8222;Salzburg Obergnigl&#8220;. Votre arr\u00eat s&#8217;appelle &#8222;Kiesel&#8220;, dur\u00e9e environ 25 min, 14 arr\u00eats. Traversez le passage pi\u00e9ton de l&#8217;autre c\u00f4t\u00e9 de la rue et suivez la Rainerstra\u00dfe \u00e0 droite en direction du centre\/vieille ville. Apr\u00e8s environ 160m (2 minutes de marche), vous trouverez l&#8217;h\u00f4tel IMLAUER &amp; Br\u00e4u sur votre gauche.<\/p>\n<\/div><\/li><li class=\"fusion-li-item\" style=\"\"><span class=\"icon-wrapper circle-no\"><i class=\"fusion-li-icon fa-taxi fas\" aria-hidden=\"true\"><\/i><\/span><div class=\"fusion-li-item-content\">\n<p><strong>En taxi :<\/strong><\/p>\n<p>Depuis la gare : Notre h\u00f4tel se trouve \u00e0 environ 550 m\u00e8tres de la gare centrale de Salzbourg, soit \u00e0 7 minutes \u00e0 pied. Si vous souhaitez prendre un taxi pour ce trajet, vous en trouverez directement devant le b\u00e2timent de la gare. La dur\u00e9e du trajet est d&#8217;environ 5 minutes et le co\u00fbt varie entre 6 et 8 euros selon le trafic et l&#8217;heure de la journ\u00e9e.   <\/p>\n<p>Depuis l&#8217;a\u00e9roport : Des taxis sont disponibles juste devant le b\u00e2timent.<br \/>\nDur\u00e9e environ 15 min. Co\u00fbt environ entre \u20ac 15,- &amp; \u20ac 20,- selon le trafic et l&#8217;heure de la journ\u00e9e.<\/p>\n<\/div><\/li><\/ul><div class=\"fusion-sep-clear\"><\/div><div class=\"fusion-separator fusion-full-width-sep\" style=\"margin-left: auto;margin-right: auto;margin-top:30px;width:100%;\"><\/div><div class=\"fusion-sep-clear\"><\/div><\/div><\/div><div class=\"fusion-clearfix\"><\/div><\/div><\/div><\/div><\/div><div class=\"fusion-fullwidth fullwidth-box fusion-builder-row-3 hundred-percent-fullwidth non-hundred-percent-height-scrolling fusion-equal-height-columns\" style=\"--awb-background-position:left top;--awb-border-sizes-top:0px;--awb-border-sizes-bottom:0px;--awb-border-sizes-left:0px;--awb-border-sizes-right:0px;--awb-border-radius-top-left:0px;--awb-border-radius-top-right:0px;--awb-border-radius-bottom-right:0px;--awb-border-radius-bottom-left:0px;--awb-padding-top:0px;--awb-padding-right:0px;--awb-padding-bottom:0px;--awb-padding-left:0px;--awb-flex-wrap:wrap;\" ><div class=\"fusion-builder-row fusion-row\"><div class=\"fusion-layout-column fusion_builder_column fusion-builder-column-4 fusion_builder_column_1_1 1_1 fusion-one-full fusion-column-first fusion-column-last fusion-column-no-min-height\" style=\"--awb-bg-blend:overlay;--awb-bg-size:cover;--awb-margin-bottom:0px;\"><div class=\"fusion-column-wrapper fusion-flex-column-wrapper-legacy\"><div id=\"hotelimlauerbraeu_map\" style=\"width:100%; height:500px;\"><\/div><div class=\"fusion-clearfix\"><\/div><\/div><\/div><\/div><\/div><\/p>\n","protected":false},"excerpt":{"rendered":"","protected":false},"author":1,"featured_media":0,"parent":0,"menu_order":0,"comment_status":"closed","ping_status":"closed","template":"100-width.php","meta":{"footnotes":""},"class_list":["post-8158","page","type-page","status-publish","hentry"],"_links":{"self":[{"href":"https:\/\/imlauer.com\/hotel-imlauer-salzburg\/wp-json\/wp\/v2\/pages\/8158","targetHints":{"allow":["GET"]}}],"collection":[{"href":"https:\/\/imlauer.com\/hotel-imlauer-salzburg\/wp-json\/wp\/v2\/pages"}],"about":[{"href":"https:\/\/imlauer.com\/hotel-imlauer-salzburg\/wp-json\/wp\/v2\/types\/page"}],"author":[{"embeddable":true,"href":"https:\/\/imlauer.com\/hotel-imlauer-salzburg\/wp-json\/wp\/v2\/users\/1"}],"replies":[{"embeddable":true,"href":"https:\/\/imlauer.com\/hotel-imlauer-salzburg\/wp-json\/wp\/v2\/comments?post=8158"}],"version-history":[{"count":18,"href":"https:\/\/imlauer.com\/hotel-imlauer-salzburg\/wp-json\/wp\/v2\/pages\/8158\/revisions"}],"predecessor-version":[{"id":47179,"href":"https:\/\/imlauer.com\/hotel-imlauer-salzburg\/wp-json\/wp\/v2\/pages\/8158\/revisions\/47179"}],"wp:attachment":[{"href":"https:\/\/imlauer.com\/hotel-imlauer-salzburg\/wp-json\/wp\/v2\/media?parent=8158"}],"curies":[{"name":"wp","href":"https:\/\/api.w.org\/{rel}","templated":true}]}}