{"id":83,"date":"2019-06-13T08:37:52","date_gmt":"2019-06-13T08:37:52","guid":{"rendered":"https:\/\/imlauer.com\/hotel-imlauer-salzburg\/index.php\/lage-anreise\/"},"modified":"2026-03-05T09:21:45","modified_gmt":"2026-03-05T09:21:45","slug":"lage-anreise","status":"publish","type":"page","link":"https:\/\/imlauer.com\/hotel-imlauer-salzburg\/lage-anreise\/","title":{"rendered":"Lage &amp; Anreise"},"content":{"rendered":"<p><div class=\"fusion-fullwidth fullwidth-box fusion-builder-row-1 hundred-percent-fullwidth non-hundred-percent-height-scrolling fusion-equal-height-columns fusion-no-small-visibility fusion-no-medium-visibility\" style=\"--awb-background-position:left top;--awb-border-sizes-top:0px;--awb-border-sizes-bottom:0px;--awb-border-sizes-left:0px;--awb-border-sizes-right:0px;--awb-border-radius-top-left:0px;--awb-border-radius-top-right:0px;--awb-border-radius-bottom-right:0px;--awb-border-radius-bottom-left:0px;--awb-padding-top:0px;--awb-padding-right:0px;--awb-padding-bottom:0px;--awb-padding-left:0px;--awb-flex-wrap:wrap;\" ><div class=\"fusion-builder-row fusion-row\"><div class=\"fusion-layout-column fusion_builder_column fusion-builder-column-0 fusion_builder_column_1_3 1_3 fusion-one-third fusion-column-first\" style=\"--awb-padding-top:30px;--awb-padding-right:15%;--awb-padding-bottom:30px;--awb-padding-left:15%;--awb-bg-size:cover;--awb-margin-bottom:0px;\"><div class=\"fusion-column-wrapper fusion-column-has-shadow fusion-flex-column-wrapper-legacy\"><div class=\"fusion-column-content-centered\"><div class=\"fusion-column-content\"><div class=\"fusion-text fusion-text-1\"><p style=\"letter-spacing: 4px; font-size: 13px; text-align: center; margin-bottom: 0px;\">KONTAKT<\/p>\n<h1 style=\"text-align: center;\">Hotel IMLAUER &amp; Br\u00e4u Salzburg<\/h1>\n<\/div><div class=\"fusion-sep-clear\"><\/div><div class=\"fusion-separator fusion-full-width-sep\" style=\"margin-left: auto;margin-right: auto;margin-top:10px;width:100%;\"><\/div><div class=\"fusion-sep-clear\"><\/div><ul style=\"--awb-size:17px;--awb-iconcolor:#cbaa5c;--awb-line-height:28.9px;--awb-icon-width:28.9px;--awb-icon-height:28.9px;--awb-icon-margin:11.9px;--awb-content-margin:40.8px;\" class=\"fusion-checklist fusion-checklist-1 fusion-checklist-default type-icons address\"><li class=\"fusion-li-item\" style=\"\"><span class=\"icon-wrapper circle-no\"><i class=\"fusion-li-icon fa-phone-alt fas\" aria-hidden=\"true\"><\/i><\/span><div class=\"fusion-li-item-content\">\n<p>Tel: <a href=\"tel:+43662889920\">+43 662 88 99 20<\/a><\/p>\n<\/div><\/li><li class=\"fusion-li-item\" style=\"\"><span class=\"icon-wrapper circle-no\"><i class=\"fusion-li-icon fa-envelope far\" aria-hidden=\"true\"><\/i><\/span><div class=\"fusion-li-item-content\">\n<p><a href=\"mailto:hotel@imlauer.com\">hotel@imlauer.com<\/a><\/p>\n<\/div><\/li><li class=\"fusion-li-item\" style=\"\"><span class=\"icon-wrapper circle-no\"><i class=\"fusion-li-icon fa-map-marked-alt fas\" aria-hidden=\"true\"><\/i><\/span><div class=\"fusion-li-item-content\">\n<p>Rainerstra\u00dfe 12-14<br \/>\n5020 Salzburg, \u00d6sterreich<\/p>\n<\/div><\/li><\/ul><div class=\"fusion-sep-clear\"><\/div><div class=\"fusion-separator fusion-full-width-sep\" style=\"margin-left: auto;margin-right: auto;margin-top:80px;width:100%;\"><\/div><div class=\"fusion-sep-clear\"><\/div><div class=\"fusion-image-element fusion-image-align-center in-legacy-container\" style=\"text-align:center;--awb-max-width:200px;--awb-caption-title-font-family:var(--h2_typography-font-family);--awb-caption-title-font-weight:var(--h2_typography-font-weight);--awb-caption-title-font-style:var(--h2_typography-font-style);--awb-caption-title-size:var(--h2_typography-font-size);--awb-caption-title-transform:var(--h2_typography-text-transform);--awb-caption-title-line-height:var(--h2_typography-line-height);--awb-caption-title-letter-spacing:var(--h2_typography-letter-spacing);\"><div class=\"imageframe-align-center\"><span class=\" fusion-imageframe imageframe-none imageframe-1 hover-type-none\"><img decoding=\"async\" width=\"333\" height=\"140\" title=\"SIXT\" src=\"https:\/\/imlauer.com\/hotel-imlauer-salzburg\/wp-content\/uploads\/2025\/02\/SIXT.png\" data-orig-src=\"https:\/\/imlauer.com\/hotel-imlauer-salzburg\/wp-content\/uploads\/2025\/02\/SIXT.png\" alt class=\"lazyload img-responsive wp-image-334\" srcset=\"data:image\/svg+xml,%3Csvg%20xmlns%3D%27http%3A%2F%2Fwww.w3.org%2F2000%2Fsvg%27%20width%3D%27333%27%20height%3D%27140%27%20viewBox%3D%270%200%20333%20140%27%3E%3Crect%20width%3D%27333%27%20height%3D%27140%27%20fill-opacity%3D%220%22%2F%3E%3C%2Fsvg%3E\" data-srcset=\"https:\/\/imlauer.com\/hotel-imlauer-salzburg\/wp-content\/uploads\/2025\/02\/SIXT-200x84.png 200w, https:\/\/imlauer.com\/hotel-imlauer-salzburg\/wp-content\/uploads\/2025\/02\/SIXT.png 333w\" data-sizes=\"auto\" data-orig-sizes=\"(max-width: 969px) 100vw, 333px\" \/><\/span><\/div><\/div><div class=\"fusion-sep-clear\"><\/div><div class=\"fusion-separator fusion-full-width-sep\" style=\"margin-left: auto;margin-right: auto;margin-top:10px;width:100%;\"><\/div><div class=\"fusion-sep-clear\"><\/div><div class=\"fusion-text fusion-text-2\"><p style=\"text-align: center;\">Als Gast des IMLAUER &amp; Br\u00e4u Hotels Salzburg erhalten Sie bei unserem Partner SIXT 15% Rabatt auf Ihren SIXT-Mietwagen.<\/p>\n<\/div><div class=\"fusion-aligncenter\"><a class=\"fusion-button button-flat fusion-button-default-size button-default fusion-button-default button-1 fusion-button-default-span fusion-button-default-type\" target=\"_blank\" rel=\"noopener noreferrer\" href=\"https:\/\/www.sixt.at\/partners\/imlauer-hotels\/\"><span class=\"fusion-button-text awb-button__text awb-button__text--default\">Zur SIXT-Partnerseite<\/span><\/a><\/div><\/div><\/div><div class=\"fusion-clearfix\"><\/div><\/div><\/div><div class=\"fusion-layout-column fusion_builder_column fusion-builder-column-1 fusion_builder_column_2_3 2_3 fusion-two-third fusion-column-last\" style=\"--awb-padding-top:90px;--awb-padding-right:15%;--awb-padding-bottom:90px;--awb-padding-left:15%;--awb-bg-color:#f5f5f5;--awb-bg-color-hover:#f5f5f5;--awb-bg-size:cover;--awb-margin-bottom:0px;\"><div class=\"fusion-column-wrapper fusion-flex-column-wrapper-legacy\"><div class=\"fusion-column-content-centered\"><div class=\"fusion-column-content\"><div class=\"fusion-text fusion-text-3\"><h2>Lage &amp; Anreise<\/h2>\n<h2>Detaillierte Anfahrtsbeschreibung zum Hotel IMLAUER &amp; Br\u00e4u<\/h2>\n<p>Einfach zu erreichen, ob mit dem Auto, per Zug oder Flugzeug. Das Hotel IMLAUER &amp; Br\u00e4u Salzburg ist ausgezeichnet gelegen und nur einen Steinwurf vom <a href=\"https:\/\/imlauer.com\/city-guide\/\" target=\"_blank\" rel=\"noopener\">Schloss Mirabell und dem einzigartigem Mirabellgarten<\/a>, sowie nur ein kurzer Fu\u00dfweg zur historischen Altstadt von Salzburg entfernt.<\/p>\n<\/div><ul style=\"--awb-iconcolor:#cbaa5c;--awb-line-height:30.6px;--awb-icon-width:30.6px;--awb-icon-height:30.6px;--awb-icon-margin:12.6px;--awb-content-margin:43.2px;\" class=\"fusion-checklist fusion-checklist-2 fusion-checklist-default type-icons anreise\"><li class=\"fusion-li-item\" style=\"\"><span class=\"icon-wrapper circle-no\"><i class=\"fusion-li-icon fa-car-side fas\" aria-hidden=\"true\"><\/i><\/span><div class=\"fusion-li-item-content\">\n<p><strong>Mit dem Auto \/ IMLAUER Parkplatz: <\/strong><\/p>\n<p><strong>In Ihr Navi bitte daf\u00fcr \u201eHumboldtstra\u00dfe, 5020 Salzburg\u201c eingeben.<br \/>\n<\/strong><\/p>\n<p>Wir empfehlen Ihnen die Abfahrt \u201eSalzburg Nord\u201c Richtung Salzburg\/Zentrum zu nehmen. Fahren Sie auf der Vogelweiderstra\u00dfe \/ B150 ca. 2 km, anschlie\u00dfend biegen Sie nach rechts auf die Sterneckstra\u00dfe\/B1 ab und folgen dem Stra\u00dfenverlauf. Die Sterneckstra\u00dfe macht nach ca. 400m eine leichte Rechtskurve und m\u00fcndet in die Gabelsbergerstra\u00dfe. Nach 150m auf der Gabelsbergerstra\u00dfe biegen Sie links ab auf die Paracelsusstra\u00dfe. Nach 250m biegen Sie nach rechts auf die Franz-Josef-Stra\u00dfe ab und folgen ihr 350m. Danach noch einmal nach rechts abbiegen auf die Rainerstra\u00dfe. Nach 150m kommen Sie an einen Kreisverkehr und nehmen die erste Ausfahrt in die Markus-Sittikus-Stra\u00dfe. Fahren Sie 120m bis zum Ende der Markus-Sittikus-Stra\u00dfe und biegen nach links auf die Faberstra\u00dfe ab.<\/p>\n<p>Nach ca. 65m erreichen Sie die Faberstra\u00dfe \/ Ecke Humboldtstra\u00dfe, wo sich unser Hotel sowie unser Parkplatz befinden. Auf dem IMLAUER Parkplatz k\u00f6nnen Sie Ihr Auto nach Verf\u00fcgbarkeit um \u20ac 20,00 pro 24 Stunden parken. Wir bieten Ihnen 3 E-Ladestationen an, bei welchen Sie um 0,45 \u20ac\/kWh laden k\u00f6nnen<strong>. <\/strong>Die Reservierung einer Ladestation ist nicht m\u00f6glich.<strong><br \/>\n<\/strong><\/p>\n<\/div><\/li><li class=\"fusion-li-item\" style=\"\"><span class=\"icon-wrapper circle-no\"><i class=\"fusion-li-icon fa-walking fas\" aria-hidden=\"true\"><\/i><\/span><div class=\"fusion-li-item-content\">\n<p><strong>Zu Fu\u00df:<\/strong><\/p>\n<p>Vom Bahnhof: Das IMLAUER &amp; Br\u00e4u Hotel erreichen Sie nach 7 Gehminuten. Folgen Sie dazu der Rainerstra\u00dfe Richtung Zentrum\/Altstadt. Nach 550m befindet sich unser Hotel auf der linken Stra\u00dfenseite.<\/p>\n<\/div><\/li><li class=\"fusion-li-item\" style=\"\"><span class=\"icon-wrapper circle-no\"><i class=\"fusion-li-icon fa-bus-alt fas\" aria-hidden=\"true\"><\/i><\/span><div class=\"fusion-li-item-content\">\n<p><strong>Mit \u00f6ffentlichen Verkehrsmitteln:<\/strong><\/p>\n<p>Die n\u00e4chstgelegene Haltestelle hei\u00dft \u201eKiesel\u201c. Dort halten die Linien # 1, 2, 3, 5 und 6.<\/p>\n<p>Vom Flughafen: Fahren Sie mit der Linie # 2 Richtung \u201eSalzburg Obergnigl\u201c. Ihre Haltestelle hei\u00dft \u201eKiesel\u201c, Dauer ca. 25 min, 14 Stationen. \u00dcberqueren Sie den Zebrastreifen auf die andere Stra\u00dfenseite und folgen Sie der Rainerstra\u00dfe nach rechts in Richtung Zentrum\/Altstadt. Nach ca. 160m (2 Gehminuten) befindet sich das IMLAUER &amp; Br\u00e4u Hotel auf der linken Seite.<\/p>\n<\/div><\/li><li class=\"fusion-li-item\" style=\"\"><span class=\"icon-wrapper circle-no\"><i class=\"fusion-li-icon fa-taxi fas\" aria-hidden=\"true\"><\/i><\/span><div class=\"fusion-li-item-content\">\n<p><strong>Mit dem Taxi:<\/strong><\/p>\n<p>Vom Bahnhof: Unser Hotel liegt vom Salzburger Hauptbahnhof ca. 550m bzw. nur 7 Gehminuten entfernt. Falls Sie f\u00fcr diese Strecke ein Taxi in Anspruch nehmen m\u00f6chten, finden Sie Taxis direkt vor dem Bahnhofsgeb\u00e4ude. Dauer ca. 5 Min. Kosten ca. zwischen \u20ac 6,- bis \u20ac 8,\u2013 abh\u00e4ngig von Verkehr und Tageszeit.<\/p>\n<p>Vom Flughafen: Taxis stehen direkt vor dem Geb\u00e4ude.<br \/>\nDauer ca. 15 min. Kosten ca. zwischen \u20ac 15,- &amp; \u20ac 20,\u2013 abh\u00e4ngig von Verkehr und Tageszeit.<\/p>\n<\/div><\/li><\/ul><div class=\"fusion-sep-clear\"><\/div><div class=\"fusion-separator fusion-full-width-sep\" style=\"margin-left: auto;margin-right: auto;margin-top:30px;width:100%;\"><\/div><div class=\"fusion-sep-clear\"><\/div><\/div><\/div><div class=\"fusion-clearfix\"><\/div><\/div><\/div><\/div><\/div><div class=\"fusion-fullwidth fullwidth-box fusion-builder-row-2 hundred-percent-fullwidth non-hundred-percent-height-scrolling fusion-no-large-visibility\" style=\"--awb-background-position:left top;--awb-border-sizes-top:0px;--awb-border-sizes-bottom:0px;--awb-border-sizes-left:0px;--awb-border-sizes-right:0px;--awb-border-radius-top-left:0px;--awb-border-radius-top-right:0px;--awb-border-radius-bottom-right:0px;--awb-border-radius-bottom-left:0px;--awb-padding-top:0px;--awb-padding-right:0px;--awb-padding-bottom:0px;--awb-padding-left:0px;--awb-flex-wrap:wrap;\" ><div class=\"fusion-builder-row fusion-row\"><div class=\"fusion-layout-column fusion_builder_column fusion-builder-column-2 fusion_builder_column_1_3 1_3 fusion-one-third fusion-column-first\" style=\"--awb-padding-top:30px;--awb-padding-right:15%;--awb-padding-bottom:30px;--awb-padding-left:15%;--awb-bg-size:cover;--awb-margin-bottom:0px;\"><div class=\"fusion-column-wrapper fusion-column-has-shadow fusion-flex-column-wrapper-legacy\"><div class=\"fusion-column-content-centered\"><div class=\"fusion-column-content\"><div class=\"fusion-text fusion-text-4\"><p style=\"letter-spacing: 4px; font-size: 13px; text-align: center; margin-bottom: 0px;\">KONTAKT<\/p>\n<h2 style=\"text-align: center; font-size: 25px;\">Hotel IMLAUER &amp; Br\u00e4u Salzburg<\/h2>\n<\/div><div class=\"fusion-sep-clear\"><\/div><div class=\"fusion-separator fusion-full-width-sep\" style=\"margin-left: auto;margin-right: auto;margin-top:10px;width:100%;\"><\/div><div class=\"fusion-sep-clear\"><\/div><ul style=\"--awb-size:17px;--awb-iconcolor:#cbaa5c;--awb-line-height:28.9px;--awb-icon-width:28.9px;--awb-icon-height:28.9px;--awb-icon-margin:11.9px;--awb-content-margin:40.8px;\" class=\"fusion-checklist fusion-checklist-3 fusion-checklist-default type-icons address\"><li class=\"fusion-li-item\" style=\"\"><span class=\"icon-wrapper circle-no\"><i class=\"fusion-li-icon fa-phone-alt fas\" aria-hidden=\"true\"><\/i><\/span><div class=\"fusion-li-item-content\">\n<p>Tel: <a href=\"tel:+43662889920\">+43 662 88 99 20<\/a><\/p>\n<\/div><\/li><li class=\"fusion-li-item\" style=\"\"><span class=\"icon-wrapper circle-no\"><i class=\"fusion-li-icon fa-fax fas\" aria-hidden=\"true\"><\/i><\/span><div class=\"fusion-li-item-content\">\n<p>Fax: +43 662 88 9 92-16<\/p>\n<\/div><\/li><li class=\"fusion-li-item\" style=\"\"><span class=\"icon-wrapper circle-no\"><i class=\"fusion-li-icon fa-map-marked-alt fas\" aria-hidden=\"true\"><\/i><\/span><div class=\"fusion-li-item-content\">\n<p>Rainerstra\u00dfe 12-14<br \/>\n5020 Salzburg, \u00d6sterreich<\/p>\n<\/div><\/li><li class=\"fusion-li-item\" style=\"\"><span class=\"icon-wrapper circle-no\"><i class=\"fusion-li-icon fa-envelope far\" aria-hidden=\"true\"><\/i><\/span><div class=\"fusion-li-item-content\">\n<p><a href=\"mailto:pitter@imlauer.com\">hotel@imlauer.com<\/a><\/p>\n<\/div><\/li><\/ul><\/div><\/div><div class=\"fusion-clearfix\"><\/div><\/div><\/div><div class=\"fusion-layout-column fusion_builder_column fusion-builder-column-3 fusion_builder_column_2_3 2_3 fusion-two-third fusion-column-last\" style=\"--awb-padding-top:90px;--awb-padding-right:15%;--awb-padding-bottom:90px;--awb-padding-left:15%;--awb-bg-color:#f5f5f5;--awb-bg-color-hover:#f5f5f5;--awb-bg-size:cover;--awb-margin-bottom:0px;\"><div class=\"fusion-column-wrapper fusion-flex-column-wrapper-legacy\"><div class=\"fusion-column-content-centered\"><div class=\"fusion-column-content\"><div class=\"fusion-text fusion-text-5\"><h2>Lage &amp; Anreise<\/h2>\n<h2>Detaillierte Anfahrtsbeschreibung zum Hotel IMLAUER &amp; Br\u00e4u<\/h2>\n<p>Einfach zu erreichen, ob mit dem Auto, per Zug oder Flugzeug. Das Hotel IMLAUER &amp; Br\u00e4u Salzburg ist ausgezeichnet gelegen und nur einen Steinwurf vom <a href=\"https:\/\/imlauer.com\/city-guide\/\" target=\"_blank\" rel=\"noopener\">Schloss Mirabell und dem einzigartigem Mirabellgarten<\/a>, sowie nur ein kurzer Fu\u00dfweg zur historischen Altstadt von Salzburg entfernt.<\/p>\n<\/div><ul style=\"--awb-iconcolor:#cbaa5c;--awb-line-height:30.6px;--awb-icon-width:30.6px;--awb-icon-height:30.6px;--awb-icon-margin:12.6px;--awb-content-margin:43.2px;\" class=\"fusion-checklist fusion-checklist-4 fusion-checklist-default type-icons anreise\"><li class=\"fusion-li-item\" style=\"\"><span class=\"icon-wrapper circle-no\"><i class=\"fusion-li-icon fa-car-side fas\" aria-hidden=\"true\"><\/i><\/span><div class=\"fusion-li-item-content\">\n<div class=\"fusion-li-item-content\">\n<p><strong>Mit dem Auto \/ IMLAUER Parkplatz:<\/strong><\/p>\n<p><strong>In Ihr Navi bitte daf\u00fcr \u201eHumboldtstra\u00dfe, 5020 Salzburg\u201c eingeben.<\/strong><\/p>\n<p>Wir empfehlen Ihnen die Abfahrt \u201eSalzburg Nord\u201c Richtung Salzburg\/Zentrum zu nehmen. Fahren Sie auf der Vogelweiderstra\u00dfe \/ B150 ca. 2 km, anschlie\u00dfend biegen Sie nach rechts auf die Sterneckstra\u00dfe\/B1 ab und folgen dem Stra\u00dfenverlauf. Die Sterneckstra\u00dfe macht nach ca. 400m eine leichte Rechtskurve und m\u00fcndet in die Gabelsbergerstra\u00dfe. Nach 150m auf der Gabelsbergerstra\u00dfe biegen Sie links ab auf die Paracelsusstra\u00dfe. Nach 250m biegen Sie nach rechts auf die Franz-Josef-Stra\u00dfe ab und folgen ihr 350m. Danach noch einmal nach rechts abbiegen auf die Rainerstra\u00dfe. Nach 150m kommen Sie an einen Kreisverkehr und nehmen die erste Ausfahrt in die Markus-Sittikus-Stra\u00dfe. Fahren Sie 120m bis zum Ende der Markus-Sittikus-Stra\u00dfe und biegen nach links auf die Faberstra\u00dfe ab.<\/p>\n<p>Nach ca. 65m erreichen Sie die Faberstra\u00dfe \/ Ecke Humboldtstra\u00dfe, wo sich unser Hotel sowie unser Parkplatz befinden. Auf dem IMLAUER Parkplatz k\u00f6nnen Sie Ihr Auto nach Verf\u00fcgbarkeit um <strong>\u20ac 20,00 pro 24 Stunden<\/strong> parken.\u00a0<strong>Wir bieten Ihnen 3 E-Ladestationen an, bei welchen Sie um 0,45 \u20ac\/kWh laden k\u00f6nnen. Die Reservierung einer Ladestation ist nicht m\u00f6glich.<\/strong><\/p>\n<\/div>\n<\/div><\/li><li class=\"fusion-li-item\" style=\"\"><span class=\"icon-wrapper circle-no\"><i class=\"fusion-li-icon fa-walking fas\" aria-hidden=\"true\"><\/i><\/span><div class=\"fusion-li-item-content\">\n<p><strong>Zu Fu\u00df:<\/strong><\/p>\n<p>Vom Bahnhof: Das IMLAUER &amp; Br\u00e4u Hotel erreichen Sie nach 7 Gehminuten. Folgen Sie dazu der Rainerstra\u00dfe Richtung Zentrum\/Altstadt. Nach 550m befindet sich unser Hotel auf der linken Stra\u00dfenseite.<\/p>\n<\/div><\/li><li class=\"fusion-li-item\" style=\"\"><span class=\"icon-wrapper circle-no\"><i class=\"fusion-li-icon fa-bus-alt fas\" aria-hidden=\"true\"><\/i><\/span><div class=\"fusion-li-item-content\">\n<p><strong>Mit \u00f6ffentlichen Verkehrsmitteln:<\/strong><\/p>\n<p>Die n\u00e4chstgelegene Haltestelle hei\u00dft \u201eKiesel\u201c. Dort halten die Linien # 1, 2, 3, 5 und 6.<\/p>\n<p>Vom Flughafen: Fahren Sie mit der Linie # 2 Richtung \u201eSalzburg Obergnigl\u201c. Ihre Haltestelle hei\u00dft \u201eKiesel\u201c, Dauer ca. 25 min, 14 Stationen. \u00dcberqueren Sie den Zebrastreifen auf die andere Stra\u00dfenseite und folgen Sie der Rainerstra\u00dfe nach rechts in Richtung Zentrum\/Altstadt. Nach ca. 160m (2 Gehminuten) befindet sich das IMLAUER &amp; Br\u00e4u Hotel auf der linken Seite.<\/p>\n<\/div><\/li><li class=\"fusion-li-item\" style=\"\"><span class=\"icon-wrapper circle-no\"><i class=\"fusion-li-icon fa-taxi fas\" aria-hidden=\"true\"><\/i><\/span><div class=\"fusion-li-item-content\">\n<p><strong>Mit dem Taxi:<\/strong><\/p>\n<p>Vom Bahnhof: Unser Hotel liegt vom Salzburger Hauptbahnhof ca. 550m bzw. nur 7 Gehminuten entfernt. Falls Sie f\u00fcr diese Strecke ein Taxi in Anspruch nehmen m\u00f6chten, finden Sie Taxis direkt vor dem Bahnhofsgeb\u00e4ude. Dauer ca. 5 Min. Kosten ca. zwischen \u20ac 6,- bis \u20ac 8,\u2013 abh\u00e4ngig von Verkehr und Tageszeit.<\/p>\n<p>Vom Flughafen: Taxis stehen direkt vor dem Geb\u00e4ude.<br \/>\nDauer ca. 15 min. Kosten ca. zwischen \u20ac 15,- &amp; \u20ac 20,\u2013 abh\u00e4ngig von Verkehr und Tageszeit.<\/p>\n<\/div><\/li><\/ul><div class=\"fusion-sep-clear\"><\/div><div class=\"fusion-separator fusion-full-width-sep\" style=\"margin-left: auto;margin-right: auto;margin-top:30px;width:100%;\"><\/div><div class=\"fusion-sep-clear\"><\/div><\/div><\/div><div class=\"fusion-clearfix\"><\/div><\/div><\/div><\/div><\/div><div class=\"fusion-fullwidth fullwidth-box fusion-builder-row-3 hundred-percent-fullwidth non-hundred-percent-height-scrolling fusion-equal-height-columns\" style=\"--awb-background-position:left top;--awb-border-sizes-top:0px;--awb-border-sizes-bottom:0px;--awb-border-sizes-left:0px;--awb-border-sizes-right:0px;--awb-border-radius-top-left:0px;--awb-border-radius-top-right:0px;--awb-border-radius-bottom-right:0px;--awb-border-radius-bottom-left:0px;--awb-padding-top:0px;--awb-padding-right:0px;--awb-padding-bottom:0px;--awb-padding-left:0px;--awb-flex-wrap:wrap;\" ><div class=\"fusion-builder-row fusion-row\"><div class=\"fusion-layout-column fusion_builder_column fusion-builder-column-4 fusion_builder_column_1_1 1_1 fusion-one-full fusion-column-first fusion-column-last fusion-column-no-min-height\" style=\"--awb-bg-blend:overlay;--awb-bg-size:cover;--awb-margin-bottom:0px;\"><div class=\"fusion-column-wrapper fusion-flex-column-wrapper-legacy\"><div id=\"hotelimlauerbraeu_map\" style=\"width:100%; height:500px;\"><\/div><div class=\"fusion-clearfix\"><\/div><\/div><\/div><\/div><\/div><\/p>\n","protected":false},"excerpt":{"rendered":"","protected":false},"author":1,"featured_media":0,"parent":0,"menu_order":0,"comment_status":"closed","ping_status":"closed","template":"100-width.php","meta":{"footnotes":""},"class_list":["post-83","page","type-page","status-publish","hentry"],"_links":{"self":[{"href":"https:\/\/imlauer.com\/hotel-imlauer-salzburg\/wp-json\/wp\/v2\/pages\/83","targetHints":{"allow":["GET"]}}],"collection":[{"href":"https:\/\/imlauer.com\/hotel-imlauer-salzburg\/wp-json\/wp\/v2\/pages"}],"about":[{"href":"https:\/\/imlauer.com\/hotel-imlauer-salzburg\/wp-json\/wp\/v2\/types\/page"}],"author":[{"embeddable":true,"href":"https:\/\/imlauer.com\/hotel-imlauer-salzburg\/wp-json\/wp\/v2\/users\/1"}],"replies":[{"embeddable":true,"href":"https:\/\/imlauer.com\/hotel-imlauer-salzburg\/wp-json\/wp\/v2\/comments?post=83"}],"version-history":[{"count":8,"href":"https:\/\/imlauer.com\/hotel-imlauer-salzburg\/wp-json\/wp\/v2\/pages\/83\/revisions"}],"predecessor-version":[{"id":47167,"href":"https:\/\/imlauer.com\/hotel-imlauer-salzburg\/wp-json\/wp\/v2\/pages\/83\/revisions\/47167"}],"wp:attachment":[{"href":"https:\/\/imlauer.com\/hotel-imlauer-salzburg\/wp-json\/wp\/v2\/media?parent=83"}],"curies":[{"name":"wp","href":"https:\/\/api.w.org\/{rel}","templated":true}]}}