{"id":1003,"date":"2025-02-03T11:32:51","date_gmt":"2025-02-03T11:32:51","guid":{"rendered":"https:\/\/imlauer.com\/hotel-imlauer-wien\/reunions\/"},"modified":"2026-02-13T12:42:15","modified_gmt":"2026-02-13T12:42:15","slug":"reunions","status":"publish","type":"page","link":"https:\/\/imlauer.com\/hotel-imlauer-wien\/reunions\/?lang=fr","title":{"rendered":"R\u00e9unions"},"content":{"rendered":"<p><div class=\"fusion-fullwidth fullwidth-box fusion-builder-row-1 nonhundred-percent-fullwidth non-hundred-percent-height-scrolling fusion-equal-height-columns fusion-no-small-visibility\" style=\"--awb-background-position:left top;--awb-border-sizes-top:0px;--awb-border-sizes-bottom:0px;--awb-border-sizes-left:0px;--awb-border-sizes-right:0px;--awb-border-radius-top-left:0px;--awb-border-radius-top-right:0px;--awb-border-radius-bottom-right:0px;--awb-border-radius-bottom-left:0px;--awb-padding-top:60px;--awb-padding-bottom:20px;--awb-flex-wrap:wrap;\" ><div class=\"fusion-builder-row fusion-row\"><div class=\"fusion-layout-column fusion_builder_column fusion-builder-column-0 fusion_builder_column_3_5 3_5 fusion-three-fifth fusion-column-first\" style=\"--awb-padding-top:40px;--awb-padding-right:40px;--awb-padding-bottom:40px;--awb-padding-left:40px;--awb-bg-color:#ffffff;--awb-bg-color-hover:#ffffff;--awb-bg-size:cover;--awb-border-color:#ebeef1;--awb-border-top:0;--awb-border-right:0;--awb-border-bottom:0;--awb-border-left:0;--awb-border-style:solid;\"><div class=\"fusion-column-wrapper fusion-column-has-shadow fusion-flex-column-wrapper-legacy\"><div class=\"fusion-column-content-centered\"><div class=\"fusion-column-content\"><div class=\"fusion-slider-sc fusion-flexslider-loading flexslider flexslider-hover-type-zoomin\" data-slideshow_autoplay=\"1\" data-slideshow_smooth_height=\"0\" data-slideshow_speed=\"7000\" style=\"max-width:100%;height:100%;\"><ul class=\"slides\"><li class=\"image\"><span class=\"lazyload fusion-image-hover-element hover-type-zoomin\"><img decoding=\"async\" src=\"https:\/\/imlauer.com\/hotel-imlauer-wien\/wp-content\/uploads\/2025\/02\/Hotel-IMLAUER-Nestroy-Wien-Raum-Johann_5.jpg\" data-orig-src=\"https:\/\/imlauer.com\/hotel-imlauer-wien\/wp-content\/uploads\/2025\/02\/Hotel-IMLAUER-Nestroy-Wien-Raum-Johann_5.jpg\" width=\"1000\" height=\"667\" class=\"lazyload wp-image-384\" srcset=\"data:image\/svg+xml,%3Csvg%20xmlns%3D%27http%3A%2F%2Fwww.w3.org%2F2000%2Fsvg%27%20width%3D%271000%27%20height%3D%27667%27%20viewBox%3D%270%200%201000%20667%27%3E%3Crect%20width%3D%271000%27%20height%3D%27667%27%20fill-opacity%3D%220%22%2F%3E%3C%2Fsvg%3E\" data-srcset=\"https:\/\/imlauer.com\/hotel-imlauer-wien\/wp-content\/uploads\/2025\/02\/Hotel-IMLAUER-Nestroy-Wien-Raum-Johann_5-200x133.jpg 200w, https:\/\/imlauer.com\/hotel-imlauer-wien\/wp-content\/uploads\/2025\/02\/Hotel-IMLAUER-Nestroy-Wien-Raum-Johann_5-400x267.jpg 400w, https:\/\/imlauer.com\/hotel-imlauer-wien\/wp-content\/uploads\/2025\/02\/Hotel-IMLAUER-Nestroy-Wien-Raum-Johann_5-600x400.jpg 600w, https:\/\/imlauer.com\/hotel-imlauer-wien\/wp-content\/uploads\/2025\/02\/Hotel-IMLAUER-Nestroy-Wien-Raum-Johann_5-800x534.jpg 800w, https:\/\/imlauer.com\/hotel-imlauer-wien\/wp-content\/uploads\/2025\/02\/Hotel-IMLAUER-Nestroy-Wien-Raum-Johann_5.jpg 1000w\" data-sizes=\"auto\" data-orig-sizes=\"(max-width: 969px) 100vw, 800px\" \/><\/span><\/li><\/ul><\/div><\/div><\/div><div class=\"fusion-clearfix\"><\/div><\/div><\/div><div class=\"fusion-layout-column fusion_builder_column fusion-builder-column-1 fusion_builder_column_2_5 2_5 fusion-two-fifth fusion-column-last\" style=\"--awb-padding-top:20px;--awb-padding-right:20px;--awb-padding-bottom:20px;--awb-padding-left:20px;--awb-bg-position:right bottom;--awb-bg-size:cover;--awb-margin-bottom:30px;\"><div class=\"fusion-column-wrapper fusion-column-has-shadow fusion-flex-column-wrapper-legacy\"><div class=\"fusion-column-content-centered\"><div class=\"fusion-column-content\"><div class=\"fusion-text fusion-text-1\"><p style=\"letter-spacing: 4px; font-size: 13px; text-align: center; margin-bottom: 0px;\">THE PLACE TO MEET<\/p>\n<h1 style=\"text-align: center;\">R\u00c9UNIONS &amp; \u00c9V\u00c9NEMENTS \u00c0 VIENNE<\/h1>\n<\/div><div class=\"fusion-text fusion-text-2\"><p style=\"text-align: center;\">Des r\u00e9unions plus belles, des meetings meilleurs : L&#8217;IMLAUER &amp; Nestroy Hotel Vienna offre une<strong> situation centrale id\u00e9ale pour les petits s\u00e9minaires et les r\u00e9unions<\/strong>.<\/p>\n<p style=\"text-align: center;\">La proximit\u00e9 du centre de congr\u00e8s et d&#8217;exposition pr\u00e9sente ici de nombreux avantages.<\/p>\n<p style=\"text-align: center;\">Nos 3 salles de s\u00e9minaire, \u00e9clair\u00e9es par la lumi\u00e8re du jour indirecte provenant de la coupole en verre situ\u00e9e dans la cour int\u00e9rieure, offrent les meilleures conditions pour cr\u00e9er une<strong> atmosph\u00e8re agr\u00e9able \u00e0 tous points de vue<\/strong>.<br \/>\nNous nous ferons un plaisir de pr\u00e9parer vos pauses caf\u00e9 et th\u00e9 selon vos souhaits personnels dans le <strong>foyer baign\u00e9 de lumi\u00e8re<\/strong>.<br \/>\nDans l&#8217;espace restaurant, nous vous attendons avec notre <strong>d\u00e9jeuner d&#8217;affaires<\/strong> \u00e0 trois plats.<\/p>\n<p style=\"text-align: center;\">Vous avez des questions ou vous souhaitez une<strong> offre personnalis\u00e9e<\/strong>?<br \/>\nNous nous r\u00e9jouissons de votre demande et sommes \u00e0 votre disposition pour vous aider \u00e0 planifier et organiser votre s\u00e9jour !<\/p>\n<\/div><\/div><\/div><div class=\"fusion-clearfix\"><\/div><\/div><\/div><\/div><\/div><div class=\"fusion-fullwidth fullwidth-box fusion-builder-row-2 nonhundred-percent-fullwidth non-hundred-percent-height-scrolling fusion-equal-height-columns fusion-no-medium-visibility fusion-no-large-visibility\" style=\"--awb-background-position:left top;--awb-border-sizes-top:0px;--awb-border-sizes-bottom:0px;--awb-border-sizes-left:0px;--awb-border-sizes-right:0px;--awb-border-radius-top-left:0px;--awb-border-radius-top-right:0px;--awb-border-radius-bottom-right:0px;--awb-border-radius-bottom-left:0px;--awb-padding-top:60px;--awb-padding-bottom:20px;--awb-flex-wrap:wrap;\" ><div class=\"fusion-builder-row fusion-row\"><div class=\"fusion-layout-column fusion_builder_column fusion-builder-column-2 fusion_builder_column_3_5 3_5 fusion-three-fifth fusion-column-first\" style=\"--awb-padding-top:10px;--awb-padding-bottom:10px;--awb-bg-color:#ffffff;--awb-bg-color-hover:#ffffff;--awb-bg-size:cover;--awb-border-color:#ebeef1;--awb-border-top:0;--awb-border-right:0;--awb-border-bottom:0;--awb-border-left:0;--awb-border-style:solid;\"><div class=\"fusion-column-wrapper fusion-column-has-shadow fusion-flex-column-wrapper-legacy\"><div class=\"fusion-column-content-centered\"><div class=\"fusion-column-content\"><div class=\"fusion-slider-sc fusion-flexslider-loading flexslider flexslider-hover-type-zoomin slider_rahmen\" data-slideshow_autoplay=\"1\" data-slideshow_smooth_height=\"0\" data-slideshow_speed=\"7000\" style=\"max-width:100%;height:100%;\"><ul class=\"slides\"><li class=\"image\"><span class=\"lazyload fusion-image-hover-element hover-type-zoomin\"><img decoding=\"async\" src=\"data:image\/gif;base64,R0lGODlhAQABAAAAACH5BAEKAAEALAAAAAABAAEAAAICTAEAOw==\" data-orig-src=\"https:\/\/imlauer.com\/hotel-imlauer-wien\/wp-content\/uploads\/sites\/8\/2020\/02\/Hotel-IMLAUER-Nestroy-Wien-Raum-Johann_5.jpg\" class=\"lazyload wp-image-5953\" \/><\/span><\/li><\/ul><\/div><\/div><\/div><div class=\"fusion-clearfix\"><\/div><\/div><\/div><div class=\"fusion-layout-column fusion_builder_column fusion-builder-column-3 fusion_builder_column_2_5 2_5 fusion-two-fifth fusion-column-last\" style=\"--awb-padding-top:20px;--awb-padding-right:20px;--awb-padding-bottom:20px;--awb-padding-left:20px;--awb-bg-position:right bottom;--awb-bg-size:cover;--awb-margin-bottom:30px;\"><div class=\"fusion-column-wrapper fusion-column-has-shadow fusion-flex-column-wrapper-legacy\"><div class=\"fusion-column-content-centered\"><div class=\"fusion-column-content\"><div class=\"fusion-text fusion-text-3\"><p style=\"letter-spacing: 4px; font-size: 13px; text-align: center; margin-bottom: 0px;\">THE PLACE TO MEET<\/p>\n<h2 style=\"text-align: center; font-size: 25px;\">R\u00c9UNIONS &amp; \u00c9V\u00c9NEMENTS \u00c0 VIENNE<\/h2>\n<\/div><div class=\"fusion-text fusion-text-4\"><p style=\"text-align: center;\">Des r\u00e9unions plus belles, des meetings meilleurs : L&#8217;IMLAUER &amp; Nestroy Hotel Vienna offre une<strong> situation centrale id\u00e9ale pour les s\u00e9minaires et les petites r\u00e9unions.<\/strong><\/p>\n<p style=\"text-align: center;\">La proximit\u00e9 du centre de congr\u00e8s et d&#8217;exposition pr\u00e9sente ici de nombreux avantages.<\/p>\n<p style=\"text-align: center;\">Nos 3 salles de s\u00e9minaire, \u00e9clair\u00e9es par la lumi\u00e8re du jour indirecte provenant de la coupole en verre situ\u00e9e dans la cour int\u00e9rieure, offrent les meilleures conditions pour cr\u00e9er une<strong> atmosph\u00e8re agr\u00e9able \u00e0 tous points de vue<\/strong>.<br \/>\nNous nous ferons un plaisir de pr\u00e9parer vos pauses caf\u00e9 et th\u00e9 selon vos souhaits personnels dans le <strong>foyer baign\u00e9 de lumi\u00e8re<\/strong>.<br \/>\nDans l&#8217;espace restaurant, nous vous attendons avec notre <strong>d\u00e9jeuner d&#8217;affaires<\/strong> \u00e0 trois plats.<\/p>\n<p style=\"text-align: center;\">Vous avez des questions ou vous souhaitez une<strong> offre personnalis\u00e9e<\/strong>?<br \/>\nNous nous r\u00e9jouissons de votre demande et sommes \u00e0 votre disposition pour vous aider \u00e0 planifier et organiser votre s\u00e9jour !<\/p>\n<\/div><\/div><\/div><div class=\"fusion-clearfix\"><\/div><\/div><\/div><\/div><\/div><div id=\"contact\" class=\"fusion-container-anchor\"><div class=\"fusion-fullwidth fullwidth-box fusion-builder-row-3 nonhundred-percent-fullwidth non-hundred-percent-height-scrolling\" style=\"--awb-border-radius-top-left:0px;--awb-border-radius-top-right:0px;--awb-border-radius-bottom-right:0px;--awb-border-radius-bottom-left:0px;--awb-background-color:rgba(255,255,255,0);--awb-flex-wrap:wrap;\" ><div class=\"fusion-builder-row fusion-row\"><div class=\"fusion-layout-column fusion_builder_column fusion-builder-column-4 fusion_builder_column_1_1 1_1 fusion-one-full fusion-column-first fusion-column-last\" style=\"--awb-padding-top:50px;--awb-bg-blend:overlay;--awb-bg-size:cover;\"><div class=\"fusion-column-wrapper fusion-column-has-shadow fusion-flex-column-wrapper-legacy\"><div class=\"fusion-text fusion-text-5\"><h2 style=\"text-align: center; font-size: 27px;\">NOUS ATTENDONS AVEC IMPATIENCE QUE VOUS NOUS CONTACTIEZ !<\/h2>\n<\/div><div class=\"fusion-text fusion-text-6\"><p style=\"text-align: center;\"><strong>R\u00c9UNIONS \u00c0 L&#8217;H\u00d4TEL IMLAUER &amp; NESTROY \u00c0 VIENNE<\/strong><\/p>\n<\/div><div class=\"fusion-sep-clear\"><\/div><div class=\"fusion-separator fusion-full-width-sep\" style=\"margin-left: auto;margin-right: auto;margin-top:50px;width:100%;\"><\/div><div class=\"fusion-sep-clear\"><\/div><div class=\"fusion-clearfix\"><\/div><\/div><\/div><\/div><\/div><\/div><div class=\"fusion-fullwidth fullwidth-box fusion-builder-row-4 hundred-percent-fullwidth non-hundred-percent-height-scrolling fusion-equal-height-columns linkboxen\" style=\"--awb-border-radius-top-left:0px;--awb-border-radius-top-right:0px;--awb-border-radius-bottom-right:0px;--awb-border-radius-bottom-left:0px;--awb-margin-bottom:0px;--awb-flex-wrap:wrap;\" ><div class=\"fusion-builder-row fusion-row\"><div class=\"fusion-layout-column fusion_builder_column fusion-builder-column-5 fusion_builder_column_1_3 1_3 fusion-one-third fusion-column-first fusion-column-inner-bg-wrapper overlay\" style=\"--awb-padding-top:10%;--awb-padding-right:15%;--awb-padding-bottom:10%;--awb-padding-left:15%;--awb-inner-bg-color:rgba(0,0,0,0.3);--awb-inner-bg-color-hover:rgba(0,0,0,0.3);--awb-inner-bg-position:center center;--awb-inner-bg-blend:multiply;--awb-inner-bg-size:cover;--awb-margin-top:2px;--awb-margin-bottom:0px;width:33.333333333333%;width:calc(33.333333333333% - ( ( 2px + 2px ) * 0.33333333333333 ) );margin-right: 2px;\"><span class=\"fusion-column-inner-bg hover-type-zoomin\"><a class=\"fusion-column-anchor\" href=\"https:\/\/imlauer.com\/hotel-imlauer-wien\/salles-de-reunion\/?lang=fr\"><span class=\"fusion-column-inner-bg-image lazyload\" data-bg=\"https:\/\/imlauer.com\/hotel-imlauer-wien\/wp-content\/uploads\/2025\/02\/Hotel-IMLAUER-Nestroy-Wien-Raum-Johann_2.jpg\"><\/span><\/a><\/span><div class=\"fusion-column-wrapper fusion-column-has-shadow fusion-flex-column-wrapper-legacy fusion-column-has-bg-image\" data-bg-url=\"https:\/\/imlauer.com\/hotel-imlauer-wien\/wp-content\/uploads\/2025\/02\/Hotel-IMLAUER-Nestroy-Wien-Raum-Johann_2.jpg\"><div class=\"fusion-column-content-centered\"><div class=\"fusion-column-content\"><div class=\"fusion-text fusion-text-7\"><h4 style=\"font-size: 33px; line-height: 50px; text-align: center;\"><span style=\"color: #ffffff;\">Salles de r\u00e9union<\/span><\/h4>\n<\/div><\/div><\/div><div class=\"fusion-clearfix\"><\/div><\/div><\/div><div class=\"fusion-layout-column fusion_builder_column fusion-builder-column-6 fusion_builder_column_1_3 1_3 fusion-one-third fusion-column-inner-bg-wrapper overlay\" style=\"--awb-padding-top:10%;--awb-padding-right:15%;--awb-padding-bottom:10%;--awb-padding-left:15%;--awb-inner-bg-color:#f0f0f0;--awb-inner-bg-color-hover:#f0f0f0;--awb-inner-bg-position:center center;--awb-inner-bg-size:cover;--awb-margin-top:2px;--awb-margin-bottom:0px;width:33.333333333333%;width:calc(33.333333333333% - ( ( 2px + 2px ) * 0.33333333333333 ) );margin-right: 2px;\"><span class=\"fusion-column-inner-bg hover-type-zoomin\"><a class=\"fusion-column-anchor\" href=\"https:\/\/imlauer.com\/hotel-imlauer-wien\/chambre\/?lang=fr\"><span class=\"fusion-column-inner-bg-image lazyload\" data-bg=\"https:\/\/imlauer.com\/hotel-imlauer-wien\/wp-content\/uploads\/2025\/02\/zimmer-iconbox-1.jpg\"><\/span><\/a><\/span><div class=\"fusion-column-wrapper fusion-column-has-shadow fusion-flex-column-wrapper-legacy fusion-column-has-bg-image\" data-bg-url=\"https:\/\/imlauer.com\/hotel-imlauer-wien\/wp-content\/uploads\/2025\/02\/zimmer-iconbox-1.jpg\"><div class=\"fusion-column-content-centered\"><div class=\"fusion-column-content\"><div class=\"fusion-text fusion-text-8\"><h4 style=\"font-size: 33px; line-height: 50px; text-align: center;\"><span style=\"color: #ffffff;\">Chambre<\/span><\/h4>\n<\/div><\/div><\/div><div class=\"fusion-clearfix\"><\/div><\/div><\/div><div class=\"fusion-layout-column fusion_builder_column fusion-builder-column-7 fusion_builder_column_1_3 1_3 fusion-one-third fusion-column-last fusion-column-inner-bg-wrapper overlay\" style=\"--awb-padding-top:10%;--awb-padding-right:15%;--awb-padding-bottom:10%;--awb-padding-left:15%;--awb-inner-bg-color:#f0f0f0;--awb-inner-bg-color-hover:#f0f0f0;--awb-inner-bg-position:center center;--awb-inner-bg-size:cover;--awb-margin-top:2px;--awb-margin-bottom:0px;width:33.333333333333%;width:calc(33.333333333333% - ( ( 2px + 2px ) * 0.33333333333333 ) );\"><span class=\"fusion-column-inner-bg hover-type-zoomin\"><a class=\"fusion-column-anchor\" href=\"https:\/\/imlauer.com\/hotel-imlauer-wien\/meeting-events\/konferenzpauschalen\"><span class=\"fusion-column-inner-bg-image lazyload\" data-bg=\"https:\/\/imlauer.com\/hotel-imlauer-wien\/wp-content\/uploads\/2025\/02\/iconbox-pauschale.jpg\"><\/span><\/a><\/span><div class=\"fusion-column-wrapper fusion-column-has-shadow fusion-flex-column-wrapper-legacy fusion-column-has-bg-image\" data-bg-url=\"https:\/\/imlauer.com\/hotel-imlauer-wien\/wp-content\/uploads\/2025\/02\/iconbox-pauschale.jpg\"><div class=\"fusion-column-content-centered\"><div class=\"fusion-column-content\"><div class=\"fusion-text fusion-text-9\"><h4 style=\"font-size: 33px; line-height: 50px; text-align: center;\"><span style=\"color: #ffffff;\">Forfaits<\/span><\/h4>\n<\/div><\/div><\/div><div class=\"fusion-clearfix\"><\/div><\/div><\/div><div class=\"fusion-layout-column fusion_builder_column fusion-builder-column-8 fusion_builder_column_1_3 1_3 fusion-one-third fusion-column-first fusion-column-inner-bg-wrapper overlay\" style=\"--awb-padding-top:10%;--awb-padding-right:15%;--awb-padding-bottom:10%;--awb-padding-left:15%;--awb-inner-bg-color:#f0f0f0;--awb-inner-bg-color-hover:#f0f0f0;--awb-inner-bg-position:center center;--awb-inner-bg-size:cover;--awb-margin-top:2px;--awb-margin-bottom:0px;width:33.333333333333%;width:calc(33.333333333333% - ( ( 2px + 2px ) * 0.33333333333333 ) );margin-right: 2px;\"><span class=\"fusion-column-inner-bg hover-type-zoomin\"><a class=\"fusion-column-anchor\" href=\"https:\/\/imlauer.com\/hotel-imlauer-wien\/galerie-dimages\/?lang=fr\"><span class=\"fusion-column-inner-bg-image lazyload\" data-bg=\"https:\/\/imlauer.com\/hotel-imlauer-wien\/wp-content\/uploads\/2025\/02\/iconbox-bildergalerie-1.jpg\"><\/span><\/a><\/span><div class=\"fusion-column-wrapper fusion-column-has-shadow fusion-flex-column-wrapper-legacy fusion-column-has-bg-image\" data-bg-url=\"https:\/\/imlauer.com\/hotel-imlauer-wien\/wp-content\/uploads\/2025\/02\/iconbox-bildergalerie-1.jpg\"><div class=\"fusion-column-content-centered\"><div class=\"fusion-column-content\"><div class=\"fusion-text fusion-text-10\"><h4 style=\"font-size: 33px; line-height: 50px; text-align: center;\"><span style=\"color: #ffffff;\">Galerie d&#8217;images<\/span><\/h4>\n<\/div><\/div><\/div><div class=\"fusion-clearfix\"><\/div><\/div><\/div><div class=\"fusion-layout-column fusion_builder_column fusion-builder-column-9 fusion_builder_column_1_3 1_3 fusion-one-third fusion-column-inner-bg-wrapper overlay\" style=\"--awb-padding-top:10%;--awb-padding-right:15%;--awb-padding-bottom:10%;--awb-padding-left:15%;--awb-inner-bg-color:#f0f0f0;--awb-inner-bg-color-hover:#f0f0f0;--awb-inner-bg-position:center center;--awb-inner-bg-size:cover;--awb-margin-top:2px;--awb-margin-bottom:0px;width:33.333333333333%;width:calc(33.333333333333% - ( ( 2px + 2px ) * 0.33333333333333 ) );margin-right: 2px;\"><span class=\"fusion-column-inner-bg hover-type-zoomin\"><a class=\"fusion-column-anchor\" href=\"https:\/\/imlauer.com\/hotel-imlauer-wien\/le-bar-de-nepomuk\/?lang=fr\"><span class=\"fusion-column-inner-bg-image lazyload\" data-bg=\"https:\/\/imlauer.com\/hotel-imlauer-wien\/wp-content\/uploads\/2025\/02\/Nepomuks-iconbox-1.jpg\"><\/span><\/a><\/span><div class=\"fusion-column-wrapper fusion-column-has-shadow fusion-flex-column-wrapper-legacy fusion-column-has-bg-image\" data-bg-url=\"https:\/\/imlauer.com\/hotel-imlauer-wien\/wp-content\/uploads\/2025\/02\/Nepomuks-iconbox-1.jpg\"><div class=\"fusion-column-content-centered\"><div class=\"fusion-column-content\"><div class=\"fusion-text fusion-text-11\"><h4 style=\"font-size: 33px; line-height: 50px; text-align: center;\"><span style=\"color: #ffffff;\">Le bar de Nepomuk<\/span><\/h4>\n<\/div><\/div><\/div><div class=\"fusion-clearfix\"><\/div><\/div><\/div><div class=\"fusion-layout-column fusion_builder_column fusion-builder-column-10 fusion_builder_column_1_3 1_3 fusion-one-third fusion-column-last fusion-column-inner-bg-wrapper overlay\" style=\"--awb-padding-top:10%;--awb-padding-right:15%;--awb-padding-bottom:10%;--awb-padding-left:15%;--awb-inner-bg-color:rgba(0,0,0,0.3);--awb-inner-bg-color-hover:rgba(0,0,0,0.3);--awb-inner-bg-position:center center;--awb-inner-bg-blend:multiply;--awb-inner-bg-size:cover;--awb-margin-top:2px;--awb-margin-bottom:0px;width:33.333333333333%;width:calc(33.333333333333% - ( ( 2px + 2px ) * 0.33333333333333 ) );\" data-scroll-devices=\"small-visibility,medium-visibility,large-visibility\"><span class=\"fusion-column-inner-bg hover-type-zoomin\"><a class=\"fusion-column-anchor\" href=\"https:\/\/imlauer.com\/hotel-imlauer-wien\/petit-dejeuner\/?lang=fr\"><span class=\"fusion-column-inner-bg-image lazyload\" data-bg=\"https:\/\/imlauer.com\/hotel-imlauer-wien\/wp-content\/uploads\/2025\/02\/fruehstueck1.jpg\"><\/span><\/a><\/span><div class=\"fusion-column-wrapper fusion-column-has-shadow fusion-flex-column-wrapper-legacy fusion-column-has-bg-image\" data-bg-url=\"https:\/\/imlauer.com\/hotel-imlauer-wien\/wp-content\/uploads\/2025\/02\/fruehstueck1.jpg\"><div class=\"fusion-column-content-centered\"><div class=\"fusion-column-content\"><div class=\"fusion-text fusion-text-12\"><h4 style=\"font-size: 33px; line-height: 50px; text-align: center;\"><span style=\"color: #ffffff;\">Petit d\u00e9jeuner<\/span><\/h4>\n<\/div><\/div><\/div><div class=\"fusion-clearfix\"><\/div><\/div><\/div><div class=\"fusion-layout-column fusion_builder_column fusion-builder-column-11 fusion_builder_column_1_1 1_1 fusion-one-full fusion-column-first fusion-column-last\" style=\"--awb-bg-size:cover;\"><div class=\"fusion-column-wrapper fusion-column-has-shadow fusion-flex-column-wrapper-legacy\"><div class=\"fusion-sep-clear\"><\/div><div class=\"fusion-separator fusion-full-width-sep\" style=\"margin-left: auto;margin-right: auto;margin-bottom:10px;width:100%;\"><\/div><div class=\"fusion-sep-clear\"><\/div><div class=\"fusion-clearfix\"><\/div><\/div><\/div><\/div><\/div><\/p>\n","protected":false},"excerpt":{"rendered":"","protected":false},"author":1,"featured_media":0,"parent":0,"menu_order":0,"comment_status":"closed","ping_status":"closed","template":"100-width.php","meta":{"footnotes":""},"class_list":["post-1003","page","type-page","status-publish","hentry"],"_links":{"self":[{"href":"https:\/\/imlauer.com\/hotel-imlauer-wien\/wp-json\/wp\/v2\/pages\/1003","targetHints":{"allow":["GET"]}}],"collection":[{"href":"https:\/\/imlauer.com\/hotel-imlauer-wien\/wp-json\/wp\/v2\/pages"}],"about":[{"href":"https:\/\/imlauer.com\/hotel-imlauer-wien\/wp-json\/wp\/v2\/types\/page"}],"author":[{"embeddable":true,"href":"https:\/\/imlauer.com\/hotel-imlauer-wien\/wp-json\/wp\/v2\/users\/1"}],"replies":[{"embeddable":true,"href":"https:\/\/imlauer.com\/hotel-imlauer-wien\/wp-json\/wp\/v2\/comments?post=1003"}],"version-history":[{"count":20,"href":"https:\/\/imlauer.com\/hotel-imlauer-wien\/wp-json\/wp\/v2\/pages\/1003\/revisions"}],"predecessor-version":[{"id":2494,"href":"https:\/\/imlauer.com\/hotel-imlauer-wien\/wp-json\/wp\/v2\/pages\/1003\/revisions\/2494"}],"wp:attachment":[{"href":"https:\/\/imlauer.com\/hotel-imlauer-wien\/wp-json\/wp\/v2\/media?parent=1003"}],"curies":[{"name":"wp","href":"https:\/\/api.w.org\/{rel}","templated":true}]}}