{"id":1165,"date":"2025-02-03T11:32:51","date_gmt":"2025-02-03T11:32:51","guid":{"rendered":"https:\/\/imlauer.com\/hotel-imlauer-wien\/situation-acces\/"},"modified":"2026-03-23T08:56:46","modified_gmt":"2026-03-23T08:56:46","slug":"situation-acces","status":"publish","type":"page","link":"https:\/\/imlauer.com\/hotel-imlauer-wien\/situation-acces\/?lang=fr","title":{"rendered":"Situation &amp; acc\u00e8s"},"content":{"rendered":"<p><div class=\"fusion-fullwidth fullwidth-box fusion-builder-row-1 hundred-percent-fullwidth non-hundred-percent-height-scrolling fusion-equal-height-columns fusion-no-small-visibility fusion-no-medium-visibility\" style=\"--awb-background-position:left top;--awb-border-sizes-top:0px;--awb-border-sizes-bottom:0px;--awb-border-sizes-left:0px;--awb-border-sizes-right:0px;--awb-border-radius-top-left:0px;--awb-border-radius-top-right:0px;--awb-border-radius-bottom-right:0px;--awb-border-radius-bottom-left:0px;--awb-padding-top:0px;--awb-padding-right:0px;--awb-padding-bottom:0px;--awb-padding-left:0px;--awb-flex-wrap:wrap;\" ><div class=\"fusion-builder-row fusion-row\"><div class=\"fusion-layout-column fusion_builder_column fusion-builder-column-0 fusion_builder_column_1_3 1_3 fusion-one-third fusion-column-first\" style=\"--awb-padding-top:30px;--awb-padding-right:15%;--awb-padding-bottom:30px;--awb-padding-left:15%;--awb-bg-size:cover;--awb-margin-bottom:0px;\"><div class=\"fusion-column-wrapper fusion-column-has-shadow fusion-flex-column-wrapper-legacy\"><div class=\"fusion-column-content-centered\"><div class=\"fusion-column-content\"><div class=\"fusion-text fusion-text-1\"><p style=\"letter-spacing: 4px; font-size: 13px; text-align: center; margin-bottom: 0px;\">CONTACT<\/p>\n<h1 style=\"text-align: center;\">H\u00f4tel IMLAUER Vienne<\/h1>\n<\/div><div class=\"fusion-sep-clear\"><\/div><div class=\"fusion-separator fusion-full-width-sep\" style=\"margin-left: auto;margin-right: auto;margin-top:10px;width:100%;\"><\/div><div class=\"fusion-sep-clear\"><\/div><ul style=\"--awb-size:17px;--awb-iconcolor:#cbaa5c;--awb-line-height:28.9px;--awb-icon-width:28.9px;--awb-icon-height:28.9px;--awb-icon-margin:11.9px;--awb-content-margin:40.8px;\" class=\"fusion-checklist fusion-checklist-1 fusion-checklist-default type-icons address\"><li class=\"fusion-li-item\" style=\"\"><span class=\"icon-wrapper circle-no\"><i class=\"fusion-li-icon fa-phone-alt fas\" aria-hidden=\"true\"><\/i><\/span><div class=\"fusion-li-item-content\">\n<p>T\u00e9l : <a href=\"tel:+431211400\">+43 1 211 40 0<\/a><\/p>\n<\/div><\/li><li class=\"fusion-li-item\" style=\"\"><span class=\"icon-wrapper circle-no\"><i class=\"fusion-li-icon fa-envelope far\" aria-hidden=\"true\"><\/i><\/span><div class=\"fusion-li-item-content\">\n<p><a href=\"mailto:hotel.wien@imlauer.com\">hotel.wien@imlauer.com<\/a><\/p>\n<\/div><\/li><li class=\"fusion-li-item\" style=\"\"><span class=\"icon-wrapper circle-no\"><i class=\"fusion-li-icon fa-map-marked-alt fas\" aria-hidden=\"true\"><\/i><\/span><div class=\"fusion-li-item-content\">\n<p>Rotensterngasse 10<br \/>\n1020 Vienne, Autriche<\/p>\n<\/div><\/li><\/ul><div class=\"fusion-sep-clear\"><\/div><div class=\"fusion-separator fusion-full-width-sep\" style=\"margin-left: auto;margin-right: auto;margin-top:40px;width:100%;\"><\/div><div class=\"fusion-sep-clear\"><\/div><div class=\"fusion-image-element fusion-image-align-center in-legacy-container\" style=\"text-align:center;--awb-max-width:150px;--awb-caption-title-font-family:var(--h2_typography-font-family);--awb-caption-title-font-weight:var(--h2_typography-font-weight);--awb-caption-title-font-style:var(--h2_typography-font-style);--awb-caption-title-size:var(--h2_typography-font-size);--awb-caption-title-transform:var(--h2_typography-text-transform);--awb-caption-title-line-height:var(--h2_typography-line-height);--awb-caption-title-letter-spacing:var(--h2_typography-letter-spacing);\"><div class=\"imageframe-align-center\"><span class=\" fusion-imageframe imageframe-none imageframe-1 hover-type-none\"><img decoding=\"async\" width=\"333\" height=\"140\" title=\"SIXT\" src=\"https:\/\/imlauer.com\/hotel-imlauer-wien\/wp-content\/uploads\/2025\/02\/SIXT.png\" data-orig-src=\"https:\/\/imlauer.com\/hotel-imlauer-wien\/wp-content\/uploads\/2025\/02\/SIXT.png\" alt class=\"lazyload img-responsive wp-image-183\" srcset=\"data:image\/svg+xml,%3Csvg%20xmlns%3D%27http%3A%2F%2Fwww.w3.org%2F2000%2Fsvg%27%20width%3D%27333%27%20height%3D%27140%27%20viewBox%3D%270%200%20333%20140%27%3E%3Crect%20width%3D%27333%27%20height%3D%27140%27%20fill-opacity%3D%220%22%2F%3E%3C%2Fsvg%3E\" data-srcset=\"https:\/\/imlauer.com\/hotel-imlauer-wien\/wp-content\/uploads\/2025\/02\/SIXT-200x84.png 200w, https:\/\/imlauer.com\/hotel-imlauer-wien\/wp-content\/uploads\/2025\/02\/SIXT.png 333w\" data-sizes=\"auto\" data-orig-sizes=\"(max-width: 969px) 100vw, 333px\" \/><\/span><\/div><\/div><div class=\"fusion-sep-clear\"><\/div><div class=\"fusion-separator fusion-full-width-sep\" style=\"margin-left: auto;margin-right: auto;margin-top:20px;width:100%;\"><\/div><div class=\"fusion-sep-clear\"><\/div><div class=\"fusion-text fusion-text-2\"><p style=\"text-align: center;\">En tant que client de l&#8217;h\u00f4tel IMLAUER Vienne, vous b\u00e9n\u00e9ficiez d&#8217;une r\u00e9duction de 15% sur votre location de voiture SIXT aupr\u00e8s de notre partenaire SIXT.<\/p>\n<\/div><div class=\"fusion-sep-clear\"><\/div><div class=\"fusion-separator fusion-full-width-sep\" style=\"margin-left: auto;margin-right: auto;margin-top:20px;width:100%;\"><\/div><div class=\"fusion-sep-clear\"><\/div><div class=\"fusion-aligncenter\"><a class=\"fusion-button button-flat fusion-button-default-size button-default fusion-button-default button-1 fusion-button-default-span fusion-button-default-type\" target=\"_blank\" rel=\"noopener noreferrer\" href=\"https:\/\/www.sixt.at\/partners\/imlauer-nestroy-vienna\/\"><span class=\"fusion-button-text awb-button__text awb-button__text--default\">Vers la page des partenaires de SIXT<\/span><\/a><\/div><\/div><\/div><div class=\"fusion-clearfix\"><\/div><\/div><\/div><div class=\"fusion-layout-column fusion_builder_column fusion-builder-column-1 fusion_builder_column_2_3 2_3 fusion-two-third fusion-column-last\" style=\"--awb-padding-top:90px;--awb-padding-right:15%;--awb-padding-bottom:90px;--awb-padding-left:15%;--awb-bg-color:#f5f5f5;--awb-bg-color-hover:#f5f5f5;--awb-bg-size:cover;--awb-margin-bottom:0px;\"><div class=\"fusion-column-wrapper fusion-flex-column-wrapper-legacy\"><div class=\"fusion-column-content-centered\"><div class=\"fusion-column-content\"><div class=\"fusion-text fusion-text-3\"><h2>Plan d&#8217;acc\u00e8s d\u00e9taill\u00e9 \u00e0 l&#8217;h\u00f4tel IMLAUER Vienne<\/h2>\n<\/div><ul style=\"--awb-iconcolor:#cbaa5c;--awb-line-height:30.6px;--awb-icon-width:30.6px;--awb-icon-height:30.6px;--awb-icon-margin:12.6px;--awb-content-margin:43.2px;\" class=\"fusion-checklist fusion-checklist-2 fusion-checklist-default type-icons anreise\"><li class=\"fusion-li-item\" style=\"\"><span class=\"icon-wrapper circle-no\"><i class=\"fusion-li-icon fa-bus-alt fas\" aria-hidden=\"true\"><\/i><\/span><div class=\"fusion-li-item-content\">\n<p><strong>Par les transports en commun :<\/strong><br \/>\n<strong>TRAIN RAPIDE<\/strong> (dur\u00e9e environ 40 minutes) (billets en vente \u00e0 la station de train rapide) A l&#8217;a\u00e9roport, prenez le S7 (direction Floridsdorf) et changez \u00e0 la station Praterstern pour le U2 (direction Karlsplatz). Prenez le m\u00e9tro U2 jusqu&#8217;\u00e0 la station Taborstra\u00dfe. Ensuite, prenez la sortie Taborstra\u00dfe, traversez la rue et apr\u00e8s 3 minutes, vous arrivez \u00e0 Rotensterngasse.  <\/p>\n<p><strong>CAT CITY AIRPORT TRAIN<\/strong> (dur\u00e9e environ 40 minutes) (billets disponibles \u00e0 l&#8217;a\u00e9roport) Vous prenez le CAT jusqu&#8217;\u00e0 la station Wien Landstrasse (trajet direct) et changez pour le m\u00e9tro U4 (direction Heiligenstadt) jusqu&#8217;\u00e0 la station Schwedenplatz. De l\u00e0, vous prenez le m\u00e9tro U1 (direction Leopoldau) jusqu&#8217;\u00e0 la station Nestroyplatz. Prenez ensuite la sortie Rotensterngasse et suivez la rue jusqu&#8217;\u00e0 ce que vous atteigniez notre h\u00f4tel sur le c\u00f4t\u00e9 gauche de la rue.  <\/p>\n<p><strong>AIRPORT BUS<\/strong> (dur\u00e9e environ 30-40 minutes) (billets disponibles aupr\u00e8s du chauffeur) Le bus va directement au centre-ville (Schwedenplatz). A Schwedenplatz, prenez le m\u00e9tro U1 (direction Leopoldau) et descendez \u00e0 la station Nestroyplatz. Ensuite, prenez la sortie Rotensterngasse et marchez dans la rue jusqu&#8217;\u00e0 ce que vous atteigniez notre h\u00f4tel sur le c\u00f4t\u00e9 gauche de la rue.<\/p>\n<\/div><\/li><li class=\"fusion-li-item\" style=\"\"><span class=\"icon-wrapper circle-no\"><i class=\"fusion-li-icon fa-taxi fas\" aria-hidden=\"true\"><\/i><\/span><div class=\"fusion-li-item-content\">\n<p><strong>En taxi :<\/strong><br \/>\n(dur\u00e9e environ 20 minutes) Le prix est de 49 \u20ac pour 1 \u00e0 3 personnes et bagages, 55 \u20ac \u00e0 partir de 4 personnes avec bagages et 80 \u20ac pour 5 \u00e0 7 personnes avec bagages par trajet. Pour pouvoir organiser le transfert pour vous, nous avons besoin des d\u00e9tails de votre vol (num\u00e9ro de vol et compagnie a\u00e9rienne, nom de l&#8217;a\u00e9roport de d\u00e9part, jour et heure d&#8217;arriv\u00e9e). Le chauffeur vous attendra dans le hall des arriv\u00e9es devant le Burger King (veuillez rester \u00e0 droite) avec un panneau (marqu\u00e9 \u00e0 votre nom).<\/p>\n<\/div><\/li><li class=\"fusion-li-item\" style=\"\"><span class=\"icon-wrapper circle-no\"><i class=\"fusion-li-icon fa-subway fas\" aria-hidden=\"true\"><\/i><\/span><div class=\"fusion-li-item-content\"><strong>En train :<\/strong><br \/>\n<strong>Gare centrale<\/strong> (dur\u00e9e 15 minutes) (billets disponibles \u00e0 la station) Vous prenez le m\u00e9tro U1 (direction Leopoldau) et descendez \u00e0 la station Nestroyplatz. Ensuite, prenez la sortie Rotensterngasse et marchez dans la rue jusqu&#8217;\u00e0 ce que vous atteigniez notre h\u00f4tel sur le c\u00f4t\u00e9 gauche de la rue. <\/p>\n<p><strong>Westbahnhof<\/strong> (dur\u00e9e 30 minutes) (ticket en vente \u00e0 la station) Vous prenez le m\u00e9tro U3 (direction Simmering) et changez \u00e0 la station Stephansplatz pour le m\u00e9tro U1 (direction Leopoldau) jusqu&#8217;\u00e0 la station Nestroyplatz . Prenez ensuite la sortie Rotensterngasse et suivez la rue jusqu&#8217;\u00e0 ce que vous atteigniez notre h\u00f4tel sur le c\u00f4t\u00e9 gauche de la rue.<\/div><\/li><li class=\"fusion-li-item\" style=\"\"><span class=\"icon-wrapper circle-no\"><i class=\"fusion-li-icon fa-car-side fas\" aria-hidden=\"true\"><\/i><\/span><div class=\"fusion-li-item-content\">\n<p><strong>En voiture<\/strong>:<br \/>\nNous nous trouvons dans la Rotensterngasse 10-12, 1020 Vienne, qui est accessible par la Taborstra\u00dfe.<\/p>\n<p>En raison des nombreuses possibilit\u00e9s d&#8217;acc\u00e8s \u00e0 Vienne, nous vous recommandons d&#8217;entrer l&#8217;adresse dans votre syst\u00e8me de navigation afin de trouver le meilleur itin\u00e9raire pour vous.<\/p>\n<p>Vous pouvez garer votre voiture dans le garage IMLAUER, sous r\u00e9serve de disponibilit\u00e9, pour 26 \u20ac par jour. Nous vous proposons 2 stations de recharge \u00e9lectrique, o\u00f9 vous pouvez recharger pour 0,45 \u20ac\/kWh<strong>. <\/strong>Il n&#8217;est pas possible de r\u00e9server une station de recharge, mais nous vous prions de nous informer d\u00e8s que vous \u00eates int\u00e9ress\u00e9 afin de pouvoir le mentionner dans votre r\u00e9servation.<\/p>\n<\/div><\/li><\/ul><div class=\"fusion-sep-clear\"><\/div><div class=\"fusion-separator fusion-full-width-sep\" style=\"margin-left: auto;margin-right: auto;margin-top:30px;width:100%;\"><\/div><div class=\"fusion-sep-clear\"><\/div><\/div><\/div><div class=\"fusion-clearfix\"><\/div><\/div><\/div><\/div><\/div><div class=\"fusion-fullwidth fullwidth-box fusion-builder-row-2 hundred-percent-fullwidth non-hundred-percent-height-scrolling fusion-no-large-visibility\" style=\"--awb-background-position:left top;--awb-border-sizes-top:0px;--awb-border-sizes-bottom:0px;--awb-border-sizes-left:0px;--awb-border-sizes-right:0px;--awb-border-radius-top-left:0px;--awb-border-radius-top-right:0px;--awb-border-radius-bottom-right:0px;--awb-border-radius-bottom-left:0px;--awb-padding-top:0px;--awb-padding-right:0px;--awb-padding-bottom:0px;--awb-padding-left:0px;--awb-flex-wrap:wrap;\" ><div class=\"fusion-builder-row fusion-row\"><div class=\"fusion-layout-column fusion_builder_column fusion-builder-column-2 fusion_builder_column_1_3 1_3 fusion-one-third fusion-column-first\" style=\"--awb-padding-top:30px;--awb-padding-right:15%;--awb-padding-bottom:30px;--awb-padding-left:15%;--awb-bg-size:cover;--awb-margin-bottom:0px;\"><div class=\"fusion-column-wrapper fusion-column-has-shadow fusion-flex-column-wrapper-legacy\"><div class=\"fusion-column-content-centered\"><div class=\"fusion-column-content\"><div class=\"fusion-text fusion-text-4\"><p style=\"letter-spacing: 4px; font-size: 13px; text-align: center; margin-bottom: 0px;\">CONTACT<\/p>\n<h2 style=\"text-align: center; font-size: 25px;\">H\u00f4tel IMLAUER Vienne<\/h2>\n<\/div><div class=\"fusion-sep-clear\"><\/div><div class=\"fusion-separator fusion-full-width-sep\" style=\"margin-left: auto;margin-right: auto;margin-top:10px;width:100%;\"><\/div><div class=\"fusion-sep-clear\"><\/div><ul style=\"--awb-size:17px;--awb-iconcolor:#cbaa5c;--awb-line-height:28.9px;--awb-icon-width:28.9px;--awb-icon-height:28.9px;--awb-icon-margin:11.9px;--awb-content-margin:40.8px;\" class=\"fusion-checklist fusion-checklist-3 fusion-checklist-default type-icons address\"><li class=\"fusion-li-item\" style=\"\"><span class=\"icon-wrapper circle-no\"><i class=\"fusion-li-icon fa-phone-alt fas\" aria-hidden=\"true\"><\/i><\/span><div class=\"fusion-li-item-content\">\n<p>T\u00e9l : <a href=\"tel:+431211400\">+43 1 211 40 0<\/a><\/p>\n<\/div><\/li><li class=\"fusion-li-item\" style=\"\"><span class=\"icon-wrapper circle-no\"><i class=\"fusion-li-icon fa-fax fas\" aria-hidden=\"true\"><\/i><\/span><div class=\"fusion-li-item-content\">\n<p>T\u00e9l\u00e9copieur : +43 1 211 40-7<\/p>\n<\/div><\/li><li class=\"fusion-li-item\" style=\"\"><span class=\"icon-wrapper circle-no\"><i class=\"fusion-li-icon fa-map-marked-alt fas\" aria-hidden=\"true\"><\/i><\/span><div class=\"fusion-li-item-content\">\n<p>Rotensterngasse 10<br \/>\n1020 Vienne, Autriche<\/p>\n<\/div><\/li><li class=\"fusion-li-item\" style=\"\"><span class=\"icon-wrapper circle-no\"><i class=\"fusion-li-icon fa-envelope far\" aria-hidden=\"true\"><\/i><\/span><div class=\"fusion-li-item-content\">\n<p><a href=\"mailto:hotel.wien@imlauer.com\">hotel.wien@imlauer.com<\/a><\/p>\n<\/div><\/li><\/ul><\/div><\/div><div class=\"fusion-clearfix\"><\/div><\/div><\/div><div class=\"fusion-layout-column fusion_builder_column fusion-builder-column-3 fusion_builder_column_2_3 2_3 fusion-two-third fusion-column-last\" style=\"--awb-padding-top:90px;--awb-padding-right:15%;--awb-padding-bottom:90px;--awb-padding-left:15%;--awb-bg-color:#f5f5f5;--awb-bg-color-hover:#f5f5f5;--awb-bg-size:cover;--awb-margin-bottom:0px;\"><div class=\"fusion-column-wrapper fusion-flex-column-wrapper-legacy\"><div class=\"fusion-column-content-centered\"><div class=\"fusion-column-content\"><div class=\"fusion-text fusion-text-5\"><h2>Plan d&#8217;acc\u00e8s d\u00e9taill\u00e9 \u00e0 l&#8217;h\u00f4tel IMLAUER Vienne<\/h2>\n<\/div><ul style=\"--awb-iconcolor:#cbaa5c;--awb-line-height:30.6px;--awb-icon-width:30.6px;--awb-icon-height:30.6px;--awb-icon-margin:12.6px;--awb-content-margin:43.2px;\" class=\"fusion-checklist fusion-checklist-4 fusion-checklist-default type-icons anreise\"><li class=\"fusion-li-item\" style=\"\"><span class=\"icon-wrapper circle-no\"><i class=\"fusion-li-icon fa-bus-alt fas\" aria-hidden=\"true\"><\/i><\/span><div class=\"fusion-li-item-content\">\n<p><strong>Par les transports en commun :<\/strong><br \/>\n<strong>TRAIN RAPIDE<\/strong> (dur\u00e9e environ 1 heure) (billets en vente \u00e0 la station de train rapide) A l&#8217;a\u00e9roport, prenez le S7 (direction Floridsdorf) et changez \u00e0 la station Praterstern pour le U2 (direction Karlsplatz). Prenez le m\u00e9tro U2 jusqu&#8217;\u00e0 la station Taborstra\u00dfe. Ensuite, prenez la sortie Taborstra\u00dfe, traversez la rue et apr\u00e8s 3 minutes, vous arrivez \u00e0 Rotensterngasse.  <\/p>\n<p><strong>CAT CITY AIRPORT TRAIN<\/strong> (dur\u00e9e environ 40 minutes) (billets disponibles \u00e0 l&#8217;a\u00e9roport) Vous prenez le CAT jusqu&#8217;\u00e0 la station Wien Landstrasse (trajet direct) et changez pour le m\u00e9tro U4 (direction Heiligenstadt) jusqu&#8217;\u00e0 la station Schwedenplatz. De l\u00e0, vous prenez le m\u00e9tro U1 (direction Leopoldau) jusqu&#8217;\u00e0 la station Nestroyplatz. Prenez ensuite la sortie Rotensterngasse et suivez la rue jusqu&#8217;\u00e0 ce que vous atteigniez notre h\u00f4tel sur le c\u00f4t\u00e9 gauche de la rue.  <\/p>\n<p><strong>AIRPORT BUS<\/strong> (dur\u00e9e environ 30-40 minutes) (billets disponibles aupr\u00e8s du chauffeur) Le bus va directement au centre-ville (Schwedenplatz). A Schwedenplatz, prenez le m\u00e9tro U1 (direction Leopoldau) et descendez \u00e0 la station Nestroyplatz. Ensuite, prenez la sortie Rotensterngasse et marchez dans la rue jusqu&#8217;\u00e0 ce que vous atteigniez notre h\u00f4tel sur le c\u00f4t\u00e9 gauche de la rue.<\/p>\n<\/div><\/li><li class=\"fusion-li-item\" style=\"\"><span class=\"icon-wrapper circle-no\"><i class=\"fusion-li-icon fa-taxi fas\" aria-hidden=\"true\"><\/i><\/span><div class=\"fusion-li-item-content\">\n<p><strong>En taxi :<\/strong><br \/>\n(dur\u00e9e environ 20 minutes) Le prix est de 49 \u20ac pour 1 \u00e0 3 personnes et bagages, 55 \u20ac \u00e0 partir de 4 personnes avec bagages et 80 \u20ac pour 5 \u00e0 7 personnes avec bagages par trajet. Pour pouvoir organiser le transfert pour vous, nous avons besoin des d\u00e9tails de votre vol (num\u00e9ro de vol et compagnie a\u00e9rienne, nom de l&#8217;a\u00e9roport de d\u00e9part, jour et heure d&#8217;arriv\u00e9e). Le chauffeur vous attendra dans le hall des arriv\u00e9es devant le Burger King (veuillez rester \u00e0 droite) avec un panneau (marqu\u00e9 \u00e0 votre nom).<\/p>\n<\/div><\/li><li class=\"fusion-li-item\" style=\"\"><span class=\"icon-wrapper circle-no\"><i class=\"fusion-li-icon fa-subway fas\" aria-hidden=\"true\"><\/i><\/span><div class=\"fusion-li-item-content\"><strong>En train :<\/strong><br \/>\n<strong>Gare centrale<\/strong> (dur\u00e9e 15 minutes) (billets disponibles \u00e0 la station) Vous prenez le m\u00e9tro U1 (direction Leopoldau) et descendez \u00e0 la station Nestroyplatz. Ensuite, prenez la sortie Rotensterngasse et marchez dans la rue jusqu&#8217;\u00e0 ce que vous atteigniez notre h\u00f4tel sur le c\u00f4t\u00e9 gauche de la rue. <\/p>\n<p><strong>Westbahnhof<\/strong> (dur\u00e9e 30 minutes) (ticket en vente \u00e0 la station) Vous prenez le m\u00e9tro U3 (direction Simmering) et changez \u00e0 la station Stephansplatz pour le m\u00e9tro U1 (direction Leopoldau) jusqu&#8217;\u00e0 la station Nestroyplatz . Prenez ensuite la sortie Rotensterngasse et suivez la rue jusqu&#8217;\u00e0 ce que vous atteigniez notre h\u00f4tel sur le c\u00f4t\u00e9 gauche de la rue.<\/div><\/li><li class=\"fusion-li-item\" style=\"\"><span class=\"icon-wrapper circle-no\"><i class=\"fusion-li-icon fa-car-side fas\" aria-hidden=\"true\"><\/i><\/span><div class=\"fusion-li-item-content\">\n<p><strong>En voiture<\/strong>:<br \/>\nNous nous trouvons dans la Rotensterngasse 10-12, 1020 Vienne, qui est accessible par la Taborstra\u00dfe.<\/p>\n<p>En raison des nombreuses possibilit\u00e9s d&#8217;acc\u00e8s \u00e0 Vienne, nous vous recommandons d&#8217;entrer l&#8217;adresse dans votre syst\u00e8me de navigation afin de trouver le meilleur itin\u00e9raire pour vous.<\/p>\n<p>Vous pouvez garer votre voiture dans le garage IMLAUER, sous r\u00e9serve de disponibilit\u00e9, pour 26 \u20ac par jour. Nous vous proposons 2 stations de recharge \u00e9lectrique, o\u00f9 vous pouvez recharger pour 0,45 \u20ac\/kWh<strong>. <\/strong>Il n&#8217;est pas possible de r\u00e9server une station de recharge, mais nous vous prions de nous informer d\u00e8s que vous \u00eates int\u00e9ress\u00e9 afin de pouvoir le mentionner dans votre r\u00e9servation.<\/p>\n<\/div><\/li><\/ul><div class=\"fusion-sep-clear\"><\/div><div class=\"fusion-separator fusion-full-width-sep\" style=\"margin-left: auto;margin-right: auto;margin-top:30px;width:100%;\"><\/div><div class=\"fusion-sep-clear\"><\/div><\/div><\/div><div class=\"fusion-clearfix\"><\/div><\/div><\/div><\/div><\/div><div class=\"fusion-fullwidth fullwidth-box fusion-builder-row-3 hundred-percent-fullwidth non-hundred-percent-height-scrolling fusion-equal-height-columns\" style=\"--awb-background-position:left top;--awb-border-sizes-top:0px;--awb-border-sizes-bottom:0px;--awb-border-sizes-left:0px;--awb-border-sizes-right:0px;--awb-border-radius-top-left:0px;--awb-border-radius-top-right:0px;--awb-border-radius-bottom-right:0px;--awb-border-radius-bottom-left:0px;--awb-padding-top:0px;--awb-padding-right:0px;--awb-padding-bottom:0px;--awb-padding-left:0px;--awb-flex-wrap:wrap;\" ><div class=\"fusion-builder-row fusion-row\"><div class=\"fusion-layout-column fusion_builder_column fusion-builder-column-4 fusion_builder_column_1_1 1_1 fusion-one-full fusion-column-first fusion-column-last fusion-column-no-min-height\" style=\"--awb-bg-blend:overlay;--awb-bg-size:cover;--awb-margin-bottom:0px;\"><div class=\"fusion-column-wrapper fusion-flex-column-wrapper-legacy\"><div id=\"hotelimlauerwien_map\" style=\"width:100%; height:500px;\"><\/div><div class=\"fusion-clearfix\"><\/div><\/div><\/div><\/div><\/div><\/p>\n","protected":false},"excerpt":{"rendered":"","protected":false},"author":1,"featured_media":0,"parent":0,"menu_order":0,"comment_status":"closed","ping_status":"closed","template":"100-width.php","meta":{"footnotes":""},"class_list":["post-1165","page","type-page","status-publish","hentry"],"_links":{"self":[{"href":"https:\/\/imlauer.com\/hotel-imlauer-wien\/wp-json\/wp\/v2\/pages\/1165","targetHints":{"allow":["GET"]}}],"collection":[{"href":"https:\/\/imlauer.com\/hotel-imlauer-wien\/wp-json\/wp\/v2\/pages"}],"about":[{"href":"https:\/\/imlauer.com\/hotel-imlauer-wien\/wp-json\/wp\/v2\/types\/page"}],"author":[{"embeddable":true,"href":"https:\/\/imlauer.com\/hotel-imlauer-wien\/wp-json\/wp\/v2\/users\/1"}],"replies":[{"embeddable":true,"href":"https:\/\/imlauer.com\/hotel-imlauer-wien\/wp-json\/wp\/v2\/comments?post=1165"}],"version-history":[{"count":18,"href":"https:\/\/imlauer.com\/hotel-imlauer-wien\/wp-json\/wp\/v2\/pages\/1165\/revisions"}],"predecessor-version":[{"id":2627,"href":"https:\/\/imlauer.com\/hotel-imlauer-wien\/wp-json\/wp\/v2\/pages\/1165\/revisions\/2627"}],"wp:attachment":[{"href":"https:\/\/imlauer.com\/hotel-imlauer-wien\/wp-json\/wp\/v2\/media?parent=1165"}],"curies":[{"name":"wp","href":"https:\/\/api.w.org\/{rel}","templated":true}]}}