{"id":1175,"date":"2025-02-03T11:32:51","date_gmt":"2025-02-03T11:32:51","guid":{"rendered":"https:\/\/imlauer.com\/hotel-imlauer-wien\/localizacion-y-llegada\/"},"modified":"2026-03-23T08:56:45","modified_gmt":"2026-03-23T08:56:45","slug":"localizacion-y-llegada","status":"publish","type":"page","link":"https:\/\/imlauer.com\/hotel-imlauer-wien\/localizacion-y-llegada\/?lang=es","title":{"rendered":"Localizaci\u00f3n y llegada"},"content":{"rendered":"<p><div class=\"fusion-fullwidth fullwidth-box fusion-builder-row-1 hundred-percent-fullwidth non-hundred-percent-height-scrolling fusion-equal-height-columns fusion-no-small-visibility fusion-no-medium-visibility\" style=\"--awb-background-position:left top;--awb-border-sizes-top:0px;--awb-border-sizes-bottom:0px;--awb-border-sizes-left:0px;--awb-border-sizes-right:0px;--awb-border-radius-top-left:0px;--awb-border-radius-top-right:0px;--awb-border-radius-bottom-right:0px;--awb-border-radius-bottom-left:0px;--awb-padding-top:0px;--awb-padding-right:0px;--awb-padding-bottom:0px;--awb-padding-left:0px;--awb-flex-wrap:wrap;\" ><div class=\"fusion-builder-row fusion-row\"><div class=\"fusion-layout-column fusion_builder_column fusion-builder-column-0 fusion_builder_column_1_3 1_3 fusion-one-third fusion-column-first\" style=\"--awb-padding-top:30px;--awb-padding-right:15%;--awb-padding-bottom:30px;--awb-padding-left:15%;--awb-bg-size:cover;--awb-margin-bottom:0px;\"><div class=\"fusion-column-wrapper fusion-column-has-shadow fusion-flex-column-wrapper-legacy\"><div class=\"fusion-column-content-centered\"><div class=\"fusion-column-content\"><div class=\"fusion-text fusion-text-1\"><p style=\"letter-spacing: 4px; font-size: 13px; text-align: center; margin-bottom: 0px;\">CONTACTO<\/p>\n<h1 style=\"text-align: center;\">Hotel IMLAUER Viena<\/h1>\n<\/div><div class=\"fusion-sep-clear\"><\/div><div class=\"fusion-separator fusion-full-width-sep\" style=\"margin-left: auto;margin-right: auto;margin-top:10px;width:100%;\"><\/div><div class=\"fusion-sep-clear\"><\/div><ul style=\"--awb-size:17px;--awb-iconcolor:#cbaa5c;--awb-line-height:28.9px;--awb-icon-width:28.9px;--awb-icon-height:28.9px;--awb-icon-margin:11.9px;--awb-content-margin:40.8px;\" class=\"fusion-checklist fusion-checklist-1 fusion-checklist-default type-icons address\"><li class=\"fusion-li-item\" style=\"\"><span class=\"icon-wrapper circle-no\"><i class=\"fusion-li-icon fa-phone-alt fas\" aria-hidden=\"true\"><\/i><\/span><div class=\"fusion-li-item-content\">\n<p>Tel: <a href=\"tel:+431211400\">+43 1 211 40 0<\/a><\/p>\n<\/div><\/li><li class=\"fusion-li-item\" style=\"\"><span class=\"icon-wrapper circle-no\"><i class=\"fusion-li-icon fa-envelope far\" aria-hidden=\"true\"><\/i><\/span><div class=\"fusion-li-item-content\">\n<p><a href=\"mailto:hotel.wien@imlauer.com\">hotel.wien@imlauer.com<\/a><\/p>\n<\/div><\/li><li class=\"fusion-li-item\" style=\"\"><span class=\"icon-wrapper circle-no\"><i class=\"fusion-li-icon fa-map-marked-alt fas\" aria-hidden=\"true\"><\/i><\/span><div class=\"fusion-li-item-content\">\n<p>Rotensterngasse 10<br \/>\n1020 Viena, Austria<\/p>\n<\/div><\/li><\/ul><div class=\"fusion-sep-clear\"><\/div><div class=\"fusion-separator fusion-full-width-sep\" style=\"margin-left: auto;margin-right: auto;margin-top:40px;width:100%;\"><\/div><div class=\"fusion-sep-clear\"><\/div><div class=\"fusion-image-element fusion-image-align-center in-legacy-container\" style=\"text-align:center;--awb-max-width:150px;--awb-caption-title-font-family:var(--h2_typography-font-family);--awb-caption-title-font-weight:var(--h2_typography-font-weight);--awb-caption-title-font-style:var(--h2_typography-font-style);--awb-caption-title-size:var(--h2_typography-font-size);--awb-caption-title-transform:var(--h2_typography-text-transform);--awb-caption-title-line-height:var(--h2_typography-line-height);--awb-caption-title-letter-spacing:var(--h2_typography-letter-spacing);\"><div class=\"imageframe-align-center\"><span class=\" fusion-imageframe imageframe-none imageframe-1 hover-type-none\"><img decoding=\"async\" width=\"333\" height=\"140\" title=\"SIXT\" src=\"https:\/\/imlauer.com\/hotel-imlauer-wien\/wp-content\/uploads\/2025\/02\/SIXT.png\" data-orig-src=\"https:\/\/imlauer.com\/hotel-imlauer-wien\/wp-content\/uploads\/2025\/02\/SIXT.png\" alt class=\"lazyload img-responsive wp-image-183\" srcset=\"data:image\/svg+xml,%3Csvg%20xmlns%3D%27http%3A%2F%2Fwww.w3.org%2F2000%2Fsvg%27%20width%3D%27333%27%20height%3D%27140%27%20viewBox%3D%270%200%20333%20140%27%3E%3Crect%20width%3D%27333%27%20height%3D%27140%27%20fill-opacity%3D%220%22%2F%3E%3C%2Fsvg%3E\" data-srcset=\"https:\/\/imlauer.com\/hotel-imlauer-wien\/wp-content\/uploads\/2025\/02\/SIXT-200x84.png 200w, https:\/\/imlauer.com\/hotel-imlauer-wien\/wp-content\/uploads\/2025\/02\/SIXT.png 333w\" data-sizes=\"auto\" data-orig-sizes=\"(max-width: 969px) 100vw, 333px\" \/><\/span><\/div><\/div><div class=\"fusion-sep-clear\"><\/div><div class=\"fusion-separator fusion-full-width-sep\" style=\"margin-left: auto;margin-right: auto;margin-top:20px;width:100%;\"><\/div><div class=\"fusion-sep-clear\"><\/div><div class=\"fusion-text fusion-text-2\"><p style=\"text-align: center;\">Como hu\u00e9sped del Hotel IMLAUER Viena, recibir\u00e1s un 15% de descuento en tu coche de alquiler de nuestro socio SIXT.<\/p>\n<\/div><div class=\"fusion-sep-clear\"><\/div><div class=\"fusion-separator fusion-full-width-sep\" style=\"margin-left: auto;margin-right: auto;margin-top:20px;width:100%;\"><\/div><div class=\"fusion-sep-clear\"><\/div><div class=\"fusion-aligncenter\"><a class=\"fusion-button button-flat fusion-button-default-size button-default fusion-button-default button-1 fusion-button-default-span fusion-button-default-type\" target=\"_blank\" rel=\"noopener noreferrer\" href=\"https:\/\/www.sixt.at\/partners\/imlauer-nestroy-vienna\/\"><span class=\"fusion-button-text awb-button__text awb-button__text--default\">Ir a la p\u00e1gina de socios de SIXT<\/span><\/a><\/div><\/div><\/div><div class=\"fusion-clearfix\"><\/div><\/div><\/div><div class=\"fusion-layout-column fusion_builder_column fusion-builder-column-1 fusion_builder_column_2_3 2_3 fusion-two-third fusion-column-last\" style=\"--awb-padding-top:90px;--awb-padding-right:15%;--awb-padding-bottom:90px;--awb-padding-left:15%;--awb-bg-color:#f5f5f5;--awb-bg-color-hover:#f5f5f5;--awb-bg-size:cover;--awb-margin-bottom:0px;\"><div class=\"fusion-column-wrapper fusion-flex-column-wrapper-legacy\"><div class=\"fusion-column-content-centered\"><div class=\"fusion-column-content\"><div class=\"fusion-text fusion-text-3\"><h2>Indicaciones detalladas para llegar al Hotel IMLAUER Viena<\/h2>\n<\/div><ul style=\"--awb-iconcolor:#cbaa5c;--awb-line-height:30.6px;--awb-icon-width:30.6px;--awb-icon-height:30.6px;--awb-icon-margin:12.6px;--awb-content-margin:43.2px;\" class=\"fusion-checklist fusion-checklist-2 fusion-checklist-default type-icons anreise\"><li class=\"fusion-li-item\" style=\"\"><span class=\"icon-wrapper circle-no\"><i class=\"fusion-li-icon fa-bus-alt fas\" aria-hidden=\"true\"><\/i><\/span><div class=\"fusion-li-item-content\">\n<p><strong>En transporte p\u00fablico:<\/strong><br \/>\n<strong>FERROCARRIL R\u00c1PIDO<\/strong> (duraci\u00f3n aproximada: 40 minutos) (billetes disponibles en la estaci\u00f3n de transporte r\u00e1pido) En el aeropuerto, tome la S7 (direcci\u00f3n Floridsdorf) y cambie en la estaci\u00f3n Praterstern a la U2 (direcci\u00f3n Karlsplatz). Tome la U2 hasta la estaci\u00f3n de Taborstra\u00dfe. A continuaci\u00f3n, tome la salida Taborstra\u00dfe, cruce la calle y, al cabo de 3 minutos, llegar\u00e1 a Rotensterngasse.  <\/p>\n<p><strong>TREN AEROPUERTO DE LA CIUDAD<\/strong> CAT (duraci\u00f3n aprox. 40 minutos) (billetes disponibles en el aeropuerto) Toma el CAT hasta la estaci\u00f3n de Wien Landstrasse (trayecto directo) y cambia all\u00ed a la U4 (direcci\u00f3n Heiligenstadt) hasta la estaci\u00f3n de Schwedenplatz. Desde aqu\u00ed, cambia a la U1 (direcci\u00f3n Leopoldau) hasta la estaci\u00f3n de Nestroyplatz. Entonces toma la salida Rotensterngasse y camina por la calle hasta llegar a nuestro hotel, en el lado izquierdo de la calle.  <\/p>\n<p><strong>AUTOB\u00daS DEL AEROPUERTO<\/strong> (duraci\u00f3n aproximada 30-40 minutos) (billetes a la venta con el conductor) El autob\u00fas va directamente al centro de la ciudad (Schwedenplatz). En Schwedenplatz cambie a la l\u00ednea de metro U1 (direcci\u00f3n Leopoldau) y b\u00e1jese en la estaci\u00f3n Nestroyplatz. A continuaci\u00f3n, tome la salida Rotensterngasse y camine por la calle hasta llegar a nuestro hotel, en el lado izquierdo de la calle.<\/p>\n<\/div><\/li><li class=\"fusion-li-item\" style=\"\"><span class=\"icon-wrapper circle-no\"><i class=\"fusion-li-icon fa-taxi fas\" aria-hidden=\"true\"><\/i><\/span><div class=\"fusion-li-item-content\">\n<p><strong>En taxi:<\/strong><br \/>\n(tarda unos 20 minutos) El precio es de 49 euros para 1 &#8211; 3 personas y equipaje, 55 euros a partir de 4 personas con equipaje y 80 euros para 5 &#8211; 7 personas con equipaje por trayecto. Para organizarte el traslado, necesitamos los datos de tu vuelo (n\u00famero de vuelo y compa\u00f1\u00eda a\u00e9rea, nombre del aeropuerto de salida, d\u00eda y hora de llegada). El conductor te estar\u00e1 esperando en el vest\u00edbulo de llegadas, delante del Burger King (por favor, mantente a la derecha) con un cartel (etiquetado con tu nombre).<\/p>\n<\/div><\/li><li class=\"fusion-li-item\" style=\"\"><span class=\"icon-wrapper circle-no\"><i class=\"fusion-li-icon fa-subway fas\" aria-hidden=\"true\"><\/i><\/span><div class=\"fusion-li-item-content\"><strong>En tren:<\/strong><br \/>\n<strong>Estaci\u00f3n central<\/strong> (se tarda 15 minutos) (billetes disponibles en la estaci\u00f3n) Tome la l\u00ednea U1 de metro (direcci\u00f3n Leopoldau) y b\u00e1jese en la estaci\u00f3n de Nestroyplatz. A continuaci\u00f3n, tome la salida Rotensterngasse y camine por la calle hasta llegar a nuestro hotel, en el lado izquierdo de la calle. <\/p>\n<p><strong>Westbahnhof<\/strong> (tarda 30 minutos) (billete disponible en la estaci\u00f3n) Tome la U3 (direcci\u00f3n Simmering) y cambie en la estaci\u00f3n Stephansplatz a la U1 (direcci\u00f3n Leopoldau) hasta llegar a la estaci\u00f3n Nestroyplatz. A continuaci\u00f3n, tome la salida Rotensterngasse y camine por la calle hasta llegar a nuestro hotel en el lado izquierdo de la calle.<\/div><\/li><li class=\"fusion-li-item\" style=\"\"><span class=\"icon-wrapper circle-no\"><i class=\"fusion-li-icon fa-car-side fas\" aria-hidden=\"true\"><\/i><\/span><div class=\"fusion-li-item-content\">\n<p><strong>En coche<\/strong>:<br \/>\nEstamos situados en Rotensterngasse 10-12, 1020 Viena, a la que se puede acceder desde Taborstra\u00dfe.<\/p>\n<p>Como hay muchas formas de llegar a Viena, le recomendamos que introduzca la direcci\u00f3n en el sistema de navegaci\u00f3n para encontrar la mejor ruta para usted.<\/p>\n<p>Puede aparcar su coche en el garaje IMLAUER por 26 \u20ac al d\u00eda, sujeto a disponibilidad. Disponemos de 2 estaciones de recarga electr\u00f3nica donde podr\u00e1 cargar su coche por 0,45 \u20ac\/kWh<strong>. <\/strong>No es posible reservar una estaci\u00f3n de carga, pero inf\u00f3rmenos inmediatamente si est\u00e1 interesado para que podamos tenerlo en cuenta en su reserva.<\/p>\n<\/div><\/li><\/ul><div class=\"fusion-sep-clear\"><\/div><div class=\"fusion-separator fusion-full-width-sep\" style=\"margin-left: auto;margin-right: auto;margin-top:30px;width:100%;\"><\/div><div class=\"fusion-sep-clear\"><\/div><\/div><\/div><div class=\"fusion-clearfix\"><\/div><\/div><\/div><\/div><\/div><div class=\"fusion-fullwidth fullwidth-box fusion-builder-row-2 hundred-percent-fullwidth non-hundred-percent-height-scrolling fusion-no-large-visibility\" style=\"--awb-background-position:left top;--awb-border-sizes-top:0px;--awb-border-sizes-bottom:0px;--awb-border-sizes-left:0px;--awb-border-sizes-right:0px;--awb-border-radius-top-left:0px;--awb-border-radius-top-right:0px;--awb-border-radius-bottom-right:0px;--awb-border-radius-bottom-left:0px;--awb-padding-top:0px;--awb-padding-right:0px;--awb-padding-bottom:0px;--awb-padding-left:0px;--awb-flex-wrap:wrap;\" ><div class=\"fusion-builder-row fusion-row\"><div class=\"fusion-layout-column fusion_builder_column fusion-builder-column-2 fusion_builder_column_1_3 1_3 fusion-one-third fusion-column-first\" style=\"--awb-padding-top:30px;--awb-padding-right:15%;--awb-padding-bottom:30px;--awb-padding-left:15%;--awb-bg-size:cover;--awb-margin-bottom:0px;\"><div class=\"fusion-column-wrapper fusion-column-has-shadow fusion-flex-column-wrapper-legacy\"><div class=\"fusion-column-content-centered\"><div class=\"fusion-column-content\"><div class=\"fusion-text fusion-text-4\"><p style=\"letter-spacing: 4px; font-size: 13px; text-align: center; margin-bottom: 0px;\">CONTACTO<\/p>\n<h2 style=\"text-align: center; font-size: 25px;\">Hotel IMLAUER Viena<\/h2>\n<\/div><div class=\"fusion-sep-clear\"><\/div><div class=\"fusion-separator fusion-full-width-sep\" style=\"margin-left: auto;margin-right: auto;margin-top:10px;width:100%;\"><\/div><div class=\"fusion-sep-clear\"><\/div><ul style=\"--awb-size:17px;--awb-iconcolor:#cbaa5c;--awb-line-height:28.9px;--awb-icon-width:28.9px;--awb-icon-height:28.9px;--awb-icon-margin:11.9px;--awb-content-margin:40.8px;\" class=\"fusion-checklist fusion-checklist-3 fusion-checklist-default type-icons address\"><li class=\"fusion-li-item\" style=\"\"><span class=\"icon-wrapper circle-no\"><i class=\"fusion-li-icon fa-phone-alt fas\" aria-hidden=\"true\"><\/i><\/span><div class=\"fusion-li-item-content\">\n<p>Tel: <a href=\"tel:+431211400\">+43 1 211 40 0<\/a><\/p>\n<\/div><\/li><li class=\"fusion-li-item\" style=\"\"><span class=\"icon-wrapper circle-no\"><i class=\"fusion-li-icon fa-fax fas\" aria-hidden=\"true\"><\/i><\/span><div class=\"fusion-li-item-content\">\n<p>Fax: +43 1 211 40-7<\/p>\n<\/div><\/li><li class=\"fusion-li-item\" style=\"\"><span class=\"icon-wrapper circle-no\"><i class=\"fusion-li-icon fa-map-marked-alt fas\" aria-hidden=\"true\"><\/i><\/span><div class=\"fusion-li-item-content\">\n<p>Rotensterngasse 10<br \/>\n1020 Viena, Austria<\/p>\n<\/div><\/li><li class=\"fusion-li-item\" style=\"\"><span class=\"icon-wrapper circle-no\"><i class=\"fusion-li-icon fa-envelope far\" aria-hidden=\"true\"><\/i><\/span><div class=\"fusion-li-item-content\">\n<p><a href=\"mailto:hotel.wien@imlauer.com\">hotel.wien@imlauer.com<\/a><\/p>\n<\/div><\/li><\/ul><\/div><\/div><div class=\"fusion-clearfix\"><\/div><\/div><\/div><div class=\"fusion-layout-column fusion_builder_column fusion-builder-column-3 fusion_builder_column_2_3 2_3 fusion-two-third fusion-column-last\" style=\"--awb-padding-top:90px;--awb-padding-right:15%;--awb-padding-bottom:90px;--awb-padding-left:15%;--awb-bg-color:#f5f5f5;--awb-bg-color-hover:#f5f5f5;--awb-bg-size:cover;--awb-margin-bottom:0px;\"><div class=\"fusion-column-wrapper fusion-flex-column-wrapper-legacy\"><div class=\"fusion-column-content-centered\"><div class=\"fusion-column-content\"><div class=\"fusion-text fusion-text-5\"><h2>Indicaciones detalladas para llegar al Hotel IMLAUER Viena<\/h2>\n<\/div><ul style=\"--awb-iconcolor:#cbaa5c;--awb-line-height:30.6px;--awb-icon-width:30.6px;--awb-icon-height:30.6px;--awb-icon-margin:12.6px;--awb-content-margin:43.2px;\" class=\"fusion-checklist fusion-checklist-4 fusion-checklist-default type-icons anreise\"><li class=\"fusion-li-item\" style=\"\"><span class=\"icon-wrapper circle-no\"><i class=\"fusion-li-icon fa-bus-alt fas\" aria-hidden=\"true\"><\/i><\/span><div class=\"fusion-li-item-content\">\n<p><strong>En transporte p\u00fablico:<\/strong><br \/>\n<strong>FERROCARRIL R<\/strong> \u00c1PIDO (tarda aprox. 1 hora) (billetes disponibles en la estaci\u00f3n de transporte r\u00e1pido) En el aeropuerto, toma la S7 (direcci\u00f3n Floridsdorf) y cambia en la estaci\u00f3n de Praterstern a la U2 (direcci\u00f3n Karlsplatz). Toma la U2 hasta la estaci\u00f3n de Taborstra\u00dfe. Despu\u00e9s toma la salida de Taborstra\u00dfe, cruza la calle y tras 3 minutos llegar\u00e1s a Rotensterngasse.  <\/p>\n<p><strong>TREN AEROPUERTO DE LA CIUDAD<\/strong> CAT (duraci\u00f3n aprox. 40 minutos) (billetes disponibles en el aeropuerto) Toma el CAT hasta la estaci\u00f3n de Wien Landstrasse (trayecto directo) y cambia all\u00ed a la U4 (direcci\u00f3n Heiligenstadt) hasta la estaci\u00f3n de Schwedenplatz. Desde aqu\u00ed, cambia a la U1 (direcci\u00f3n Leopoldau) hasta la estaci\u00f3n de Nestroyplatz. Entonces toma la salida Rotensterngasse y camina por la calle hasta llegar a nuestro hotel, en el lado izquierdo de la calle.  <\/p>\n<p><strong>AUTOB\u00daS DEL AEROPUERTO<\/strong> (duraci\u00f3n aproximada 30-40 minutos) (billetes a la venta con el conductor) El autob\u00fas va directamente al centro de la ciudad (Schwedenplatz). En Schwedenplatz cambie a la l\u00ednea de metro U1 (direcci\u00f3n Leopoldau) y b\u00e1jese en la estaci\u00f3n Nestroyplatz. A continuaci\u00f3n, tome la salida Rotensterngasse y camine por la calle hasta llegar a nuestro hotel, en el lado izquierdo de la calle.<\/p>\n<\/div><\/li><li class=\"fusion-li-item\" style=\"\"><span class=\"icon-wrapper circle-no\"><i class=\"fusion-li-icon fa-taxi fas\" aria-hidden=\"true\"><\/i><\/span><div class=\"fusion-li-item-content\">\n<p><strong>En taxi:<\/strong><br \/>\n(tarda unos 20 minutos) El precio es de 49 euros para 1 &#8211; 3 personas y equipaje, 55 euros a partir de 4 personas con equipaje y 80 euros para 5 &#8211; 7 personas con equipaje por trayecto. Para organizarte el traslado, necesitamos los datos de tu vuelo (n\u00famero de vuelo y compa\u00f1\u00eda a\u00e9rea, nombre del aeropuerto de salida, d\u00eda y hora de llegada). El conductor te estar\u00e1 esperando en el vest\u00edbulo de llegadas, delante del Burger King (por favor, mantente a la derecha) con un cartel (etiquetado con tu nombre).<\/p>\n<\/div><\/li><li class=\"fusion-li-item\" style=\"\"><span class=\"icon-wrapper circle-no\"><i class=\"fusion-li-icon fa-subway fas\" aria-hidden=\"true\"><\/i><\/span><div class=\"fusion-li-item-content\"><strong>En tren:<\/strong><br \/>\n<strong>Estaci\u00f3n central<\/strong> (se tarda 15 minutos) (billetes disponibles en la estaci\u00f3n) Tome la l\u00ednea U1 de metro (direcci\u00f3n Leopoldau) y b\u00e1jese en la estaci\u00f3n de Nestroyplatz. A continuaci\u00f3n, tome la salida Rotensterngasse y camine por la calle hasta llegar a nuestro hotel, en el lado izquierdo de la calle. <\/p>\n<p><strong>Westbahnhof<\/strong> (tarda 30 minutos) (billete disponible en la estaci\u00f3n) Tome la U3 (direcci\u00f3n Simmering) y cambie en la estaci\u00f3n Stephansplatz a la U1 (direcci\u00f3n Leopoldau) hasta llegar a la estaci\u00f3n Nestroyplatz. A continuaci\u00f3n, tome la salida Rotensterngasse y camine por la calle hasta llegar a nuestro hotel en el lado izquierdo de la calle.<\/div><\/li><li class=\"fusion-li-item\" style=\"\"><span class=\"icon-wrapper circle-no\"><i class=\"fusion-li-icon fa-car-side fas\" aria-hidden=\"true\"><\/i><\/span><div class=\"fusion-li-item-content\">\n<p><strong>En coche<\/strong>:<br \/>\nEstamos situados en Rotensterngasse 10-12, 1020 Viena, a la que se puede acceder desde Taborstra\u00dfe.<\/p>\n<p>Como hay muchas formas de llegar a Viena, le recomendamos que introduzca la direcci\u00f3n en el sistema de navegaci\u00f3n para encontrar la mejor ruta para usted.<\/p>\n<p>Puede aparcar su coche en el garaje IMLAUER por 26 \u20ac al d\u00eda, sujeto a disponibilidad. Disponemos de 2 estaciones de recarga electr\u00f3nica donde podr\u00e1 cargar su coche por 0,45 \u20ac\/kWh<strong>. <\/strong>No es posible reservar una estaci\u00f3n de carga, pero inf\u00f3rmenos inmediatamente si est\u00e1 interesado para que podamos tenerlo en cuenta en su reserva.<\/p>\n<\/div><\/li><\/ul><div class=\"fusion-sep-clear\"><\/div><div class=\"fusion-separator fusion-full-width-sep\" style=\"margin-left: auto;margin-right: auto;margin-top:30px;width:100%;\"><\/div><div class=\"fusion-sep-clear\"><\/div><\/div><\/div><div class=\"fusion-clearfix\"><\/div><\/div><\/div><\/div><\/div><div class=\"fusion-fullwidth fullwidth-box fusion-builder-row-3 hundred-percent-fullwidth non-hundred-percent-height-scrolling fusion-equal-height-columns\" style=\"--awb-background-position:left top;--awb-border-sizes-top:0px;--awb-border-sizes-bottom:0px;--awb-border-sizes-left:0px;--awb-border-sizes-right:0px;--awb-border-radius-top-left:0px;--awb-border-radius-top-right:0px;--awb-border-radius-bottom-right:0px;--awb-border-radius-bottom-left:0px;--awb-padding-top:0px;--awb-padding-right:0px;--awb-padding-bottom:0px;--awb-padding-left:0px;--awb-flex-wrap:wrap;\" ><div class=\"fusion-builder-row fusion-row\"><div class=\"fusion-layout-column fusion_builder_column fusion-builder-column-4 fusion_builder_column_1_1 1_1 fusion-one-full fusion-column-first fusion-column-last fusion-column-no-min-height\" style=\"--awb-bg-blend:overlay;--awb-bg-size:cover;--awb-margin-bottom:0px;\"><div class=\"fusion-column-wrapper fusion-flex-column-wrapper-legacy\"><div id=\"hotelimlauerwien_map\" style=\"width:100%; height:500px;\"><\/div><div class=\"fusion-clearfix\"><\/div><\/div><\/div><\/div><\/div><\/p>\n","protected":false},"excerpt":{"rendered":"","protected":false},"author":1,"featured_media":0,"parent":0,"menu_order":0,"comment_status":"closed","ping_status":"closed","template":"100-width.php","meta":{"footnotes":""},"class_list":["post-1175","page","type-page","status-publish","hentry"],"_links":{"self":[{"href":"https:\/\/imlauer.com\/hotel-imlauer-wien\/wp-json\/wp\/v2\/pages\/1175","targetHints":{"allow":["GET"]}}],"collection":[{"href":"https:\/\/imlauer.com\/hotel-imlauer-wien\/wp-json\/wp\/v2\/pages"}],"about":[{"href":"https:\/\/imlauer.com\/hotel-imlauer-wien\/wp-json\/wp\/v2\/types\/page"}],"author":[{"embeddable":true,"href":"https:\/\/imlauer.com\/hotel-imlauer-wien\/wp-json\/wp\/v2\/users\/1"}],"replies":[{"embeddable":true,"href":"https:\/\/imlauer.com\/hotel-imlauer-wien\/wp-json\/wp\/v2\/comments?post=1175"}],"version-history":[{"count":18,"href":"https:\/\/imlauer.com\/hotel-imlauer-wien\/wp-json\/wp\/v2\/pages\/1175\/revisions"}],"predecessor-version":[{"id":2625,"href":"https:\/\/imlauer.com\/hotel-imlauer-wien\/wp-json\/wp\/v2\/pages\/1175\/revisions\/2625"}],"wp:attachment":[{"href":"https:\/\/imlauer.com\/hotel-imlauer-wien\/wp-json\/wp\/v2\/media?parent=1175"}],"curies":[{"name":"wp","href":"https:\/\/api.w.org\/{rel}","templated":true}]}}