{"id":54,"date":"2025-02-03T11:32:50","date_gmt":"2025-02-03T11:32:50","guid":{"rendered":"https:\/\/imlauer.com\/hotel-imlauer-wien\/index.php\/konferenzpauschalen\/"},"modified":"2026-03-23T08:58:37","modified_gmt":"2026-03-23T08:58:37","slug":"konferenzpauschalen","status":"publish","type":"page","link":"https:\/\/imlauer.com\/hotel-imlauer-wien\/konferenzpauschalen\/","title":{"rendered":"Konferenzpauschalen"},"content":{"rendered":"<p><div class=\"fusion-fullwidth fullwidth-box fusion-builder-row-1 nonhundred-percent-fullwidth non-hundred-percent-height-scrolling fusion-equal-height-columns fusion-no-small-visibility\" style=\"--awb-background-position:left top;--awb-border-sizes-top:0px;--awb-border-sizes-bottom:0px;--awb-border-sizes-left:0px;--awb-border-sizes-right:0px;--awb-border-radius-top-left:0px;--awb-border-radius-top-right:0px;--awb-border-radius-bottom-right:0px;--awb-border-radius-bottom-left:0px;--awb-padding-top:0px;--awb-padding-bottom:35px;--awb-margin-top:40px;--awb-flex-wrap:wrap;\" ><div class=\"fusion-builder-row fusion-row\"><div class=\"fusion-layout-column fusion_builder_column fusion-builder-column-0 fusion_builder_column_3_5 3_5 fusion-three-fifth fusion-column-first\" style=\"--awb-padding-top:40px;--awb-padding-right:40px;--awb-padding-bottom:40px;--awb-padding-left:40px;--awb-bg-color:#ffffff;--awb-bg-color-hover:#ffffff;--awb-bg-size:cover;--awb-border-color:#ebeef1;--awb-border-top:0;--awb-border-right:0;--awb-border-bottom:0;--awb-border-left:0;--awb-border-style:solid;width:58.4%; margin-right: 4%;\"><div class=\"fusion-column-wrapper fusion-column-has-shadow fusion-flex-column-wrapper-legacy\"><div class=\"fusion-column-content-centered\"><div class=\"fusion-column-content\"><div class=\"fusion-slider-sc fusion-flexslider-loading flexslider flexslider-hover-type-zoomin\" data-slideshow_autoplay=\"1\" data-slideshow_smooth_height=\"0\" data-slideshow_speed=\"7000\" style=\"max-width:100%;height:100%;\"><ul class=\"slides\"><li class=\"image\"><span class=\"lazyload fusion-image-hover-element hover-type-zoomin\"><img decoding=\"async\" src=\"https:\/\/imlauer.com\/hotel-imlauer-wien\/wp-content\/uploads\/2025\/02\/Hotel-IMLAUER-Nestroy-Wien-Raum-Johann-3.jpg\" data-orig-src=\"https:\/\/imlauer.com\/hotel-imlauer-wien\/wp-content\/uploads\/2025\/02\/Hotel-IMLAUER-Nestroy-Wien-Raum-Johann-3.jpg\" width=\"1000\" height=\"667\" class=\"lazyload wp-image-406\" srcset=\"data:image\/svg+xml,%3Csvg%20xmlns%3D%27http%3A%2F%2Fwww.w3.org%2F2000%2Fsvg%27%20width%3D%271000%27%20height%3D%27667%27%20viewBox%3D%270%200%201000%20667%27%3E%3Crect%20width%3D%271000%27%20height%3D%27667%27%20fill-opacity%3D%220%22%2F%3E%3C%2Fsvg%3E\" data-srcset=\"https:\/\/imlauer.com\/hotel-imlauer-wien\/wp-content\/uploads\/2025\/02\/Hotel-IMLAUER-Nestroy-Wien-Raum-Johann-3-200x133.jpg 200w, https:\/\/imlauer.com\/hotel-imlauer-wien\/wp-content\/uploads\/2025\/02\/Hotel-IMLAUER-Nestroy-Wien-Raum-Johann-3-400x267.jpg 400w, https:\/\/imlauer.com\/hotel-imlauer-wien\/wp-content\/uploads\/2025\/02\/Hotel-IMLAUER-Nestroy-Wien-Raum-Johann-3-600x400.jpg 600w, https:\/\/imlauer.com\/hotel-imlauer-wien\/wp-content\/uploads\/2025\/02\/Hotel-IMLAUER-Nestroy-Wien-Raum-Johann-3-800x534.jpg 800w, https:\/\/imlauer.com\/hotel-imlauer-wien\/wp-content\/uploads\/2025\/02\/Hotel-IMLAUER-Nestroy-Wien-Raum-Johann-3.jpg 1000w\" data-sizes=\"auto\" data-orig-sizes=\"(max-width: 969px) 100vw, 800px\" \/><\/span><\/li><\/ul><\/div><\/div><\/div><div class=\"fusion-clearfix\"><\/div><\/div><\/div><div class=\"fusion-layout-column fusion_builder_column fusion-builder-column-1 fusion_builder_column_2_5 2_5 fusion-two-fifth fusion-column-last\" style=\"--awb-bg-blend:overlay;--awb-bg-size:cover;width:37.6%;\"><div class=\"fusion-column-wrapper fusion-column-has-shadow fusion-flex-column-wrapper-legacy\"><div class=\"fusion-column-content-centered\"><div class=\"fusion-column-content\"><div class=\"fusion-text fusion-text-1\"><p style=\"letter-spacing: 4px; font-size: 13px; text-align: center; margin-bottom: 0px;\">HIER IST (NOCH) MEHR F\u00dcR SIE DRIN<\/p>\n<h1 style=\"text-align: center;\">Konferenzpauschale im IMLAUER &amp; Nestroy Hotel Wien<\/h1>\n<\/div><div class=\"fusion-text fusion-text-2\"><p style=\"text-align: center;\">Die Konferenzpauschalen des IMLAUER &amp; Nestroy Hotel Wien sind ideal f\u00fcr Sie, wenn Sie gerne im Vorhinein wissen, was Sie erwartet.<\/p>\n<p style=\"text-align: center;\">Ob Sie ein<strong> Meeting f\u00fcr einen halben<\/strong> oder den <strong>ganzen Tag<\/strong> planen, um Ihr Seminar oder Ihre Konferenz abzuhalten: Mit den Konferenzpauschalen des IMLAUER &amp; Nestroy Hotel Wien schn\u00fcren wir Ihnen ein umfangreiches und<strong> praktisches Rundum-sorglos-Paket<\/strong>!<\/p>\n<p style=\"text-align: center;\">Sie haben Fragen oder w\u00fcnschen ein<strong> individuelles Angebot<\/strong>? Wir freuen uns auf Ihre Anfrage beim Seminarhotel IMLAUER &amp; Nestroy Wien!<\/p>\n<\/div><\/div><\/div><div class=\"fusion-clearfix\"><\/div><\/div><\/div><\/div><\/div><div class=\"fusion-fullwidth fullwidth-box fusion-builder-row-2 nonhundred-percent-fullwidth non-hundred-percent-height-scrolling fusion-equal-height-columns fusion-no-medium-visibility fusion-no-large-visibility\" style=\"--awb-background-position:left top;--awb-border-sizes-top:0px;--awb-border-sizes-bottom:0px;--awb-border-sizes-left:0px;--awb-border-sizes-right:0px;--awb-border-radius-top-left:0px;--awb-border-radius-top-right:0px;--awb-border-radius-bottom-right:0px;--awb-border-radius-bottom-left:0px;--awb-padding-top:0px;--awb-padding-bottom:35px;--awb-margin-top:40px;--awb-flex-wrap:wrap;\" ><div class=\"fusion-builder-row fusion-row\"><div class=\"fusion-layout-column fusion_builder_column fusion-builder-column-2 fusion_builder_column_3_5 3_5 fusion-three-fifth fusion-column-first\" style=\"--awb-padding-top:10px;--awb-padding-bottom:10px;--awb-bg-color:#ffffff;--awb-bg-color-hover:#ffffff;--awb-bg-size:cover;--awb-border-color:#ebeef1;--awb-border-top:0;--awb-border-right:0;--awb-border-bottom:0;--awb-border-left:0;--awb-border-style:solid;width:58.4%; margin-right: 4%;\"><div class=\"fusion-column-wrapper fusion-column-has-shadow fusion-flex-column-wrapper-legacy\"><div class=\"fusion-column-content-centered\"><div class=\"fusion-column-content\"><div class=\"fusion-slider-sc fusion-flexslider-loading flexslider flexslider-hover-type-zoomin slider_rahmen\" data-slideshow_autoplay=\"1\" data-slideshow_smooth_height=\"0\" data-slideshow_speed=\"7000\" style=\"max-width:100%;height:100%;\"><ul class=\"slides\"><li class=\"image\"><span class=\"lazyload fusion-image-hover-element hover-type-zoomin\"><img decoding=\"async\" src=\"data:image\/gif;base64,R0lGODlhAQABAAAAACH5BAEKAAEALAAAAAABAAEAAAICTAEAOw==\" data-orig-src=\"https:\/\/imlauer.com\/hotel-imlauer-wien\/wp-content\/uploads\/sites\/8\/2020\/02\/Hotel-IMLAUER-Nestroy-Wien-Raum-Johann.jpg\" class=\"lazyload wp-image-5951\" \/><\/span><\/li><\/ul><\/div><\/div><\/div><div class=\"fusion-clearfix\"><\/div><\/div><\/div><div class=\"fusion-layout-column fusion_builder_column fusion-builder-column-3 fusion_builder_column_2_5 2_5 fusion-two-fifth fusion-column-last\" style=\"--awb-bg-blend:overlay;--awb-bg-size:cover;width:37.6%;\"><div class=\"fusion-column-wrapper fusion-column-has-shadow fusion-flex-column-wrapper-legacy\"><div class=\"fusion-column-content-centered\"><div class=\"fusion-column-content\"><div class=\"fusion-text fusion-text-3\"><p style=\"letter-spacing: 4px; font-size: 13px; text-align: center; margin-bottom: 0px;\">HIER IST (NOCH) MEHR F\u00dcR SIE DRIN<\/p>\n<h2 style=\"text-align: center; font-size: 25px;\">Konferenzpauschale im IMLAUER &amp; Nestroy Hotel Wien<\/h2>\n<\/div><div class=\"fusion-text fusion-text-4\"><p style=\"text-align: center;\">Die Konferenzpauschalen des IMLAUER &amp; Nestroy Hotel Wien sind ideal f\u00fcr Sie, wenn Sie gerne im Vorhinein wissen, was Sie erwartet.<\/p>\n<p style=\"text-align: center;\">Ob Sie ein<strong> Meeting f\u00fcr einen halben<\/strong> oder den <strong>ganzen Tag<\/strong> planen, um Ihr Seminar oder Ihre Konferenz abzuhalten: Mit den Konferenzpauschalen des IMLAUER &amp; Nestroy Hotel Wien schn\u00fcren wir Ihnen ein umfangreiches und<strong> praktisches Rundum-sorglos-Paket<\/strong>!<\/p>\n<p style=\"text-align: center;\">Sie haben Fragen oder w\u00fcnschen ein<strong> individuelles Angebot<\/strong>? Wir freuen uns auf Ihre Anfrage beim Seminarhotel IMLAUER Wien!<\/p>\n<\/div><\/div><\/div><div class=\"fusion-clearfix\"><\/div><\/div><\/div><\/div><\/div><div class=\"fusion-fullwidth fullwidth-box fusion-builder-row-3 nonhundred-percent-fullwidth non-hundred-percent-height-scrolling fusion-equal-height-columns\" style=\"--awb-border-radius-top-left:0px;--awb-border-radius-top-right:0px;--awb-border-radius-bottom-right:0px;--awb-border-radius-bottom-left:0px;--awb-margin-top:40px;--awb-flex-wrap:wrap;\" ><div class=\"fusion-builder-row fusion-row\"><div class=\"fusion-layout-column fusion_builder_column fusion-builder-column-4 fusion_builder_column_1_2 1_2 fusion-one-half fusion-column-first\" style=\"--awb-padding-top:5%;--awb-padding-right:15%;--awb-padding-bottom:5%;--awb-padding-left:15%;--awb-bg-size:cover;--awb-border-color:#d1d1d1;--awb-border-top:1px;--awb-border-right:1px;--awb-border-bottom:1px;--awb-border-left:1px;--awb-border-style:solid;width:50%;width:calc(50% - ( ( 4% ) * 0.5 ) );margin-right: 4%;\"><div class=\"fusion-column-wrapper fusion-column-has-shadow fusion-flex-column-wrapper-legacy\"><div class=\"fusion-text fusion-text-5\"><p style=\"letter-spacing: 4px; font-size: 13px; text-align: center; margin-bottom: 10px;\">In jeder Pauschale enthalten<\/p>\n<h2 style=\"text-align: center;\">Ganztagspauschale<\/h2>\n<\/div><ul style=\"--awb-size:17px;--awb-iconcolor:#cbaa5c;--awb-line-height:28.9px;--awb-icon-width:28.9px;--awb-icon-height:28.9px;--awb-icon-margin:11.9px;--awb-content-margin:40.8px;\" class=\"fusion-checklist fusion-checklist-1 fusion-checklist-default type-icons\"><li class=\"fusion-li-item\" style=\"\"><span class=\"icon-wrapper circle-no\"><i class=\"fusion-li-icon fa-euro-sign fas\" aria-hidden=\"true\"><\/i><\/span><div class=\"fusion-li-item-content\">\n<p style=\"text-align: left;\">Raummiete und Bereitstellungskosten<\/p>\n<\/div><\/li><li class=\"fusion-li-item\" style=\"\"><span class=\"icon-wrapper circle-no\"><i class=\"fusion-li-icon fa-wifi fas\" aria-hidden=\"true\"><\/i><\/span><div class=\"fusion-li-item-content\">\n<p style=\"text-align: left;\">WLAN Zugang f\u00fcr alle Tagungsteilnehmer<\/p>\n<\/div><\/li><li class=\"fusion-li-item\" style=\"\"><span class=\"icon-wrapper circle-no\"><i class=\"fusion-li-icon fa-mug-hot fas\" aria-hidden=\"true\"><\/i><\/span><div class=\"fusion-li-item-content\">\n<p style=\"text-align: left;\">Willkommenskaffee und Gugelhupf<\/p>\n<\/div><\/li><li class=\"fusion-li-item\" style=\"\"><span class=\"icon-wrapper circle-no\"><i class=\"fusion-li-icon fa-apple-alt fas\" aria-hidden=\"true\"><\/i><\/span><div class=\"fusion-li-item-content\">\n<p style=\"text-align: left;\">Frisches Obst<\/p>\n<\/div><\/li><li class=\"fusion-li-item\" style=\"\"><span class=\"icon-wrapper circle-no\"><i class=\"fusion-li-icon fa-coffee fas\" aria-hidden=\"true\"><\/i><\/span><div class=\"fusion-li-item-content\">\n<p style=\"text-align: left;\">Kaffeepause mit Kaffee, Tee, S\u00e4ften, Mineralwasser, pikanten Snacks und einer s\u00fc\u00dfen \u00dcberraschung<\/p>\n<\/div><\/li><li class=\"fusion-li-item\" style=\"\"><span class=\"icon-wrapper circle-no\"><i class=\"fusion-li-icon fa-utensils fas\" aria-hidden=\"true\"><\/i><\/span><div class=\"fusion-li-item-content\">\n<p style=\"text-align: left;\">3-Gang-Businesslunch-Men\u00fc (2 verschiedene Hauptgerichte zur Wahl) inklusive einem Getr\u00e4nk pro Person<\/p>\n<\/div><\/li><li class=\"fusion-li-item\" style=\"\"><span class=\"icon-wrapper circle-no\"><i class=\"fusion-li-icon fa-glass-whiskey fas\" aria-hidden=\"true\"><\/i><\/span><div class=\"fusion-li-item-content\">\n<p>Unlimitiert Mineralwasser im Raum (still &amp; prickelnd)<\/p>\n<\/div><\/li><li class=\"fusion-li-item\" style=\"\"><span class=\"icon-wrapper circle-no\"><i class=\"fusion-li-icon fa-mug-hot fas\" aria-hidden=\"true\"><\/i><\/span><div class=\"fusion-li-item-content\">\n<p style=\"text-align: left;\">Unlimitierter Kaffeegenuss im Seminarbereich<\/p>\n<\/div><\/li><li class=\"fusion-li-item\" style=\"\"><span class=\"icon-wrapper circle-no\"><i class=\"fusion-li-icon fa-mug-hot fas\" aria-hidden=\"true\"><\/i><\/span><div class=\"fusion-li-item-content\">Kaffeepause am Nachmittag mit Kaffee, Tee, S\u00e4ften, Mineralwasser und s\u00fc\u00dfen Snacks<\/div><\/li><li class=\"fusion-li-item\" style=\"\"><span class=\"icon-wrapper circle-no\"><i class=\"fusion-li-icon fa-hands-helping fas\" aria-hidden=\"true\"><\/i><\/span><div class=\"fusion-li-item-content\">\n<p style=\"text-align: left;\">Professionelle Seminarbetreuung von unserem Meeting-Supervisor<\/p>\n<\/div><\/li><li class=\"fusion-li-item\" style=\"\"><span class=\"icon-wrapper circle-no\"><i class=\"fusion-li-icon fa-microchip fas\" aria-hidden=\"true\"><\/i><\/span><div class=\"fusion-li-item-content\">\n<p style=\"text-align: left;\">Standard Technik<\/p>\n<\/div><\/li><li class=\"fusion-li-item\" style=\"\"><span class=\"icon-wrapper circle-no\"><i class=\"fusion-li-icon fa-camera fas\" aria-hidden=\"true\"><\/i><\/span><div class=\"fusion-li-item-content\">\n<p style=\"text-align: left;\">Beamer<\/p>\n<\/div><\/li><\/ul><div class=\"fusion-text fusion-text-6\"><p style=\"letter-spacing: 4px; font-size: 13px; text-align: center; margin-bottom: 10px;\">Ganztagspauschale:<\/p>\n<h2 style=\"text-align: center;\">ab \u20ac 89,00 (ab 10 Personen)<\/h2>\n<\/div><div class=\"fusion-clearfix\"><\/div><\/div><\/div><div class=\"fusion-layout-column fusion_builder_column fusion-builder-column-5 fusion_builder_column_1_2 1_2 fusion-one-half fusion-column-last\" style=\"--awb-padding-top:5%;--awb-padding-right:15%;--awb-padding-bottom:5%;--awb-padding-left:15%;--awb-bg-size:cover;--awb-border-color:#d1d1d1;--awb-border-top:1px;--awb-border-right:1px;--awb-border-bottom:1px;--awb-border-left:1px;--awb-border-style:solid;width:50%;width:calc(50% - ( ( 4% ) * 0.5 ) );\"><div class=\"fusion-column-wrapper fusion-column-has-shadow fusion-flex-column-wrapper-legacy\"><div class=\"fusion-text fusion-text-7\"><p style=\"letter-spacing: 4px; font-size: 13px; text-align: center; margin-bottom: 10px;\">In jeder Pauschale enthalten<\/p>\n<h2 style=\"text-align: center;\">Halbtagspauschale<\/h2>\n<\/div><ul style=\"--awb-size:17px;--awb-iconcolor:#cbaa5c;--awb-line-height:28.9px;--awb-icon-width:28.9px;--awb-icon-height:28.9px;--awb-icon-margin:11.9px;--awb-content-margin:40.8px;\" class=\"fusion-checklist fusion-checklist-2 fusion-checklist-default type-icons\"><li class=\"fusion-li-item\" style=\"\"><span class=\"icon-wrapper circle-no\"><i class=\"fusion-li-icon fa-euro-sign fas\" aria-hidden=\"true\"><\/i><\/span><div class=\"fusion-li-item-content\">\n<p style=\"text-align: left;\">Raummiete und Bereitstellungskosten<\/p>\n<\/div><\/li><li class=\"fusion-li-item\" style=\"\"><span class=\"icon-wrapper circle-no\"><i class=\"fusion-li-icon fa-wifi fas\" aria-hidden=\"true\"><\/i><\/span><div class=\"fusion-li-item-content\">\n<p style=\"text-align: left;\">WLAN Zugang f\u00fcr alle Tagungsteilnehmer<\/p>\n<\/div><\/li><li class=\"fusion-li-item\" style=\"\"><span class=\"icon-wrapper circle-no\"><i class=\"fusion-li-icon fa-mug-hot fas\" aria-hidden=\"true\"><\/i><\/span><div class=\"fusion-li-item-content\">\n<p style=\"text-align: left;\">Willkommenskaffee und Gugelhupf<\/p>\n<\/div><\/li><li class=\"fusion-li-item\" style=\"\"><span class=\"icon-wrapper circle-no\"><i class=\"fusion-li-icon fa-apple-alt fas\" aria-hidden=\"true\"><\/i><\/span><div class=\"fusion-li-item-content\">\n<p style=\"text-align: left;\">Frisches Obst<\/p>\n<\/div><\/li><li class=\"fusion-li-item\" style=\"\"><span class=\"icon-wrapper circle-no\"><i class=\"fusion-li-icon fa-coffee fas\" aria-hidden=\"true\"><\/i><\/span><div class=\"fusion-li-item-content\">\n<p style=\"text-align: left;\">Kaffeepause am Vormittag ODER am Nachmittag mit Kaffee, Tee, S\u00e4ften, Mineralwasser, pikanten Snacks und einer s\u00fc\u00dfen \u00dcberraschung<\/p>\n<\/div><\/li><li class=\"fusion-li-item\" style=\"\"><span class=\"icon-wrapper circle-no\"><i class=\"fusion-li-icon fa-utensils fas\" aria-hidden=\"true\"><\/i><\/span><div class=\"fusion-li-item-content\">\n<p style=\"text-align: left;\">3-Gang-Businesslunch-Men\u00fc (2 verschiedene Hauptgerichte zur Wahl) inklusive einem Getr\u00e4nk pro Person<\/p>\n<\/div><\/li><li class=\"fusion-li-item\" style=\"\"><span class=\"icon-wrapper circle-no\"><i class=\"fusion-li-icon fa-glass-whiskey fas\" aria-hidden=\"true\"><\/i><\/span><div class=\"fusion-li-item-content\">\n<p style=\"text-align: left;\">Unlimitiert Mineralwasser im Raum (still &amp; prickelnd)<\/p>\n<\/div><\/li><li class=\"fusion-li-item\" style=\"\"><span class=\"icon-wrapper circle-no\"><i class=\"fusion-li-icon fa-mug-hot fas\" aria-hidden=\"true\"><\/i><\/span><div class=\"fusion-li-item-content\">\n<p style=\"text-align: left;\">Unlimitierter Kaffeegenuss im Seminarbereich<\/p>\n<\/div><\/li><li class=\"fusion-li-item\" style=\"\"><span class=\"icon-wrapper circle-no\"><i class=\"fusion-li-icon fa-hands-helping fas\" aria-hidden=\"true\"><\/i><\/span><div class=\"fusion-li-item-content\">\n<p style=\"text-align: left;\">Professionelle Seminarbetreuung von unserem Meeting-Supervisor<\/p>\n<\/div><\/li><li class=\"fusion-li-item\" style=\"\"><span class=\"icon-wrapper circle-no\"><i class=\"fusion-li-icon fa-microchip fas\" aria-hidden=\"true\"><\/i><\/span><div class=\"fusion-li-item-content\">\n<p style=\"text-align: left;\">Standard Technik<\/p>\n<\/div><\/li><li class=\"fusion-li-item\" style=\"\"><span class=\"icon-wrapper circle-no\"><i class=\"fusion-li-icon fa-camera fas\" aria-hidden=\"true\"><\/i><\/span><div class=\"fusion-li-item-content\">\n<p style=\"text-align: left;\">Beamer<\/p>\n<\/div><\/li><\/ul><div class=\"fusion-sep-clear\"><\/div><div class=\"fusion-separator fusion-full-width-sep\" style=\"margin-left: auto;margin-right: auto;margin-bottom:30px;width:100%;\"><\/div><div class=\"fusion-sep-clear\"><\/div><div class=\"fusion-text fusion-text-8\"><p style=\"letter-spacing: 4px; font-size: 13px; text-align: center; margin-bottom: 10px;\">Halbtagspauschale:<\/p>\n<h2 style=\"text-align: center;\">ab \u20ac 79,00 (ab 10 Personen)<\/h2>\n<\/div><div class=\"fusion-clearfix\"><\/div><\/div><\/div><\/div><\/div><div class=\"fusion-fullwidth fullwidth-box fusion-builder-row-4 has-pattern-background has-mask-background nonhundred-percent-fullwidth non-hundred-percent-height-scrolling\" style=\"--awb-border-radius-top-left:0px;--awb-border-radius-top-right:0px;--awb-border-radius-bottom-right:0px;--awb-border-radius-bottom-left:0px;--awb-flex-wrap:wrap;\" ><div class=\"fusion-builder-row fusion-row\"><div class=\"fusion-layout-column fusion_builder_column fusion-builder-column-6 fusion_builder_column_1_1 1_1 fusion-one-full fusion-column-first fusion-column-last\" style=\"--awb-bg-size:cover;\"><div class=\"fusion-column-wrapper fusion-column-has-shadow fusion-flex-column-wrapper-legacy\"><div class=\"fusion-text fusion-text-9\"><h2 style=\"text-align: center;\">Rufen Sie uns einfach an oder schreiben Sie uns eine E-Mail. Wir freuen uns auf Sie!<\/h2>\n<\/div><ul style=\"--awb-size:17px;--awb-iconcolor:#cbaa5c;--awb-line-height:28.9px;--awb-icon-width:28.9px;--awb-icon-height:28.9px;--awb-icon-margin:11.9px;--awb-content-margin:40.8px;\" class=\"fusion-checklist fusion-checklist-3 fusion-checklist-default type-icons address\"><li class=\"fusion-li-item\" style=\"\"><span class=\"icon-wrapper circle-no\"><i class=\"fusion-li-icon fa-phone-alt fas\" aria-hidden=\"true\"><\/i><\/span><div class=\"fusion-li-item-content\">\n<p>Tel: <a href=\"tel:+43121140126\">+43 (0)1 211 40 126 <\/a><\/p>\n<\/div><\/li><li class=\"fusion-li-item\" style=\"\"><span class=\"icon-wrapper circle-no\"><i class=\"fusion-li-icon fa-envelope far\" aria-hidden=\"true\"><\/i><\/span><div class=\"fusion-li-item-content\">\n<p><a href=\"mailto:reservierung.wien@imlauer.com\">reservierung.wien@imlauer.com<\/a><\/p>\n<\/div><\/li><li class=\"fusion-li-item\" style=\"\"><span class=\"icon-wrapper circle-no\"><i class=\"fusion-li-icon fa-map-marked-alt fas\" aria-hidden=\"true\"><\/i><\/span><div class=\"fusion-li-item-content\">\n<p>Rotensterngasse 10-12<br \/>\n1020 Wien<\/p>\n<\/div><\/li><\/ul><div class=\"fusion-clearfix\"><\/div><\/div><\/div><\/div><\/div><\/p>\n","protected":false},"excerpt":{"rendered":"","protected":false},"author":1,"featured_media":0,"parent":0,"menu_order":0,"comment_status":"closed","ping_status":"closed","template":"100-width.php","meta":{"footnotes":""},"class_list":["post-54","page","type-page","status-publish","hentry"],"_links":{"self":[{"href":"https:\/\/imlauer.com\/hotel-imlauer-wien\/wp-json\/wp\/v2\/pages\/54","targetHints":{"allow":["GET"]}}],"collection":[{"href":"https:\/\/imlauer.com\/hotel-imlauer-wien\/wp-json\/wp\/v2\/pages"}],"about":[{"href":"https:\/\/imlauer.com\/hotel-imlauer-wien\/wp-json\/wp\/v2\/types\/page"}],"author":[{"embeddable":true,"href":"https:\/\/imlauer.com\/hotel-imlauer-wien\/wp-json\/wp\/v2\/users\/1"}],"replies":[{"embeddable":true,"href":"https:\/\/imlauer.com\/hotel-imlauer-wien\/wp-json\/wp\/v2\/comments?post=54"}],"version-history":[{"count":5,"href":"https:\/\/imlauer.com\/hotel-imlauer-wien\/wp-json\/wp\/v2\/pages\/54\/revisions"}],"predecessor-version":[{"id":2629,"href":"https:\/\/imlauer.com\/hotel-imlauer-wien\/wp-json\/wp\/v2\/pages\/54\/revisions\/2629"}],"wp:attachment":[{"href":"https:\/\/imlauer.com\/hotel-imlauer-wien\/wp-json\/wp\/v2\/media?parent=54"}],"curies":[{"name":"wp","href":"https:\/\/api.w.org\/{rel}","templated":true}]}}