{"id":70,"date":"2025-02-03T11:32:49","date_gmt":"2025-02-03T11:32:49","guid":{"rendered":"https:\/\/imlauer.com\/hotel-imlauer-wien\/index.php\/hotel-mit-parkplatz\/"},"modified":"2025-04-17T10:28:27","modified_gmt":"2025-04-17T10:28:27","slug":"hotel-mit-parkplatz","status":"publish","type":"page","link":"https:\/\/imlauer.com\/hotel-imlauer-wien\/hotel-mit-parkplatz\/","title":{"rendered":"Hotel Wien mit Parkplatz &#8211; zentrales Stadthotel"},"content":{"rendered":"<p><div class=\"fusion-fullwidth fullwidth-box fusion-builder-row-1 has-pattern-background has-mask-background nonhundred-percent-fullwidth non-hundred-percent-height-scrolling back-bild\" style=\"--awb-border-radius-top-left:0px;--awb-border-radius-top-right:0px;--awb-border-radius-bottom-right:0px;--awb-border-radius-bottom-left:0px;--awb-flex-wrap:wrap;\" ><div class=\"fusion-builder-row fusion-row\"><div class=\"fusion-layout-column fusion_builder_column fusion-builder-column-0 fusion_builder_column_1_1 1_1 fusion-one-full fusion-column-first fusion-column-last\" style=\"--awb-bg-size:cover;\"><div class=\"fusion-column-wrapper fusion-column-has-shadow fusion-flex-column-wrapper-legacy\"><div class=\"fusion-sep-clear\"><\/div><div class=\"fusion-separator fusion-full-width-sep\" style=\"margin-left: auto;margin-right: auto;margin-top:40px;width:100%;\"><\/div><div class=\"fusion-sep-clear\"><\/div><div class=\"fusion-clearfix\"><\/div><\/div><\/div><\/div><\/div><div class=\"fusion-fullwidth fullwidth-box fusion-builder-row-2 has-pattern-background has-mask-background nonhundred-percent-fullwidth non-hundred-percent-height-scrolling fusion-equal-height-columns\" style=\"--awb-background-position:left top;--awb-border-sizes-top:0px;--awb-border-sizes-bottom:0px;--awb-border-sizes-left:0px;--awb-border-sizes-right:0px;--awb-border-radius-top-left:0px;--awb-border-radius-top-right:0px;--awb-border-radius-bottom-right:0px;--awb-border-radius-bottom-left:0px;--awb-margin-top:50px;--awb-margin-bottom:50px;--awb-flex-wrap:wrap;\" ><div class=\"fusion-builder-row fusion-row\"><div class=\"fusion-layout-column fusion_builder_column fusion-builder-column-1 fusion_builder_column_1_2 1_2 fusion-one-half fusion-column-first\" style=\"--awb-padding-top:0px;--awb-padding-right:10%;--awb-padding-bottom:0px;--awb-padding-left:10%;--awb-bg-size:cover;width:48%; margin-right: 4%;\" data-scroll-devices=\"small-visibility,medium-visibility,large-visibility\"><div class=\"fusion-column-wrapper fusion-column-has-shadow fusion-flex-column-wrapper-legacy\"><div class=\"fusion-column-content-centered\"><div class=\"fusion-column-content\"><div class=\"fusion-image-element in-legacy-container\" style=\"--awb-caption-title-font-family:var(--h2_typography-font-family);--awb-caption-title-font-weight:var(--h2_typography-font-weight);--awb-caption-title-font-style:var(--h2_typography-font-style);--awb-caption-title-size:var(--h2_typography-font-size);--awb-caption-title-transform:var(--h2_typography-text-transform);--awb-caption-title-line-height:var(--h2_typography-line-height);--awb-caption-title-letter-spacing:var(--h2_typography-letter-spacing);\"><span class=\" fusion-imageframe imageframe-dropshadow imageframe-1 hover-type-none\" style=\"border:13px solid #ffffff;-webkit-box-shadow: 3px 3px 7px rgba(0,0,0,0.3);box-shadow: 3px 3px 7px rgba(0,0,0,0.3);\"><img decoding=\"async\" src=\"data:image\/gif;base64,R0lGODlhAQABAAAAACH5BAEKAAEALAAAAAABAAEAAAICTAEAOw==\" data-orig-src=\"https:\/\/imlauer.com\/hotel-imlauer-wien\/wp-content\/uploads\/sites\/8\/2024\/03\/druck_imlauer_wien_1123-8180-scaled.jpg\" alt class=\"lazyload img-responsive\"\/><\/span><\/div><\/div><\/div><div class=\"fusion-clearfix\"><\/div><\/div><\/div><div class=\"fusion-layout-column fusion_builder_column fusion-builder-column-2 fusion_builder_column_1_2 1_2 fusion-one-half fusion-column-last\" style=\"--awb-bg-size:cover;--awb-margin-top:10px;--awb-margin-bottom:10px;width:48%;\"><div class=\"fusion-column-wrapper fusion-column-has-shadow fusion-flex-column-wrapper-legacy\"><div class=\"fusion-column-content-centered\"><div class=\"fusion-column-content\"><div class=\"fusion-text fusion-text-1\"><h1 style=\"text-align: center;\"><span class=\"NormalTextRun SCXW181540755 BCX8\" data-ccp-parastyle=\"heading 1\">Hotel i<\/span><span class=\"NormalTextRun SCXW181540755 BCX8\" data-ccp-parastyle=\"heading 1\">n Wien mit Parkplatz<\/span><\/h1>\n<h3 style=\"text-align: center;\"><\/h3>\n<\/div><div class=\"fusion-text fusion-text-2\"><p class=\"fusion-text content fusion-responsive-typography-calculated\" style=\"text-align: center;\" data-fontsize=\"18\" data-lineheight=\"27px\">Bequem und einfach mit dem Auto zu erreichen ist das Hotel IMLAUER in Wien. Das Hotel liegt im 2. Bezirk in einer ruhigen, einbahnf\u00fchrenden Seitenstra\u00dfe und bietet mehrere Parkm\u00f6glichkeiten. W\u00e4hrend des Check-In halten Sie direkt vor dem Hoteleingang, danach stellen Sie ihr Auto in der ebenerdig gelegenen Parkgarage ab.<\/p>\n<\/div><\/div><\/div><div class=\"fusion-clearfix\"><\/div><\/div><\/div><\/div><\/div><div class=\"fusion-fullwidth fullwidth-box fusion-builder-row-3 has-pattern-background has-mask-background nonhundred-percent-fullwidth non-hundred-percent-height-scrolling fusion-equal-height-columns\" style=\"--awb-background-position:left top;--awb-border-sizes-top:0px;--awb-border-sizes-bottom:0px;--awb-border-sizes-left:0px;--awb-border-sizes-right:0px;--awb-border-radius-top-left:0px;--awb-border-radius-top-right:0px;--awb-border-radius-bottom-right:0px;--awb-border-radius-bottom-left:0px;--awb-margin-top:50px;--awb-margin-bottom:50px;--awb-flex-wrap:wrap;\" ><div class=\"fusion-builder-row fusion-row\"><div class=\"fusion-layout-column fusion_builder_column fusion-builder-column-3 fusion_builder_column_1_1 1_1 fusion-one-full fusion-column-first fusion-column-last\" style=\"--awb-bg-size:cover;--awb-margin-top:10px;--awb-margin-bottom:10px;\"><div class=\"fusion-column-wrapper fusion-column-has-shadow fusion-flex-column-wrapper-legacy\"><div class=\"fusion-column-content-centered\"><div class=\"fusion-column-content\"><div class=\"fusion-text fusion-text-3\"><h2 style=\"text-align: center;\"><span class=\"NormalTextRun SCXW164558809 BCX8\" data-ccp-parastyle=\"heading 2\">Komfortabel ankommen im <\/span><span class=\"NormalTextRun SCXW164558809 BCX8\" data-ccp-parastyle=\"heading 2\">IMLAUER Hotel Wien<\/span><\/h2>\n<\/div><div class=\"fusion-text fusion-text-4\"><p style=\"text-align: center;\">Ausgezeichnet gelegen, komfortabel und einfach auch mit dem eigenen Auto zu erreichen und mit einer Haltem\u00f6glichkeit direkt vor dem Haus, das zeichnet das IMLAUER Hotel Wien aus. Nach dem Check-In parken Sie ihr Auto bequem und sicher in der hoteleignen Parkgarage und m\u00fcssen nur die kleine Einbahnstra\u00dfe queren. H\u00f6chstm\u00f6gliche Sicherheit werden durch das mechanische Rolltor und die installierten Kameras geboten. Durch die zentrale Lage ist der 1. Bezirk, der weltber\u00fchmte Prater sowie die Donauinsel in unter 15 Minuten zu Fu\u00df erreichbar. Viele weitere Sehensw\u00fcrdigkeiten, Museen und Geheimtipps erreichen Sie mit der U-Bahn, die n\u00e4chste U-Bahn Station &#8222;Nestroy Platz&#8220; ist 350m entfernt. W\u00e4hrend Sie die Metropole an der Donau erkunden kann ihr E-Auto an einer der beiden Ladestationen in der IMLAUER Garage vollgetankt werden.<\/p>\n<\/div><\/div><\/div><div class=\"fusion-clearfix\"><\/div><\/div><\/div><\/div><\/div><div class=\"fusion-fullwidth fullwidth-box fusion-builder-row-4 has-pattern-background has-mask-background nonhundred-percent-fullwidth non-hundred-percent-height-scrolling fusion-equal-height-columns\" style=\"--awb-background-position:left top;--awb-border-sizes-top:0px;--awb-border-sizes-bottom:0px;--awb-border-sizes-left:0px;--awb-border-sizes-right:0px;--awb-border-radius-top-left:0px;--awb-border-radius-top-right:0px;--awb-border-radius-bottom-right:0px;--awb-border-radius-bottom-left:0px;--awb-margin-top:50px;--awb-margin-bottom:50px;--awb-flex-wrap:wrap;\" ><div class=\"fusion-builder-row fusion-row\"><div class=\"fusion-layout-column fusion_builder_column fusion-builder-column-4 fusion_builder_column_1_2 1_2 fusion-one-half fusion-column-first\" style=\"--awb-padding-right:10px;--awb-padding-left:10px;--awb-bg-size:cover;--awb-margin-top:10px;--awb-margin-bottom:10px;\" data-scroll-devices=\"small-visibility,medium-visibility,large-visibility\"><div class=\"fusion-column-wrapper fusion-column-has-shadow fusion-flex-column-wrapper-legacy\"><div class=\"fusion-column-content-centered\"><div class=\"fusion-column-content\"><div class=\"fusion-text fusion-text-5\"><h3 style=\"text-align: center;\">IMLAUER Hotel Wien<\/h3>\n<\/div><div class=\"fusion-sep-clear\"><\/div><div class=\"fusion-separator fusion-full-width-sep\" style=\"margin-left: auto;margin-right: auto;margin-top:20px;margin-bottom:10px;width:100%;\"><\/div><div class=\"fusion-sep-clear\"><\/div><div class=\"fusion-text fusion-text-6\"><p style=\"text-align: center;\">Eine Oase der Ruhe inmitten der multikulturellen Leopoldstadt befindet sich das 4-Stern-Hotel IMLAUER Wien. Erleben Sie Wien in all ihren Facetten, welche fu\u00dfl\u00e4ufig vom Hotel erreichbar sind. Nach Ihrer Sightseeing Tour entspannen Sie in der Sauna oder powern sich im Fitnessraum direkt im Hotel richtig aus. Bevor Sie zum Theaterbesuch oder zum Abendspaziergang starten l\u00e4dt die Nepomuk&#8217;s Bar, welche Sie im Erdgeschoss des charmanten Hotels erwartet, zu einem Aperitif oder einem Snack ein. Lassen Sie ihr Auto bequem in unserer Parkgarage stehen und laden Sie ihr E-Auto w\u00e4hrend Sie alle M\u00f6glichkeiten der Stadt genie\u00dfen.<\/p>\n<ul>\n<li>Haltem\u00f6glichkeit direkt vor dem Hoteleingang<\/li>\n<li>Preis: \u20ac 26,00\/24 Stunden in der Hoteleigenen Parkgarage<\/li>\n<li>Zwei E-Ladestation 0,45 \u20ac\/kWh, zzgl. Parkgeb\u00fchr<\/li>\n<\/ul>\n<\/div><div class=\"fusion-alignright\"><a class=\"fusion-button button-flat fusion-button-default-size button-default fusion-button-default button-1 fusion-button-default-span fusion-button-default-type\" target=\"_blank\" rel=\"noopener noreferrer\" href=\"https:\/\/onepagebooking.com\/imlauer\"><span class=\"fusion-button-text awb-button__text awb-button__text--default fusion-button-text-right\">Jetzt buchen<\/span><span class=\"fusion-button-icon-divider button-icon-divider-right\"><i class=\" fa fa-angle-right awb-button__icon awb-button__icon--default\" aria-hidden=\"true\"><\/i><\/span><\/a><\/div><div class=\"fusion-alignright\"><a class=\"fusion-button button-flat fusion-button-default-size button-default fusion-button-default button-2 fusion-button-default-span fusion-button-default-type\" target=\"_blank\" rel=\"noopener noreferrer\" href=\"https:\/\/imlauer.com\/hotel-imlauer-wien\/\"><span class=\"fusion-button-text awb-button__text awb-button__text--default fusion-button-text-right\">Hotel IMLAUER Wien<\/span><span class=\"fusion-button-icon-divider button-icon-divider-right\"><i class=\" fa fa-angle-right awb-button__icon awb-button__icon--default\" aria-hidden=\"true\"><\/i><\/span><\/a><\/div><div class=\"fusion-sep-clear\"><\/div><div class=\"fusion-separator fusion-full-width-sep\" style=\"margin-left: auto;margin-right: auto;margin-top:20px;margin-bottom:10px;width:100%;\"><\/div><div class=\"fusion-sep-clear\"><\/div><\/div><\/div><div class=\"fusion-clearfix\"><\/div><\/div><\/div><div class=\"fusion-layout-column fusion_builder_column fusion-builder-column-5 fusion_builder_column_1_2 1_2 fusion-one-half fusion-column-last\" style=\"--awb-bg-size:cover;width:48%;\"><div class=\"fusion-column-wrapper fusion-column-has-shadow fusion-flex-column-wrapper-legacy\"><div id=\"hotelimlauerwien_map\" style=\"width:100%; height:500px;\"><\/div><div class=\"fusion-clearfix\"><\/div><\/div><\/div><\/div><\/div><div class=\"fusion-fullwidth fullwidth-box fusion-builder-row-5 has-pattern-background has-mask-background nonhundred-percent-fullwidth non-hundred-percent-height-scrolling fusion-equal-height-columns\" style=\"--awb-background-position:left top;--awb-border-sizes-top:0px;--awb-border-sizes-bottom:0px;--awb-border-sizes-left:0px;--awb-border-sizes-right:0px;--awb-border-radius-top-left:0px;--awb-border-radius-top-right:0px;--awb-border-radius-bottom-right:0px;--awb-border-radius-bottom-left:0px;--awb-margin-top:50px;--awb-margin-bottom:50px;--awb-flex-wrap:wrap;\" ><div class=\"fusion-builder-row fusion-row\"><div class=\"fusion-layout-column fusion_builder_column fusion-builder-column-6 fusion_builder_column_1_2 1_2 fusion-one-half fusion-column-first\" style=\"--awb-padding-top:0px;--awb-padding-right:0px;--awb-padding-bottom:0px;--awb-padding-left:0px;--awb-bg-size:cover;\" data-scroll-devices=\"small-visibility,medium-visibility,large-visibility\"><div class=\"fusion-column-wrapper fusion-column-has-shadow fusion-flex-column-wrapper-legacy\"><div class=\"fusion-column-content-centered\"><div class=\"fusion-column-content\"><div class=\"fusion-image-element in-legacy-container\" style=\"--awb-caption-title-font-family:var(--h2_typography-font-family);--awb-caption-title-font-weight:var(--h2_typography-font-weight);--awb-caption-title-font-style:var(--h2_typography-font-style);--awb-caption-title-size:var(--h2_typography-font-size);--awb-caption-title-transform:var(--h2_typography-text-transform);--awb-caption-title-line-height:var(--h2_typography-line-height);--awb-caption-title-letter-spacing:var(--h2_typography-letter-spacing);\"><span class=\" fusion-imageframe imageframe-dropshadow imageframe-2 hover-type-none\" style=\"border:13px solid #ffffff;-webkit-box-shadow: 3px 3px 7px rgba(0,0,0,0.3);box-shadow: 3px 3px 7px rgba(0,0,0,0.3);\"><img decoding=\"async\" src=\"data:image\/gif;base64,R0lGODlhAQABAAAAACH5BAEKAAEALAAAAAABAAEAAAICTAEAOw==\" data-orig-src=\"https:\/\/imlauer.com\/hotel-imlauer-wien\/wp-content\/uploads\/sites\/8\/2024\/10\/auto-3107471_1920.jpg\" alt class=\"lazyload img-responsive\"\/><\/span><\/div><\/div><\/div><div class=\"fusion-clearfix\"><\/div><\/div><\/div><div class=\"fusion-layout-column fusion_builder_column fusion-builder-column-7 fusion_builder_column_1_2 1_2 fusion-one-half fusion-column-last\" style=\"--awb-padding-right:100px;--awb-padding-left:100px;--awb-bg-size:cover;--awb-margin-top:10px;--awb-margin-bottom:10px;\" data-scroll-devices=\"small-visibility,medium-visibility,large-visibility\"><div class=\"fusion-column-wrapper fusion-column-has-shadow fusion-flex-column-wrapper-legacy\"><div class=\"fusion-column-content-centered\"><div class=\"fusion-column-content\"><div class=\"fusion-text fusion-text-7\"><h2 style=\"text-align: center;\">Einfache Anreise zu unserem Hotel in Wien Leopoldstadt<\/h2>\n<\/div><div class=\"fusion-text fusion-text-8\"><p style=\"text-align: center;\">&#8222;Alle Wege f\u00fchren nach Rom&#8220; oder ins Hotel IMLAUER Wien. Durch die vielf\u00e4ltigen M\u00f6glichkeiten mit dem Auto nach Wien einzufahren empfehlen wir Ihnen unsere Adresse Rotensterngasse 10 in ihr Navigationssystem einzugeben. Das 4-Sterne-Hotel befindet sich in einer ruhigen Einbahnstra\u00dfe welche \u00fcber die Taborstra\u00dfe zu befahren ist.<\/p>\n<p style=\"text-align: left;\">Eine detaillierte Anfahrtsbeschreibung finden Sie unter:<\/p>\n<ul>\n<li style=\"text-align: left;\"><a href=\"https:\/\/imlauer.com\/hotel-imlauer-wien\/lage-anreise\/\">Mit dem PKW zum Hotel IMLAUER Wien<\/a><\/li>\n<\/ul>\n<\/div><\/div><\/div><div class=\"fusion-clearfix\"><\/div><\/div><\/div><\/div><\/div><div class=\"fusion-fullwidth fullwidth-box fusion-builder-row-6 fusion-flex-container has-pattern-background has-mask-background nonhundred-percent-fullwidth non-hundred-percent-height-scrolling\" style=\"--awb-border-radius-top-left:0px;--awb-border-radius-top-right:0px;--awb-border-radius-bottom-right:0px;--awb-border-radius-bottom-left:0px;--awb-flex-wrap:wrap;\" ><div class=\"fusion-builder-row fusion-row fusion-flex-align-items-flex-start fusion-flex-content-wrap\" style=\"max-width:1352px;margin-left: calc(-4% \/ 2 );margin-right: calc(-4% \/ 2 );\"><div class=\"fusion-layout-column fusion_builder_column fusion-builder-column-8 fusion_builder_column_1_1 1_1 fusion-flex-column\" style=\"--awb-bg-size:cover;--awb-width-large:100%;--awb-margin-top-large:0px;--awb-spacing-right-large:1.92%;--awb-margin-bottom-large:20px;--awb-spacing-left-large:1.92%;--awb-width-medium:100%;--awb-order-medium:0;--awb-spacing-right-medium:1.92%;--awb-spacing-left-medium:1.92%;--awb-width-small:100%;--awb-order-small:0;--awb-spacing-right-small:1.92%;--awb-spacing-left-small:1.92%;\"><div class=\"fusion-column-wrapper fusion-column-has-shadow fusion-flex-justify-content-flex-start fusion-content-layout-column\"><div class=\"fusion-separator fusion-full-width-sep\" style=\"align-self: center;margin-left: auto;margin-right: auto;margin-top:10px;margin-bottom:10px;width:100%;\"><\/div><div class=\"fusion-text fusion-text-9\"><h2 style=\"text-align: center;\">Kennen Sie schon unsere inbegriffenen IMLAUER Highlights in Wien?<\/h2>\n<p style=\"text-align: center;\">W\u00e4hrend ihres Aufenthalts k\u00f6nnen Sie die Annehmlichkeiten des 4-Sterne-Hotels in vollen Z\u00fcgen genie\u00dfen. Vom \u00fcppigen Fr\u00fchst\u00fccksbuffet zum Sauna- und Fitnessbereich \u00fcber die lauschige Bar im angenehmen Ambiente.<\/p>\n<\/div><div class=\"fusion-separator fusion-full-width-sep\" style=\"align-self: center;margin-left: auto;margin-right: auto;margin-top:10px;margin-bottom:10px;width:100%;\"><\/div><\/div><\/div><\/div><\/div><div class=\"fusion-fullwidth fullwidth-box fusion-builder-row-7 has-pattern-background has-mask-background nonhundred-percent-fullwidth non-hundred-percent-height-scrolling fusion-equal-height-columns\" style=\"--awb-background-position:left top;--awb-border-sizes-top:0px;--awb-border-sizes-bottom:0px;--awb-border-sizes-left:0px;--awb-border-sizes-right:0px;--awb-border-radius-top-left:0px;--awb-border-radius-top-right:0px;--awb-border-radius-bottom-right:0px;--awb-border-radius-bottom-left:0px;--awb-flex-wrap:wrap;\" ><div class=\"fusion-builder-row fusion-row\"><div class=\"fusion-layout-column fusion_builder_column fusion-builder-column-9 fusion_builder_column_1_3 1_3 fusion-one-third fusion-column-first\" style=\"--awb-padding-top:0px;--awb-padding-right:0px;--awb-padding-bottom:0px;--awb-padding-left:10%;--awb-bg-size:cover;\" data-scroll-devices=\"small-visibility,medium-visibility,large-visibility\"><div class=\"fusion-column-wrapper fusion-column-has-shadow fusion-flex-column-wrapper-legacy\"><div class=\"fusion-column-content-centered\"><div class=\"fusion-column-content\"><div class=\"fusion-image-element in-legacy-container\" style=\"--awb-caption-title-font-family:var(--h2_typography-font-family);--awb-caption-title-font-weight:var(--h2_typography-font-weight);--awb-caption-title-font-style:var(--h2_typography-font-style);--awb-caption-title-size:var(--h2_typography-font-size);--awb-caption-title-transform:var(--h2_typography-text-transform);--awb-caption-title-line-height:var(--h2_typography-line-height);--awb-caption-title-letter-spacing:var(--h2_typography-letter-spacing);\"><span class=\" fusion-imageframe imageframe-dropshadow imageframe-3 hover-type-none\" style=\"border:13px solid #ffffff;-webkit-box-shadow: 3px 3px 7px rgba(0,0,0,0.3);box-shadow: 3px 3px 7px rgba(0,0,0,0.3);\"><img decoding=\"async\" src=\"data:image\/gif;base64,R0lGODlhAQABAAAAACH5BAEKAAEALAAAAAABAAEAAAICTAEAOw==\" data-orig-src=\"https:\/\/imlauer.com\/hotel-imlauer-wien\/wp-content\/uploads\/sites\/8\/2024\/10\/MG_1111-scaled.jpg\" alt class=\"lazyload img-responsive\"\/><\/span><\/div><div class=\"fusion-sep-clear\"><\/div><div class=\"fusion-separator fusion-full-width-sep\" style=\"margin-left: auto;margin-right: auto;margin-top:10px;margin-bottom:10px;width:100%;\"><\/div><div class=\"fusion-sep-clear\"><\/div><div class=\"fusion-text fusion-text-10\"><p style=\"text-align: center;\">Eine Tasse hei\u00dfer Kaffee und ein duftendes Croissant, so starten Sie ihren Tag im Hotel IMLAUER Wien. Sekt und ger\u00e4ucherte Lachs, Schinken-, Wurst- und eine K\u00e4sevariation sowie Fr\u00fchst\u00fcckseier und Geb\u00e4ck werden t\u00e4glich frisch f\u00fcr Sie an unserem Fr\u00fchst\u00fccksbuffet aufgetragen. Gerne finden Sie hier ausf\u00fchrliche Informationen und Eindr\u00fccke zu unserem <a href=\"https:\/\/imlauer.com\/hotel-imlauer-wien\/fruehstueck\/\">IMLAUER Fr\u00fchst\u00fcck.<\/a><\/p>\n<\/div><\/div><\/div><div class=\"fusion-clearfix\"><\/div><\/div><\/div><div class=\"fusion-layout-column fusion_builder_column fusion-builder-column-10 fusion_builder_column_1_3 1_3 fusion-one-third\" style=\"--awb-padding-top:0px;--awb-padding-right:0px;--awb-padding-bottom:0px;--awb-padding-left:10%;--awb-bg-size:cover;\" data-scroll-devices=\"small-visibility,medium-visibility,large-visibility\"><div class=\"fusion-column-wrapper fusion-column-has-shadow fusion-flex-column-wrapper-legacy\"><div class=\"fusion-column-content-centered\"><div class=\"fusion-column-content\"><div class=\"fusion-image-element in-legacy-container\" style=\"--awb-caption-title-font-family:var(--h2_typography-font-family);--awb-caption-title-font-weight:var(--h2_typography-font-weight);--awb-caption-title-font-style:var(--h2_typography-font-style);--awb-caption-title-size:var(--h2_typography-font-size);--awb-caption-title-transform:var(--h2_typography-text-transform);--awb-caption-title-line-height:var(--h2_typography-line-height);--awb-caption-title-letter-spacing:var(--h2_typography-letter-spacing);\"><span class=\" fusion-imageframe imageframe-dropshadow imageframe-4 hover-type-none\" style=\"border:13px solid #ffffff;-webkit-box-shadow: 3px 3px 7px rgba(0,0,0,0.3);box-shadow: 3px 3px 7px rgba(0,0,0,0.3);\"><img decoding=\"async\" src=\"data:image\/gif;base64,R0lGODlhAQABAAAAACH5BAEKAAEALAAAAAABAAEAAAICTAEAOw==\" data-orig-src=\"https:\/\/imlauer.com\/hotel-imlauer-wien\/wp-content\/uploads\/sites\/8\/2020\/06\/web_imlauer_wien_0719-1099.jpg\" alt class=\"lazyload img-responsive\"\/><\/span><\/div><div class=\"fusion-sep-clear\"><\/div><div class=\"fusion-separator fusion-full-width-sep\" style=\"margin-left: auto;margin-right: auto;margin-top:10px;margin-bottom:10px;width:100%;\"><\/div><div class=\"fusion-sep-clear\"><\/div><div class=\"fusion-text fusion-text-11\"><p style=\"text-align: center;\">Ob Sie nach einem aufregenden Sightseeing Tag in der Sauna entspannen m\u00f6chten oder sich nach ihrem Gesch\u00e4ftstermin auf dem Laufband so richtig auspowern m\u00f6chten. Der Hoteleigene, kleine aber feine Wellness-Bereich l\u00e4dt zum entspannen und erholen ein. Holen Sie sich hier einen Vorgeschmack:\u00a0 <a href=\"https:\/\/imlauer.com\/hotel-imlauer-wien\/sauna-fitness\/\">IMLAUER Sauna &amp; Fitness.<\/a><\/p>\n<\/div><\/div><\/div><div class=\"fusion-clearfix\"><\/div><\/div><\/div><div class=\"fusion-layout-column fusion_builder_column fusion-builder-column-11 fusion_builder_column_1_3 1_3 fusion-one-third fusion-column-last\" style=\"--awb-padding-top:0px;--awb-padding-right:0px;--awb-padding-bottom:0px;--awb-padding-left:10%;--awb-bg-size:cover;\" data-scroll-devices=\"small-visibility,medium-visibility,large-visibility\"><div class=\"fusion-column-wrapper fusion-column-has-shadow fusion-flex-column-wrapper-legacy\"><div class=\"fusion-column-content-centered\"><div class=\"fusion-column-content\"><div class=\"fusion-image-element in-legacy-container\" style=\"--awb-caption-title-font-family:var(--h2_typography-font-family);--awb-caption-title-font-weight:var(--h2_typography-font-weight);--awb-caption-title-font-style:var(--h2_typography-font-style);--awb-caption-title-size:var(--h2_typography-font-size);--awb-caption-title-transform:var(--h2_typography-text-transform);--awb-caption-title-line-height:var(--h2_typography-line-height);--awb-caption-title-letter-spacing:var(--h2_typography-letter-spacing);\"><span class=\" fusion-imageframe imageframe-dropshadow imageframe-5 hover-type-none\" style=\"border:13px solid #ffffff;-webkit-box-shadow: 3px 3px 7px rgba(0,0,0,0.3);box-shadow: 3px 3px 7px rgba(0,0,0,0.3);\"><img decoding=\"async\" src=\"data:image\/gif;base64,R0lGODlhAQABAAAAACH5BAEKAAEALAAAAAABAAEAAAICTAEAOw==\" data-orig-src=\"https:\/\/imlauer.com\/hotel-imlauer-wien\/wp-content\/uploads\/sites\/8\/2020\/02\/nepo-bartender.jpg\" alt class=\"lazyload img-responsive\"\/><\/span><\/div><div class=\"fusion-sep-clear\"><\/div><div class=\"fusion-separator fusion-full-width-sep\" style=\"margin-left: auto;margin-right: auto;margin-top:10px;margin-bottom:10px;width:100%;\"><\/div><div class=\"fusion-sep-clear\"><\/div><div class=\"fusion-text fusion-text-12\"><p style=\"text-align: center;\">Ob als Zwischenstopp oder zum Ausklang nach einem aufregenden Tag, die Nepomuk&#8217;s Bar ist f\u00fcr Sie die richtige Anlaufstelle. Nippen Sie gen\u00fcsslich an einem Cocktail oder einem frischgezapftem Bier und lassen Sie die Gedanken zu neuen Abenteuern schweifen. F\u00fcr einen Vorgeschmack folgen Sie hier dem Link zur <a href=\"https:\/\/imlauer.com\/hotel-imlauer-wien\/nepomuks-bar\/\">Nepomuk&#8217;s Bar.<\/a><\/p>\n<\/div><\/div><\/div><div class=\"fusion-clearfix\"><\/div><\/div><\/div><\/div><\/div><\/p>\n","protected":false},"excerpt":{"rendered":"","protected":false},"author":1,"featured_media":0,"parent":0,"menu_order":0,"comment_status":"closed","ping_status":"closed","template":"","meta":{"footnotes":""},"class_list":["post-70","page","type-page","status-publish","hentry"],"_links":{"self":[{"href":"https:\/\/imlauer.com\/hotel-imlauer-wien\/wp-json\/wp\/v2\/pages\/70","targetHints":{"allow":["GET"]}}],"collection":[{"href":"https:\/\/imlauer.com\/hotel-imlauer-wien\/wp-json\/wp\/v2\/pages"}],"about":[{"href":"https:\/\/imlauer.com\/hotel-imlauer-wien\/wp-json\/wp\/v2\/types\/page"}],"author":[{"embeddable":true,"href":"https:\/\/imlauer.com\/hotel-imlauer-wien\/wp-json\/wp\/v2\/users\/1"}],"replies":[{"embeddable":true,"href":"https:\/\/imlauer.com\/hotel-imlauer-wien\/wp-json\/wp\/v2\/comments?post=70"}],"version-history":[{"count":5,"href":"https:\/\/imlauer.com\/hotel-imlauer-wien\/wp-json\/wp\/v2\/pages\/70\/revisions"}],"predecessor-version":[{"id":652,"href":"https:\/\/imlauer.com\/hotel-imlauer-wien\/wp-json\/wp\/v2\/pages\/70\/revisions\/652"}],"wp:attachment":[{"href":"https:\/\/imlauer.com\/hotel-imlauer-wien\/wp-json\/wp\/v2\/media?parent=70"}],"curies":[{"name":"wp","href":"https:\/\/api.w.org\/{rel}","templated":true}]}}