{"id":908,"date":"2025-02-03T11:32:51","date_gmt":"2025-02-03T11:32:51","guid":{"rendered":"https:\/\/imlauer.com\/hotel-imlauer-wien\/reuniones\/"},"modified":"2026-02-13T12:42:15","modified_gmt":"2026-02-13T12:42:15","slug":"reuniones","status":"publish","type":"page","link":"https:\/\/imlauer.com\/hotel-imlauer-wien\/reuniones\/?lang=es","title":{"rendered":"Reuniones"},"content":{"rendered":"<p><div class=\"fusion-fullwidth fullwidth-box fusion-builder-row-1 nonhundred-percent-fullwidth non-hundred-percent-height-scrolling fusion-equal-height-columns fusion-no-small-visibility\" style=\"--awb-background-position:left top;--awb-border-sizes-top:0px;--awb-border-sizes-bottom:0px;--awb-border-sizes-left:0px;--awb-border-sizes-right:0px;--awb-border-radius-top-left:0px;--awb-border-radius-top-right:0px;--awb-border-radius-bottom-right:0px;--awb-border-radius-bottom-left:0px;--awb-padding-top:60px;--awb-padding-bottom:20px;--awb-flex-wrap:wrap;\" ><div class=\"fusion-builder-row fusion-row\"><div class=\"fusion-layout-column fusion_builder_column fusion-builder-column-0 fusion_builder_column_3_5 3_5 fusion-three-fifth fusion-column-first\" style=\"--awb-padding-top:40px;--awb-padding-right:40px;--awb-padding-bottom:40px;--awb-padding-left:40px;--awb-bg-color:#ffffff;--awb-bg-color-hover:#ffffff;--awb-bg-size:cover;--awb-border-color:#ebeef1;--awb-border-top:0;--awb-border-right:0;--awb-border-bottom:0;--awb-border-left:0;--awb-border-style:solid;\"><div class=\"fusion-column-wrapper fusion-column-has-shadow fusion-flex-column-wrapper-legacy\"><div class=\"fusion-column-content-centered\"><div class=\"fusion-column-content\"><div class=\"fusion-slider-sc fusion-flexslider-loading flexslider flexslider-hover-type-zoomin\" data-slideshow_autoplay=\"1\" data-slideshow_smooth_height=\"0\" data-slideshow_speed=\"7000\" style=\"max-width:100%;height:100%;\"><ul class=\"slides\"><li class=\"image\"><span class=\"lazyload fusion-image-hover-element hover-type-zoomin\"><img decoding=\"async\" src=\"https:\/\/imlauer.com\/hotel-imlauer-wien\/wp-content\/uploads\/2025\/02\/Hotel-IMLAUER-Nestroy-Wien-Raum-Johann_5.jpg\" data-orig-src=\"https:\/\/imlauer.com\/hotel-imlauer-wien\/wp-content\/uploads\/2025\/02\/Hotel-IMLAUER-Nestroy-Wien-Raum-Johann_5.jpg\" width=\"1000\" height=\"667\" class=\"lazyload wp-image-384\" srcset=\"data:image\/svg+xml,%3Csvg%20xmlns%3D%27http%3A%2F%2Fwww.w3.org%2F2000%2Fsvg%27%20width%3D%271000%27%20height%3D%27667%27%20viewBox%3D%270%200%201000%20667%27%3E%3Crect%20width%3D%271000%27%20height%3D%27667%27%20fill-opacity%3D%220%22%2F%3E%3C%2Fsvg%3E\" data-srcset=\"https:\/\/imlauer.com\/hotel-imlauer-wien\/wp-content\/uploads\/2025\/02\/Hotel-IMLAUER-Nestroy-Wien-Raum-Johann_5-200x133.jpg 200w, https:\/\/imlauer.com\/hotel-imlauer-wien\/wp-content\/uploads\/2025\/02\/Hotel-IMLAUER-Nestroy-Wien-Raum-Johann_5-400x267.jpg 400w, https:\/\/imlauer.com\/hotel-imlauer-wien\/wp-content\/uploads\/2025\/02\/Hotel-IMLAUER-Nestroy-Wien-Raum-Johann_5-600x400.jpg 600w, https:\/\/imlauer.com\/hotel-imlauer-wien\/wp-content\/uploads\/2025\/02\/Hotel-IMLAUER-Nestroy-Wien-Raum-Johann_5-800x534.jpg 800w, https:\/\/imlauer.com\/hotel-imlauer-wien\/wp-content\/uploads\/2025\/02\/Hotel-IMLAUER-Nestroy-Wien-Raum-Johann_5.jpg 1000w\" data-sizes=\"auto\" data-orig-sizes=\"(max-width: 969px) 100vw, 800px\" \/><\/span><\/li><\/ul><\/div><\/div><\/div><div class=\"fusion-clearfix\"><\/div><\/div><\/div><div class=\"fusion-layout-column fusion_builder_column fusion-builder-column-1 fusion_builder_column_2_5 2_5 fusion-two-fifth fusion-column-last\" style=\"--awb-padding-top:20px;--awb-padding-right:20px;--awb-padding-bottom:20px;--awb-padding-left:20px;--awb-bg-position:right bottom;--awb-bg-size:cover;--awb-margin-bottom:30px;\"><div class=\"fusion-column-wrapper fusion-column-has-shadow fusion-flex-column-wrapper-legacy\"><div class=\"fusion-column-content-centered\"><div class=\"fusion-column-content\"><div class=\"fusion-text fusion-text-1\"><p style=\"letter-spacing: 4px; font-size: 13px; text-align: center; margin-bottom: 0px;\">EL LUGAR DE ENCUENTRO<\/p>\n<h1 style=\"text-align: center;\">REUNIONES Y EVENTOS EN VIENA<\/h1>\n<\/div><div class=\"fusion-text fusion-text-2\"><p style=\"text-align: center;\">Mejores reuniones, mejores encuentros: El Hotel IMLAUER &amp; Nestroy de Viena ofrece la<strong> ubicaci\u00f3n ideal y c\u00e9ntrica para peque\u00f1os seminarios y reuniones<\/strong>.<\/p>\n<p style=\"text-align: center;\">La proximidad del centro de congresos y exposiciones aporta muchas ventajas.<\/p>\n<p style=\"text-align: center;\">Nuestras 3 salas de seminarios con luz diurna indirecta a trav\u00e9s de la c\u00fapula de cristal del patio interior ofrecen las mejores condiciones para un<strong> ambiente agradable<\/strong>.<br \/>\nEstaremos encantados de preparar tus pausas para el caf\u00e9 y el t\u00e9 seg\u00fan tus deseos personales en el <strong>luminoso vest\u00edbulo<\/strong>.<br \/>\nEn la zona del restaurante te esperamos con nuestro <strong>almuerzo de negocios<\/strong> de 3 platos.<\/p>\n<p style=\"text-align: center;\">\u00bfTienes alguna pregunta o quieres<strong> una oferta individual<\/strong>?<br \/>\n\u00a1Esperamos tu consulta y estaremos encantados de ayudarte con la planificaci\u00f3n y la organizaci\u00f3n!<\/p>\n<\/div><\/div><\/div><div class=\"fusion-clearfix\"><\/div><\/div><\/div><\/div><\/div><div class=\"fusion-fullwidth fullwidth-box fusion-builder-row-2 nonhundred-percent-fullwidth non-hundred-percent-height-scrolling fusion-equal-height-columns fusion-no-medium-visibility fusion-no-large-visibility\" style=\"--awb-background-position:left top;--awb-border-sizes-top:0px;--awb-border-sizes-bottom:0px;--awb-border-sizes-left:0px;--awb-border-sizes-right:0px;--awb-border-radius-top-left:0px;--awb-border-radius-top-right:0px;--awb-border-radius-bottom-right:0px;--awb-border-radius-bottom-left:0px;--awb-padding-top:60px;--awb-padding-bottom:20px;--awb-flex-wrap:wrap;\" ><div class=\"fusion-builder-row fusion-row\"><div class=\"fusion-layout-column fusion_builder_column fusion-builder-column-2 fusion_builder_column_3_5 3_5 fusion-three-fifth fusion-column-first\" style=\"--awb-padding-top:10px;--awb-padding-bottom:10px;--awb-bg-color:#ffffff;--awb-bg-color-hover:#ffffff;--awb-bg-size:cover;--awb-border-color:#ebeef1;--awb-border-top:0;--awb-border-right:0;--awb-border-bottom:0;--awb-border-left:0;--awb-border-style:solid;\"><div class=\"fusion-column-wrapper fusion-column-has-shadow fusion-flex-column-wrapper-legacy\"><div class=\"fusion-column-content-centered\"><div class=\"fusion-column-content\"><div class=\"fusion-slider-sc fusion-flexslider-loading flexslider flexslider-hover-type-zoomin slider_rahmen\" data-slideshow_autoplay=\"1\" data-slideshow_smooth_height=\"0\" data-slideshow_speed=\"7000\" style=\"max-width:100%;height:100%;\"><ul class=\"slides\"><li class=\"image\"><span class=\"lazyload fusion-image-hover-element hover-type-zoomin\"><img decoding=\"async\" src=\"data:image\/gif;base64,R0lGODlhAQABAAAAACH5BAEKAAEALAAAAAABAAEAAAICTAEAOw==\" data-orig-src=\"https:\/\/imlauer.com\/hotel-imlauer-wien\/wp-content\/uploads\/sites\/8\/2020\/02\/Hotel-IMLAUER-Nestroy-Wien-Raum-Johann_5.jpg\" class=\"lazyload wp-image-5953\" \/><\/span><\/li><\/ul><\/div><\/div><\/div><div class=\"fusion-clearfix\"><\/div><\/div><\/div><div class=\"fusion-layout-column fusion_builder_column fusion-builder-column-3 fusion_builder_column_2_5 2_5 fusion-two-fifth fusion-column-last\" style=\"--awb-padding-top:20px;--awb-padding-right:20px;--awb-padding-bottom:20px;--awb-padding-left:20px;--awb-bg-position:right bottom;--awb-bg-size:cover;--awb-margin-bottom:30px;\"><div class=\"fusion-column-wrapper fusion-column-has-shadow fusion-flex-column-wrapper-legacy\"><div class=\"fusion-column-content-centered\"><div class=\"fusion-column-content\"><div class=\"fusion-text fusion-text-3\"><p style=\"letter-spacing: 4px; font-size: 13px; text-align: center; margin-bottom: 0px;\">EL LUGAR DE ENCUENTRO<\/p>\n<h2 style=\"text-align: center; font-size: 25px;\">REUNIONES Y EVENTOS EN VIENA<\/h2>\n<\/div><div class=\"fusion-text fusion-text-4\"><p style=\"text-align: center;\">Mejores reuniones, mejores encuentros: El Hotel IMLAUER &amp; Nestroy de Viena ofrece la<strong> ubicaci\u00f3n central ideal para seminarios y peque\u00f1as reuniones.<\/strong><\/p>\n<p style=\"text-align: center;\">La proximidad del centro de congresos y exposiciones aporta muchas ventajas.<\/p>\n<p style=\"text-align: center;\">Nuestras 3 salas de seminarios con luz diurna indirecta a trav\u00e9s de la c\u00fapula de cristal del patio interior ofrecen las mejores condiciones para un<strong> ambiente agradable<\/strong>.<br \/>\nEstaremos encantados de preparar tus pausas para el caf\u00e9 y el t\u00e9 seg\u00fan tus deseos personales en el <strong>luminoso vest\u00edbulo<\/strong>.<br \/>\nEn la zona del restaurante te esperamos con nuestro <strong>almuerzo de negocios<\/strong> de 3 platos.<\/p>\n<p style=\"text-align: center;\">\u00bfTienes alguna pregunta o quieres<strong> una oferta individual<\/strong>?<br \/>\n\u00a1Esperamos tu consulta y estaremos encantados de ayudarte con la planificaci\u00f3n y la organizaci\u00f3n!<\/p>\n<\/div><\/div><\/div><div class=\"fusion-clearfix\"><\/div><\/div><\/div><\/div><\/div><div id=\"p\u00f3ngase en contacto con\" class=\"fusion-container-anchor\"><div class=\"fusion-fullwidth fullwidth-box fusion-builder-row-3 nonhundred-percent-fullwidth non-hundred-percent-height-scrolling\" style=\"--awb-border-radius-top-left:0px;--awb-border-radius-top-right:0px;--awb-border-radius-bottom-right:0px;--awb-border-radius-bottom-left:0px;--awb-background-color:rgba(255,255,255,0);--awb-flex-wrap:wrap;\" ><div class=\"fusion-builder-row fusion-row\"><div class=\"fusion-layout-column fusion_builder_column fusion-builder-column-4 fusion_builder_column_1_1 1_1 fusion-one-full fusion-column-first fusion-column-last\" style=\"--awb-padding-top:50px;--awb-bg-blend:overlay;--awb-bg-size:cover;\"><div class=\"fusion-column-wrapper fusion-column-has-shadow fusion-flex-column-wrapper-legacy\"><div class=\"fusion-text fusion-text-5\"><h2 style=\"text-align: center; font-size: 27px;\">\u00a1ESPERAMOS TENER NOTICIAS TUYAS!<\/h2>\n<\/div><div class=\"fusion-text fusion-text-6\"><p style=\"text-align: center;\"><strong>REUNIONES EN EL HOTEL IMLAUER &amp; NESTROY DE VIENA<\/strong><\/p>\n<\/div><div class=\"fusion-sep-clear\"><\/div><div class=\"fusion-separator fusion-full-width-sep\" style=\"margin-left: auto;margin-right: auto;margin-top:50px;width:100%;\"><\/div><div class=\"fusion-sep-clear\"><\/div><div class=\"fusion-clearfix\"><\/div><\/div><\/div><\/div><\/div><\/div><div class=\"fusion-fullwidth fullwidth-box fusion-builder-row-4 hundred-percent-fullwidth non-hundred-percent-height-scrolling fusion-equal-height-columns linkboxen\" style=\"--awb-border-radius-top-left:0px;--awb-border-radius-top-right:0px;--awb-border-radius-bottom-right:0px;--awb-border-radius-bottom-left:0px;--awb-margin-bottom:0px;--awb-flex-wrap:wrap;\" ><div class=\"fusion-builder-row fusion-row\"><div class=\"fusion-layout-column fusion_builder_column fusion-builder-column-5 fusion_builder_column_1_3 1_3 fusion-one-third fusion-column-first fusion-column-inner-bg-wrapper overlay\" style=\"--awb-padding-top:10%;--awb-padding-right:15%;--awb-padding-bottom:10%;--awb-padding-left:15%;--awb-inner-bg-color:rgba(0,0,0,0.3);--awb-inner-bg-color-hover:rgba(0,0,0,0.3);--awb-inner-bg-position:center center;--awb-inner-bg-blend:multiply;--awb-inner-bg-size:cover;--awb-margin-top:2px;--awb-margin-bottom:0px;width:33.333333333333%;width:calc(33.333333333333% - ( ( 2px + 2px ) * 0.33333333333333 ) );margin-right: 2px;\"><span class=\"fusion-column-inner-bg hover-type-zoomin\"><a class=\"fusion-column-anchor\" href=\"https:\/\/imlauer.com\/hotel-imlauer-wien\/salones-de-actos\/?lang=es\"><span class=\"fusion-column-inner-bg-image lazyload\" data-bg=\"https:\/\/imlauer.com\/hotel-imlauer-wien\/wp-content\/uploads\/2025\/02\/Hotel-IMLAUER-Nestroy-Wien-Raum-Johann_2.jpg\"><\/span><\/a><\/span><div class=\"fusion-column-wrapper fusion-column-has-shadow fusion-flex-column-wrapper-legacy fusion-column-has-bg-image\" data-bg-url=\"https:\/\/imlauer.com\/hotel-imlauer-wien\/wp-content\/uploads\/2025\/02\/Hotel-IMLAUER-Nestroy-Wien-Raum-Johann_2.jpg\"><div class=\"fusion-column-content-centered\"><div class=\"fusion-column-content\"><div class=\"fusion-text fusion-text-7\"><h4 style=\"font-size: 33px; line-height: 50px; text-align: center;\"><span style=\"color: #ffffff;\">Salas de reuni\u00f3n<\/span><\/h4>\n<\/div><\/div><\/div><div class=\"fusion-clearfix\"><\/div><\/div><\/div><div class=\"fusion-layout-column fusion_builder_column fusion-builder-column-6 fusion_builder_column_1_3 1_3 fusion-one-third fusion-column-inner-bg-wrapper overlay\" style=\"--awb-padding-top:10%;--awb-padding-right:15%;--awb-padding-bottom:10%;--awb-padding-left:15%;--awb-inner-bg-color:#f0f0f0;--awb-inner-bg-color-hover:#f0f0f0;--awb-inner-bg-position:center center;--awb-inner-bg-size:cover;--awb-margin-top:2px;--awb-margin-bottom:0px;width:33.333333333333%;width:calc(33.333333333333% - ( ( 2px + 2px ) * 0.33333333333333 ) );margin-right: 2px;\"><span class=\"fusion-column-inner-bg hover-type-zoomin\"><a class=\"fusion-column-anchor\" href=\"https:\/\/imlauer.com\/hotel-imlauer-wien\/habitacion\/?lang=es\"><span class=\"fusion-column-inner-bg-image lazyload\" data-bg=\"https:\/\/imlauer.com\/hotel-imlauer-wien\/wp-content\/uploads\/2025\/02\/zimmer-iconbox-1.jpg\"><\/span><\/a><\/span><div class=\"fusion-column-wrapper fusion-column-has-shadow fusion-flex-column-wrapper-legacy fusion-column-has-bg-image\" data-bg-url=\"https:\/\/imlauer.com\/hotel-imlauer-wien\/wp-content\/uploads\/2025\/02\/zimmer-iconbox-1.jpg\"><div class=\"fusion-column-content-centered\"><div class=\"fusion-column-content\"><div class=\"fusion-text fusion-text-8\"><h4 style=\"font-size: 33px; line-height: 50px; text-align: center;\"><span style=\"color: #ffffff;\">Habitaci\u00f3n<\/span><\/h4>\n<\/div><\/div><\/div><div class=\"fusion-clearfix\"><\/div><\/div><\/div><div class=\"fusion-layout-column fusion_builder_column fusion-builder-column-7 fusion_builder_column_1_3 1_3 fusion-one-third fusion-column-last fusion-column-inner-bg-wrapper overlay\" style=\"--awb-padding-top:10%;--awb-padding-right:15%;--awb-padding-bottom:10%;--awb-padding-left:15%;--awb-inner-bg-color:#f0f0f0;--awb-inner-bg-color-hover:#f0f0f0;--awb-inner-bg-position:center center;--awb-inner-bg-size:cover;--awb-margin-top:2px;--awb-margin-bottom:0px;width:33.333333333333%;width:calc(33.333333333333% - ( ( 2px + 2px ) * 0.33333333333333 ) );\"><span class=\"fusion-column-inner-bg hover-type-zoomin\"><a class=\"fusion-column-anchor\" href=\"https:\/\/imlauer.com\/hotel-imlauer-wien\/meeting-events\/konferenzpauschalen\"><span class=\"fusion-column-inner-bg-image lazyload\" data-bg=\"https:\/\/imlauer.com\/hotel-imlauer-wien\/wp-content\/uploads\/2025\/02\/iconbox-pauschale.jpg\"><\/span><\/a><\/span><div class=\"fusion-column-wrapper fusion-column-has-shadow fusion-flex-column-wrapper-legacy fusion-column-has-bg-image\" data-bg-url=\"https:\/\/imlauer.com\/hotel-imlauer-wien\/wp-content\/uploads\/2025\/02\/iconbox-pauschale.jpg\"><div class=\"fusion-column-content-centered\"><div class=\"fusion-column-content\"><div class=\"fusion-text fusion-text-9\"><h4 style=\"font-size: 33px; line-height: 50px; text-align: center;\"><span style=\"color: #ffffff;\">Paquetes<\/span><\/h4>\n<\/div><\/div><\/div><div class=\"fusion-clearfix\"><\/div><\/div><\/div><div class=\"fusion-layout-column fusion_builder_column fusion-builder-column-8 fusion_builder_column_1_3 1_3 fusion-one-third fusion-column-first fusion-column-inner-bg-wrapper overlay\" style=\"--awb-padding-top:10%;--awb-padding-right:15%;--awb-padding-bottom:10%;--awb-padding-left:15%;--awb-inner-bg-color:#f0f0f0;--awb-inner-bg-color-hover:#f0f0f0;--awb-inner-bg-position:center center;--awb-inner-bg-size:cover;--awb-margin-top:2px;--awb-margin-bottom:0px;width:33.333333333333%;width:calc(33.333333333333% - ( ( 2px + 2px ) * 0.33333333333333 ) );margin-right: 2px;\"><span class=\"fusion-column-inner-bg hover-type-zoomin\"><a class=\"fusion-column-anchor\" href=\"https:\/\/imlauer.com\/hotel-imlauer-wien\/galeria-de-imagenes\/?lang=es\"><span class=\"fusion-column-inner-bg-image lazyload\" data-bg=\"https:\/\/imlauer.com\/hotel-imlauer-wien\/wp-content\/uploads\/2025\/02\/iconbox-bildergalerie-1.jpg\"><\/span><\/a><\/span><div class=\"fusion-column-wrapper fusion-column-has-shadow fusion-flex-column-wrapper-legacy fusion-column-has-bg-image\" data-bg-url=\"https:\/\/imlauer.com\/hotel-imlauer-wien\/wp-content\/uploads\/2025\/02\/iconbox-bildergalerie-1.jpg\"><div class=\"fusion-column-content-centered\"><div class=\"fusion-column-content\"><div class=\"fusion-text fusion-text-10\"><h4 style=\"font-size: 33px; line-height: 50px; text-align: center;\"><span style=\"color: #ffffff;\">Galer\u00eda de im\u00e1genes<\/span><\/h4>\n<\/div><\/div><\/div><div class=\"fusion-clearfix\"><\/div><\/div><\/div><div class=\"fusion-layout-column fusion_builder_column fusion-builder-column-9 fusion_builder_column_1_3 1_3 fusion-one-third fusion-column-inner-bg-wrapper overlay\" style=\"--awb-padding-top:10%;--awb-padding-right:15%;--awb-padding-bottom:10%;--awb-padding-left:15%;--awb-inner-bg-color:#f0f0f0;--awb-inner-bg-color-hover:#f0f0f0;--awb-inner-bg-position:center center;--awb-inner-bg-size:cover;--awb-margin-top:2px;--awb-margin-bottom:0px;width:33.333333333333%;width:calc(33.333333333333% - ( ( 2px + 2px ) * 0.33333333333333 ) );margin-right: 2px;\"><span class=\"fusion-column-inner-bg hover-type-zoomin\"><a class=\"fusion-column-anchor\" href=\"https:\/\/imlauer.com\/hotel-imlauer-wien\/nepomuks-bar\/?lang=es\"><span class=\"fusion-column-inner-bg-image lazyload\" data-bg=\"https:\/\/imlauer.com\/hotel-imlauer-wien\/wp-content\/uploads\/2025\/02\/Nepomuks-iconbox-1.jpg\"><\/span><\/a><\/span><div class=\"fusion-column-wrapper fusion-column-has-shadow fusion-flex-column-wrapper-legacy fusion-column-has-bg-image\" data-bg-url=\"https:\/\/imlauer.com\/hotel-imlauer-wien\/wp-content\/uploads\/2025\/02\/Nepomuks-iconbox-1.jpg\"><div class=\"fusion-column-content-centered\"><div class=\"fusion-column-content\"><div class=\"fusion-text fusion-text-11\"><h4 style=\"font-size: 33px; line-height: 50px; text-align: center;\"><span style=\"color: #ffffff;\">Nepomuk&#8217;s Bar<\/span><\/h4>\n<\/div><\/div><\/div><div class=\"fusion-clearfix\"><\/div><\/div><\/div><div class=\"fusion-layout-column fusion_builder_column fusion-builder-column-10 fusion_builder_column_1_3 1_3 fusion-one-third fusion-column-last fusion-column-inner-bg-wrapper overlay\" style=\"--awb-padding-top:10%;--awb-padding-right:15%;--awb-padding-bottom:10%;--awb-padding-left:15%;--awb-inner-bg-color:rgba(0,0,0,0.3);--awb-inner-bg-color-hover:rgba(0,0,0,0.3);--awb-inner-bg-position:center center;--awb-inner-bg-blend:multiply;--awb-inner-bg-size:cover;--awb-margin-top:2px;--awb-margin-bottom:0px;width:33.333333333333%;width:calc(33.333333333333% - ( ( 2px + 2px ) * 0.33333333333333 ) );\" data-scroll-devices=\"small-visibility,medium-visibility,large-visibility\"><span class=\"fusion-column-inner-bg hover-type-zoomin\"><a class=\"fusion-column-anchor\" href=\"https:\/\/imlauer.com\/hotel-imlauer-wien\/desayuno\/?lang=es\"><span class=\"fusion-column-inner-bg-image lazyload\" data-bg=\"https:\/\/imlauer.com\/hotel-imlauer-wien\/wp-content\/uploads\/2025\/02\/fruehstueck1.jpg\"><\/span><\/a><\/span><div class=\"fusion-column-wrapper fusion-column-has-shadow fusion-flex-column-wrapper-legacy fusion-column-has-bg-image\" data-bg-url=\"https:\/\/imlauer.com\/hotel-imlauer-wien\/wp-content\/uploads\/2025\/02\/fruehstueck1.jpg\"><div class=\"fusion-column-content-centered\"><div class=\"fusion-column-content\"><div class=\"fusion-text fusion-text-12\"><h4 style=\"font-size: 33px; line-height: 50px; text-align: center;\"><span style=\"color: #ffffff;\">Desayuno<\/span><\/h4>\n<\/div><\/div><\/div><div class=\"fusion-clearfix\"><\/div><\/div><\/div><div class=\"fusion-layout-column fusion_builder_column fusion-builder-column-11 fusion_builder_column_1_1 1_1 fusion-one-full fusion-column-first fusion-column-last\" style=\"--awb-bg-size:cover;\"><div class=\"fusion-column-wrapper fusion-column-has-shadow fusion-flex-column-wrapper-legacy\"><div class=\"fusion-sep-clear\"><\/div><div class=\"fusion-separator fusion-full-width-sep\" style=\"margin-left: auto;margin-right: auto;margin-bottom:10px;width:100%;\"><\/div><div class=\"fusion-sep-clear\"><\/div><div class=\"fusion-clearfix\"><\/div><\/div><\/div><\/div><\/div><\/p>\n","protected":false},"excerpt":{"rendered":"","protected":false},"author":1,"featured_media":0,"parent":0,"menu_order":0,"comment_status":"closed","ping_status":"closed","template":"100-width.php","meta":{"footnotes":""},"class_list":["post-908","page","type-page","status-publish","hentry"],"_links":{"self":[{"href":"https:\/\/imlauer.com\/hotel-imlauer-wien\/wp-json\/wp\/v2\/pages\/908","targetHints":{"allow":["GET"]}}],"collection":[{"href":"https:\/\/imlauer.com\/hotel-imlauer-wien\/wp-json\/wp\/v2\/pages"}],"about":[{"href":"https:\/\/imlauer.com\/hotel-imlauer-wien\/wp-json\/wp\/v2\/types\/page"}],"author":[{"embeddable":true,"href":"https:\/\/imlauer.com\/hotel-imlauer-wien\/wp-json\/wp\/v2\/users\/1"}],"replies":[{"embeddable":true,"href":"https:\/\/imlauer.com\/hotel-imlauer-wien\/wp-json\/wp\/v2\/comments?post=908"}],"version-history":[{"count":30,"href":"https:\/\/imlauer.com\/hotel-imlauer-wien\/wp-json\/wp\/v2\/pages\/908\/revisions"}],"predecessor-version":[{"id":2492,"href":"https:\/\/imlauer.com\/hotel-imlauer-wien\/wp-json\/wp\/v2\/pages\/908\/revisions\/2492"}],"wp:attachment":[{"href":"https:\/\/imlauer.com\/hotel-imlauer-wien\/wp-json\/wp\/v2\/media?parent=908"}],"curies":[{"name":"wp","href":"https:\/\/api.w.org\/{rel}","templated":true}]}}