{"id":1165,"date":"2025-02-03T12:27:50","date_gmt":"2025-02-03T12:27:50","guid":{"rendered":"https:\/\/imlauer.com\/hotel-nestroy-wien\/reunions\/"},"modified":"2026-02-09T17:36:07","modified_gmt":"2026-02-09T17:36:07","slug":"reunions","status":"publish","type":"page","link":"https:\/\/imlauer.com\/hotel-nestroy-wien\/reunions\/?lang=fr","title":{"rendered":"R\u00e9unions"},"content":{"rendered":"<p><div class=\"fusion-fullwidth fullwidth-box fusion-builder-row-1 nonhundred-percent-fullwidth non-hundred-percent-height-scrolling fusion-equal-height-columns fusion-no-small-visibility\" style=\"--awb-background-position:left top;--awb-border-sizes-top:0px;--awb-border-sizes-bottom:0px;--awb-border-sizes-left:0px;--awb-border-sizes-right:0px;--awb-border-radius-top-left:0px;--awb-border-radius-top-right:0px;--awb-border-radius-bottom-right:0px;--awb-border-radius-bottom-left:0px;--awb-padding-top:60px;--awb-padding-bottom:20px;--awb-flex-wrap:wrap;\" ><div class=\"fusion-builder-row fusion-row\"><div class=\"fusion-layout-column fusion_builder_column fusion-builder-column-0 fusion_builder_column_3_5 3_5 fusion-three-fifth fusion-column-first\" style=\"--awb-padding-top:40px;--awb-padding-right:40px;--awb-padding-bottom:40px;--awb-padding-left:40px;--awb-bg-color:#ffffff;--awb-bg-color-hover:#ffffff;--awb-bg-size:cover;--awb-border-color:#ebeef1;--awb-border-top:0;--awb-border-right:0;--awb-border-bottom:0;--awb-border-left:0;--awb-border-style:solid;\"><div class=\"fusion-column-wrapper fusion-column-has-shadow fusion-flex-column-wrapper-legacy\"><div class=\"fusion-column-content-centered\"><div class=\"fusion-column-content\"><div class=\"fusion-slider-sc fusion-flexslider-loading flexslider flexslider-hover-type-zoomin\" data-slideshow_autoplay=\"1\" data-slideshow_smooth_height=\"0\" data-slideshow_speed=\"7000\" style=\"max-width:100%;height:100%;\"><ul class=\"slides\"><li class=\"image\"><span class=\"lazyload fusion-image-hover-element hover-type-zoomin\"><img decoding=\"async\" src=\"https:\/\/imlauer.com\/hotel-nestroy-wien\/wp-content\/uploads\/2025\/02\/Hotel-IMLAUER-Nestroy-Wien-Raum-Johann_5.jpg\" data-orig-src=\"https:\/\/imlauer.com\/hotel-nestroy-wien\/wp-content\/uploads\/2025\/02\/Hotel-IMLAUER-Nestroy-Wien-Raum-Johann_5.jpg\" width=\"1000\" height=\"667\" class=\"lazyload wp-image-669\" srcset=\"data:image\/svg+xml,%3Csvg%20xmlns%3D%27http%3A%2F%2Fwww.w3.org%2F2000%2Fsvg%27%20width%3D%271000%27%20height%3D%27667%27%20viewBox%3D%270%200%201000%20667%27%3E%3Crect%20width%3D%271000%27%20height%3D%27667%27%20fill-opacity%3D%220%22%2F%3E%3C%2Fsvg%3E\" data-srcset=\"https:\/\/imlauer.com\/hotel-nestroy-wien\/wp-content\/uploads\/2025\/02\/Hotel-IMLAUER-Nestroy-Wien-Raum-Johann_5-200x133.jpg 200w, https:\/\/imlauer.com\/hotel-nestroy-wien\/wp-content\/uploads\/2025\/02\/Hotel-IMLAUER-Nestroy-Wien-Raum-Johann_5-400x267.jpg 400w, https:\/\/imlauer.com\/hotel-nestroy-wien\/wp-content\/uploads\/2025\/02\/Hotel-IMLAUER-Nestroy-Wien-Raum-Johann_5-600x400.jpg 600w, https:\/\/imlauer.com\/hotel-nestroy-wien\/wp-content\/uploads\/2025\/02\/Hotel-IMLAUER-Nestroy-Wien-Raum-Johann_5-800x534.jpg 800w, https:\/\/imlauer.com\/hotel-nestroy-wien\/wp-content\/uploads\/2025\/02\/Hotel-IMLAUER-Nestroy-Wien-Raum-Johann_5.jpg 1000w\" data-sizes=\"auto\" data-orig-sizes=\"(max-width: 969px) 100vw, 800px\" \/><\/span><\/li><\/ul><\/div><\/div><\/div><div class=\"fusion-clearfix\"><\/div><\/div><\/div><div class=\"fusion-layout-column fusion_builder_column fusion-builder-column-1 fusion_builder_column_2_5 2_5 fusion-two-fifth fusion-column-last\" style=\"--awb-padding-top:20px;--awb-padding-right:20px;--awb-padding-bottom:20px;--awb-padding-left:20px;--awb-bg-position:right bottom;--awb-bg-size:cover;--awb-margin-bottom:30px;\"><div class=\"fusion-column-wrapper fusion-column-has-shadow fusion-flex-column-wrapper-legacy\"><div class=\"fusion-column-content-centered\"><div class=\"fusion-column-content\"><div class=\"fusion-text fusion-text-1\"><p style=\"letter-spacing: 4px; font-size: 13px; text-align: center; margin-bottom: 0px;\">THE PLACE TO MEET<\/p>\n<h1 style=\"text-align: center;\">Votre h\u00f4tel pour r\u00e9unions et s\u00e9minaires \u00e0 Vienne<\/h1>\n<\/div><div class=\"fusion-text fusion-text-2\"><p style=\"text-align: center;\">Vous \u00eates \u00e0 la recherche d&#8217;un<strong> bon h\u00f4tel de s\u00e9minaire au centre de Vienne<\/strong>? Alors votre recherche est maintenant termin\u00e9e. \u00c0 l&#8216;<strong>IMLAUER &amp; Nestroy Hotel Wien,<\/strong> ce ne sont pas seulement diff\u00e9rentes salles qui vous attendent pour <strong>des r\u00e9unions, des conf\u00e9rences et des \u00e9v\u00e9nements<\/strong>. Vous avez \u00e9galement acc\u00e8s \u00e0 une <strong>technologie de pointe<\/strong>.   <\/p>\n<p style=\"text-align: center;\">L&#8217;\u00e9quipe de l&#8217;IMLAUER &amp; Nestroy Hotel Wien vous propose, si vous le souhaitez, un<strong> d\u00e9jeuner d&#8217;affaires<\/strong> dans le vaste foyer ou vous y pr\u00e9pare une <strong>d\u00e9licieuse pause caf\u00e9 ou th\u00e9<\/strong>.<\/p>\n<p style=\"text-align: center;\">Vous avez des questions ou souhaitez recevoir une <strong>offre personnalis\u00e9e<\/strong>?<br \/>\nNous nous ferons un plaisir de r\u00e9pondre \u00e0 votre demande !<\/p>\n<\/div><\/div><\/div><div class=\"fusion-clearfix\"><\/div><\/div><\/div><\/div><\/div><div class=\"fusion-fullwidth fullwidth-box fusion-builder-row-2 nonhundred-percent-fullwidth non-hundred-percent-height-scrolling fusion-equal-height-columns fusion-no-medium-visibility fusion-no-large-visibility\" style=\"--awb-background-position:left top;--awb-border-sizes-top:0px;--awb-border-sizes-bottom:0px;--awb-border-sizes-left:0px;--awb-border-sizes-right:0px;--awb-border-radius-top-left:0px;--awb-border-radius-top-right:0px;--awb-border-radius-bottom-right:0px;--awb-border-radius-bottom-left:0px;--awb-padding-top:60px;--awb-padding-bottom:20px;--awb-flex-wrap:wrap;\" ><div class=\"fusion-builder-row fusion-row\"><div class=\"fusion-layout-column fusion_builder_column fusion-builder-column-2 fusion_builder_column_3_5 3_5 fusion-three-fifth fusion-column-first\" style=\"--awb-padding-top:10px;--awb-padding-bottom:10px;--awb-bg-color:#ffffff;--awb-bg-color-hover:#ffffff;--awb-bg-size:cover;--awb-border-color:#ebeef1;--awb-border-top:0;--awb-border-right:0;--awb-border-bottom:0;--awb-border-left:0;--awb-border-style:solid;\"><div class=\"fusion-column-wrapper fusion-column-has-shadow fusion-flex-column-wrapper-legacy\"><div class=\"fusion-column-content-centered\"><div class=\"fusion-column-content\"><div class=\"fusion-slider-sc fusion-flexslider-loading flexslider flexslider-hover-type-zoomin slider_rahmen\" data-slideshow_autoplay=\"1\" data-slideshow_smooth_height=\"0\" data-slideshow_speed=\"7000\" style=\"max-width:100%;height:100%;\"><ul class=\"slides\"><li class=\"image\"><span class=\"lazyload fusion-image-hover-element hover-type-zoomin\"><img decoding=\"async\" src=\"https:\/\/imlauer.com\/hotel-nestroy-wien\/wp-content\/uploads\/2025\/02\/Hotel-IMLAUER-Nestroy-Wien-Raum-Johann-300x200.jpg\" data-orig-src=\"https:\/\/imlauer.com\/hotel-nestroy-wien\/wp-content\/uploads\/2025\/02\/Hotel-IMLAUER-Nestroy-Wien-Raum-Johann-300x200.jpg\" width=\"300\" height=\"200\" class=\"lazyload wp-image-700\" srcset=\"data:image\/svg+xml,%3Csvg%20xmlns%3D%27http%3A%2F%2Fwww.w3.org%2F2000%2Fsvg%27%20width%3D%27300%27%20height%3D%27200%27%20viewBox%3D%270%200%20300%20200%27%3E%3Crect%20width%3D%27300%27%20height%3D%27200%27%20fill-opacity%3D%220%22%2F%3E%3C%2Fsvg%3E\" data-srcset=\"https:\/\/imlauer.com\/hotel-nestroy-wien\/wp-content\/uploads\/2025\/02\/Hotel-IMLAUER-Nestroy-Wien-Raum-Johann-200x133.jpg 200w, https:\/\/imlauer.com\/hotel-nestroy-wien\/wp-content\/uploads\/2025\/02\/Hotel-IMLAUER-Nestroy-Wien-Raum-Johann-400x267.jpg 400w, https:\/\/imlauer.com\/hotel-nestroy-wien\/wp-content\/uploads\/2025\/02\/Hotel-IMLAUER-Nestroy-Wien-Raum-Johann-600x400.jpg 600w, https:\/\/imlauer.com\/hotel-nestroy-wien\/wp-content\/uploads\/2025\/02\/Hotel-IMLAUER-Nestroy-Wien-Raum-Johann-800x534.jpg 800w, https:\/\/imlauer.com\/hotel-nestroy-wien\/wp-content\/uploads\/2025\/02\/Hotel-IMLAUER-Nestroy-Wien-Raum-Johann.jpg 1000w\" data-sizes=\"auto\" data-orig-sizes=\"(max-width: 969px) 100vw, 800px\" \/><\/span><\/li><\/ul><\/div><\/div><\/div><div class=\"fusion-clearfix\"><\/div><\/div><\/div><div class=\"fusion-layout-column fusion_builder_column fusion-builder-column-3 fusion_builder_column_2_5 2_5 fusion-two-fifth fusion-column-last\" style=\"--awb-padding-top:20px;--awb-padding-right:20px;--awb-padding-bottom:20px;--awb-padding-left:20px;--awb-bg-position:right bottom;--awb-bg-size:cover;--awb-margin-bottom:30px;\"><div class=\"fusion-column-wrapper fusion-column-has-shadow fusion-flex-column-wrapper-legacy\"><div class=\"fusion-column-content-centered\"><div class=\"fusion-column-content\"><div class=\"fusion-text fusion-text-3\"><p style=\"letter-spacing: 4px; font-size: 13px; text-align: center; margin-bottom: 0px;\">THE PLACE TO MEET<\/p>\n<h2 style=\"text-align: center; font-size: 25px;\">Votre h\u00f4tel pour r\u00e9unions et s\u00e9minaires \u00e0 Vienne<\/h2>\n<\/div><div class=\"fusion-text fusion-text-4\"><p style=\"text-align: center;\">Vous \u00eates \u00e0 la recherche d&#8217;un<strong> bon h\u00f4tel de s\u00e9minaire au centre de Vienne<\/strong>? Alors votre recherche est maintenant termin\u00e9e. \u00c0 l&#8216;<strong>IMLAUER &amp; Nestroy Hotel Wien,<\/strong> ce ne sont pas seulement diff\u00e9rentes salles qui vous attendent pour <strong>des r\u00e9unions, des conf\u00e9rences et des \u00e9v\u00e9nements<\/strong>. Vous avez \u00e9galement acc\u00e8s \u00e0 une <strong>technologie de pointe<\/strong>.   <\/p>\n<p style=\"text-align: center;\">L&#8217;\u00e9quipe de l&#8217;IMLAUER &amp; Nestroy Hotel Wien vous propose, si vous le souhaitez, un<strong> d\u00e9jeuner d&#8217;affaires<\/strong> dans le vaste foyer ou vous y pr\u00e9pare une <strong>d\u00e9licieuse pause caf\u00e9 ou th\u00e9<\/strong>.<\/p>\n<p style=\"text-align: center;\">Vous avez des questions ou souhaitez recevoir une <strong>offre personnalis\u00e9e<\/strong>?<br \/>\nNous nous ferons un plaisir de r\u00e9pondre \u00e0 votre demande !<\/p>\n<\/div><\/div><\/div><div class=\"fusion-clearfix\"><\/div><\/div><\/div><\/div><\/div><div id=\"contact\" class=\"fusion-container-anchor\"><div class=\"fusion-fullwidth fullwidth-box fusion-builder-row-3 nonhundred-percent-fullwidth non-hundred-percent-height-scrolling\" style=\"--awb-border-radius-top-left:0px;--awb-border-radius-top-right:0px;--awb-border-radius-bottom-right:0px;--awb-border-radius-bottom-left:0px;--awb-background-color:rgba(255,255,255,0);--awb-flex-wrap:wrap;\" ><div class=\"fusion-builder-row fusion-row\"><div class=\"fusion-layout-column fusion_builder_column fusion-builder-column-4 fusion_builder_column_1_1 1_1 fusion-one-full fusion-column-first fusion-column-last\" style=\"--awb-padding-top:50px;--awb-bg-blend:overlay;--awb-bg-size:cover;\"><div class=\"fusion-column-wrapper fusion-column-has-shadow fusion-flex-column-wrapper-legacy\"><div class=\"fusion-text fusion-text-5\"><h1 style=\"text-align: center; font-size: 27px;\">NOUS ATTENDONS AVEC IMPATIENCE QUE VOUS NOUS CONTACTIEZ !<\/h1>\n<\/div><div class=\"fusion-text fusion-text-6\"><p style=\"text-align: center;\"><strong>MEETINGS \u00c0 L&#8217;H\u00d4TEL LAME &amp; Nestroy VIENNE<\/strong><\/p>\n<\/div><div class=\"fusion-sep-clear\"><\/div><div class=\"fusion-separator fusion-full-width-sep\" style=\"margin-left: auto;margin-right: auto;margin-top:50px;width:100%;\"><\/div><div class=\"fusion-sep-clear\"><\/div><div class=\"fusion-clearfix\"><\/div><\/div><\/div><\/div><\/div><\/div><div class=\"fusion-fullwidth fullwidth-box fusion-builder-row-4 hundred-percent-fullwidth non-hundred-percent-height-scrolling fusion-equal-height-columns linkboxen\" style=\"--awb-border-radius-top-left:0px;--awb-border-radius-top-right:0px;--awb-border-radius-bottom-right:0px;--awb-border-radius-bottom-left:0px;--awb-margin-bottom:0px;--awb-flex-wrap:wrap;\" ><div class=\"fusion-builder-row fusion-row\"><div class=\"fusion-layout-column fusion_builder_column fusion-builder-column-5 fusion_builder_column_1_3 1_3 fusion-one-third fusion-column-first fusion-column-inner-bg-wrapper overlay\" style=\"--awb-padding-top:10%;--awb-padding-right:15%;--awb-padding-bottom:10%;--awb-padding-left:15%;--awb-inner-bg-color:#f0f0f0;--awb-inner-bg-color-hover:#f0f0f0;--awb-inner-bg-position:center center;--awb-inner-bg-size:cover;--awb-margin-top:2px;--awb-margin-bottom:0px;width:33.333333333333%;width:calc(33.333333333333% - ( ( 2px + 2px ) * 0.33333333333333 ) );margin-right: 2px;\"><span class=\"fusion-column-inner-bg hover-type-zoomin\"><a class=\"fusion-column-anchor\" href=\"https:\/\/imlauer.com\/hotel-nestroy-wien\/meetingraume\/\"><span class=\"fusion-column-inner-bg-image lazyload\" data-bg=\"https:\/\/imlauer.com\/hotel-nestroy-wien\/wp-content\/uploads\/2025\/02\/Hotel-IMLAUER-Nestroy-Wien-Raum-Johann_2.jpg\"><\/span><\/a><\/span><div class=\"fusion-column-wrapper fusion-column-has-shadow fusion-flex-column-wrapper-legacy fusion-column-has-bg-image\" data-bg-url=\"https:\/\/imlauer.com\/hotel-nestroy-wien\/wp-content\/uploads\/2025\/02\/Hotel-IMLAUER-Nestroy-Wien-Raum-Johann_2.jpg\"><div class=\"fusion-column-content-centered\"><div class=\"fusion-column-content\"><div class=\"fusion-text fusion-text-7\"><h4 style=\"font-size: 33px; line-height: 50px; text-align: center;\"><span style=\"color: #ffffff;\">Salles de r\u00e9union<\/span><\/h4>\n<\/div><\/div><\/div><div class=\"fusion-clearfix\"><\/div><\/div><\/div><div class=\"fusion-layout-column fusion_builder_column fusion-builder-column-6 fusion_builder_column_1_3 1_3 fusion-one-third fusion-column-inner-bg-wrapper overlay\" style=\"--awb-padding-top:10%;--awb-padding-right:15%;--awb-padding-bottom:10%;--awb-padding-left:15%;--awb-inner-bg-color:#f0f0f0;--awb-inner-bg-color-hover:#f0f0f0;--awb-inner-bg-position:center center;--awb-inner-bg-size:cover;--awb-margin-top:2px;--awb-margin-bottom:0px;width:33.333333333333%;width:calc(33.333333333333% - ( ( 2px + 2px ) * 0.33333333333333 ) );margin-right: 2px;\"><span class=\"fusion-column-inner-bg hover-type-zoomin\"><a class=\"fusion-column-anchor\" href=\"https:\/\/imlauer.com\/hotel-nestroy-wien\/chambre\/?lang=fr\"><span class=\"fusion-column-inner-bg-image lazyload\" data-bg=\"https:\/\/imlauer.com\/hotel-nestroy-wien\/wp-content\/uploads\/2025\/02\/zimmer-iconbox.jpg\"><\/span><\/a><\/span><div class=\"fusion-column-wrapper fusion-column-has-shadow fusion-flex-column-wrapper-legacy fusion-column-has-bg-image\" data-bg-url=\"https:\/\/imlauer.com\/hotel-nestroy-wien\/wp-content\/uploads\/2025\/02\/zimmer-iconbox.jpg\"><div class=\"fusion-column-content-centered\"><div class=\"fusion-column-content\"><div class=\"fusion-text fusion-text-8\"><h4 style=\"font-size: 33px; line-height: 50px; text-align: center;\"><span style=\"color: #ffffff;\">Chambre<\/span><\/h4>\n<\/div><\/div><\/div><div class=\"fusion-clearfix\"><\/div><\/div><\/div><div class=\"fusion-layout-column fusion_builder_column fusion-builder-column-7 fusion_builder_column_1_3 1_3 fusion-one-third fusion-column-last fusion-column-inner-bg-wrapper overlay\" style=\"--awb-padding-top:10%;--awb-padding-right:15%;--awb-padding-bottom:10%;--awb-padding-left:15%;--awb-inner-bg-color:#f0f0f0;--awb-inner-bg-color-hover:#f0f0f0;--awb-inner-bg-position:center center;--awb-inner-bg-size:cover;--awb-margin-top:2px;--awb-margin-bottom:0px;width:33.333333333333%;width:calc(33.333333333333% - ( ( 2px + 2px ) * 0.33333333333333 ) );\" data-scroll-devices=\"small-visibility,medium-visibility,large-visibility\"><span class=\"fusion-column-inner-bg hover-type-zoomin\"><a class=\"fusion-column-anchor\" href=\"https:\/\/imlauer.com\/hotel-nestroy-wien\/reunions\/?lang=fr\"><span class=\"fusion-column-inner-bg-image lazyload\" data-bg=\"https:\/\/imlauer.com\/hotel-nestroy-wien\/wp-content\/uploads\/2025\/02\/iconbox-pauschale.jpg\"><\/span><\/a><\/span><div class=\"fusion-column-wrapper fusion-column-has-shadow fusion-flex-column-wrapper-legacy fusion-column-has-bg-image\" data-bg-url=\"https:\/\/imlauer.com\/hotel-nestroy-wien\/wp-content\/uploads\/2025\/02\/iconbox-pauschale.jpg\"><div class=\"fusion-column-content-centered\"><div class=\"fusion-column-content\"><div class=\"fusion-text fusion-text-9\"><h4 style=\"font-size: 33px; line-height: 50px; text-align: center;\"><span style=\"color: #ffffff;\">Forfaits<\/span><\/h4>\n<\/div><\/div><\/div><div class=\"fusion-clearfix\"><\/div><\/div><\/div><div class=\"fusion-layout-column fusion_builder_column fusion-builder-column-8 fusion_builder_column_1_3 1_3 fusion-one-third fusion-column-first fusion-column-inner-bg-wrapper overlay\" style=\"--awb-padding-top:10%;--awb-padding-right:15%;--awb-padding-bottom:10%;--awb-padding-left:15%;--awb-inner-bg-color:#f0f0f0;--awb-inner-bg-color-hover:#f0f0f0;--awb-inner-bg-position:center center;--awb-inner-bg-size:cover;--awb-margin-top:2px;--awb-margin-bottom:0px;width:33.333333333333%;width:calc(33.333333333333% - ( ( 2px + 2px ) * 0.33333333333333 ) );margin-right: 2px;\"><span class=\"fusion-column-inner-bg hover-type-zoomin\"><a class=\"fusion-column-anchor\" href=\"https:\/\/imlauer.com\/hotel-nestroy-wien\/galerie-dimages\/?lang=fr\"><span class=\"fusion-column-inner-bg-image lazyload\" data-bg=\"https:\/\/imlauer.com\/hotel-nestroy-wien\/wp-content\/uploads\/2025\/02\/iconbox-bildergalerie-1.jpg\"><\/span><\/a><\/span><div class=\"fusion-column-wrapper fusion-column-has-shadow fusion-flex-column-wrapper-legacy fusion-column-has-bg-image\" data-bg-url=\"https:\/\/imlauer.com\/hotel-nestroy-wien\/wp-content\/uploads\/2025\/02\/iconbox-bildergalerie-1.jpg\"><div class=\"fusion-column-content-centered\"><div class=\"fusion-column-content\"><div class=\"fusion-text fusion-text-10\"><h4 style=\"font-size: 33px; line-height: 50px; text-align: center;\"><span style=\"color: #ffffff;\">Galerie d&#8217;images<\/span><\/h4>\n<\/div><\/div><\/div><div class=\"fusion-clearfix\"><\/div><\/div><\/div><div class=\"fusion-layout-column fusion_builder_column fusion-builder-column-9 fusion_builder_column_1_3 1_3 fusion-one-third fusion-column-inner-bg-wrapper overlay\" style=\"--awb-padding-top:10%;--awb-padding-right:15%;--awb-padding-bottom:10%;--awb-padding-left:15%;--awb-inner-bg-color:#f0f0f0;--awb-inner-bg-color-hover:#f0f0f0;--awb-inner-bg-position:center center;--awb-inner-bg-size:cover;--awb-margin-top:2px;--awb-margin-bottom:0px;width:33.333333333333%;width:calc(33.333333333333% - ( ( 2px + 2px ) * 0.33333333333333 ) );margin-right: 2px;\"><span class=\"fusion-column-inner-bg hover-type-zoomin\"><a class=\"fusion-column-anchor\" href=\"https:\/\/imlauer.com\/hotel-nestroy-wien\/le-bar-de-nepomuk\/?lang=fr\"><span class=\"fusion-column-inner-bg-image lazyload\" data-bg=\"https:\/\/imlauer.com\/hotel-nestroy-wien\/wp-content\/uploads\/2025\/02\/Nepomuks-iconbox-1.jpg\"><\/span><\/a><\/span><div class=\"fusion-column-wrapper fusion-column-has-shadow fusion-flex-column-wrapper-legacy fusion-column-has-bg-image\" data-bg-url=\"https:\/\/imlauer.com\/hotel-nestroy-wien\/wp-content\/uploads\/2025\/02\/Nepomuks-iconbox-1.jpg\"><div class=\"fusion-column-content-centered\"><div class=\"fusion-column-content\"><div class=\"fusion-text fusion-text-11\"><h4 style=\"font-size: 33px; line-height: 50px; text-align: center;\"><span style=\"color: #ffffff;\">Le bar de Nepomuk<\/span><\/h4>\n<\/div><\/div><\/div><div class=\"fusion-clearfix\"><\/div><\/div><\/div><div class=\"fusion-layout-column fusion_builder_column fusion-builder-column-10 fusion_builder_column_1_3 1_3 fusion-one-third fusion-column-last fusion-column-inner-bg-wrapper overlay\" style=\"--awb-padding-top:10%;--awb-padding-right:15%;--awb-padding-bottom:10%;--awb-padding-left:15%;--awb-inner-bg-color:#f0f0f0;--awb-inner-bg-color-hover:#f0f0f0;--awb-inner-bg-position:center center;--awb-inner-bg-size:cover;--awb-margin-top:2px;--awb-margin-bottom:0px;width:33.333333333333%;width:calc(33.333333333333% - ( ( 2px + 2px ) * 0.33333333333333 ) );\"><span class=\"fusion-column-inner-bg hover-type-zoomin\"><a class=\"fusion-column-anchor\" href=\"https:\/\/imlauer.com\/hotel-nestroy-wien\/petit-dejeuner\/?lang=fr\"><span class=\"fusion-column-inner-bg-image lazyload\" data-bg=\"https:\/\/imlauer.com\/hotel-nestroy-wien\/wp-content\/uploads\/2025\/02\/Fruehstueck-Uebersicht-1.jpg\"><\/span><\/a><\/span><div class=\"fusion-column-wrapper fusion-column-has-shadow fusion-flex-column-wrapper-legacy fusion-column-has-bg-image\" data-bg-url=\"https:\/\/imlauer.com\/hotel-nestroy-wien\/wp-content\/uploads\/2025\/02\/Fruehstueck-Uebersicht-1.jpg\"><div class=\"fusion-column-content-centered\"><div class=\"fusion-column-content\"><div class=\"fusion-text fusion-text-12\"><h4 style=\"font-size: 33px; line-height: 50px; text-align: center;\"><span style=\"color: #ffffff;\">Petit d\u00e9jeuner<\/span><\/h4>\n<\/div><\/div><\/div><div class=\"fusion-clearfix\"><\/div><\/div><\/div><div class=\"fusion-layout-column fusion_builder_column fusion-builder-column-11 fusion_builder_column_1_1 1_1 fusion-one-full fusion-column-first fusion-column-last\" style=\"--awb-bg-size:cover;\"><div class=\"fusion-column-wrapper fusion-column-has-shadow fusion-flex-column-wrapper-legacy\"><div class=\"fusion-sep-clear\"><\/div><div class=\"fusion-separator fusion-full-width-sep\" style=\"margin-left: auto;margin-right: auto;margin-bottom:10px;width:100%;\"><\/div><div class=\"fusion-sep-clear\"><\/div><div class=\"fusion-clearfix\"><\/div><\/div><\/div><\/div><\/div><\/p>\n","protected":false},"excerpt":{"rendered":"","protected":false},"author":1,"featured_media":0,"parent":0,"menu_order":0,"comment_status":"closed","ping_status":"closed","template":"100-width.php","meta":{"footnotes":""},"class_list":["post-1165","page","type-page","status-publish","hentry"],"_links":{"self":[{"href":"https:\/\/imlauer.com\/hotel-nestroy-wien\/wp-json\/wp\/v2\/pages\/1165","targetHints":{"allow":["GET"]}}],"collection":[{"href":"https:\/\/imlauer.com\/hotel-nestroy-wien\/wp-json\/wp\/v2\/pages"}],"about":[{"href":"https:\/\/imlauer.com\/hotel-nestroy-wien\/wp-json\/wp\/v2\/types\/page"}],"author":[{"embeddable":true,"href":"https:\/\/imlauer.com\/hotel-nestroy-wien\/wp-json\/wp\/v2\/users\/1"}],"replies":[{"embeddable":true,"href":"https:\/\/imlauer.com\/hotel-nestroy-wien\/wp-json\/wp\/v2\/comments?post=1165"}],"version-history":[{"count":18,"href":"https:\/\/imlauer.com\/hotel-nestroy-wien\/wp-json\/wp\/v2\/pages\/1165\/revisions"}],"predecessor-version":[{"id":2483,"href":"https:\/\/imlauer.com\/hotel-nestroy-wien\/wp-json\/wp\/v2\/pages\/1165\/revisions\/2483"}],"wp:attachment":[{"href":"https:\/\/imlauer.com\/hotel-nestroy-wien\/wp-json\/wp\/v2\/media?parent=1165"}],"curies":[{"name":"wp","href":"https:\/\/api.w.org\/{rel}","templated":true}]}}