{"id":1180,"date":"2025-02-03T12:27:50","date_gmt":"2025-02-03T12:27:50","guid":{"rendered":"https:\/\/imlauer.com\/hotel-nestroy-wien\/sauna-e-fitness\/"},"modified":"2026-02-10T09:07:18","modified_gmt":"2026-02-10T09:07:18","slug":"sauna-e-fitness","status":"publish","type":"page","link":"https:\/\/imlauer.com\/hotel-nestroy-wien\/sauna-e-fitness\/?lang=it","title":{"rendered":"Sauna e fitness"},"content":{"rendered":"<p data-rm-block-id=\"block-1\"><div class=\"fusion-fullwidth fullwidth-box fusion-builder-row-1 has-pattern-background has-mask-background nonhundred-percent-fullwidth non-hundred-percent-height-scrolling\" style=\"--awb-background-position:left top;--awb-border-sizes-top:0px;--awb-border-sizes-bottom:0px;--awb-border-sizes-left:0px;--awb-border-sizes-right:0px;--awb-border-radius-top-left:0px;--awb-border-radius-top-right:0px;--awb-border-radius-bottom-right:0px;--awb-border-radius-bottom-left:0px;--awb-padding-top:0px;--awb-padding-bottom:85px;--awb-margin-top:40px;--awb-flex-wrap:wrap;\" ><div class=\"fusion-builder-row fusion-row\"><div class=\"fusion-layout-column fusion_builder_column fusion-builder-column-0 fusion_builder_column_1_2 1_2 fusion-one-half fusion-column-first\" style=\"--awb-padding-top:40px;--awb-padding-right:40px;--awb-padding-bottom:40px;--awb-padding-left:40px;--awb-bg-color:#ffffff;--awb-bg-color-hover:#ffffff;--awb-bg-size:cover;--awb-border-color:#ebeef1;--awb-border-top:0;--awb-border-right:0;--awb-border-bottom:0;--awb-border-left:0;--awb-border-style:solid;width:48%; margin-right: 4%;\"><div class=\"fusion-column-wrapper fusion-column-has-shadow fusion-flex-column-wrapper-legacy\"><div class=\"fusion-column-content-centered\"><div class=\"fusion-column-content\"><div class=\"fusion-image-element fusion-image-align-center in-legacy-container\" style=\"text-align:center;--awb-liftup-border-radius:0px;--awb-caption-title-font-family:var(--h2_typography-font-family);--awb-caption-title-font-weight:var(--h2_typography-font-weight);--awb-caption-title-font-style:var(--h2_typography-font-style);--awb-caption-title-size:var(--h2_typography-font-size);--awb-caption-title-transform:var(--h2_typography-text-transform);--awb-caption-title-line-height:var(--h2_typography-line-height);--awb-caption-title-letter-spacing:var(--h2_typography-letter-spacing);\"><div class=\"imageframe-align-center\"><div class=\"awb-image-frame awb-image-frame-1 imageframe-liftup\"><span class=\" fusion-imageframe imageframe-none imageframe-1\"><a href=\"https:\/\/imlauer.com\/hotel-nestroy-wien\/wp-content\/uploads\/2025\/02\/web_imlauer_wien_0719-1099-scaled-1.jpg\" class=\"fusion-lightbox\" data-rel=\"iLightbox[0fff2c323d5e08bd6bd]\" data-caption=\"Das Foto darf ausschlie\u00dflich f\u00fcr PR- und Marketingma\u00dfnahmen der IMLAUER Hotel &amp; Restaurant GmbH - Rainerstra\u00dfe 12 \u2013 14 - A-5020 Salzburg r\u00e4umlich und zeitlich unbegrenzt verwendet werden. Das Copyright verbleibt beim Bildautor G\u00fcnter Standl (www.guenterstandl.de). Jegliche Nutzung Dritter ist mit dem Bildautor gesondert zu vereinbaren.\nDer Bildautor stellt das gelieferte Bildmaterial nicht von Rechten Dritter frei.\nEtwaige Anspr\u00fcche Dritter fallen in den Verantwortungsbereich des Bildnutzers.\" data-title=\"web_imlauer_wien_0719-1099-scaled\" title=\"web_imlauer_wien_0719-1099-scaled\"><img decoding=\"async\" width=\"2560\" height=\"1718\" src=\"https:\/\/imlauer.com\/hotel-nestroy-wien\/wp-content\/uploads\/2025\/02\/web_imlauer_wien_0719-1099-scaled-1.jpg\" data-orig-src=\"https:\/\/imlauer.com\/hotel-nestroy-wien\/wp-content\/uploads\/2025\/02\/web_imlauer_wien_0719-1099-scaled-1.jpg\" alt class=\"lazyload img-responsive wp-image-197\" srcset=\"data:image\/svg+xml,%3Csvg%20xmlns%3D%27http%3A%2F%2Fwww.w3.org%2F2000%2Fsvg%27%20width%3D%272560%27%20height%3D%271718%27%20viewBox%3D%270%200%202560%201718%27%3E%3Crect%20width%3D%272560%27%20height%3D%271718%27%20fill-opacity%3D%220%22%2F%3E%3C%2Fsvg%3E\" data-srcset=\"https:\/\/imlauer.com\/hotel-nestroy-wien\/wp-content\/uploads\/2025\/02\/web_imlauer_wien_0719-1099-scaled-1-200x134.jpg 200w, https:\/\/imlauer.com\/hotel-nestroy-wien\/wp-content\/uploads\/2025\/02\/web_imlauer_wien_0719-1099-scaled-1-400x268.jpg 400w, https:\/\/imlauer.com\/hotel-nestroy-wien\/wp-content\/uploads\/2025\/02\/web_imlauer_wien_0719-1099-scaled-1-600x403.jpg 600w, https:\/\/imlauer.com\/hotel-nestroy-wien\/wp-content\/uploads\/2025\/02\/web_imlauer_wien_0719-1099-scaled-1-800x537.jpg 800w, https:\/\/imlauer.com\/hotel-nestroy-wien\/wp-content\/uploads\/2025\/02\/web_imlauer_wien_0719-1099-scaled-1-1200x805.jpg 1200w, https:\/\/imlauer.com\/hotel-nestroy-wien\/wp-content\/uploads\/2025\/02\/web_imlauer_wien_0719-1099-scaled-1.jpg 2560w\" data-sizes=\"auto\" data-orig-sizes=\"(max-width: 969px) 100vw, 600px\" \/><\/a><\/span><\/div><\/div><\/div><\/div><\/div><div class=\"fusion-clearfix\"><\/div><\/div><\/div><div class=\"fusion-layout-column fusion_builder_column fusion-builder-column-1 fusion_builder_column_1_2 1_2 fusion-one-half fusion-column-last\" style=\"--awb-bg-blend:overlay;--awb-bg-size:cover;width:48%;\"><div class=\"fusion-column-wrapper fusion-column-has-shadow fusion-flex-column-wrapper-legacy\"><div class=\"fusion-column-content-centered\"><div class=\"fusion-column-content\"><div class=\"fusion-text fusion-text-1\"><p style=\"letter-spacing: 4px; font-size: 13px; margin-bottom: 0px; text-transform: uppercase; text-align: center;\" data-rm-block-id=\"block-2\">IL LUOGO DEL RINNOVAMENTO<\/p>\n<h1 style=\"text-align: center;\" data-rm-block-id=\"block-3\">Il vostro time-out per il fitness e la sauna<\/h1>\n<p data-rm-block-id=\"block-4\">\n<\/div><div class=\"fusion-text fusion-text-2\"><p style=\"text-align: center;\" data-rm-block-id=\"block-5\">Dopo una giornata intensa a Vienna, elaborate le impressioni con una <strong>seduta di sauna<\/strong>, lasciate che il piacevole calore faccia la sua magia e poi <strong>rilassatevi nella zona tranquilla<\/strong>. Al mattino, prima di una riunione, iniziate la giornata pieni di energia con un giro sul <strong>tapis roulant<\/strong>. <\/p>\n<p style=\"text-align: center;\" data-rm-block-id=\"block-6\">Nella nostra<strong> area relax<\/strong> potrete dimenticare per un po&#8216; tutto ci\u00f2 che vi circonda. La luce soffusa, unita ai<strong> materiali di alta qualit\u00e0<\/strong> e all&#8217;atmosfera piacevole, sono perfetti per ricaricare le batterie. <\/p>\n<p style=\"text-align: center;\" data-rm-block-id=\"block-7\">L&#8216;<strong>area fitness e sauna<\/strong> \u00e8 a vostra disposizione <strong>gratuitamente<\/strong> per tutta la durata del soggiorno. Immergetevi in un mondo di riposo e relax! <\/p>\n<p data-rm-block-id=\"block-8\">\n<\/div><\/div><\/div><div class=\"fusion-clearfix\"><\/div><\/div><\/div><\/div><\/div><div class=\"fusion-fullwidth fullwidth-box fusion-builder-row-2 nonhundred-percent-fullwidth non-hundred-percent-height-scrolling fusion-equal-height-columns\" style=\"--awb-background-position:left top;--awb-border-sizes-top:0px;--awb-border-sizes-bottom:0px;--awb-border-sizes-left:0px;--awb-border-sizes-right:0px;--awb-border-radius-top-left:0px;--awb-border-radius-top-right:0px;--awb-border-radius-bottom-right:0px;--awb-border-radius-bottom-left:0px;--awb-padding-top:0px;--awb-padding-right:20px;--awb-padding-bottom:0px;--awb-padding-left:20px;--awb-margin-bottom:-60px;--awb-flex-wrap:wrap;\" ><div class=\"fusion-builder-row fusion-row\"><div class=\"fusion-layout-column fusion_builder_column fusion-builder-column-2 fusion_builder_column_1_1 1_1 fusion-one-full fusion-column-first fusion-column-last fusion-column-no-min-height\" style=\"--awb-bg-blend:overlay;--awb-bg-size:cover;--awb-margin-bottom:0px;\"><div class=\"fusion-column-wrapper fusion-flex-column-wrapper-legacy\"><div class=\"fusion-content-boxes content-boxes columns row fusion-columns-4 fusion-columns-total-4 fusion-content-boxes-1 content-boxes-icon-on-top content-left\" style=\"--awb-backgroundcolor:#ffffff;--awb-body-color:#636362;--awb-title-color:#af9755;--awb-iconcolor:#008ab4;--awb-hover-accent-color:#af9755;--awb-circle-hover-accent-color:transparent;\" data-animationOffset=\"top-into-view\"><div style=\"--awb-backgroundcolor:#ffffff;--awb-iconcolor:#008ab4;\" class=\"fusion-column content-box-column content-box-column content-box-column-1 col-lg-3 col-md-3 col-sm-3 fusion-content-box-hover content-box-column-first-in-row\"><div class=\"col content-box-wrapper content-wrapper-background link-area-link-icon icon-hover-animation-slide\" data-animationOffset=\"top-into-view\"><div class=\"heading heading-with-icon icon-left\"><div aria-hidden=\"true\" class=\"image\"><img decoding=\"async\" class=\"lazyload\" src=\"data:image\/svg+xml,%3Csvg%20xmlns%3D%27http%3A%2F%2Fwww.w3.org%2F2000%2Fsvg%27%20width%3D%27100%27%20height%3D%27100%27%20viewBox%3D%270%200%20100%20100%27%3E%3Crect%20width%3D%27100%27%20height%3D%27100%27%20fill-opacity%3D%220%22%2F%3E%3C%2Fsvg%3E\" data-orig-src=\"https:\/\/imlauer.com\/hotel-nestroy-wien\/wp-content\/uploads\/2025\/02\/gratis.png\" width=\"100\" height=\"100\" alt=\"\" \/><\/div><h2 class=\"content-box-heading\" style=\"--h2_typography-font-size:20px;line-height:25px;\">Gratuito<\/h2><\/div><div class=\"fusion-clearfix\"><\/div><div class=\"content-container\">\n<p data-rm-block-id=\"block-9\">per tutti gli ospiti dell&#8217;hotel<\/p>\n<p data-rm-block-id=\"block-10\"><\/div><\/div><\/div><div style=\"--awb-backgroundcolor:#ffffff;--awb-iconcolor:#008ab4;\" class=\"fusion-column content-box-column content-box-column content-box-column-2 col-lg-3 col-md-3 col-sm-3 fusion-content-box-hover \"><div class=\"col content-box-wrapper content-wrapper-background link-area-link-icon icon-hover-animation-slide\" data-animationOffset=\"top-into-view\"><div class=\"heading heading-with-icon icon-left\"><div aria-hidden=\"true\" class=\"image\"><img decoding=\"async\" class=\"lazyload\" src=\"data:image\/svg+xml,%3Csvg%20xmlns%3D%27http%3A%2F%2Fwww.w3.org%2F2000%2Fsvg%27%20width%3D%27100%27%20height%3D%27100%27%20viewBox%3D%270%200%20100%20100%27%3E%3Crect%20width%3D%27100%27%20height%3D%27100%27%20fill-opacity%3D%220%22%2F%3E%3C%2Fsvg%3E\" data-orig-src=\"https:\/\/imlauer.com\/hotel-nestroy-wien\/wp-content\/uploads\/2025\/02\/Oeffnungszeiten.png\" width=\"100\" height=\"100\" alt=\"\" \/><\/div><h2 class=\"content-box-heading\" style=\"--h2_typography-font-size:20px;line-height:25px;\">Orari di apertura dell&#039;area fitness<\/h2><\/div><div class=\"fusion-clearfix\"><\/div><div class=\"content-container\">07:00-22:00<\/div><\/div><\/div><div style=\"--awb-backgroundcolor:#ffffff;--awb-iconcolor:#008ab4;\" class=\"fusion-column content-box-column content-box-column content-box-column-3 col-lg-3 col-md-3 col-sm-3 fusion-content-box-hover \"><div class=\"col content-box-wrapper content-wrapper-background link-area-link-icon icon-hover-animation-slide\" data-animationOffset=\"top-into-view\"><div class=\"heading heading-with-icon icon-left\"><div aria-hidden=\"true\" class=\"image\"><img decoding=\"async\" class=\"lazyload\" src=\"data:image\/svg+xml,%3Csvg%20xmlns%3D%27http%3A%2F%2Fwww.w3.org%2F2000%2Fsvg%27%20width%3D%27100%27%20height%3D%27100%27%20viewBox%3D%270%200%20100%20100%27%3E%3Crect%20width%3D%27100%27%20height%3D%27100%27%20fill-opacity%3D%220%22%2F%3E%3C%2Fsvg%3E\" data-orig-src=\"https:\/\/imlauer.com\/hotel-nestroy-wien\/wp-content\/uploads\/2025\/02\/Sauna-1.png\" width=\"100\" height=\"100\" alt=\"\" \/><\/div><h2 class=\"content-box-heading\" style=\"--h2_typography-font-size:20px;line-height:25px;\">Orari di apertura della sauna  <\/h2><\/div><div class=\"fusion-clearfix\"><\/div><div class=\"content-container\">07:00-22:00<\/div><\/div><\/div><div style=\"--awb-backgroundcolor:#ffffff;--awb-iconcolor:#008ab4;\" class=\"fusion-column content-box-column content-box-column content-box-column-4 col-lg-3 col-md-3 col-sm-3 fusion-content-box-hover content-box-column-last content-box-column-last-in-row\"><div class=\"col content-box-wrapper content-wrapper-background link-area-link-icon icon-hover-animation-slide\" data-animationOffset=\"top-into-view\"><div class=\"heading heading-with-icon icon-left\"><div aria-hidden=\"true\" class=\"image\"><img decoding=\"async\" class=\"lazyload\" src=\"data:image\/svg+xml,%3Csvg%20xmlns%3D%27http%3A%2F%2Fwww.w3.org%2F2000%2Fsvg%27%20width%3D%27100%27%20height%3D%27100%27%20viewBox%3D%270%200%20100%20100%27%3E%3Crect%20width%3D%27100%27%20height%3D%27100%27%20fill-opacity%3D%220%22%2F%3E%3C%2Fsvg%3E\" data-orig-src=\"https:\/\/imlauer.com\/hotel-nestroy-wien\/wp-content\/uploads\/2025\/02\/precor-1.png\" width=\"100\" height=\"100\" alt=\"\" \/><\/div><h2 class=\"content-box-heading\" style=\"--h2_typography-font-size:20px;line-height:25px;\">Attrezzature per il fitness<\/h2><\/div><div class=\"fusion-clearfix\"><\/div><div class=\"content-container\">Attuali attrezzature per il fitness top<br \/>\ndel marchio Precor<\/div><\/div><\/div><div class=\"fusion-clearfix\"><\/div><\/div><div class=\"fusion-clearfix\"><\/div><\/div><\/div><\/div><\/div><div class=\"fusion-fullwidth fullwidth-box fusion-builder-row-3 nonhundred-percent-fullwidth non-hundred-percent-height-scrolling fusion-equal-height-columns\" style=\"--awb-border-radius-top-left:0px;--awb-border-radius-top-right:0px;--awb-border-radius-bottom-right:0px;--awb-border-radius-bottom-left:0px;--awb-margin-bottom:30px;--awb-flex-wrap:wrap;\" ><div class=\"fusion-builder-row fusion-row\"><div class=\"fusion-layout-column fusion_builder_column fusion-builder-column-3 fusion_builder_column_1_3 1_3 fusion-one-third fusion-column-first\" style=\"--awb-bg-position:center bottom;--awb-bg-size:cover;--awb-margin-bottom:0px;\" data-scroll-devices=\"small-visibility,medium-visibility,large-visibility\"><div class=\"fusion-column-wrapper lazyload fusion-column-has-shadow fusion-flex-column-wrapper-legacy fusion-column-has-bg-image\" data-bg-url=\"https:\/\/imlauer.com\/hotel-nestroy-wien\/wp-content\/uploads\/2025\/02\/Fitness-1.jpg\" data-bg=\"https:\/\/imlauer.com\/hotel-nestroy-wien\/wp-content\/uploads\/2025\/02\/Fitness-1.jpg\"><div class=\"fusion-clearfix\"><\/div><\/div><\/div><div class=\"fusion-layout-column fusion_builder_column fusion-builder-column-4 fusion_builder_column_1_3 1_3 fusion-one-third\" style=\"--awb-padding-top:40px;--awb-padding-right:40px;--awb-padding-bottom:40px;--awb-padding-left:40px;--awb-bg-color:#af9754;--awb-bg-color-hover:#af9754;--awb-bg-size:cover;--awb-margin-bottom:0px;\"><div class=\"fusion-column-wrapper fusion-column-has-shadow fusion-flex-column-wrapper-legacy\"><div class=\"fusion-text fusion-text-3\"><h3 style=\"text-align: center;\" data-rm-block-id=\"block-11\"><em><span style=\"color: #ffffff;\">\"L'arte del riposo fa parte dell'arte del lavoro\".<\/span><\/em><\/h3>\n<p style=\"letter-spacing: 4px; font-size: 22px; text-align: center; line-height: 22px;\" data-rm-block-id=\"block-12\"><span style=\"color: #ffffff;\">JOHN STEINBECK<br \/>\n<\/span><\/p>\n<p data-rm-block-id=\"block-13\">\n<\/div><div class=\"fusion-clearfix\"><\/div><\/div><\/div><div class=\"fusion-layout-column fusion_builder_column fusion-builder-column-5 fusion_builder_column_1_3 1_3 fusion-one-third fusion-column-last\" style=\"--awb-bg-position:center bottom;--awb-bg-size:cover;--awb-margin-bottom:0px;\" data-scroll-devices=\"small-visibility,medium-visibility,large-visibility\"><div class=\"fusion-column-wrapper lazyload fusion-column-has-shadow fusion-flex-column-wrapper-legacy fusion-column-has-bg-image\" data-bg-url=\"https:\/\/imlauer.com\/hotel-nestroy-wien\/wp-content\/uploads\/2025\/02\/web_imlauer_wien_0719-1092-scaled-1.jpg\" data-bg=\"https:\/\/imlauer.com\/hotel-nestroy-wien\/wp-content\/uploads\/2025\/02\/web_imlauer_wien_0719-1092-scaled-1.jpg\"><div class=\"fusion-clearfix\"><\/div><\/div><\/div><\/div><\/div><div class=\"fusion-fullwidth fullwidth-box fusion-builder-row-4 nonhundred-percent-fullwidth non-hundred-percent-height-scrolling\" style=\"--awb-border-radius-top-left:0px;--awb-border-radius-top-right:0px;--awb-border-radius-bottom-right:0px;--awb-border-radius-bottom-left:0px;--awb-flex-wrap:wrap;\" ><div class=\"fusion-builder-row fusion-row\"><div class=\"fusion-layout-column fusion_builder_column fusion-builder-column-6 fusion_builder_column_1_1 1_1 fusion-one-full fusion-column-first fusion-column-last\" style=\"--awb-bg-size:cover;\"><div class=\"fusion-column-wrapper fusion-column-has-shadow fusion-flex-column-wrapper-legacy\"><div class=\"fusion-image-carousel fusion-image-carousel-auto fusion-image-carousel-1 fusion-carousel-border\"><div class=\"awb-carousel awb-swiper awb-swiper-carousel awb-carousel--carousel awb-swiper-dots-position-bottom\" data-layout=\"carousel\" data-autoplay=\"yes\" data-autoplayspeed=\"2500\" data-autoplaypause=\"no\" data-columns=\"4\" data-columnsmedium=\"1\" data-columnssmall=\"1\" data-itemmargin=\"10\" data-itemwidth=\"180\" data-touchscroll=\"drag\" data-freemode=\"no\" data-imagesize=\"auto\" data-scrollitems=\"0\" data-centeredslides=\"no\" data-rotationangle=\"50\" data-depth=\"100\" data-speed=\"500\" data-shadow=\"no\" data-pagination=\"bullets\" style=\"--awb-columns:4;--awb-column-spacing:10px;--awb-border-width:1px;--awb-border-color:#e9eaee;\"><div class=\"swiper-wrapper awb-image-carousel-wrapper fusion-flex-align-items-center\"><div class=\"swiper-slide\"><div class=\"fusion-carousel-item-wrapper\"><div class=\"fusion-image-wrapper hover-type-none\"><img decoding=\"async\" width=\"2120\" height=\"1408\" src=\"https:\/\/imlauer.com\/hotel-nestroy-wien\/wp-content\/uploads\/2025\/02\/DSC9669-klein.jpg\" class=\"attachment-full size-full lazyload\" alt=\"\" srcset=\"data:image\/svg+xml,%3Csvg%20xmlns%3D%27http%3A%2F%2Fwww.w3.org%2F2000%2Fsvg%27%20width%3D%272120%27%20height%3D%271408%27%20viewBox%3D%270%200%202120%201408%27%3E%3Crect%20width%3D%272120%27%20height%3D%271408%27%20fill-opacity%3D%220%22%2F%3E%3C%2Fsvg%3E\" data-orig-src=\"https:\/\/imlauer.com\/hotel-nestroy-wien\/wp-content\/uploads\/2025\/02\/DSC9669-klein.jpg\" data-srcset=\"https:\/\/imlauer.com\/hotel-nestroy-wien\/wp-content\/uploads\/2025\/02\/DSC9669-klein-200x133.jpg 200w, https:\/\/imlauer.com\/hotel-nestroy-wien\/wp-content\/uploads\/2025\/02\/DSC9669-klein-400x266.jpg 400w, https:\/\/imlauer.com\/hotel-nestroy-wien\/wp-content\/uploads\/2025\/02\/DSC9669-klein-600x398.jpg 600w, https:\/\/imlauer.com\/hotel-nestroy-wien\/wp-content\/uploads\/2025\/02\/DSC9669-klein-800x531.jpg 800w, https:\/\/imlauer.com\/hotel-nestroy-wien\/wp-content\/uploads\/2025\/02\/DSC9669-klein-1200x797.jpg 1200w, https:\/\/imlauer.com\/hotel-nestroy-wien\/wp-content\/uploads\/2025\/02\/DSC9669-klein.jpg 2120w\" data-sizes=\"auto\" \/><\/div><\/div><\/div><div class=\"swiper-slide\"><div class=\"fusion-carousel-item-wrapper\"><div class=\"fusion-image-wrapper hover-type-none\"><img decoding=\"async\" width=\"1809\" height=\"1202\" src=\"https:\/\/imlauer.com\/hotel-nestroy-wien\/wp-content\/uploads\/2025\/02\/DSC9636-klein.jpg\" class=\"attachment-full size-full lazyload\" alt=\"\" srcset=\"data:image\/svg+xml,%3Csvg%20xmlns%3D%27http%3A%2F%2Fwww.w3.org%2F2000%2Fsvg%27%20width%3D%271809%27%20height%3D%271202%27%20viewBox%3D%270%200%201809%201202%27%3E%3Crect%20width%3D%271809%27%20height%3D%271202%27%20fill-opacity%3D%220%22%2F%3E%3C%2Fsvg%3E\" data-orig-src=\"https:\/\/imlauer.com\/hotel-nestroy-wien\/wp-content\/uploads\/2025\/02\/DSC9636-klein.jpg\" data-srcset=\"https:\/\/imlauer.com\/hotel-nestroy-wien\/wp-content\/uploads\/2025\/02\/DSC9636-klein-200x133.jpg 200w, https:\/\/imlauer.com\/hotel-nestroy-wien\/wp-content\/uploads\/2025\/02\/DSC9636-klein-400x266.jpg 400w, https:\/\/imlauer.com\/hotel-nestroy-wien\/wp-content\/uploads\/2025\/02\/DSC9636-klein-600x399.jpg 600w, https:\/\/imlauer.com\/hotel-nestroy-wien\/wp-content\/uploads\/2025\/02\/DSC9636-klein-800x532.jpg 800w, https:\/\/imlauer.com\/hotel-nestroy-wien\/wp-content\/uploads\/2025\/02\/DSC9636-klein-1200x797.jpg 1200w, https:\/\/imlauer.com\/hotel-nestroy-wien\/wp-content\/uploads\/2025\/02\/DSC9636-klein.jpg 1809w\" data-sizes=\"auto\" \/><\/div><\/div><\/div><div class=\"swiper-slide\"><div class=\"fusion-carousel-item-wrapper\"><div class=\"fusion-image-wrapper hover-type-none\"><img decoding=\"async\" width=\"1200\" height=\"800\" src=\"https:\/\/imlauer.com\/hotel-nestroy-wien\/wp-content\/uploads\/2025\/02\/web_imlauer_wien_0719-1097-web.jpg\" class=\"attachment-full size-full lazyload\" alt=\"\" srcset=\"data:image\/svg+xml,%3Csvg%20xmlns%3D%27http%3A%2F%2Fwww.w3.org%2F2000%2Fsvg%27%20width%3D%271200%27%20height%3D%27800%27%20viewBox%3D%270%200%201200%20800%27%3E%3Crect%20width%3D%271200%27%20height%3D%27800%27%20fill-opacity%3D%220%22%2F%3E%3C%2Fsvg%3E\" data-orig-src=\"https:\/\/imlauer.com\/hotel-nestroy-wien\/wp-content\/uploads\/2025\/02\/web_imlauer_wien_0719-1097-web.jpg\" data-srcset=\"https:\/\/imlauer.com\/hotel-nestroy-wien\/wp-content\/uploads\/2025\/02\/web_imlauer_wien_0719-1097-web-200x133.jpg 200w, https:\/\/imlauer.com\/hotel-nestroy-wien\/wp-content\/uploads\/2025\/02\/web_imlauer_wien_0719-1097-web-400x267.jpg 400w, https:\/\/imlauer.com\/hotel-nestroy-wien\/wp-content\/uploads\/2025\/02\/web_imlauer_wien_0719-1097-web-600x400.jpg 600w, https:\/\/imlauer.com\/hotel-nestroy-wien\/wp-content\/uploads\/2025\/02\/web_imlauer_wien_0719-1097-web-800x533.jpg 800w, https:\/\/imlauer.com\/hotel-nestroy-wien\/wp-content\/uploads\/2025\/02\/web_imlauer_wien_0719-1097-web.jpg 1200w\" data-sizes=\"auto\" \/><\/div><\/div><\/div><div class=\"swiper-slide\"><div class=\"fusion-carousel-item-wrapper\"><div class=\"fusion-image-wrapper hover-type-none\"><img decoding=\"async\" width=\"2560\" height=\"1718\" src=\"https:\/\/imlauer.com\/hotel-nestroy-wien\/wp-content\/uploads\/2025\/02\/web_imlauer_wien_0719-1099-scaled-1.jpg\" class=\"attachment-full size-full lazyload\" alt=\"\" srcset=\"data:image\/svg+xml,%3Csvg%20xmlns%3D%27http%3A%2F%2Fwww.w3.org%2F2000%2Fsvg%27%20width%3D%272560%27%20height%3D%271718%27%20viewBox%3D%270%200%202560%201718%27%3E%3Crect%20width%3D%272560%27%20height%3D%271718%27%20fill-opacity%3D%220%22%2F%3E%3C%2Fsvg%3E\" data-orig-src=\"https:\/\/imlauer.com\/hotel-nestroy-wien\/wp-content\/uploads\/2025\/02\/web_imlauer_wien_0719-1099-scaled-1.jpg\" data-srcset=\"https:\/\/imlauer.com\/hotel-nestroy-wien\/wp-content\/uploads\/2025\/02\/web_imlauer_wien_0719-1099-scaled-1-200x134.jpg 200w, https:\/\/imlauer.com\/hotel-nestroy-wien\/wp-content\/uploads\/2025\/02\/web_imlauer_wien_0719-1099-scaled-1-400x268.jpg 400w, https:\/\/imlauer.com\/hotel-nestroy-wien\/wp-content\/uploads\/2025\/02\/web_imlauer_wien_0719-1099-scaled-1-600x403.jpg 600w, https:\/\/imlauer.com\/hotel-nestroy-wien\/wp-content\/uploads\/2025\/02\/web_imlauer_wien_0719-1099-scaled-1-800x537.jpg 800w, https:\/\/imlauer.com\/hotel-nestroy-wien\/wp-content\/uploads\/2025\/02\/web_imlauer_wien_0719-1099-scaled-1-1200x805.jpg 1200w, https:\/\/imlauer.com\/hotel-nestroy-wien\/wp-content\/uploads\/2025\/02\/web_imlauer_wien_0719-1099-scaled-1.jpg 2560w\" data-sizes=\"auto\" \/><\/div><\/div><\/div><div class=\"swiper-slide\"><div class=\"fusion-carousel-item-wrapper\"><div class=\"fusion-image-wrapper hover-type-none\"><img decoding=\"async\" width=\"1200\" height=\"800\" src=\"https:\/\/imlauer.com\/hotel-nestroy-wien\/wp-content\/uploads\/2025\/02\/Fitness-1.jpg\" class=\"attachment-full size-full lazyload\" alt=\"\" srcset=\"data:image\/svg+xml,%3Csvg%20xmlns%3D%27http%3A%2F%2Fwww.w3.org%2F2000%2Fsvg%27%20width%3D%271200%27%20height%3D%27800%27%20viewBox%3D%270%200%201200%20800%27%3E%3Crect%20width%3D%271200%27%20height%3D%27800%27%20fill-opacity%3D%220%22%2F%3E%3C%2Fsvg%3E\" data-orig-src=\"https:\/\/imlauer.com\/hotel-nestroy-wien\/wp-content\/uploads\/2025\/02\/Fitness-1.jpg\" data-srcset=\"https:\/\/imlauer.com\/hotel-nestroy-wien\/wp-content\/uploads\/2025\/02\/Fitness-1-200x133.jpg 200w, https:\/\/imlauer.com\/hotel-nestroy-wien\/wp-content\/uploads\/2025\/02\/Fitness-1-400x267.jpg 400w, https:\/\/imlauer.com\/hotel-nestroy-wien\/wp-content\/uploads\/2025\/02\/Fitness-1-600x400.jpg 600w, https:\/\/imlauer.com\/hotel-nestroy-wien\/wp-content\/uploads\/2025\/02\/Fitness-1-800x533.jpg 800w, https:\/\/imlauer.com\/hotel-nestroy-wien\/wp-content\/uploads\/2025\/02\/Fitness-1.jpg 1200w\" data-sizes=\"auto\" \/><\/div><\/div><\/div><div class=\"swiper-slide\"><div class=\"fusion-carousel-item-wrapper\"><div class=\"fusion-image-wrapper hover-type-none\"><img decoding=\"async\" width=\"1200\" height=\"800\" src=\"https:\/\/imlauer.com\/hotel-nestroy-wien\/wp-content\/uploads\/2025\/02\/Fitness-2.jpg\" class=\"attachment-full size-full lazyload\" alt=\"\" srcset=\"data:image\/svg+xml,%3Csvg%20xmlns%3D%27http%3A%2F%2Fwww.w3.org%2F2000%2Fsvg%27%20width%3D%271200%27%20height%3D%27800%27%20viewBox%3D%270%200%201200%20800%27%3E%3Crect%20width%3D%271200%27%20height%3D%27800%27%20fill-opacity%3D%220%22%2F%3E%3C%2Fsvg%3E\" data-orig-src=\"https:\/\/imlauer.com\/hotel-nestroy-wien\/wp-content\/uploads\/2025\/02\/Fitness-2.jpg\" data-srcset=\"https:\/\/imlauer.com\/hotel-nestroy-wien\/wp-content\/uploads\/2025\/02\/Fitness-2-200x133.jpg 200w, https:\/\/imlauer.com\/hotel-nestroy-wien\/wp-content\/uploads\/2025\/02\/Fitness-2-400x267.jpg 400w, https:\/\/imlauer.com\/hotel-nestroy-wien\/wp-content\/uploads\/2025\/02\/Fitness-2-600x400.jpg 600w, https:\/\/imlauer.com\/hotel-nestroy-wien\/wp-content\/uploads\/2025\/02\/Fitness-2-800x533.jpg 800w, https:\/\/imlauer.com\/hotel-nestroy-wien\/wp-content\/uploads\/2025\/02\/Fitness-2.jpg 1200w\" data-sizes=\"auto\" \/><\/div><\/div><\/div><\/div><div class=\"awb-swiper-button awb-swiper-button-prev\"><i class=\"awb-icon-angle-left\" aria-hidden=\"true\"><\/i><\/div><div class=\"awb-swiper-button awb-swiper-button-next\"><i class=\"awb-icon-angle-right\" aria-hidden=\"true\"><\/i><\/div><\/div><\/div><div class=\"fusion-clearfix\"><\/div><\/div><\/div><\/div><\/div><\/p>\n","protected":false},"excerpt":{"rendered":"","protected":false},"author":1,"featured_media":0,"parent":0,"menu_order":0,"comment_status":"closed","ping_status":"closed","template":"100-width.php","meta":{"footnotes":""},"class_list":["post-1180","page","type-page","status-publish","hentry"],"_links":{"self":[{"href":"https:\/\/imlauer.com\/hotel-nestroy-wien\/wp-json\/wp\/v2\/pages\/1180","targetHints":{"allow":["GET"]}}],"collection":[{"href":"https:\/\/imlauer.com\/hotel-nestroy-wien\/wp-json\/wp\/v2\/pages"}],"about":[{"href":"https:\/\/imlauer.com\/hotel-nestroy-wien\/wp-json\/wp\/v2\/types\/page"}],"author":[{"embeddable":true,"href":"https:\/\/imlauer.com\/hotel-nestroy-wien\/wp-json\/wp\/v2\/users\/1"}],"replies":[{"embeddable":true,"href":"https:\/\/imlauer.com\/hotel-nestroy-wien\/wp-json\/wp\/v2\/comments?post=1180"}],"version-history":[{"count":10,"href":"https:\/\/imlauer.com\/hotel-nestroy-wien\/wp-json\/wp\/v2\/pages\/1180\/revisions"}],"predecessor-version":[{"id":2493,"href":"https:\/\/imlauer.com\/hotel-nestroy-wien\/wp-json\/wp\/v2\/pages\/1180\/revisions\/2493"}],"wp:attachment":[{"href":"https:\/\/imlauer.com\/hotel-nestroy-wien\/wp-json\/wp\/v2\/media?parent=1180"}],"curies":[{"name":"wp","href":"https:\/\/api.w.org\/{rel}","templated":true}]}}