{"id":75,"date":"2025-02-03T12:27:50","date_gmt":"2025-02-03T12:27:50","guid":{"rendered":"https:\/\/imlauer.com\/hotel-nestroy-wien\/index.php\/lage-anreise\/"},"modified":"2026-03-23T09:06:11","modified_gmt":"2026-03-23T09:06:11","slug":"lage-anreise","status":"publish","type":"page","link":"https:\/\/imlauer.com\/hotel-nestroy-wien\/lage-anreise\/","title":{"rendered":"Lage &amp; Anreise"},"content":{"rendered":"<p><div class=\"fusion-fullwidth fullwidth-box fusion-builder-row-1 hundred-percent-fullwidth non-hundred-percent-height-scrolling fusion-equal-height-columns fusion-no-small-visibility fusion-no-medium-visibility\" style=\"--awb-background-position:left top;--awb-border-sizes-top:0px;--awb-border-sizes-bottom:0px;--awb-border-sizes-left:0px;--awb-border-sizes-right:0px;--awb-border-radius-top-left:0px;--awb-border-radius-top-right:0px;--awb-border-radius-bottom-right:0px;--awb-border-radius-bottom-left:0px;--awb-padding-top:0px;--awb-padding-right:0px;--awb-padding-bottom:0px;--awb-padding-left:0px;--awb-flex-wrap:wrap;\" ><div class=\"fusion-builder-row fusion-row\"><div class=\"fusion-layout-column fusion_builder_column fusion-builder-column-0 fusion_builder_column_1_3 1_3 fusion-one-third fusion-column-first\" style=\"--awb-padding-top:30px;--awb-padding-right:15%;--awb-padding-bottom:30px;--awb-padding-left:15%;--awb-bg-size:cover;--awb-margin-bottom:0px;\"><div class=\"fusion-column-wrapper fusion-column-has-shadow fusion-flex-column-wrapper-legacy\"><div class=\"fusion-column-content-centered\"><div class=\"fusion-column-content\"><div class=\"fusion-text fusion-text-1\"><p style=\"letter-spacing: 4px; font-size: 13px; text-align: center; margin-bottom: 0px;\">KONTAKT<\/p>\n<h1 style=\"text-align: center;\">IMLAUER Hotel Nestroy Wien<\/h1>\n<\/div><div class=\"fusion-sep-clear\"><\/div><div class=\"fusion-separator fusion-full-width-sep\" style=\"margin-left: auto;margin-right: auto;margin-top:10px;width:100%;\"><\/div><div class=\"fusion-sep-clear\"><\/div><ul style=\"--awb-size:17px;--awb-iconcolor:#cbaa5c;--awb-line-height:28.9px;--awb-icon-width:28.9px;--awb-icon-height:28.9px;--awb-icon-margin:11.9px;--awb-content-margin:40.8px;\" class=\"fusion-checklist fusion-checklist-1 fusion-checklist-default type-icons address\"><li class=\"fusion-li-item\" style=\"\"><span class=\"icon-wrapper circle-no\"><i class=\"fusion-li-icon fa-phone-alt fas\" aria-hidden=\"true\"><\/i><\/span><div class=\"fusion-li-item-content\">\n<p>Tel: <a href=\"tel:+431211400\">+43 1 211 40 0<\/a><\/p>\n<\/div><\/li><li class=\"fusion-li-item\" style=\"\"><span class=\"icon-wrapper circle-no\"><i class=\"fusion-li-icon fa-envelope far\" aria-hidden=\"true\"><\/i><\/span><div class=\"fusion-li-item-content\">\n<p><a href=\"mailto:hotel.wien@imlauer.com\">hotel.wien@imlauer.com<\/a><\/p>\n<\/div><\/li><li class=\"fusion-li-item\" style=\"\"><span class=\"icon-wrapper circle-no\"><i class=\"fusion-li-icon fa-map-marked-alt fas\" aria-hidden=\"true\"><\/i><\/span><div class=\"fusion-li-item-content\">\n<p>Rotensterngasse 12<br \/>\n1020 Wien, \u00d6sterreich<\/p>\n<\/div><\/li><\/ul><div class=\"fusion-sep-clear\"><\/div><div class=\"fusion-separator fusion-full-width-sep\" style=\"margin-left: auto;margin-right: auto;margin-top:40px;width:100%;\"><\/div><div class=\"fusion-sep-clear\"><\/div><div class=\"fusion-image-element fusion-image-align-center in-legacy-container\" style=\"text-align:center;--awb-max-width:150px;--awb-caption-title-font-family:var(--h2_typography-font-family);--awb-caption-title-font-weight:var(--h2_typography-font-weight);--awb-caption-title-font-style:var(--h2_typography-font-style);--awb-caption-title-size:var(--h2_typography-font-size);--awb-caption-title-transform:var(--h2_typography-text-transform);--awb-caption-title-line-height:var(--h2_typography-line-height);--awb-caption-title-letter-spacing:var(--h2_typography-letter-spacing);\"><div class=\"imageframe-align-center\"><span class=\" fusion-imageframe imageframe-none imageframe-1 hover-type-none\"><img decoding=\"async\" width=\"333\" height=\"140\" title=\"SIXT\" src=\"https:\/\/imlauer.com\/hotel-nestroy-wien\/wp-content\/uploads\/2025\/02\/SIXT.png\" data-orig-src=\"https:\/\/imlauer.com\/hotel-nestroy-wien\/wp-content\/uploads\/2025\/02\/SIXT.png\" alt class=\"lazyload img-responsive wp-image-293\" srcset=\"data:image\/svg+xml,%3Csvg%20xmlns%3D%27http%3A%2F%2Fwww.w3.org%2F2000%2Fsvg%27%20width%3D%27333%27%20height%3D%27140%27%20viewBox%3D%270%200%20333%20140%27%3E%3Crect%20width%3D%27333%27%20height%3D%27140%27%20fill-opacity%3D%220%22%2F%3E%3C%2Fsvg%3E\" data-srcset=\"https:\/\/imlauer.com\/hotel-nestroy-wien\/wp-content\/uploads\/2025\/02\/SIXT-200x84.png 200w, https:\/\/imlauer.com\/hotel-nestroy-wien\/wp-content\/uploads\/2025\/02\/SIXT.png 333w\" data-sizes=\"auto\" data-orig-sizes=\"(max-width: 969px) 100vw, 333px\" \/><\/span><\/div><\/div><div class=\"fusion-sep-clear\"><\/div><div class=\"fusion-separator fusion-full-width-sep\" style=\"margin-left: auto;margin-right: auto;margin-top:20px;width:100%;\"><\/div><div class=\"fusion-sep-clear\"><\/div><div class=\"fusion-text fusion-text-2\"><p style=\"text-align: center;\">Als Gast des Hotel Nestroy Wien erhalten Sie bei unserem Partner SIXT 15% Rabatt auf Ihren SIXT-Mietwagen.<\/p>\n<\/div><div class=\"fusion-sep-clear\"><\/div><div class=\"fusion-separator fusion-full-width-sep\" style=\"margin-left: auto;margin-right: auto;margin-top:20px;width:100%;\"><\/div><div class=\"fusion-sep-clear\"><\/div><div class=\"fusion-aligncenter\"><a class=\"fusion-button button-flat fusion-button-default-size button-default fusion-button-default button-1 fusion-button-default-span fusion-button-default-type\" target=\"_blank\" rel=\"noopener noreferrer\" href=\"https:\/\/www.sixt.at\/partners\/imlauer-nestroy-vienna\/\"><span class=\"fusion-button-text awb-button__text awb-button__text--default\">Zur SIXT-Partnerseite<\/span><\/a><\/div><\/div><\/div><div class=\"fusion-clearfix\"><\/div><\/div><\/div><div class=\"fusion-layout-column fusion_builder_column fusion-builder-column-1 fusion_builder_column_2_3 2_3 fusion-two-third fusion-column-last\" style=\"--awb-padding-top:90px;--awb-padding-right:15%;--awb-padding-bottom:90px;--awb-padding-left:15%;--awb-bg-color:#f5f5f5;--awb-bg-color-hover:#f5f5f5;--awb-bg-size:cover;--awb-margin-bottom:0px;\"><div class=\"fusion-column-wrapper fusion-flex-column-wrapper-legacy\"><div class=\"fusion-column-content-centered\"><div class=\"fusion-column-content\"><div class=\"fusion-text fusion-text-3\"><h2>Detaillierte Anfahrtsbeschreibung zum IMLAUER Hotel Nestroy Wien<\/h2>\n<\/div><ul style=\"--awb-iconcolor:#cbaa5c;--awb-line-height:30.6px;--awb-icon-width:30.6px;--awb-icon-height:30.6px;--awb-icon-margin:12.6px;--awb-content-margin:43.2px;\" class=\"fusion-checklist fusion-checklist-2 fusion-checklist-default type-icons anreise\"><li class=\"fusion-li-item\" style=\"\"><span class=\"icon-wrapper circle-no\"><i class=\"fusion-li-icon fa-bus-alt fas\" aria-hidden=\"true\"><\/i><\/span><div class=\"fusion-li-item-content\">\n<p><strong>Mit \u00f6ffentlichen Verkehrsmitteln:<\/strong><br \/>\n<strong>SCHNELLBAHN<\/strong> (Dauer ca. 40 Minuten) (Tickets in der Schnellbahnstation erh\u00e4ltlich) Am Flughafen nehmen Sie die S7 (Richtung Floridsdorf) und wechseln in der Station Praterstern in die U2 (Richtung Karlsplatz). Mit der U2 fahren Sie bis zur Station Taborstra\u00dfe. Anschlie\u00dfend nehmen Sie den Ausgang Taborstra\u00dfe, \u00fcberqueren die Stra\u00dfe und erreichen nach 3 Minuten die Rotensterngasse.<\/p>\n<p><strong>CAT CITY AIRPORT TRAIN<\/strong> (Dauer ca. 30 Minuten) (Tickets am Flughafen erh\u00e4ltlich) Sie fahren mit dem CAT bis zu der Station Wien Landstrasse (direkte Fahrt) und steigen dort um in die U4 (Richtung Heiligenstadt) bis zu der Station Schwedenplatz. Von hier wechseln Sie in die U1 (Richtung Leopoldau) bis Sie in der Station Nestroyplatz aussteigen. Anschlie\u00dfend nehmen Sie den Ausgang Rotensterngasse und gehen die Stra\u00dfe entlang bis Sie unser Hotel auf der linken Stra\u00dfenseite erreichen.<\/p>\n<p><strong>AIRPORT BUS<\/strong> (Dauer ca. 30-40 Minuten) (Tickets beim Fahrer erh\u00e4ltlich) Der Bus f\u00e4hrt direkt in das Stadtinnere (Schwedenplatz). Am Schwedenplatz wechseln Sie in die U1 (Richtung Leopoldau) und fahren bis zu der Station Nestroyplatz. Anschlie\u00dfend nehmen Sie den Ausgang Rotensterngasse und gehen die Stra\u00dfe entlang bis Sie unser Hotel auf der linken Stra\u00dfenseite erreichen.<\/p>\n<\/div><\/li><li class=\"fusion-li-item\" style=\"\"><span class=\"icon-wrapper circle-no\"><i class=\"fusion-li-icon fa-taxi fas\" aria-hidden=\"true\"><\/i><\/span><div class=\"fusion-li-item-content\">\n<p><strong>Mit dem Taxi:<\/strong><br \/>\n(Dauer ca. 20 Minuten) Der Preis liegt bei \u20ac 49 f\u00fcr 1 \u2013 3 Personen und Gep\u00e4ck, \u20ac 55 ab 4 Personen mit Gep\u00e4ck und \u20ac 80 f\u00fcr 5 \u2013 7 Personen mit Gep\u00e4ck pro Fahrt. Um den Transfer f\u00fcr Sie organisieren zu k\u00f6nnen, ben\u00f6tigen wir Ihre Flugdaten (Flugnummer und Fluglinie, Name des Abflughafens, Ankunftstag und Ankunftszeit). Der Fahrer wartet in der Ankunftshalle vor dem Burger King (bitte halten Sie sich rechts) mit einem Schild (beschriftet mit Ihren Namen) auf Sie.<\/p>\n<\/div><\/li><li class=\"fusion-li-item\" style=\"\"><span class=\"icon-wrapper circle-no\"><i class=\"fusion-li-icon fa-subway fas\" aria-hidden=\"true\"><\/i><\/span><div class=\"fusion-li-item-content\">\n<p><strong>Mit der Bahn:<\/strong><br \/>\n<strong>Hauptbahnhof<\/strong>\u00a0(Dauer 15 Minuten) (Tickets in der Station erh\u00e4ltlich) Sie fahren mit der U1 (Richtung Leopoldau) und steigen in der Station Nestroyplatz aus. Anschlie\u00dfend nehmen Sie den Ausgang Rotensterngasse und gehen die Stra\u00dfe entlang bis Sie unser Hotel auf der linken Stra\u00dfenseite erreichen.<\/p>\n<p><strong>Westbahnhof<\/strong>\u00a0(Dauer 30 Minuten) (Ticket in der Station erh\u00e4ltlich) Sie fahren mit der U3 (Richtung Simmering) und wechseln in der Station Stephansplatz in die U1 (Richtung Leopoldau) bis Sie die Station Nestroyplatz erreichen . Anschlie\u00dfend nehmen Sie den Ausgang Rotensterngasse und gehen die Stra\u00dfe entlang bis Sie unser Hotel auf der linken Stra\u00dfenseite erreichen.<\/p>\n<\/div><\/li><li class=\"fusion-li-item\" style=\"\"><span class=\"icon-wrapper circle-no\"><i class=\"fusion-li-icon fa-car-side fas\" aria-hidden=\"true\"><\/i><\/span><div class=\"fusion-li-item-content\">\n<p><strong>Mit dem Auto<\/strong>:<\/p>\n<p>Wir befinden uns in der Rotensterngasse 10-12, 1020 Wien, welche von der Taborstra\u00dfe zu befahren ist.<\/p>\n<p>Auf Grund der vielf\u00e4ltigen M\u00f6glichkeiten nach Wien einzufahren, empfehlen wir die Adresse in das Navigationssystem einzugeben, um so die f\u00fcr Sie beste Route zu finden.<\/p>\n<p>In der IMLAUER Garage k\u00f6nnen Sie Ihr Auto nach Verf\u00fcgbarkeit um \u20ac 26 pro Tag parken. Wir bieten Ihnen 2 E-Ladestationen an, bei welchen Sie um 0,45 \u20ac\/kWh laden k\u00f6nnen<strong>.\u00a0<\/strong>Die Reservierung einer Ladestation ist nicht m\u00f6glich, wir bitten Sie jedoch uns bei Interesse gleich Bescheid zu geben um dies in Ihrer Buchung vermerken zu k\u00f6nnen.<\/p>\n<\/div><\/li><\/ul><div class=\"fusion-sep-clear\"><\/div><div class=\"fusion-separator fusion-full-width-sep\" style=\"margin-left: auto;margin-right: auto;margin-top:30px;width:100%;\"><\/div><div class=\"fusion-sep-clear\"><\/div><\/div><\/div><div class=\"fusion-clearfix\"><\/div><\/div><\/div><\/div><\/div><div class=\"fusion-fullwidth fullwidth-box fusion-builder-row-2 hundred-percent-fullwidth non-hundred-percent-height-scrolling fusion-no-large-visibility\" style=\"--awb-background-position:left top;--awb-border-sizes-top:0px;--awb-border-sizes-bottom:0px;--awb-border-sizes-left:0px;--awb-border-sizes-right:0px;--awb-border-radius-top-left:0px;--awb-border-radius-top-right:0px;--awb-border-radius-bottom-right:0px;--awb-border-radius-bottom-left:0px;--awb-padding-top:0px;--awb-padding-right:0px;--awb-padding-bottom:0px;--awb-padding-left:0px;--awb-flex-wrap:wrap;\" ><div class=\"fusion-builder-row fusion-row\"><div class=\"fusion-layout-column fusion_builder_column fusion-builder-column-2 fusion_builder_column_1_3 1_3 fusion-one-third fusion-column-first\" style=\"--awb-padding-top:30px;--awb-padding-right:15%;--awb-padding-bottom:30px;--awb-padding-left:15%;--awb-bg-size:cover;--awb-margin-bottom:0px;\"><div class=\"fusion-column-wrapper fusion-column-has-shadow fusion-flex-column-wrapper-legacy\"><div class=\"fusion-column-content-centered\"><div class=\"fusion-column-content\"><div class=\"fusion-text fusion-text-4\"><p style=\"letter-spacing: 4px; font-size: 13px; text-align: center; margin-bottom: 0px;\">KONTAKT<\/p>\n<h2 style=\"text-align: center; font-size: 20px;\">IMLAUER Hotel Nestroy Wien<\/h2>\n<\/div><div class=\"fusion-sep-clear\"><\/div><div class=\"fusion-separator fusion-full-width-sep\" style=\"margin-left: auto;margin-right: auto;margin-top:10px;width:100%;\"><\/div><div class=\"fusion-sep-clear\"><\/div><ul style=\"--awb-size:17px;--awb-iconcolor:#cbaa5c;--awb-line-height:28.9px;--awb-icon-width:28.9px;--awb-icon-height:28.9px;--awb-icon-margin:11.9px;--awb-content-margin:40.8px;\" class=\"fusion-checklist fusion-checklist-3 fusion-checklist-default type-icons address\"><li class=\"fusion-li-item\" style=\"\"><span class=\"icon-wrapper circle-no\"><i class=\"fusion-li-icon fa-phone-alt fas\" aria-hidden=\"true\"><\/i><\/span><div class=\"fusion-li-item-content\">\n<p>Tel: <a href=\"tel:+431211400\">+43 1 211 40 0<\/a><\/p>\n<\/div><\/li><li class=\"fusion-li-item\" style=\"\"><span class=\"icon-wrapper circle-no\"><i class=\"fusion-li-icon fa-fax fas\" aria-hidden=\"true\"><\/i><\/span><div class=\"fusion-li-item-content\">\n<p>Fax: +43 1 211 40-7<\/p>\n<\/div><\/li><li class=\"fusion-li-item\" style=\"\"><span class=\"icon-wrapper circle-no\"><i class=\"fusion-li-icon fa-map-marked-alt fas\" aria-hidden=\"true\"><\/i><\/span><div class=\"fusion-li-item-content\">\n<p>Rotensterngasse 12<br \/>\n1020 Wien, \u00d6sterreich<\/p>\n<\/div><\/li><li class=\"fusion-li-item\" style=\"\"><span class=\"icon-wrapper circle-no\"><i class=\"fusion-li-icon fa-envelope far\" aria-hidden=\"true\"><\/i><\/span><div class=\"fusion-li-item-content\">\n<p><a href=\"mailto:hotel.wien@imlauer.com\">hotel.wien@imlauer.com<\/a><\/p>\n<\/div><\/li><\/ul><\/div><\/div><div class=\"fusion-clearfix\"><\/div><\/div><\/div><div class=\"fusion-layout-column fusion_builder_column fusion-builder-column-3 fusion_builder_column_2_3 2_3 fusion-two-third fusion-column-last\" style=\"--awb-padding-top:90px;--awb-padding-right:15%;--awb-padding-bottom:90px;--awb-padding-left:15%;--awb-bg-color:#f5f5f5;--awb-bg-color-hover:#f5f5f5;--awb-bg-size:cover;--awb-margin-bottom:0px;\"><div class=\"fusion-column-wrapper fusion-flex-column-wrapper-legacy\"><div class=\"fusion-column-content-centered\"><div class=\"fusion-column-content\"><div class=\"fusion-text fusion-text-5\"><h2>Detaillierte Anfahrtsbeschreibung zum IMLAUER Hotel Nestroy Wien<\/h2>\n<\/div><ul style=\"--awb-iconcolor:#cbaa5c;--awb-line-height:30.6px;--awb-icon-width:30.6px;--awb-icon-height:30.6px;--awb-icon-margin:12.6px;--awb-content-margin:43.2px;\" class=\"fusion-checklist fusion-checklist-4 fusion-checklist-default type-icons anreise\"><li class=\"fusion-li-item\" style=\"\"><span class=\"icon-wrapper circle-no\"><i class=\"fusion-li-icon fa-bus-alt fas\" aria-hidden=\"true\"><\/i><\/span><div class=\"fusion-li-item-content\">\n<p><strong>Mit \u00f6ffentlichen Verkehrsmitteln:<\/strong><br \/>\n<strong>SCHNELLBAHN<\/strong> (Dauer ca. 40 Minuten) (Tickets in der Schnellbahnstation erh\u00e4ltlich) Am Flughafen nehmen Sie die S7 (Richtung Floridsdorf) und wechseln in der Station Praterstern in die U2 (Richtung Karlsplatz). Mit der U2 fahren Sie bis zur Station Taborstra\u00dfe. Anschlie\u00dfend nehmen Sie den Ausgang Taborstra\u00dfe, \u00fcberqueren die Stra\u00dfe und erreichen nach 3 Minuten die Rotensterngasse.<\/p>\n<p><strong>CAT CITY AIRPORT TRAIN<\/strong> (Dauer ca. 30 Minuten) (Tickets am Flughafen erh\u00e4ltlich) Sie fahren mit dem CAT bis zu der Station Wien Landstrasse (direkte Fahrt) und steigen dort um in die U4 (Richtung Heiligenstadt) bis zu der Station Schwedenplatz. Von hier wechseln Sie in die U1 (Richtung Leopoldau) bis Sie in der Station Nestroyplatz aussteigen. Anschlie\u00dfend nehmen Sie den Ausgang Rotensterngasse und gehen die Stra\u00dfe entlang bis Sie unser Hotel auf der linken Stra\u00dfenseite erreichen.<\/p>\n<p><strong>AIRPORT BUS<\/strong> (Dauer ca. 30-40 Minuten) (Tickets beim Fahrer erh\u00e4ltlich) Der Bus f\u00e4hrt direkt in das Stadtinnere (Schwedenplatz). Am Schwedenplatz wechseln Sie in die U1 (Richtung Leopoldau) und fahren bis zu der Station Nestroyplatz. Anschlie\u00dfend nehmen Sie den Ausgang Rotensterngasse und gehen die Stra\u00dfe entlang bis Sie unser Hotel auf der linken Stra\u00dfenseite erreichen.<\/p>\n<\/div><\/li><li class=\"fusion-li-item\" style=\"\"><span class=\"icon-wrapper circle-no\"><i class=\"fusion-li-icon fa-taxi fas\" aria-hidden=\"true\"><\/i><\/span><div class=\"fusion-li-item-content\">\n<p><strong>Mit dem Taxi:<\/strong><br \/>\n(Dauer ca. 20 Minuten) Der Preis liegt bei \u20ac 49 f\u00fcr 1 \u2013 3 Personen und Gep\u00e4ck, \u20ac 55 ab 4 Personen mit Gep\u00e4ck und \u20ac 80 f\u00fcr 5 \u2013 7 Personen mit Gep\u00e4ck pro Fahrt. Um den Transfer f\u00fcr Sie organisieren zu k\u00f6nnen, ben\u00f6tigen wir Ihre Flugdaten (Flugnummer und Fluglinie, Name des Abflughafens, Ankunftstag und Ankunftszeit). Der Fahrer wartet in der Ankunftshalle vor dem Burger King (bitte halten Sie sich rechts) mit einem Schild (beschriftet mit Ihren Namen) auf Sie.<\/p>\n<\/div><\/li><li class=\"fusion-li-item\" style=\"\"><span class=\"icon-wrapper circle-no\"><i class=\"fusion-li-icon fa-subway fas\" aria-hidden=\"true\"><\/i><\/span><div class=\"fusion-li-item-content\">\n<p><strong>Mit der Bahn:<\/strong><br \/>\n<strong>Hauptbahnhof<\/strong>\u00a0(Dauer 15 Minuten) (Tickets in der Station erh\u00e4ltlich) Sie fahren mit der U1 (Richtung Leopoldau) und steigen in der Station Nestroyplatz aus. Anschlie\u00dfend nehmen Sie den Ausgang Rotensterngasse und gehen die Stra\u00dfe entlang bis Sie unser Hotel auf der linken Stra\u00dfenseite erreichen.<\/p>\n<p><strong>Westbahnhof<\/strong>\u00a0(Dauer 30 Minuten) (Ticket in der Station erh\u00e4ltlich) Sie fahren mit der U3 (Richtung Simmering) und wechseln in der Station Stephansplatz in die U1 (Richtung Leopoldau) bis Sie die Station Nestroyplatz erreichen . Anschlie\u00dfend nehmen Sie den Ausgang Rotensterngasse und gehen die Stra\u00dfe entlang bis Sie unser Hotel auf der linken Stra\u00dfenseite erreichen.<\/p>\n<\/div><\/li><li class=\"fusion-li-item\" style=\"\"><span class=\"icon-wrapper circle-no\"><i class=\"fusion-li-icon fa-car-side fas\" aria-hidden=\"true\"><\/i><\/span><div class=\"fusion-li-item-content\">\n<p style=\"text-align: left;\"><strong>Mit dem Auto<\/strong>:<br \/>\nWir befinden uns in der Rotensterngasse 10-12, 1020 Wien, welche von der Taborstra\u00dfe zu befahren ist.<\/p>\n<p>Auf Grund der vielf\u00e4ltigen M\u00f6glichkeiten nach Wien einzufahren, empfehlen wir die Adresse in das Navigationssystem einzugeben, um so die f\u00fcr Sie beste Route zu finden.<\/p>\n<p>In der IMLAUER Garage k\u00f6nnen Sie Ihr Auto nach Verf\u00fcgbarkeit um \u20ac 26 pro Tag parken. Wir bieten Ihnen 2 E-Ladestationen an, bei welchen Sie um 0,45 \u20ac\/kWh laden k\u00f6nnen<strong>.\u00a0<\/strong>Die Reservierung einer Ladestation ist nicht m\u00f6glich, wir bitten Sie jedoch uns bei Interesse gleich Bescheid zu geben um dies in Ihrer Buchung vermerken zu k\u00f6nnen.<\/p>\n<\/div><\/li><\/ul><div class=\"fusion-sep-clear\"><\/div><div class=\"fusion-separator fusion-full-width-sep\" style=\"margin-left: auto;margin-right: auto;margin-top:30px;width:100%;\"><\/div><div class=\"fusion-sep-clear\"><\/div><\/div><\/div><div class=\"fusion-clearfix\"><\/div><\/div><\/div><\/div><\/div><div class=\"fusion-fullwidth fullwidth-box fusion-builder-row-3 hundred-percent-fullwidth non-hundred-percent-height-scrolling fusion-equal-height-columns\" style=\"--awb-background-position:left top;--awb-border-sizes-top:0px;--awb-border-sizes-bottom:0px;--awb-border-sizes-left:0px;--awb-border-sizes-right:0px;--awb-border-radius-top-left:0px;--awb-border-radius-top-right:0px;--awb-border-radius-bottom-right:0px;--awb-border-radius-bottom-left:0px;--awb-padding-top:0px;--awb-padding-right:0px;--awb-padding-bottom:0px;--awb-padding-left:0px;--awb-flex-wrap:wrap;\" ><div class=\"fusion-builder-row fusion-row\"><div class=\"fusion-layout-column fusion_builder_column fusion-builder-column-4 fusion_builder_column_1_1 1_1 fusion-one-full fusion-column-first fusion-column-last fusion-column-no-min-height\" style=\"--awb-bg-blend:overlay;--awb-bg-size:cover;--awb-margin-bottom:0px;\"><div class=\"fusion-column-wrapper fusion-flex-column-wrapper-legacy\"><div id=\"imlauerhotelnestroy_map\" style=\"width:100%; height:500px;\"><\/div><div class=\"fusion-clearfix\"><\/div><\/div><\/div><\/div><\/div><\/p>\n","protected":false},"excerpt":{"rendered":"","protected":false},"author":1,"featured_media":0,"parent":0,"menu_order":0,"comment_status":"closed","ping_status":"closed","template":"100-width.php","meta":{"footnotes":""},"class_list":["post-75","page","type-page","status-publish","hentry"],"_links":{"self":[{"href":"https:\/\/imlauer.com\/hotel-nestroy-wien\/wp-json\/wp\/v2\/pages\/75","targetHints":{"allow":["GET"]}}],"collection":[{"href":"https:\/\/imlauer.com\/hotel-nestroy-wien\/wp-json\/wp\/v2\/pages"}],"about":[{"href":"https:\/\/imlauer.com\/hotel-nestroy-wien\/wp-json\/wp\/v2\/types\/page"}],"author":[{"embeddable":true,"href":"https:\/\/imlauer.com\/hotel-nestroy-wien\/wp-json\/wp\/v2\/users\/1"}],"replies":[{"embeddable":true,"href":"https:\/\/imlauer.com\/hotel-nestroy-wien\/wp-json\/wp\/v2\/comments?post=75"}],"version-history":[{"count":10,"href":"https:\/\/imlauer.com\/hotel-nestroy-wien\/wp-json\/wp\/v2\/pages\/75\/revisions"}],"predecessor-version":[{"id":2630,"href":"https:\/\/imlauer.com\/hotel-nestroy-wien\/wp-json\/wp\/v2\/pages\/75\/revisions\/2630"}],"wp:attachment":[{"href":"https:\/\/imlauer.com\/hotel-nestroy-wien\/wp-json\/wp\/v2\/media?parent=75"}],"curies":[{"name":"wp","href":"https:\/\/api.w.org\/{rel}","templated":true}]}}