{"id":37269,"date":"2025-01-10T07:54:14","date_gmt":"2025-01-10T07:54:14","guid":{"rendered":"https:\/\/imlauer.com\/hotel-pitter-salzburg\/?page_id=37269"},"modified":"2026-03-05T11:01:00","modified_gmt":"2026-03-05T11:01:00","slug":"lage-anreise","status":"publish","type":"page","link":"https:\/\/imlauer.com\/hotel-pitter-salzburg\/lage-anreise\/","title":{"rendered":"Lage &amp; Anreise"},"content":{"rendered":"<p><div class=\"fusion-fullwidth fullwidth-box fusion-builder-row-1 has-pattern-background has-mask-background hundred-percent-fullwidth non-hundred-percent-height-scrolling fusion-equal-height-columns\" style=\"--awb-background-position:left top;--awb-border-sizes-top:0px;--awb-border-sizes-bottom:0px;--awb-border-sizes-left:0px;--awb-border-sizes-right:0px;--awb-border-radius-top-left:0px;--awb-border-radius-top-right:0px;--awb-border-radius-bottom-right:0px;--awb-border-radius-bottom-left:0px;--awb-padding-top:0px;--awb-padding-right:0px;--awb-padding-bottom:0px;--awb-padding-left:0px;--awb-flex-wrap:wrap;\" ><div class=\"fusion-builder-row fusion-row\"><div class=\"fusion-layout-column fusion_builder_column fusion-builder-column-0 fusion_builder_column_1_3 1_3 fusion-one-third fusion-column-first\" style=\"--awb-padding-top:30px;--awb-padding-right:2%;--awb-padding-bottom:30px;--awb-padding-left:2%;--awb-bg-size:cover;--awb-margin-bottom:0px;\"><div class=\"fusion-column-wrapper fusion-column-has-shadow fusion-flex-column-wrapper-legacy\"><div class=\"fusion-column-content-centered\"><div class=\"fusion-column-content\"><div class=\"fusion-text fusion-text-1\"><p style=\"letter-spacing: 4px; font-size: 13px; text-align: center; margin-bottom: 0px;\">KONTAKT<\/p>\n<h1 style=\"text-align: center;\">IMLAUER HOTEL PITTER Salzburg<\/h1>\n<\/div><div class=\"fusion-sep-clear\"><\/div><div class=\"fusion-separator fusion-full-width-sep\" style=\"margin-left: auto;margin-right: auto;margin-top:10px;width:100%;\"><\/div><div class=\"fusion-sep-clear\"><\/div><ul style=\"--awb-size:17px;--awb-iconcolor:#cbaa5c;--awb-line-height:28.9px;--awb-icon-width:28.9px;--awb-icon-height:28.9px;--awb-icon-margin:11.9px;--awb-content-margin:40.8px;\" class=\"fusion-checklist fusion-checklist-1 fusion-checklist-default type-icons address\"><li class=\"fusion-li-item\" style=\"\"><span class=\"icon-wrapper circle-no\"><i class=\"fusion-li-icon fa-phone-alt fas\" aria-hidden=\"true\"><\/i><\/span><div class=\"fusion-li-item-content\">\n<p>Tel: <a href=\"tel:+43662889780\">+43 (662) 88 97 80<\/a><\/p>\n<\/div><\/li><li class=\"fusion-li-item\" style=\"\"><span class=\"icon-wrapper circle-no\"><i class=\"fusion-li-icon fa-envelope far\" aria-hidden=\"true\"><\/i><\/span><div class=\"fusion-li-item-content\">\n<p><a href=\"mailto:pitter@imlauer.com\">pitter@imlauer.com<\/a><\/p>\n<\/div><\/li><li class=\"fusion-li-item\" style=\"\"><span class=\"icon-wrapper circle-no\"><i class=\"fusion-li-icon fa-map-marked-alt fas\" aria-hidden=\"true\"><\/i><\/span><div class=\"fusion-li-item-content\">\n<p><a href=\"https:\/\/maps.app.goo.gl\/gjAZuLJwjZ8uHepA7\" target=\"_blank\" rel=\"noopener\">Rainerstra\u00dfe 6<\/a><br \/>\n5020 Salzburg, \u00d6sterreich<\/p>\n<\/div><\/li><\/ul><div class=\"fusion-sep-clear\"><\/div><div class=\"fusion-separator fusion-full-width-sep\" style=\"margin-left: auto;margin-right: auto;margin-top:50px;width:100%;\"><\/div><div class=\"fusion-sep-clear\"><\/div><div class=\"fusion-image-element in-legacy-container\" style=\"--awb-caption-title-font-family:var(--h2_typography-font-family);--awb-caption-title-font-weight:var(--h2_typography-font-weight);--awb-caption-title-font-style:var(--h2_typography-font-style);--awb-caption-title-size:var(--h2_typography-font-size);--awb-caption-title-transform:var(--h2_typography-text-transform);--awb-caption-title-line-height:var(--h2_typography-line-height);--awb-caption-title-letter-spacing:var(--h2_typography-letter-spacing);\"><span class=\" fusion-imageframe imageframe-none imageframe-1 hover-type-none\"><img decoding=\"async\" width=\"1200\" height=\"1200\" alt=\"Lageplan_Garage_IMLAUER-Hotel-Pitter-web\" title=\"Lageplan_Garage_IMLAUER-Hotel-Pitter-web\" src=\"https:\/\/imlauer.com\/hotel-pitter-salzburg\/wp-content\/uploads\/2025\/01\/Lageplan_Garage_IMLAUER-Hotel-Pitter-web.jpg\" class=\"img-responsive wp-image-37685\" srcset=\"https:\/\/imlauer.com\/hotel-pitter-salzburg\/wp-content\/uploads\/2025\/01\/Lageplan_Garage_IMLAUER-Hotel-Pitter-web-200x200.jpg 200w, https:\/\/imlauer.com\/hotel-pitter-salzburg\/wp-content\/uploads\/2025\/01\/Lageplan_Garage_IMLAUER-Hotel-Pitter-web-400x400.jpg 400w, https:\/\/imlauer.com\/hotel-pitter-salzburg\/wp-content\/uploads\/2025\/01\/Lageplan_Garage_IMLAUER-Hotel-Pitter-web-600x600.jpg 600w, https:\/\/imlauer.com\/hotel-pitter-salzburg\/wp-content\/uploads\/2025\/01\/Lageplan_Garage_IMLAUER-Hotel-Pitter-web-800x800.jpg 800w, https:\/\/imlauer.com\/hotel-pitter-salzburg\/wp-content\/uploads\/2025\/01\/Lageplan_Garage_IMLAUER-Hotel-Pitter-web.jpg 1200w\" sizes=\"(max-width: 969px) 100vw, 600px\" \/><\/span><\/div><div class=\"fusion-text fusion-text-2\"><p style=\"text-align: center;\">Anfahrtsplan zur <a href=\"https:\/\/imlauer.com\/hotel-pitter-salzburg\/wp-content\/uploads\/2025\/04\/Lageplan_IMLAUER-Hotel-Pitter.pdf\" target=\"_blank\" rel=\"noopener\"><strong>Hotel-Tiefgarage<\/strong><\/a> als PDF zum Herunterladen.<\/p>\n<\/div><div class=\"fusion-sep-clear\"><\/div><div class=\"fusion-separator fusion-full-width-sep\" style=\"margin-left: auto;margin-right: auto;margin-top:30px;width:100%;\"><\/div><div class=\"fusion-sep-clear\"><\/div><div class=\"fusion-image-element fusion-image-align-center in-legacy-container\" style=\"text-align:center;--awb-max-width:200px;--awb-caption-title-font-family:var(--h2_typography-font-family);--awb-caption-title-font-weight:var(--h2_typography-font-weight);--awb-caption-title-font-style:var(--h2_typography-font-style);--awb-caption-title-size:var(--h2_typography-font-size);--awb-caption-title-transform:var(--h2_typography-text-transform);--awb-caption-title-line-height:var(--h2_typography-line-height);--awb-caption-title-letter-spacing:var(--h2_typography-letter-spacing);\"><div class=\"imageframe-align-center\"><span class=\" fusion-imageframe imageframe-none imageframe-2 hover-type-none\"><img decoding=\"async\" width=\"333\" height=\"140\" alt=\"SIXT\" title=\"SIXT\" src=\"https:\/\/imlauer.com\/hotel-pitter-salzburg\/wp-content\/uploads\/2025\/01\/SIXT.png\" class=\"img-responsive wp-image-37690\" srcset=\"https:\/\/imlauer.com\/hotel-pitter-salzburg\/wp-content\/uploads\/2025\/01\/SIXT-200x84.png 200w, https:\/\/imlauer.com\/hotel-pitter-salzburg\/wp-content\/uploads\/2025\/01\/SIXT.png 333w\" sizes=\"(max-width: 969px) 100vw, 333px\" \/><\/span><\/div><\/div><div class=\"fusion-sep-clear\"><\/div><div class=\"fusion-separator fusion-full-width-sep\" style=\"margin-left: auto;margin-right: auto;margin-top:10px;width:100%;\"><\/div><div class=\"fusion-sep-clear\"><\/div><div class=\"fusion-text fusion-text-3\"><p style=\"text-align: center;\">Als Gast des IMLAUER Hotel Pitter Salzburg erhalten Sie bei unserem Partner SIXT 15% Rabatt auf Ihren SIXT-Mietwagen.<\/p>\n<\/div><div class=\"fusion-aligncenter\"><a class=\"fusion-button button-flat fusion-button-default-size button-default fusion-button-default button-1 fusion-button-default-span fusion-button-default-type\" target=\"_blank\" rel=\"noopener noreferrer\" href=\"https:\/\/www.sixt.de\/partners\/hotels\/imlauer-pitter\/\"><span class=\"fusion-button-text awb-button__text awb-button__text--default\">Zur SIXT-Partnerseite<\/span><\/a><\/div><\/div><\/div><div class=\"fusion-clearfix\"><\/div><\/div><\/div><div class=\"fusion-layout-column fusion_builder_column fusion-builder-column-1 fusion_builder_column_2_3 2_3 fusion-two-third fusion-column-last\" style=\"--awb-padding-top:90px;--awb-padding-right:5%;--awb-padding-bottom:90px;--awb-padding-left:5%;--awb-bg-color:#f5f5f5;--awb-bg-color-hover:#f5f5f5;--awb-bg-size:cover;--awb-margin-bottom:0px;\"><div class=\"fusion-column-wrapper fusion-flex-column-wrapper-legacy\"><div class=\"fusion-column-content-centered\"><div class=\"fusion-column-content\"><div class=\"fusion-text fusion-text-4\"><h2 class=\"fusion-responsive-typography-calculated\" data-fontsize=\"18\" data-lineheight=\"27px\">Lage &amp; Anreise<\/h2>\n<h2 class=\"fusion-responsive-typography-calculated\" data-fontsize=\"18\" data-lineheight=\"27px\">Detaillierte Anfahrtsbeschreibung zum Hotel IMLAUER Hotel Pitter<\/h2>\n<p>Einfach zu erreichen, ob mit dem Auto, per Zug oder Flugzeug. Das IMLAUER Hotel Pitter Salzburg ist ausgezeichnet gelegen und nur einen Steinwurf vom <a href=\"https:\/\/imlauer.com\/city-guide\/\" target=\"_blank\" rel=\"noopener\">Schloss Mirabell und dem einzigartigem Mirabellgarten<\/a>, sowie nur ein kurzer Fu\u00dfweg zur historischen Altstadt von Salzburg entfernt.<\/p>\n<\/div><ul style=\"--awb-iconcolor:#cbaa5c;--awb-line-height:30.6px;--awb-icon-width:30.6px;--awb-icon-height:30.6px;--awb-icon-margin:12.6px;--awb-content-margin:43.2px;\" class=\"fusion-checklist fusion-checklist-2 fusion-checklist-default type-icons anreise\"><li class=\"fusion-li-item\" style=\"\"><span class=\"icon-wrapper circle-no\"><i class=\"fusion-li-icon fa-car-side fas\" aria-hidden=\"true\"><\/i><\/span><div class=\"fusion-li-item-content\">\n<p><strong>Mit dem Auto:<\/strong><\/p>\n<p>Wir empfehlen Ihnen die Autobahn-Abfahrt \u201eSalzburg Nord\u201c Richtung Salzburg\/Zentrum zu nehmen.<\/p>\n<ul>\n<li><strong>Unsere Hotel-Ladezone erreichen<\/strong>: geben Sie &#8222;<a href=\"https:\/\/maps.app.goo.gl\/3i7UY63xyVgRqwJu9\" target=\"_blank\" rel=\"noopener\">Markus-Sittikus-Stra\u00dfe 13<\/a>&#8220; in Ihr Navi ein, die Hotel-Ladezone befindet sich direkt gegen\u00fcber. Gerne helfen Ihnen unsere Porter mit dem Gep\u00e4ck.<\/li>\n<li><strong>Tiefgarage: <\/strong>diese befindet sich in unmittelbarer N\u00e4he zu unserem Hotel. Gerne informiert Sie unser Rezeptionsteam beim Check-in \u00fcber die Erreichbarkeit der Tiefgarage.<\/li>\n<li>Falls Sie Ihr Auto selbst parken m\u00f6chten, belaufen sich die Kosten auf <strong>\u20ac 25,00 pro Tag. Mit Parkservice auf \u20ac 31,00 pro Tag.<\/strong> Der Parkservice kann t\u00e4glich zwischen 6.30 Uhr und 23.00 Uhr genutzt werden.<strong><br \/>\n<\/strong><\/li>\n<li>Wir bieten Ihnen<strong> 5 E-Ladestationen<\/strong> an, bei welchen Sie um 0,45 \u20ac\/kWh laden k\u00f6nnen<strong>. <\/strong>Die Reservierung einer Ladestation ist nicht m\u00f6glich.<\/li>\n<\/ul>\n<ul>\n<li><strong>Die maximale Einfahrtsh\u00f6he der Tiefgarage ist 190cm.<\/strong> Bitte nutzen Sie als <strong>Alternative den Parkplatz vom <a href=\"https:\/\/imlauer.com\/hotel-imlauer-salzburg\/lage-anreise\/\" target=\"_blank\" rel=\"noopener\">Hotel IMLAUER &amp; Br\u00e4u<\/a> in der Humboldtstra\u00dfe\/Ecke Faberstra\u00dfe.<\/strong> In Ihr Navi bitte daf\u00fcr &#8222;<a href=\"https:\/\/maps.app.goo.gl\/DkF1rykDNmbAkRHE6\" target=\"_blank\" rel=\"noopener\">Humboldtstra\u00dfe, 5020 Salzburg<\/a>&#8220; eingeben.<\/li>\n<\/ul>\n<\/div><\/li><li class=\"fusion-li-item\" style=\"\"><span class=\"icon-wrapper circle-no\"><i class=\"fusion-li-icon fa-bus-alt fas\" aria-hidden=\"true\"><\/i><\/span><div class=\"fusion-li-item-content\">\n<p><strong>Mit \u00f6ffentlichen Verkehrsmitteln:<\/strong><\/p>\n<p>Die n\u00e4chstgelegene Haltestelle hei\u00dft \u201eKongresshaus\u201c. Dort halten die Linien # 1, 2, 3, 5, 6 und 25.<\/p>\n<p>Vom Flughafen: Fahren Sie mit der Linie # 2 Richtung \u201eSalzburg Obergnigl\u201c. Ihre Haltestelle hei\u00dft \u201eKongresshaus\u201c, Dauer ca. 26 min, 15 Haltestellen.<\/p>\n<\/div><\/li><li class=\"fusion-li-item\" style=\"\"><span class=\"icon-wrapper circle-no\"><i class=\"fusion-li-icon fa-walking fas\" aria-hidden=\"true\"><\/i><\/span><div class=\"fusion-li-item-content\">\n<p><strong>Zu Fu\u00df:<\/strong><\/p>\n<p>Vom Bahnhof: Das IMLAUER HOTEL PITTER erreichen Sie nach 8 Gehminuten. Folgen Sie dazu der Rainerstra\u00dfe Richtung Zentrum\/Altstadt. Nach 650m befindet sich unser Hotel auf der linken Stra\u00dfenseite.<\/p>\n<\/div><\/li><li class=\"fusion-li-item\" style=\"\"><span class=\"icon-wrapper circle-no\"><i class=\"fusion-li-icon fa-taxi fas\" aria-hidden=\"true\"><\/i><\/span><div class=\"fusion-li-item-content\">\n<p><strong>Mit dem Taxi:<\/strong><\/p>\n<p>Vom Bahnhof: Unser Hotel liegt vom Salzburger Hauptbahnhof ca. 650m bzw. nur 8 Gehminuten entfernt. Falls Sie f\u00fcr diese Strecke ein Taxi in Anspruch nehmen m\u00f6chten, finden Sie Taxis direkt vor dem Bahnhofsgeb\u00e4ude. Dauer ca. 3 min. Kosten ca. zwischen \u20ac 6,- &amp; \u20ac 8,\u2013 abh\u00e4ngig von Verkehr und Tageszeit.<\/p>\n<p>Vom Flughafen: Taxis stehen direkt vor dem Geb\u00e4ude.<br \/>\nDauer ca. 15 min. Kosten ca. zwischen \u20ac 15,- &amp; \u20ac 20,\u2013 abh\u00e4ngig von Verkehr und Tageszeit.<\/p>\n<\/div><\/li><\/ul><div class=\"fusion-sep-clear\"><\/div><div class=\"fusion-separator fusion-full-width-sep\" style=\"margin-left: auto;margin-right: auto;margin-top:30px;width:100%;\"><\/div><div class=\"fusion-sep-clear\"><\/div><\/div><\/div><div class=\"fusion-clearfix\"><\/div><\/div><\/div><\/div><\/div><div class=\"fusion-fullwidth fullwidth-box fusion-builder-row-2 hundred-percent-fullwidth non-hundred-percent-height-scrolling fusion-equal-height-columns\" style=\"--awb-background-position:left top;--awb-border-sizes-top:0px;--awb-border-sizes-bottom:0px;--awb-border-sizes-left:0px;--awb-border-sizes-right:0px;--awb-border-radius-top-left:0px;--awb-border-radius-top-right:0px;--awb-border-radius-bottom-right:0px;--awb-border-radius-bottom-left:0px;--awb-padding-top:0px;--awb-padding-right:0px;--awb-padding-bottom:0px;--awb-padding-left:0px;--awb-flex-wrap:wrap;\" ><div class=\"fusion-builder-row fusion-row\"><div class=\"fusion-layout-column fusion_builder_column fusion-builder-column-2 fusion_builder_column_1_1 1_1 fusion-one-full fusion-column-first fusion-column-last fusion-column-no-min-height\" style=\"--awb-bg-blend:overlay;--awb-bg-size:cover;--awb-margin-bottom:0px;\"><div class=\"fusion-column-wrapper fusion-flex-column-wrapper-legacy\"><div id=\"pitter_map\" style=\"width:100%; height:500px;\"><\/div><div class=\"fusion-clearfix\"><\/div><\/div><\/div><\/div><\/div><\/p>\n","protected":false},"excerpt":{"rendered":"","protected":false},"author":1,"featured_media":0,"parent":0,"menu_order":0,"comment_status":"closed","ping_status":"closed","template":"100-width.php","meta":{"footnotes":""},"class_list":["post-37269","page","type-page","status-publish","hentry"],"_links":{"self":[{"href":"https:\/\/imlauer.com\/hotel-pitter-salzburg\/wp-json\/wp\/v2\/pages\/37269","targetHints":{"allow":["GET"]}}],"collection":[{"href":"https:\/\/imlauer.com\/hotel-pitter-salzburg\/wp-json\/wp\/v2\/pages"}],"about":[{"href":"https:\/\/imlauer.com\/hotel-pitter-salzburg\/wp-json\/wp\/v2\/types\/page"}],"author":[{"embeddable":true,"href":"https:\/\/imlauer.com\/hotel-pitter-salzburg\/wp-json\/wp\/v2\/users\/1"}],"replies":[{"embeddable":true,"href":"https:\/\/imlauer.com\/hotel-pitter-salzburg\/wp-json\/wp\/v2\/comments?post=37269"}],"version-history":[{"count":14,"href":"https:\/\/imlauer.com\/hotel-pitter-salzburg\/wp-json\/wp\/v2\/pages\/37269\/revisions"}],"predecessor-version":[{"id":46353,"href":"https:\/\/imlauer.com\/hotel-pitter-salzburg\/wp-json\/wp\/v2\/pages\/37269\/revisions\/46353"}],"wp:attachment":[{"href":"https:\/\/imlauer.com\/hotel-pitter-salzburg\/wp-json\/wp\/v2\/media?parent=37269"}],"curies":[{"name":"wp","href":"https:\/\/api.w.org\/{rel}","templated":true}]}}