{"id":40088,"date":"2025-05-12T09:02:40","date_gmt":"2025-05-12T09:02:40","guid":{"rendered":"https:\/\/imlauer.com\/hotel-pitter-salzburg\/la-philosophie-dimlauer-catering\/"},"modified":"2025-11-17T12:35:11","modified_gmt":"2025-11-17T12:35:11","slug":"la-philosophie-dimlauer-catering","status":"publish","type":"page","link":"https:\/\/imlauer.com\/hotel-pitter-salzburg\/traiteur-imlauer\/la-philosophie-dimlauer-catering\/?lang=fr","title":{"rendered":"La philosophie d&#8217;IMLAUER Catering"},"content":{"rendered":"<p><div class=\"fusion-fullwidth fullwidth-box fusion-builder-row-1 nonhundred-percent-fullwidth non-hundred-percent-height-scrolling fusion-equal-height-columns fusion-no-small-visibility\" style=\"--awb-background-position:left top;--awb-border-sizes-top:0px;--awb-border-sizes-bottom:0px;--awb-border-sizes-left:0px;--awb-border-sizes-right:0px;--awb-border-radius-top-left:0px;--awb-border-radius-top-right:0px;--awb-border-radius-bottom-right:0px;--awb-border-radius-bottom-left:0px;--awb-padding-top:0px;--awb-padding-bottom:35px;--awb-margin-top:40px;--awb-flex-wrap:wrap;\" ><div class=\"fusion-builder-row fusion-row\"><div class=\"fusion-layout-column fusion_builder_column fusion-builder-column-0 fusion_builder_column_1_2 1_2 fusion-one-half fusion-column-first\" style=\"--awb-bg-size:cover;width:48%; margin-right: 4%;\"><div class=\"fusion-column-wrapper fusion-column-has-shadow fusion-flex-column-wrapper-legacy\"><div class=\"fusion-column-content-centered\"><div class=\"fusion-column-content\"><div class=\"fusion-text fusion-text-1\"><p style=\"letter-spacing: 4px; font-size: 13px; margin-bottom: 0px; text-transform: uppercase; text-align: center;\">IMLAUER Catering PHILOSOPHIE<\/p>\n<h1 style=\"text-align: center;\">SAVOURER EN TOUTE CONFIANCE<\/h1>\n<\/div><div class=\"fusion-text fusion-text-2\" style=\"--awb-text-transform:none;\"><p style=\"text-align: center;\">C&#8217;est avec responsabilit\u00e9 et fiert\u00e9 que les entreprises IMLAUER portent depuis 2015 l&#8217;\u00e9colabel europ\u00e9en. <a href=\"https:\/\/www.umweltzeichen.at\/de\/tourismus\/beherbergung-und-hotellerie?cert_number=972\" target=\"_blank\" rel=\"noopener\"><strong>l&#8217;\u00e9colabel autrichien<\/strong><\/a>.<\/p>\n<p style=\"text-align: center;\">Nous accordons une grande importance \u00e0 la cr\u00e9ation de valeur r\u00e9gionale, \u00e0 la pr\u00e9vention des d\u00e9chets, au tri des d\u00e9chets et aux \u00e9conomies d&#8217;\u00e9nergie, pour ne citer que quelques points importants.<\/p>\n<p style=\"text-align: center;\"><strong>IMLAUER Catering est \u00e9galement un partenaire certifi\u00e9 &#8222;Green Catering&#8220;.<\/strong><\/p>\n<p style=\"text-align: center;\">Que ce soit chez nous, dans les \u00e9tablissements IMLAUER, ou dans un lieu de votre choix :<\/p>\n<p style=\"text-align: center;\"><strong>IMLAUER Catering combine l&#8217;excellence gastronomique avec le respect de l&#8217;environnement et le plaisir du service !  <\/strong><\/p>\n<p style=\"text-align: center;\">Tout ce que vous avez \u00e0 faire, c&#8217;est de choisir l&#8217;un des beaux endroits de Salzbourg pour vos festivit\u00e9s ! Nous serons ravis de vous aider. Appelez-nous ou envoyez-nous un e-mail.<br \/>\nVotre \u00e9v\u00e9nement parfaitement organis\u00e9 est \u00e0 port\u00e9e de clic !  <\/p>\n<\/div><\/div><\/div><div class=\"fusion-clearfix\"><\/div><\/div><\/div><div class=\"fusion-layout-column fusion_builder_column fusion-builder-column-1 fusion_builder_column_1_2 1_2 fusion-one-half fusion-column-last\" style=\"--awb-padding-top:40px;--awb-padding-right:40px;--awb-padding-bottom:40px;--awb-padding-left:40px;--awb-bg-color:#ffffff;--awb-bg-color-hover:#ffffff;--awb-bg-size:cover;--awb-border-color:#ebeef1;--awb-border-top:0;--awb-border-right:0;--awb-border-bottom:0;--awb-border-left:0;--awb-border-style:solid;width:48%;\"><div class=\"fusion-column-wrapper fusion-column-has-shadow fusion-flex-column-wrapper-legacy\"><div class=\"fusion-column-content-centered\"><div class=\"fusion-column-content\"><div class=\"fusion-image-element in-legacy-container\" style=\"--awb-max-width:400px;--awb-caption-title-font-family:var(--h2_typography-font-family);--awb-caption-title-font-weight:var(--h2_typography-font-weight);--awb-caption-title-font-style:var(--h2_typography-font-style);--awb-caption-title-size:var(--h2_typography-font-size);--awb-caption-title-transform:var(--h2_typography-text-transform);--awb-caption-title-line-height:var(--h2_typography-line-height);--awb-caption-title-letter-spacing:var(--h2_typography-letter-spacing);\"><span class=\" fusion-imageframe imageframe-none imageframe-1 hover-type-none\"><img decoding=\"async\" src=\"https:\/\/imlauer.com\/hotel-pitter-salzburg\/wp-content\/uploads\/sites\/2\/2021\/03\/logo_gc_cmyk_screen.png\" alt class=\"img-responsive\"\/><\/span><\/div><div class=\"fusion-sep-clear\"><\/div><div class=\"fusion-separator fusion-full-width-sep\" style=\"margin-left: auto;margin-right: auto;margin-top:50px;width:100%;\"><\/div><div class=\"fusion-sep-clear\"><\/div><div class=\"fusion-image-element in-legacy-container\" style=\"--awb-max-width:400px;--awb-caption-title-font-family:var(--h2_typography-font-family);--awb-caption-title-font-weight:var(--h2_typography-font-weight);--awb-caption-title-font-style:var(--h2_typography-font-style);--awb-caption-title-size:var(--h2_typography-font-size);--awb-caption-title-transform:var(--h2_typography-text-transform);--awb-caption-title-line-height:var(--h2_typography-line-height);--awb-caption-title-letter-spacing:var(--h2_typography-letter-spacing);\"><span class=\" fusion-imageframe imageframe-none imageframe-2 hover-type-none\"><img decoding=\"async\" src=\"https:\/\/imlauer.com\/hotel-pitter-salzburg\/wp-content\/uploads\/sites\/2\/2021\/03\/KBU_logos_partner_betrieb_1-1.jpg\" alt class=\"img-responsive\"\/><\/span><\/div><\/div><\/div><div class=\"fusion-clearfix\"><\/div><\/div><\/div><\/div><\/div><div class=\"fusion-fullwidth fullwidth-box fusion-builder-row-2 nonhundred-percent-fullwidth non-hundred-percent-height-scrolling fusion-equal-height-columns fusion-no-medium-visibility fusion-no-large-visibility\" style=\"--awb-background-position:left top;--awb-border-sizes-top:0px;--awb-border-sizes-bottom:0px;--awb-border-sizes-left:0px;--awb-border-sizes-right:0px;--awb-border-radius-top-left:0px;--awb-border-radius-top-right:0px;--awb-border-radius-bottom-right:0px;--awb-border-radius-bottom-left:0px;--awb-padding-top:0px;--awb-padding-bottom:35px;--awb-margin-top:40px;--awb-flex-wrap:wrap;\" ><div class=\"fusion-builder-row fusion-row\"><div class=\"fusion-layout-column fusion_builder_column fusion-builder-column-2 fusion_builder_column_1_2 1_2 fusion-one-half fusion-column-first\" style=\"--awb-bg-size:cover;width:48%; margin-right: 4%;\"><div class=\"fusion-column-wrapper fusion-column-has-shadow fusion-flex-column-wrapper-legacy\"><div class=\"fusion-column-content-centered\"><div class=\"fusion-column-content\"><div class=\"fusion-text fusion-text-3\"><p style=\"letter-spacing: 4px; font-size: 13px; margin-bottom: 0px; text-transform: uppercase; text-align: center;\">IMLAUER Catering PHILOSOPHIE<\/p>\n<h2 style=\"text-align: center; font-size: 25px;\">SAVOURER EN TOUTE CONFIANCE<\/h2>\n<\/div><div class=\"fusion-text fusion-text-4\" style=\"--awb-text-transform:none;\"><p style=\"text-align: center;\">C&#8217;est avec responsabilit\u00e9 et fiert\u00e9 que les entreprises IMLAUER portent depuis 2015 l&#8217;\u00e9colabel europ\u00e9en. <a href=\"https:\/\/www.umweltzeichen.at\/de\/tourismus\/beherbergung-und-hotellerie?cert_number=972\" target=\"_blank\" rel=\"noopener\"><strong>l&#8217;\u00e9colabel autrichien<\/strong><\/a>.<\/p>\n<p style=\"text-align: center;\">Nous accordons une grande importance \u00e0 la cr\u00e9ation de valeur r\u00e9gionale, \u00e0 la pr\u00e9vention des d\u00e9chets, au tri des d\u00e9chets et aux \u00e9conomies d&#8217;\u00e9nergie, pour ne citer que quelques points importants.<\/p>\n<p style=\"text-align: center;\"><strong>IMLAUER Catering est \u00e9galement un partenaire certifi\u00e9 &#8222;Green Catering&#8220;.<\/strong><\/p>\n<p style=\"text-align: center;\">Que ce soit chez nous, dans les \u00e9tablissements IMLAUER, ou dans un lieu de votre choix :<\/p>\n<p style=\"text-align: center;\"><strong>IMLAUER Catering combine l&#8217;excellence gastronomique avec le respect de l&#8217;environnement et le plaisir du service !  <\/strong><\/p>\n<p style=\"text-align: center;\">Tout ce que vous avez \u00e0 faire, c&#8217;est de choisir l&#8217;un des beaux endroits de Salzbourg pour vos festivit\u00e9s ! Nous serons ravis de vous aider. Appelez-nous ou envoyez-nous un e-mail.<br \/>\nVotre \u00e9v\u00e9nement parfaitement organis\u00e9 est \u00e0 port\u00e9e de clic !  <\/p>\n<div class=\"fusion-layout-column fusion_builder_column fusion-builder-column-2 fusion_builder_column_1_2 1_2 fusion-one-half fusion-column-last\">\n<div class=\"fusion-column-wrapper fusion-column-has-shadow fusion-flex-column-wrapper-legacy\">\n<div class=\"fusion-clearfix\" style=\"text-align: center;\"><\/div>\n<\/div>\n<\/div>\n<\/div><\/div><\/div><div class=\"fusion-clearfix\"><\/div><\/div><\/div><div class=\"fusion-layout-column fusion_builder_column fusion-builder-column-3 fusion_builder_column_1_2 1_2 fusion-one-half fusion-column-last\" style=\"--awb-padding-top:10px;--awb-padding-bottom:10px;--awb-bg-color:#ffffff;--awb-bg-color-hover:#ffffff;--awb-bg-size:cover;--awb-border-color:#ebeef1;--awb-border-top:0;--awb-border-right:0;--awb-border-bottom:0;--awb-border-left:0;--awb-border-style:solid;width:48%;\"><div class=\"fusion-column-wrapper fusion-column-has-shadow fusion-flex-column-wrapper-legacy\"><div class=\"fusion-column-content-centered\"><div class=\"fusion-column-content\"><div class=\"fusion-image-element in-legacy-container\" style=\"--awb-max-width:400px;--awb-caption-title-font-family:var(--h2_typography-font-family);--awb-caption-title-font-weight:var(--h2_typography-font-weight);--awb-caption-title-font-style:var(--h2_typography-font-style);--awb-caption-title-size:var(--h2_typography-font-size);--awb-caption-title-transform:var(--h2_typography-text-transform);--awb-caption-title-line-height:var(--h2_typography-line-height);--awb-caption-title-letter-spacing:var(--h2_typography-letter-spacing);\"><span class=\" fusion-imageframe imageframe-none imageframe-3 hover-type-none\"><img decoding=\"async\" src=\"https:\/\/imlauer.com\/hotel-pitter-salzburg\/wp-content\/uploads\/sites\/2\/2021\/03\/logo_gc_cmyk_screen.png\" alt class=\"img-responsive\"\/><\/span><\/div><div class=\"fusion-sep-clear\"><\/div><div class=\"fusion-separator fusion-full-width-sep\" style=\"margin-left: auto;margin-right: auto;margin-top:50px;width:100%;\"><\/div><div class=\"fusion-sep-clear\"><\/div><div class=\"fusion-image-element in-legacy-container\" style=\"--awb-max-width:400px;--awb-caption-title-font-family:var(--h2_typography-font-family);--awb-caption-title-font-weight:var(--h2_typography-font-weight);--awb-caption-title-font-style:var(--h2_typography-font-style);--awb-caption-title-size:var(--h2_typography-font-size);--awb-caption-title-transform:var(--h2_typography-text-transform);--awb-caption-title-line-height:var(--h2_typography-line-height);--awb-caption-title-letter-spacing:var(--h2_typography-letter-spacing);\"><span class=\" fusion-imageframe imageframe-none imageframe-4 hover-type-none\"><img decoding=\"async\" src=\"https:\/\/imlauer.com\/hotel-pitter-salzburg\/wp-content\/uploads\/sites\/2\/2021\/03\/KBU_logos_partner_betrieb_1-1.jpg\" alt class=\"img-responsive\"\/><\/span><\/div><\/div><\/div><div class=\"fusion-clearfix\"><\/div><\/div><\/div><\/div><\/div><div class=\"fusion-fullwidth fullwidth-box fusion-builder-row-3 nonhundred-percent-fullwidth non-hundred-percent-height-scrolling\" style=\"--awb-border-radius-top-left:0px;--awb-border-radius-top-right:0px;--awb-border-radius-bottom-right:0px;--awb-border-radius-bottom-left:0px;--awb-flex-wrap:wrap;\" ><div class=\"fusion-builder-row fusion-row\"><div class=\"fusion-layout-column fusion_builder_column fusion-builder-column-4 fusion_builder_column_1_1 1_1 fusion-one-full fusion-column-first fusion-column-last\" style=\"--awb-padding-top:50px;--awb-bg-size:cover;\"><div class=\"fusion-column-wrapper fusion-column-has-shadow fusion-flex-column-wrapper-legacy\"><div class=\"fusion-text fusion-text-5\"><h2 style=\"text-align: center;\">N&#8217;h\u00e9sitez pas \u00e0 nous contacter !<\/h2>\n<\/div><div class=\"fusion-text fusion-text-6\"><p style=\"text-align: center; font-size: 20px;\"><strong>IMLAUER Catering<\/strong><br \/>\nRainerstra\u00dfe 6<br \/>\nA-5020 Salzbourg<br \/>\nT\u00e9l. :<a href=\"tel:+43662884936\"> +43 662 88 978 &#8211; 810<\/a><br \/>\nE-mail : <a href=\"mailto:catering@imlauer.com\">catering@imlauer.com<\/a><\/p>\n<\/div><div class=\"fusion-sep-clear\"><\/div><div class=\"fusion-separator fusion-full-width-sep\" style=\"margin-left: auto;margin-right: auto;margin-top:50px;width:100%;\"><\/div><div class=\"fusion-sep-clear\"><\/div><div class=\"fusion-clearfix\"><\/div><\/div><\/div><\/div><\/div><\/p>\n","protected":false},"excerpt":{"rendered":"","protected":false},"author":1,"featured_media":0,"parent":40172,"menu_order":0,"comment_status":"closed","ping_status":"closed","template":"","meta":{"footnotes":""},"class_list":["post-40088","page","type-page","status-publish","hentry"],"_links":{"self":[{"href":"https:\/\/imlauer.com\/hotel-pitter-salzburg\/wp-json\/wp\/v2\/pages\/40088","targetHints":{"allow":["GET"]}}],"collection":[{"href":"https:\/\/imlauer.com\/hotel-pitter-salzburg\/wp-json\/wp\/v2\/pages"}],"about":[{"href":"https:\/\/imlauer.com\/hotel-pitter-salzburg\/wp-json\/wp\/v2\/types\/page"}],"author":[{"embeddable":true,"href":"https:\/\/imlauer.com\/hotel-pitter-salzburg\/wp-json\/wp\/v2\/users\/1"}],"replies":[{"embeddable":true,"href":"https:\/\/imlauer.com\/hotel-pitter-salzburg\/wp-json\/wp\/v2\/comments?post=40088"}],"version-history":[{"count":29,"href":"https:\/\/imlauer.com\/hotel-pitter-salzburg\/wp-json\/wp\/v2\/pages\/40088\/revisions"}],"predecessor-version":[{"id":42172,"href":"https:\/\/imlauer.com\/hotel-pitter-salzburg\/wp-json\/wp\/v2\/pages\/40088\/revisions\/42172"}],"up":[{"embeddable":true,"href":"https:\/\/imlauer.com\/hotel-pitter-salzburg\/wp-json\/wp\/v2\/pages\/40172"}],"wp:attachment":[{"href":"https:\/\/imlauer.com\/hotel-pitter-salzburg\/wp-json\/wp\/v2\/media?parent=40088"}],"curies":[{"name":"wp","href":"https:\/\/api.w.org\/{rel}","templated":true}]}}