{"id":40089,"date":"2025-05-12T09:02:40","date_gmt":"2025-05-12T09:02:40","guid":{"rendered":"https:\/\/imlauer.com\/hotel-pitter-salzburg\/localizacion-y-llegada\/"},"modified":"2026-03-05T11:01:28","modified_gmt":"2026-03-05T11:01:28","slug":"localizacion-y-llegada","status":"publish","type":"page","link":"https:\/\/imlauer.com\/hotel-pitter-salzburg\/localizacion-y-llegada\/?lang=es","title":{"rendered":"Localizaci\u00f3n y llegada"},"content":{"rendered":"<p><div class=\"fusion-fullwidth fullwidth-box fusion-builder-row-1 has-pattern-background has-mask-background hundred-percent-fullwidth non-hundred-percent-height-scrolling fusion-equal-height-columns\" style=\"--awb-background-position:left top;--awb-border-sizes-top:0px;--awb-border-sizes-bottom:0px;--awb-border-sizes-left:0px;--awb-border-sizes-right:0px;--awb-border-radius-top-left:0px;--awb-border-radius-top-right:0px;--awb-border-radius-bottom-right:0px;--awb-border-radius-bottom-left:0px;--awb-padding-top:0px;--awb-padding-right:0px;--awb-padding-bottom:0px;--awb-padding-left:0px;--awb-flex-wrap:wrap;\" ><div class=\"fusion-builder-row fusion-row\"><div class=\"fusion-layout-column fusion_builder_column fusion-builder-column-0 fusion_builder_column_1_3 1_3 fusion-one-third fusion-column-first\" style=\"--awb-padding-top:30px;--awb-padding-right:2%;--awb-padding-bottom:30px;--awb-padding-left:2%;--awb-bg-size:cover;--awb-margin-bottom:0px;\"><div class=\"fusion-column-wrapper fusion-column-has-shadow fusion-flex-column-wrapper-legacy\"><div class=\"fusion-column-content-centered\"><div class=\"fusion-column-content\"><div class=\"fusion-text fusion-text-1\"><p style=\"letter-spacing: 4px; font-size: 13px; text-align: center; margin-bottom: 0px;\">CONTACTO<\/p>\n<h1 style=\"text-align: center;\">IMLAUER HOTEL PITTER Salzburgo<\/h1>\n<\/div><div class=\"fusion-sep-clear\"><\/div><div class=\"fusion-separator fusion-full-width-sep\" style=\"margin-left: auto;margin-right: auto;margin-top:10px;width:100%;\"><\/div><div class=\"fusion-sep-clear\"><\/div><ul style=\"--awb-size:17px;--awb-iconcolor:#cbaa5c;--awb-line-height:28.9px;--awb-icon-width:28.9px;--awb-icon-height:28.9px;--awb-icon-margin:11.9px;--awb-content-margin:40.8px;\" class=\"fusion-checklist fusion-checklist-1 fusion-checklist-default type-icons address\"><li class=\"fusion-li-item\" style=\"\"><span class=\"icon-wrapper circle-no\"><i class=\"fusion-li-icon fa-phone-alt fas\" aria-hidden=\"true\"><\/i><\/span><div class=\"fusion-li-item-content\">\n<p>Tel: <a href=\"tel:+43662889780\">+43 (662) 88 97 80<\/a><\/p>\n<\/div><\/li><li class=\"fusion-li-item\" style=\"\"><span class=\"icon-wrapper circle-no\"><i class=\"fusion-li-icon fa-envelope far\" aria-hidden=\"true\"><\/i><\/span><div class=\"fusion-li-item-content\">\n<p><a href=\"mailto:pitter@imlauer.com\">pitter@imlauer.com<\/a><\/p>\n<\/div><\/li><li class=\"fusion-li-item\" style=\"\"><span class=\"icon-wrapper circle-no\"><i class=\"fusion-li-icon fa-map-marked-alt fas\" aria-hidden=\"true\"><\/i><\/span><div class=\"fusion-li-item-content\">\n<p><a href=\"https:\/\/maps.app.goo.gl\/gjAZuLJwjZ8uHepA7\" target=\"_blank\" rel=\"noopener\">Rainerstra\u00dfe 6<\/a><br \/>\n5020 Salzburgo, Austria<\/p>\n<\/div><\/li><\/ul><div class=\"fusion-sep-clear\"><\/div><div class=\"fusion-separator fusion-full-width-sep\" style=\"margin-left: auto;margin-right: auto;margin-top:50px;width:100%;\"><\/div><div class=\"fusion-sep-clear\"><\/div><div class=\"fusion-image-element in-legacy-container\" style=\"--awb-caption-title-font-family:var(--h2_typography-font-family);--awb-caption-title-font-weight:var(--h2_typography-font-weight);--awb-caption-title-font-style:var(--h2_typography-font-style);--awb-caption-title-size:var(--h2_typography-font-size);--awb-caption-title-transform:var(--h2_typography-text-transform);--awb-caption-title-line-height:var(--h2_typography-line-height);--awb-caption-title-letter-spacing:var(--h2_typography-letter-spacing);\"><span class=\" fusion-imageframe imageframe-none imageframe-1 hover-type-none\"><img decoding=\"async\" width=\"1200\" height=\"1200\" alt=\"Lageplan_Garage_IMLAUER-Hotel-Pitter-web\" title=\"Lageplan_Garage_IMLAUER-Hotel-Pitter-web\" src=\"https:\/\/imlauer.com\/hotel-pitter-salzburg\/wp-content\/uploads\/2025\/01\/Lageplan_Garage_IMLAUER-Hotel-Pitter-web.jpg\" class=\"img-responsive wp-image-37685\" srcset=\"https:\/\/imlauer.com\/hotel-pitter-salzburg\/wp-content\/uploads\/2025\/01\/Lageplan_Garage_IMLAUER-Hotel-Pitter-web-200x200.jpg 200w, https:\/\/imlauer.com\/hotel-pitter-salzburg\/wp-content\/uploads\/2025\/01\/Lageplan_Garage_IMLAUER-Hotel-Pitter-web-400x400.jpg 400w, https:\/\/imlauer.com\/hotel-pitter-salzburg\/wp-content\/uploads\/2025\/01\/Lageplan_Garage_IMLAUER-Hotel-Pitter-web-600x600.jpg 600w, https:\/\/imlauer.com\/hotel-pitter-salzburg\/wp-content\/uploads\/2025\/01\/Lageplan_Garage_IMLAUER-Hotel-Pitter-web-800x800.jpg 800w, https:\/\/imlauer.com\/hotel-pitter-salzburg\/wp-content\/uploads\/2025\/01\/Lageplan_Garage_IMLAUER-Hotel-Pitter-web.jpg 1200w\" sizes=\"(max-width: 969px) 100vw, 600px\" \/><\/span><\/div><div class=\"fusion-text fusion-text-2\"><p style=\"text-align: center;\">C\u00f3mo llegar al <a href=\"https:\/\/imlauer.com\/hotel-pitter-salzburg\/wp-content\/uploads\/2025\/04\/Lageplan_IMLAUER-Hotel-Pitter.pdf\" target=\"_blank\" rel=\"noopener\"><strong>aparcamiento subterr\u00e1neo del hotel<\/strong><\/a> en PDF para descargar.<\/p>\n<\/div><div class=\"fusion-sep-clear\"><\/div><div class=\"fusion-separator fusion-full-width-sep\" style=\"margin-left: auto;margin-right: auto;margin-top:30px;width:100%;\"><\/div><div class=\"fusion-sep-clear\"><\/div><div class=\"fusion-image-element fusion-image-align-center in-legacy-container\" style=\"text-align:center;--awb-max-width:200px;--awb-caption-title-font-family:var(--h2_typography-font-family);--awb-caption-title-font-weight:var(--h2_typography-font-weight);--awb-caption-title-font-style:var(--h2_typography-font-style);--awb-caption-title-size:var(--h2_typography-font-size);--awb-caption-title-transform:var(--h2_typography-text-transform);--awb-caption-title-line-height:var(--h2_typography-line-height);--awb-caption-title-letter-spacing:var(--h2_typography-letter-spacing);\"><div class=\"imageframe-align-center\"><span class=\" fusion-imageframe imageframe-none imageframe-2 hover-type-none\"><img decoding=\"async\" width=\"333\" height=\"140\" alt=\"SIXT\" title=\"SIXT\" src=\"https:\/\/imlauer.com\/hotel-pitter-salzburg\/wp-content\/uploads\/2025\/01\/SIXT.png\" class=\"img-responsive wp-image-37690\" srcset=\"https:\/\/imlauer.com\/hotel-pitter-salzburg\/wp-content\/uploads\/2025\/01\/SIXT-200x84.png 200w, https:\/\/imlauer.com\/hotel-pitter-salzburg\/wp-content\/uploads\/2025\/01\/SIXT.png 333w\" sizes=\"(max-width: 969px) 100vw, 333px\" \/><\/span><\/div><\/div><div class=\"fusion-sep-clear\"><\/div><div class=\"fusion-separator fusion-full-width-sep\" style=\"margin-left: auto;margin-right: auto;margin-top:10px;width:100%;\"><\/div><div class=\"fusion-sep-clear\"><\/div><div class=\"fusion-text fusion-text-3\"><p style=\"text-align: center;\">Como hu\u00e9sped del IMLAUER Hotel Pitter Salzburg, recibir\u00e1s un 15% de descuento en tu coche de alquiler de nuestro socio SIXT.<\/p>\n<\/div><div class=\"fusion-aligncenter\"><a class=\"fusion-button button-flat fusion-button-default-size button-default fusion-button-default button-1 fusion-button-default-span fusion-button-default-type\" target=\"_blank\" rel=\"noopener noreferrer\" href=\"https:\/\/www.sixt.de\/partners\/hotels\/imlauer-pitter\/\"><span class=\"fusion-button-text awb-button__text awb-button__text--default\">Ir a la p\u00e1gina de socios de SIXT<\/span><\/a><\/div><\/div><\/div><div class=\"fusion-clearfix\"><\/div><\/div><\/div><div class=\"fusion-layout-column fusion_builder_column fusion-builder-column-1 fusion_builder_column_2_3 2_3 fusion-two-third fusion-column-last\" style=\"--awb-padding-top:90px;--awb-padding-right:5%;--awb-padding-bottom:90px;--awb-padding-left:5%;--awb-bg-color:#f5f5f5;--awb-bg-color-hover:#f5f5f5;--awb-bg-size:cover;--awb-margin-bottom:0px;\"><div class=\"fusion-column-wrapper fusion-flex-column-wrapper-legacy\"><div class=\"fusion-column-content-centered\"><div class=\"fusion-column-content\"><div class=\"fusion-text fusion-text-4\"><h2 class=\"fusion-responsive-typography-calculated\" data-fontsize=\"18\" data-lineheight=\"27px\">Localizaci\u00f3n y llegada<\/h2>\n<h2 class=\"fusion-responsive-typography-calculated\" data-fontsize=\"18\" data-lineheight=\"27px\">Indicaciones detalladas para llegar al Hotel IMLAUER Hotel Pitter<\/h2>\n<p>F\u00e1cil de llegar, en coche, tren o avi\u00f3n. El IMLAUER Hotel Pitter Salzburg goza de una ubicaci\u00f3n excelente, a tiro de piedra <a href=\"https:\/\/imlauer.com\/city-guide\/\" target=\"_blank\" rel=\"noopener\">del Palacio de Mirabell y de los singulares Jardines de Mirabell<\/a>, y a un corto paseo del casco antiguo de Salzburgo.<\/p>\n<\/div><ul style=\"--awb-iconcolor:#cbaa5c;--awb-line-height:30.6px;--awb-icon-width:30.6px;--awb-icon-height:30.6px;--awb-icon-margin:12.6px;--awb-content-margin:43.2px;\" class=\"fusion-checklist fusion-checklist-2 fusion-checklist-default type-icons anreise\"><li class=\"fusion-li-item\" style=\"\"><span class=\"icon-wrapper circle-no\"><i class=\"fusion-li-icon fa-car-side fas\" aria-hidden=\"true\"><\/i><\/span><div class=\"fusion-li-item-content\">\n<p><strong>En coche:<\/strong><\/p>\n<p>Te recomendamos que tomes la salida de la autopista &#8222;Salzburgo Norte&#8220; en direcci\u00f3n Salzburgo\/Zentrum.<\/p>\n<ul>\n<li><strong>Para llegar a la zona de carga de nuestro hotel<\/strong>: introduce<a href=\"https:\/\/maps.app.goo.gl\/3i7UY63xyVgRqwJu9\" target=\"_blank\" rel=\"noopener\">&#8222;Markus-Sittikus-Stra\u00dfe 13<\/a>&#8220; en tu navegador por sat\u00e9lite, la zona de carga del hotel est\u00e1 justo enfrente. Nuestros porteros estar\u00e1n encantados de ayudarte con tu equipaje. <\/li>\n<li>Aparcamiento <strong>subterr\u00e1neo: <\/strong>se encuentra en las inmediaciones de nuestro hotel. Nuestro equipo de recepci\u00f3n estar\u00e1 encantado de informarte sobre el acceso al aparcamiento subterr\u00e1neo cuando te registres. <\/li>\n<li>Si deseas aparcar t\u00fa mismo el coche, los costes son los siguientes  <strong>25,00 \u20ac al d\u00eda. Con servicio de aparcacoches: 31,00 \u20ac al d\u00eda. <\/strong>  El servicio de aparcacoches puede utilizarse todos los d\u00edas entre las 6.30 y las 23.00 horas.<strong><br \/>\n<\/strong><\/li>\n<li>Ofrecemos<strong> 5 estaciones de recarga<\/strong> electr\u00f3nica en las que puedes cargar por 0,45 \u20ac\/kWh<strong>. <\/strong>No es posible reservar una estaci\u00f3n de carga.<\/li>\n<\/ul>\n<ul>\n<li><strong>La altura m\u00e1xima de entrada al aparcamiento subterr\u00e1neo es de 190 cm.<\/strong> Utiliza como <strong>alternativa el aparcamiento del <a href=\"https:\/\/imlauer.com\/hotel-imlauer-salzburg\/lage-anreise\/\" target=\"_blank\" rel=\"noopener\">Hotel IMLAUER &amp; Br\u00e4u<\/a>, en la esquina de las calles Humboldtstra\u00dfe y Faberstra\u00dfe.<\/strong> Introduce<a href=\"https:\/\/maps.app.goo.gl\/DkF1rykDNmbAkRHE6\" target=\"_blank\" rel=\"noopener\">&#8222;Humboldtstra\u00dfe, 5020 Salzburgo<\/a>&#8220; en tu navegador.<\/li>\n<\/ul>\n<\/div><\/li><li class=\"fusion-li-item\" style=\"\"><span class=\"icon-wrapper circle-no\"><i class=\"fusion-li-icon fa-bus-alt fas\" aria-hidden=\"true\"><\/i><\/span><div class=\"fusion-li-item-content\">\n<p><strong>En transporte p\u00fablico:<\/strong><\/p>\n<p>La parada m\u00e1s cercana se llama &#8222;Kongresshaus&#8220;. Las l\u00edneas n\u00ba 1, n\u00ba 2, n\u00ba 3, n\u00ba 5, n\u00ba 6 y n\u00ba 25 paran all\u00ed. <\/p>\n<p>Desde el aeropuerto: Toma la l\u00ednea 2 en direcci\u00f3n &#8222;Salzburgo Obergnigl&#8220;. Tu parada se llama &#8222;Kongresshaus&#8220;, duraci\u00f3n aprox. 26 min, 15 paradas.<\/p>\n<\/div><\/li><li class=\"fusion-li-item\" style=\"\"><span class=\"icon-wrapper circle-no\"><i class=\"fusion-li-icon fa-walking fas\" aria-hidden=\"true\"><\/i><\/span><div class=\"fusion-li-item-content\">\n<p><strong>A pie:<\/strong><\/p>\n<p>Desde la estaci\u00f3n de ferrocarril: El HOTEL IMLAUER PITTER est\u00e1 a 8 minutos a pie. Sigue la Rainerstra\u00dfe en direcci\u00f3n al centro\/ciudad vieja. A 650 metros encontrar\u00e1s nuestro hotel a mano izquierda.<\/p>\n<\/div><\/li><li class=\"fusion-li-item\" style=\"\"><span class=\"icon-wrapper circle-no\"><i class=\"fusion-li-icon fa-taxi fas\" aria-hidden=\"true\"><\/i><\/span><div class=\"fusion-li-item-content\">\n<p><strong>En taxi:<\/strong><\/p>\n<p>Desde la estaci\u00f3n de ferrocarril: Nuestro hotel est\u00e1 a unos 650 m o a s\u00f3lo 8 minutos a pie de la estaci\u00f3n principal de ferrocarril de Salzburgo. Si quieres coger un taxi para este trayecto, encontrar\u00e1s taxis directamente delante del edificio de la estaci\u00f3n. Duran unos 3 minutos y cuestan entre 6 y 8 euros, seg\u00fan el tr\u00e1fico y la hora del d\u00eda.   <\/p>\n<p>Desde el aeropuerto: Hay taxis disponibles directamente delante del edificio.<br \/>\nDuraci\u00f3n aprox. 15 min. Costes aprox. entre 15 y 20 euros, seg\u00fan el tr\u00e1fico y la hora del d\u00eda.<\/p>\n<\/div><\/li><\/ul><div class=\"fusion-sep-clear\"><\/div><div class=\"fusion-separator fusion-full-width-sep\" style=\"margin-left: auto;margin-right: auto;margin-top:30px;width:100%;\"><\/div><div class=\"fusion-sep-clear\"><\/div><\/div><\/div><div class=\"fusion-clearfix\"><\/div><\/div><\/div><\/div><\/div><div class=\"fusion-fullwidth fullwidth-box fusion-builder-row-2 hundred-percent-fullwidth non-hundred-percent-height-scrolling fusion-equal-height-columns\" style=\"--awb-background-position:left top;--awb-border-sizes-top:0px;--awb-border-sizes-bottom:0px;--awb-border-sizes-left:0px;--awb-border-sizes-right:0px;--awb-border-radius-top-left:0px;--awb-border-radius-top-right:0px;--awb-border-radius-bottom-right:0px;--awb-border-radius-bottom-left:0px;--awb-padding-top:0px;--awb-padding-right:0px;--awb-padding-bottom:0px;--awb-padding-left:0px;--awb-flex-wrap:wrap;\" ><div class=\"fusion-builder-row fusion-row\"><div class=\"fusion-layout-column fusion_builder_column fusion-builder-column-2 fusion_builder_column_1_1 1_1 fusion-one-full fusion-column-first fusion-column-last fusion-column-no-min-height\" style=\"--awb-bg-blend:overlay;--awb-bg-size:cover;--awb-margin-bottom:0px;\"><div class=\"fusion-column-wrapper fusion-flex-column-wrapper-legacy\"><div id=\"pitter_map\" style=\"width:100%; height:500px;\"><\/div><div class=\"fusion-clearfix\"><\/div><\/div><\/div><\/div><\/div><\/p>\n","protected":false},"excerpt":{"rendered":"","protected":false},"author":1,"featured_media":0,"parent":0,"menu_order":0,"comment_status":"closed","ping_status":"closed","template":"100-width.php","meta":{"footnotes":""},"class_list":["post-40089","page","type-page","status-publish","hentry"],"_links":{"self":[{"href":"https:\/\/imlauer.com\/hotel-pitter-salzburg\/wp-json\/wp\/v2\/pages\/40089","targetHints":{"allow":["GET"]}}],"collection":[{"href":"https:\/\/imlauer.com\/hotel-pitter-salzburg\/wp-json\/wp\/v2\/pages"}],"about":[{"href":"https:\/\/imlauer.com\/hotel-pitter-salzburg\/wp-json\/wp\/v2\/types\/page"}],"author":[{"embeddable":true,"href":"https:\/\/imlauer.com\/hotel-pitter-salzburg\/wp-json\/wp\/v2\/users\/1"}],"replies":[{"embeddable":true,"href":"https:\/\/imlauer.com\/hotel-pitter-salzburg\/wp-json\/wp\/v2\/comments?post=40089"}],"version-history":[{"count":36,"href":"https:\/\/imlauer.com\/hotel-pitter-salzburg\/wp-json\/wp\/v2\/pages\/40089\/revisions"}],"predecessor-version":[{"id":46374,"href":"https:\/\/imlauer.com\/hotel-pitter-salzburg\/wp-json\/wp\/v2\/pages\/40089\/revisions\/46374"}],"wp:attachment":[{"href":"https:\/\/imlauer.com\/hotel-pitter-salzburg\/wp-json\/wp\/v2\/media?parent=40089"}],"curies":[{"name":"wp","href":"https:\/\/api.w.org\/{rel}","templated":true}]}}