{"id":40146,"date":"2025-05-12T09:02:56","date_gmt":"2025-05-12T09:02:56","guid":{"rendered":"https:\/\/imlauer.com\/hotel-pitter-salzburg\/reunions-hybrides\/"},"modified":"2026-03-05T10:53:15","modified_gmt":"2026-03-05T10:53:15","slug":"reunions-hybrides","status":"publish","type":"page","link":"https:\/\/imlauer.com\/hotel-pitter-salzburg\/reunions-hybrides\/?lang=fr","title":{"rendered":"R\u00e9unions hybrides"},"content":{"rendered":"<p><div class=\"fusion-fullwidth fullwidth-box fusion-builder-row-1 nonhundred-percent-fullwidth non-hundred-percent-height-scrolling fusion-equal-height-columns\" style=\"--awb-background-position:left top;--awb-border-sizes-top:0px;--awb-border-sizes-bottom:0px;--awb-border-sizes-left:0px;--awb-border-sizes-right:0px;--awb-border-radius-top-left:0px;--awb-border-radius-top-right:0px;--awb-border-radius-bottom-right:0px;--awb-border-radius-bottom-left:0px;--awb-padding-top:0px;--awb-padding-bottom:35px;--awb-margin-top:40px;--awb-flex-wrap:wrap;\" ><div class=\"fusion-builder-row fusion-row\"><div class=\"fusion-layout-column fusion_builder_column fusion-builder-column-0 fusion_builder_column_1_2 1_2 fusion-one-half fusion-column-first\" style=\"--awb-padding-top:40px;--awb-padding-bottom:40px;--awb-bg-color:#ffffff;--awb-bg-color-hover:#ffffff;--awb-bg-size:cover;--awb-border-color:#ebeef1;--awb-border-top:0;--awb-border-right:0;--awb-border-bottom:0;--awb-border-left:0;--awb-border-style:solid;width:48%; margin-right: 4%;\"><div class=\"fusion-column-wrapper fusion-column-has-shadow fusion-flex-column-wrapper-legacy\"><div class=\"fusion-column-content-centered\"><div class=\"fusion-column-content\"><div class=\"fusion-image-element fusion-image-align-center in-legacy-container\" style=\"text-align:center;--awb-caption-title-font-family:var(--h2_typography-font-family);--awb-caption-title-font-weight:var(--h2_typography-font-weight);--awb-caption-title-font-style:var(--h2_typography-font-style);--awb-caption-title-size:var(--h2_typography-font-size);--awb-caption-title-transform:var(--h2_typography-text-transform);--awb-caption-title-line-height:var(--h2_typography-line-height);--awb-caption-title-letter-spacing:var(--h2_typography-letter-spacing);\"><div class=\"imageframe-align-center\"><span class=\" fusion-imageframe imageframe-none imageframe-1 hover-type-none\"><img decoding=\"async\" width=\"452\" height=\"667\" title=\"Tagungsraum-Sittikus_4\" src=\"https:\/\/imlauer.com\/hotel-pitter-salzburg\/wp-content\/uploads\/2025\/04\/Tagungsraum-Sittikus_4.jpg\" alt class=\"img-responsive wp-image-39479\" srcset=\"https:\/\/imlauer.com\/hotel-pitter-salzburg\/wp-content\/uploads\/2025\/04\/Tagungsraum-Sittikus_4-200x295.jpg 200w, https:\/\/imlauer.com\/hotel-pitter-salzburg\/wp-content\/uploads\/2025\/04\/Tagungsraum-Sittikus_4-400x590.jpg 400w, https:\/\/imlauer.com\/hotel-pitter-salzburg\/wp-content\/uploads\/2025\/04\/Tagungsraum-Sittikus_4.jpg 452w\" sizes=\"(max-width: 969px) 100vw, 452px\" \/><\/span><\/div><\/div><\/div><\/div><div class=\"fusion-clearfix\"><\/div><\/div><\/div><div class=\"fusion-layout-column fusion_builder_column fusion-builder-column-1 fusion_builder_column_1_2 1_2 fusion-one-half fusion-column-last\" style=\"--awb-bg-blend:overlay;--awb-bg-size:cover;width:48%;\"><div class=\"fusion-column-wrapper fusion-column-has-shadow fusion-flex-column-wrapper-legacy\"><div class=\"fusion-column-content-centered\"><div class=\"fusion-column-content\"><div class=\"fusion-text fusion-text-1\"><p style=\"letter-spacing: 4px; font-size: 13px; text-align: center; margin-bottom: 0px;\">LE TEMPS DES ID\u00c9ES NOUVELLES<\/p>\n<h1 style=\"text-align: center;\">R\u00e9unions hybrides au Pitter Event Center<\/h1>\n<\/div><div class=\"fusion-text fusion-text-2\" style=\"--awb-text-transform:none;\"><p style=\"text-align: center;\"><strong>\u00c9v\u00e9nements hybrides, qu&#8217;est-ce que cela signifie ?<br \/>\n<\/strong><\/p>\n<p style=\"text-align: center;\">Il s&#8217;agit d&#8217;\u00e9v\u00e9nements en direct dans l&#8217;h\u00f4tel, <strong>compl\u00e9t\u00e9s<\/strong> par des <strong>composants num\u00e9riques<\/strong>, permettant ainsi \u00e0 davantage de personnes de participer \u00e0 un \u00e9v\u00e9nement.<\/p>\n<p style=\"text-align: center;\">  Il s&#8217;agit donc d&#8217;\u00e9v\u00e9nements auxquels il est possible d&#8217;assister parall\u00e8lement <strong>en direct et virtuellement<\/strong>, ou encore d&#8217;un conf\u00e9rencier qui peut rejoindre le public en direct sans se trouver dans la m\u00eame salle, le m\u00eame b\u00e2timent ou m\u00eame le m\u00eame pays. Par exemple, \u00e0 l&#8217;h\u00f4tel IMLAUER Pitter de Salzbourg, 150 personnes peuvent s&#8217;asseoir dans une salle de r\u00e9union et d&#8217;autres personnes (des milliers ou seulement 2) peuvent \u00eatre connect\u00e9es en ligne.<\/p>\n<p>Si, pour une raison ou pour une autre, vous vous retrouvez dans l&#8217;obligation d&#8217;organiser une r\u00e9union num\u00e9rique, notre \u00e9quipe IMLAUER et nos<strong> partenaires techniques externes<\/strong> vous permettront de maintenir le cap sur vos objectifs (\u00e9v\u00e9nementiels).<\/p>\n<p style=\"text-align: center;\">Vous avez d\u00e9j\u00e0 de nombreuses id\u00e9es pour votre \u00e9v\u00e9nement du futur ? Nous nous ferons un plaisir de vous conseiller et de cr\u00e9er le cadre parfait. Vos souhaits et vos id\u00e9es sont diff\u00e9rents ? Nous trouverons des solutions avec nos partenaires techniques.   <\/p>\n<\/div><\/div><\/div><div class=\"fusion-clearfix\"><\/div><\/div><\/div><\/div><\/div><div class=\"fusion-fullwidth fullwidth-box fusion-builder-row-2 fusion-flex-container nonhundred-percent-fullwidth non-hundred-percent-height-scrolling\" style=\"--awb-border-radius-top-left:0px;--awb-border-radius-top-right:0px;--awb-border-radius-bottom-right:0px;--awb-border-radius-bottom-left:0px;--awb-margin-top:40px;--awb-flex-wrap:wrap;\" ><div class=\"fusion-builder-row fusion-row fusion-flex-align-items-flex-start fusion-flex-content-wrap\" style=\"max-width:1352px;margin-left: calc(-4% \/ 2 );margin-right: calc(-4% \/ 2 );\"><div class=\"fusion-layout-column fusion_builder_column fusion-builder-column-2 fusion_builder_column_1_5 1_5 fusion-flex-column\" style=\"--awb-padding-top:50px;--awb-bg-blend:overlay;--awb-bg-size:cover;--awb-width-large:20%;--awb-margin-top-large:0px;--awb-spacing-right-large:9.6%;--awb-margin-bottom-large:20px;--awb-spacing-left-large:9.6%;--awb-width-medium:100%;--awb-order-medium:0;--awb-spacing-right-medium:1.92%;--awb-spacing-left-medium:1.92%;--awb-width-small:100%;--awb-spacing-right-small:1.92%;--awb-spacing-left-small:1.92%;\"><div class=\"fusion-column-wrapper fusion-column-has-shadow fusion-flex-justify-content-flex-start fusion-content-layout-column\"><\/div><\/div><div class=\"fusion-layout-column fusion_builder_column fusion-builder-column-3 fusion_builder_column_3_5 3_5 fusion-flex-column\" style=\"--awb-padding-top:5%;--awb-padding-right:15%;--awb-padding-bottom:5%;--awb-padding-left:15%;--awb-bg-size:cover;--awb-border-color:#d1d1d1;--awb-border-top:1px;--awb-border-right:1px;--awb-border-bottom:1px;--awb-border-left:1px;--awb-border-style:solid;--awb-width-large:60%;--awb-margin-top-large:0px;--awb-spacing-right-large:3.2%;--awb-margin-bottom-large:20px;--awb-spacing-left-large:3.2%;--awb-width-medium:100%;--awb-order-medium:2;--awb-spacing-right-medium:1.92%;--awb-spacing-left-medium:1.92%;--awb-width-small:100%;--awb-spacing-right-small:1.92%;--awb-spacing-left-small:1.92%;\"><div class=\"fusion-column-wrapper fusion-column-has-shadow fusion-flex-justify-content-flex-start fusion-content-layout-column\"><div class=\"fusion-text fusion-text-3\"><p style=\"letter-spacing: 4px; font-size: 13px; text-align: center; margin-bottom: 10px;\">LA PORTE SUR LE MONDE<\/p>\n<h2 style=\"text-align: center;\">IMLAUER Technique standard<\/h2>\n<p style=\"text-align: center;\">Notre technologie vous permet de participer \u00e0 des r\u00e9unions depuis n&#8217;importe quel endroit du monde.<\/p>\n<\/div><ul style=\"--awb-size:17px;--awb-iconcolor:#cbaa5c;--awb-line-height:28.9px;--awb-icon-width:28.9px;--awb-icon-height:28.9px;--awb-icon-margin:11.9px;--awb-content-margin:40.8px;\" class=\"fusion-checklist fusion-checklist-1 fusion-checklist-default type-icons\"><li class=\"fusion-li-item\" style=\"\"><span class=\"icon-wrapper circle-no\"><i class=\"fusion-li-icon fa-headset fas\" aria-hidden=\"true\"><\/i><\/span><div class=\"fusion-li-item-content\">\n<p style=\"text-align: left;\">Microphones et casques sans fil<\/p>\n<\/div><\/li><li class=\"fusion-li-item\" style=\"\"><span class=\"icon-wrapper circle-no\"><i class=\"fusion-li-icon fa-chalkboard-teacher fas\" aria-hidden=\"true\"><\/i><\/span><div class=\"fusion-li-item-content\">\n<p style=\"text-align: left;\">Projecteurs et \u00e9crans pour graphiques d&#8217;arri\u00e8re-plan<\/p>\n<\/div><\/li><li class=\"fusion-li-item\" style=\"\"><span class=\"icon-wrapper circle-no\"><i class=\"fusion-li-icon fa-desktop fas\" aria-hidden=\"true\"><\/i><\/span><div class=\"fusion-li-item-content\">\n<p>Moniteurs de pr\u00e9visualisation pour les conf\u00e9renciers sur place<\/p>\n<\/div><\/li><li class=\"fusion-li-item\" style=\"\"><span class=\"icon-wrapper circle-no\"><i class=\"fusion-li-icon fa-wifi fas\" aria-hidden=\"true\"><\/i><\/span><div class=\"fusion-li-item-content\">\n<p>Connexion Internet stable \u00e0 haut d\u00e9bit (200Mbit\/s)<\/p>\n<p>Bande passante d\u00e9di\u00e9e pour le t\u00e9l\u00e9chargement et le transfert de donn\u00e9es.<\/p>\n<\/div><\/li><\/ul><div class=\"fusion-separator fusion-full-width-sep\" style=\"align-self: center;margin-left: auto;margin-right: auto;margin-top:40px;width:100%;\"><\/div><div class=\"fusion-text fusion-text-4\"><h2 style=\"text-align: center;\"><strong>Le savoir-faire technique de nos partenaires<\/strong><\/h2>\n<\/div><ul style=\"--awb-size:17px;--awb-iconcolor:#cbaa5c;--awb-line-height:28.9px;--awb-icon-width:28.9px;--awb-icon-height:28.9px;--awb-icon-margin:11.9px;--awb-content-margin:40.8px;\" class=\"fusion-checklist fusion-checklist-2 fusion-checklist-default type-icons\"><li class=\"fusion-li-item\" style=\"\"><span class=\"icon-wrapper circle-no\"><i class=\"fusion-li-icon fa-video fas\" aria-hidden=\"true\"><\/i><\/span><div class=\"fusion-li-item-content\">\n<p style=\"text-align: left;\">Cam\u00e9ras pour des prises de vue professionnelles des conf\u00e9renciers et \/ ou des activit\u00e9s dans la salle de r\u00e9union<\/p>\n<\/div><\/li><li class=\"fusion-li-item\" style=\"\"><span class=\"icon-wrapper circle-no\"><i class=\"fusion-li-icon fa-thumbs-up fas\" aria-hidden=\"true\"><\/i><\/span><div class=\"fusion-li-item-content\">\n<p style=\"text-align: left;\">Diffusion en direct sur Facebook, YouTube, etc.<\/p>\n<\/div><\/li><li class=\"fusion-li-item\" style=\"\"><span class=\"icon-wrapper circle-no\"><i class=\"fusion-li-icon fa-euro-sign fas\" aria-hidden=\"true\"><\/i><\/span><div class=\"fusion-li-item-content\">\n<p>Syst\u00e8me de paiement pour s\u00e9curiser les revenus en ligne<\/p>\n<\/div><\/li><li class=\"fusion-li-item\" style=\"\"><span class=\"icon-wrapper circle-no\"><i class=\"fusion-li-icon fa-child fas\" aria-hidden=\"true\"><\/i><\/span><div class=\"fusion-li-item-content\">\n<p>Support technique avec possibilit\u00e9 d&#8217;enregistrement<\/p>\n<\/div><\/li><\/ul><\/div><\/div><div class=\"fusion-layout-column fusion_builder_column fusion-builder-column-4 fusion_builder_column_1_2 1_2 fusion-flex-column\" style=\"--awb-bg-blend:overlay;--awb-bg-size:cover;--awb-width-large:50%;--awb-margin-top-large:0px;--awb-spacing-right-large:3.84%;--awb-margin-bottom-large:20px;--awb-spacing-left-large:3.84%;--awb-width-medium:100%;--awb-order-medium:3;--awb-spacing-right-medium:1.92%;--awb-spacing-left-medium:1.92%;--awb-width-small:100%;--awb-spacing-right-small:1.92%;--awb-spacing-left-small:1.92%;\"><div class=\"fusion-column-wrapper fusion-column-has-shadow fusion-flex-justify-content-flex-start fusion-content-layout-column\"><div class=\"fusion-separator fusion-full-width-sep\" style=\"align-self: center;margin-left: auto;margin-right: auto;margin-bottom:30px;width:100%;\"><\/div><div class=\"fusion-text fusion-text-5\"><p style=\"letter-spacing: 4px; font-size: 13px; text-align: center; margin-bottom: 10px;\">ENCORE PLUS DE POSSIBILIT\u00c9S<\/p>\n<h2 style=\"text-align: center;\">R\u00e9unions et \u00e9v\u00e9nements sans limites g\u00e9ographiques<\/h2>\n<\/div><div class=\"fusion-text fusion-text-6\"><p style=\"text-align: center;\">Participez en tant que conf\u00e9rencier ou participant \u00e0 un \u00e9v\u00e9nement sur place ou depuis votre domicile. Nous brisons les fronti\u00e8res avec vous et amenons votre r\u00e9union ou votre \u00e9v\u00e9nement o\u00f9 vous le souhaitez gr\u00e2ce \u00e0 un logiciel de conf\u00e9rence.<br \/>\nPour cela, vous aurez besoin de l&#8217;\u00e9quipement suivant : <\/p>\n<\/div><ul style=\"--awb-size:17px;--awb-iconcolor:#cbaa5c;--awb-line-height:28.9px;--awb-icon-width:28.9px;--awb-icon-height:28.9px;--awb-icon-margin:11.9px;--awb-content-margin:40.8px;\" class=\"fusion-checklist fusion-checklist-3 fusion-checklist-default type-icons\"><li class=\"fusion-li-item\" style=\"\"><span class=\"icon-wrapper circle-no\"><i class=\"fusion-li-icon fa-desktop fas\" aria-hidden=\"true\"><\/i><\/span><div class=\"fusion-li-item-content\">\n<p>un moniteur de pr\u00e9visualisation pour les conf\u00e9renciers sur place<\/p>\n<\/div><\/li><li class=\"fusion-li-item\" style=\"\"><span class=\"icon-wrapper circle-no\"><i class=\"fusion-li-icon fa-users fas\" aria-hidden=\"true\"><\/i><\/span><div class=\"fusion-li-item-content\">\n<p style=\"text-align: left;\">Des t\u00e9l\u00e9viseurs pour afficher les conf\u00e9renciers sur sc\u00e8ne depuis leur domicile.<\/p>\n<\/div><\/li><li class=\"fusion-li-item\" style=\"\"><span class=\"icon-wrapper circle-no\"><i class=\"fusion-li-icon fa-user-friends fas\" aria-hidden=\"true\"><\/i><\/span><div class=\"fusion-li-item-content\">\n<p>Petits groupes pour tous les participants en ligne<\/p>\n<\/div><\/li><\/ul><div class=\"fusion-separator fusion-full-width-sep\" style=\"align-self: center;margin-left: auto;margin-right: auto;margin-bottom:30px;width:100%;\"><\/div><\/div><\/div><div class=\"fusion-layout-column fusion_builder_column fusion-builder-column-5 fusion_builder_column_1_2 1_2 fusion-flex-column\" style=\"--awb-padding-top:40px;--awb-padding-bottom:40px;--awb-bg-size:cover;--awb-width-large:50%;--awb-margin-top-large:0px;--awb-spacing-right-large:3.84%;--awb-margin-bottom-large:20px;--awb-spacing-left-large:3.84%;--awb-width-medium:100%;--awb-order-medium:1;--awb-spacing-right-medium:1.92%;--awb-spacing-left-medium:1.92%;--awb-width-small:100%;--awb-order-small:0;--awb-spacing-right-small:1.92%;--awb-spacing-left-small:1.92%;\"><div class=\"fusion-column-wrapper fusion-column-has-shadow fusion-flex-justify-content-flex-start fusion-content-layout-column\"><div class=\"fusion-image-element \" style=\"--awb-caption-title-font-family:var(--h2_typography-font-family);--awb-caption-title-font-weight:var(--h2_typography-font-weight);--awb-caption-title-font-style:var(--h2_typography-font-style);--awb-caption-title-size:var(--h2_typography-font-size);--awb-caption-title-transform:var(--h2_typography-text-transform);--awb-caption-title-line-height:var(--h2_typography-line-height);--awb-caption-title-letter-spacing:var(--h2_typography-letter-spacing);\"><span class=\" fusion-imageframe imageframe-none imageframe-2 hover-type-none\"><img decoding=\"async\" width=\"1000\" height=\"663\" title=\"3619\" src=\"https:\/\/imlauer.com\/hotel-pitter-salzburg\/wp-content\/uploads\/2025\/04\/3619.jpg\" alt class=\"img-responsive wp-image-39484\" srcset=\"https:\/\/imlauer.com\/hotel-pitter-salzburg\/wp-content\/uploads\/2025\/04\/3619-200x133.jpg 200w, https:\/\/imlauer.com\/hotel-pitter-salzburg\/wp-content\/uploads\/2025\/04\/3619-400x265.jpg 400w, https:\/\/imlauer.com\/hotel-pitter-salzburg\/wp-content\/uploads\/2025\/04\/3619-600x398.jpg 600w, https:\/\/imlauer.com\/hotel-pitter-salzburg\/wp-content\/uploads\/2025\/04\/3619-800x530.jpg 800w, https:\/\/imlauer.com\/hotel-pitter-salzburg\/wp-content\/uploads\/2025\/04\/3619.jpg 1000w\" sizes=\"(max-width: 1024px) 100vw, (max-width: 640px) 100vw, 800px\" \/><\/span><\/div><\/div><\/div><div class=\"fusion-layout-column fusion_builder_column fusion-builder-column-6 fusion_builder_column_1_1 1_1 fusion-flex-column\" style=\"--awb-padding-top:50px;--awb-bg-blend:overlay;--awb-bg-size:cover;--awb-width-large:100%;--awb-margin-top-large:0px;--awb-spacing-right-large:1.92%;--awb-margin-bottom-large:20px;--awb-spacing-left-large:1.92%;--awb-width-medium:100%;--awb-order-medium:4;--awb-spacing-right-medium:1.92%;--awb-spacing-left-medium:1.92%;--awb-width-small:100%;--awb-spacing-right-small:1.92%;--awb-spacing-left-small:1.92%;\"><div class=\"fusion-column-wrapper fusion-column-has-shadow fusion-flex-justify-content-flex-start fusion-content-layout-column\"><div class=\"fusion-text fusion-text-7\"><h2 style=\"text-align: center;\">Vous \u00eates curieux ? N&#8217;h\u00e9sitez pas \u00e0 nous appeler ou \u00e0 nous envoyer un e-mail. Nous serons ravis de vous conseiller. <\/h2>\n<\/div><ul style=\"--awb-size:17px;--awb-iconcolor:#cbaa5c;--awb-line-height:28.9px;--awb-icon-width:28.9px;--awb-icon-height:28.9px;--awb-icon-margin:11.9px;--awb-content-margin:40.8px;\" class=\"fusion-checklist fusion-checklist-4 fusion-checklist-default type-icons address\"><li class=\"fusion-li-item\" style=\"\"><span class=\"icon-wrapper circle-no\"><i class=\"fusion-li-icon fa-phone-alt fas\" aria-hidden=\"true\"><\/i><\/span><div class=\"fusion-li-item-content\">T\u00e9l : <a href=\"tel:+43662889780\">+43 (0)662 88 97 8 810<\/a><\/div><\/li><li class=\"fusion-li-item\" style=\"\"><span class=\"icon-wrapper circle-no\"><i class=\"fusion-li-icon fa-envelope far\" aria-hidden=\"true\"><\/i><\/span><div class=\"fusion-li-item-content\"><a href=\"mailto:event@imlauer.com\">event@imlauer.com<\/a><\/div><\/li><li class=\"fusion-li-item\" style=\"\"><span class=\"icon-wrapper circle-no\"><i class=\"fusion-li-icon fa-map-marked-alt fas\" aria-hidden=\"true\"><\/i><\/span><div class=\"fusion-li-item-content\">Rainerstra\u00dfe 6<br \/>\n5020 Salzbourg, Autriche<\/div><\/li><\/ul><div class=\"fusion-separator fusion-full-width-sep\" style=\"align-self: center;margin-left: auto;margin-right: auto;margin-top:50px;width:100%;\"><\/div><\/div><\/div><div class=\"fusion-layout-column fusion_builder_column fusion-builder-column-7 fusion_builder_column_1_2 1_2 fusion-flex-column\" style=\"--awb-bg-size:cover;--awb-width-large:50%;--awb-margin-top-large:0px;--awb-spacing-right-large:3.84%;--awb-margin-bottom-large:20px;--awb-spacing-left-large:3.84%;--awb-width-medium:100%;--awb-order-medium:5;--awb-spacing-right-medium:1.92%;--awb-spacing-left-medium:1.92%;--awb-width-small:100%;--awb-order-small:0;--awb-spacing-right-small:1.92%;--awb-spacing-left-small:1.92%;\"><div class=\"fusion-column-wrapper fusion-column-has-shadow fusion-flex-justify-content-flex-start fusion-content-layout-column\"><\/div><\/div><\/div><\/div><\/p>\n","protected":false},"excerpt":{"rendered":"","protected":false},"author":1,"featured_media":0,"parent":0,"menu_order":0,"comment_status":"closed","ping_status":"closed","template":"","meta":{"footnotes":""},"class_list":["post-40146","page","type-page","status-publish","hentry"],"_links":{"self":[{"href":"https:\/\/imlauer.com\/hotel-pitter-salzburg\/wp-json\/wp\/v2\/pages\/40146","targetHints":{"allow":["GET"]}}],"collection":[{"href":"https:\/\/imlauer.com\/hotel-pitter-salzburg\/wp-json\/wp\/v2\/pages"}],"about":[{"href":"https:\/\/imlauer.com\/hotel-pitter-salzburg\/wp-json\/wp\/v2\/types\/page"}],"author":[{"embeddable":true,"href":"https:\/\/imlauer.com\/hotel-pitter-salzburg\/wp-json\/wp\/v2\/users\/1"}],"replies":[{"embeddable":true,"href":"https:\/\/imlauer.com\/hotel-pitter-salzburg\/wp-json\/wp\/v2\/comments?post=40146"}],"version-history":[{"count":24,"href":"https:\/\/imlauer.com\/hotel-pitter-salzburg\/wp-json\/wp\/v2\/pages\/40146\/revisions"}],"predecessor-version":[{"id":46333,"href":"https:\/\/imlauer.com\/hotel-pitter-salzburg\/wp-json\/wp\/v2\/pages\/40146\/revisions\/46333"}],"wp:attachment":[{"href":"https:\/\/imlauer.com\/hotel-pitter-salzburg\/wp-json\/wp\/v2\/media?parent=40146"}],"curies":[{"name":"wp","href":"https:\/\/api.w.org\/{rel}","templated":true}]}}