{"id":6972,"date":"2019-06-13T08:37:52","date_gmt":"2019-06-13T08:37:52","guid":{"rendered":"https:\/\/imlauer.com\/hotel-am-mirabellplatz\/situation-acces\/"},"modified":"2026-03-30T12:01:58","modified_gmt":"2026-03-30T12:01:58","slug":"situation-acces","status":"publish","type":"page","link":"https:\/\/imlauer.com\/imlauer-palais-mirabell\/situation-acces\/?lang=fr","title":{"rendered":"Situation &amp; acc\u00e8s"},"content":{"rendered":"<p><div class=\"fusion-fullwidth fullwidth-box fusion-builder-row-1 hundred-percent-fullwidth non-hundred-percent-height-scrolling fusion-equal-height-columns fusion-no-small-visibility fusion-no-medium-visibility\" style=\"--awb-background-position:left top;--awb-border-sizes-top:0px;--awb-border-sizes-bottom:0px;--awb-border-sizes-left:0px;--awb-border-sizes-right:0px;--awb-border-radius-top-left:0px;--awb-border-radius-top-right:0px;--awb-border-radius-bottom-right:0px;--awb-border-radius-bottom-left:0px;--awb-padding-top:0px;--awb-padding-right:0px;--awb-padding-bottom:0px;--awb-padding-left:0px;--awb-flex-wrap:wrap;\" ><div class=\"fusion-builder-row fusion-row\"><div class=\"fusion-layout-column fusion_builder_column fusion-builder-column-0 fusion_builder_column_1_3 1_3 fusion-one-third fusion-column-first\" style=\"--awb-padding-top:30px;--awb-padding-right:15%;--awb-padding-bottom:30px;--awb-padding-left:15%;--awb-bg-size:cover;--awb-margin-bottom:0px;\"><div class=\"fusion-column-wrapper fusion-column-has-shadow fusion-flex-column-wrapper-legacy\"><div class=\"fusion-column-content-centered\"><div class=\"fusion-column-content\"><div class=\"fusion-text fusion-text-1\"><p style=\"letter-spacing: 4px; font-size: 13px; text-align: center; margin-bottom: 0px;\">CONTACT<\/p>\n<h1 style=\"text-align: center;\">IMLAUER Palais Mirabell<\/h1>\n<\/div><div class=\"fusion-sep-clear\"><\/div><div class=\"fusion-separator fusion-full-width-sep\" style=\"margin-left: auto;margin-right: auto;margin-top:10px;width:100%;\"><\/div><div class=\"fusion-sep-clear\"><\/div><ul style=\"--awb-size:17px;--awb-iconcolor:#cbaa5c;--awb-line-height:28.9px;--awb-icon-width:28.9px;--awb-icon-height:28.9px;--awb-icon-margin:11.9px;--awb-content-margin:40.8px;\" class=\"fusion-checklist fusion-checklist-1 fusion-checklist-default type-icons address\"><li class=\"fusion-li-item\" style=\"\"><span class=\"icon-wrapper circle-no\"><i class=\"fusion-li-icon fa-phone-alt fas\" aria-hidden=\"true\"><\/i><\/span><div class=\"fusion-li-item-content\">\n<p>T\u00e9l : <a href=\"tel:+43662881688\">+43 662 88 16 88<\/a><\/p>\n<\/div><\/li><li class=\"fusion-li-item\" style=\"\"><span class=\"icon-wrapper circle-no\"><i class=\"fusion-li-icon fa-map-marked-alt fas\" aria-hidden=\"true\"><\/i><\/span><div class=\"fusion-li-item-content\">\n<p>Mirabellplatz 8<br \/>\n5020 Salzbourg, Autriche<\/p>\n<\/div><\/li><li class=\"fusion-li-item\" style=\"\"><span class=\"icon-wrapper circle-no\"><i class=\"fusion-li-icon fa-envelope far\" aria-hidden=\"true\"><\/i><\/span><div class=\"fusion-li-item-content\">\n<p><a href=\"mailto:mirabell@imlauer.com\" target=\"_blank\" rel=\"noopener\">mirabell@imlauer.com<\/a><\/p>\n<\/div><\/li><\/ul><div class=\"fusion-sep-clear\"><\/div><div class=\"fusion-separator fusion-full-width-sep\" style=\"margin-left: auto;margin-right: auto;margin-top:40px;width:100%;\"><\/div><div class=\"fusion-sep-clear\"><\/div><div class=\"fusion-image-element fusion-image-align-center in-legacy-container\" style=\"text-align:center;--awb-max-width:150px;--awb-caption-title-font-family:var(--h2_typography-font-family);--awb-caption-title-font-weight:var(--h2_typography-font-weight);--awb-caption-title-font-style:var(--h2_typography-font-style);--awb-caption-title-size:var(--h2_typography-font-size);--awb-caption-title-transform:var(--h2_typography-text-transform);--awb-caption-title-line-height:var(--h2_typography-line-height);--awb-caption-title-letter-spacing:var(--h2_typography-letter-spacing);\"><div class=\"imageframe-align-center\"><span class=\" fusion-imageframe imageframe-none imageframe-1 hover-type-none\"><img decoding=\"async\" width=\"333\" height=\"140\" title=\"SIXT\" src=\"https:\/\/imlauer.com\/imlauer-palais-mirabell\/wp-content\/uploads\/2025\/02\/SIXT.png\" data-orig-src=\"https:\/\/imlauer.com\/imlauer-palais-mirabell\/wp-content\/uploads\/2025\/02\/SIXT.png\" alt class=\"lazyload img-responsive wp-image-168\" srcset=\"data:image\/svg+xml,%3Csvg%20xmlns%3D%27http%3A%2F%2Fwww.w3.org%2F2000%2Fsvg%27%20width%3D%27333%27%20height%3D%27140%27%20viewBox%3D%270%200%20333%20140%27%3E%3Crect%20width%3D%27333%27%20height%3D%27140%27%20fill-opacity%3D%220%22%2F%3E%3C%2Fsvg%3E\" data-srcset=\"https:\/\/imlauer.com\/imlauer-palais-mirabell\/wp-content\/uploads\/2025\/02\/SIXT-200x84.png 200w, https:\/\/imlauer.com\/imlauer-palais-mirabell\/wp-content\/uploads\/2025\/02\/SIXT.png 333w\" data-sizes=\"auto\" data-orig-sizes=\"(max-width: 969px) 100vw, 333px\" \/><\/span><\/div><\/div><div class=\"fusion-sep-clear\"><\/div><div class=\"fusion-separator fusion-full-width-sep\" style=\"margin-left: auto;margin-right: auto;margin-top:20px;width:100%;\"><\/div><div class=\"fusion-sep-clear\"><\/div><div class=\"fusion-text fusion-text-2\"><p style=\"text-align: center;\">En tant qu&#8217;h\u00f4te du IMLAUER Palais Mirabell, vous b\u00e9n\u00e9ficiez d&#8217;une r\u00e9duction de 15% sur votre location de voiture SIXT aupr\u00e8s de notre partenaire SIXT.<\/p>\n<\/div><div class=\"fusion-sep-clear\"><\/div><div class=\"fusion-separator fusion-full-width-sep\" style=\"margin-left: auto;margin-right: auto;margin-top:20px;width:100%;\"><\/div><div class=\"fusion-sep-clear\"><\/div><div class=\"fusion-aligncenter\"><a class=\"fusion-button button-flat fusion-button-default-size button-default fusion-button-default button-1 fusion-button-default-span fusion-button-default-type\" target=\"_blank\" rel=\"noopener noreferrer\" href=\"https:\/\/www.sixt.at\/partners\/imlauer-hotels\/\"><span class=\"fusion-button-text awb-button__text awb-button__text--default\">Vers la page des partenaires de SIXT<\/span><\/a><\/div><\/div><\/div><div class=\"fusion-clearfix\"><\/div><\/div><\/div><div class=\"fusion-layout-column fusion_builder_column fusion-builder-column-1 fusion_builder_column_2_3 2_3 fusion-two-third fusion-column-last\" style=\"--awb-padding-top:90px;--awb-padding-right:15%;--awb-padding-bottom:90px;--awb-padding-left:15%;--awb-bg-color:#f5f5f5;--awb-bg-color-hover:#f5f5f5;--awb-bg-size:cover;--awb-margin-bottom:0px;\"><div class=\"fusion-column-wrapper fusion-flex-column-wrapper-legacy\"><div class=\"fusion-column-content-centered\"><div class=\"fusion-column-content\"><div class=\"fusion-text fusion-text-3\"><h2>Plan d&#8217;acc\u00e8s d\u00e9taill\u00e9<\/h2>\n<\/div><ul style=\"--awb-iconcolor:#cbaa5c;--awb-line-height:30.6px;--awb-icon-width:30.6px;--awb-icon-height:30.6px;--awb-icon-margin:12.6px;--awb-content-margin:43.2px;\" class=\"fusion-checklist fusion-checklist-2 fusion-checklist-default type-icons anreise\"><li class=\"fusion-li-item\" style=\"\"><span class=\"icon-wrapper circle-no\"><i class=\"fusion-li-icon fa-car-side fas\" aria-hidden=\"true\"><\/i><\/span><div class=\"fusion-li-item-content\">\n<p><strong>Avec votre propre voiture \/ parking :<\/strong><\/p>\n<p>Nous vous recommandons de vous arr\u00eater en voiture <strong>dans notre zone de chargement (1, rue Paris-Lodron)<\/strong> pour d\u00e9charger et enregistrer vos bagages. Notre personnel se fera un plaisir de vous indiquer ensuite comment acc\u00e9der au parking. <\/p>\n<p><strong>Avec un ticket de r\u00e9duction que vous pouvez obtenir \u00e0 la r\u00e9ception de notre h\u00f4tel,<\/strong> le prix du parking est de 26,00 \u20ac par 24 heures (au lieu de 40,00 \u20ac). Le parking public &#8222;Contipark Mirabell-Congress-Garage&#8220; se trouve \u00e0 quelques m\u00e8tres seulement de notre h\u00f4tel. Il dispose de 496 places de parking souterrain. Il n&#8217;est pas possible de r\u00e9server une place de parking.  <\/p>\n<p>Adresse du garage public :<br \/>\nSchrannengasse 2-4<br \/>\n5020 Salzbourg<\/p>\n<p>Nous mettons \u00e0 votre disposition une borne de recharge \u00e9lectrique qui vous permet de charger pour 0,45 \u20ac\/kWh<strong>. <\/strong>Le prix du stationnement est de 25,00 \u20ac pour 24 heures. Il n&#8217;est pas possible de r\u00e9server la borne de recharge.<\/p>\n<\/div><\/li><li class=\"fusion-li-item\" style=\"\"><span class=\"icon-wrapper circle-no\"><i class=\"fusion-li-icon fa-walking fas\" aria-hidden=\"true\"><\/i><\/span><div class=\"fusion-li-item-content\">\n<p><strong>A pied :<\/strong><\/p>\n<p>Depuis la gare : L&#8217;IMLAUER Palais Mirabell (anciennement Hotel am Mirabellplatz) se trouve \u00e0 15 minutes \u00e0 pied. Pour cela, suivez la Rainerstra\u00dfe en direction du centre\/vieille ville. Apr\u00e8s 1 km, vous arriverez \u00e0 notre h\u00f4tel au 8 Mirabellplatz.<\/p>\n<\/div><\/li><li class=\"fusion-li-item\" style=\"\"><span class=\"icon-wrapper circle-no\"><i class=\"fusion-li-icon fa-bus-alt fas\" aria-hidden=\"true\"><\/i><\/span><div class=\"fusion-li-item-content\">\n<p><strong>Par les transports en commun :<\/strong><\/p>\n<p>L&#8217;arr\u00eat le plus proche est &#8222;Mirabellplatz&#8220;. Les lignes # 1, 2, 3, 5, 6, 22 et 25 s&#8217;y arr\u00eatent. <\/p>\n<p>Depuis la gare : arr\u00eat &#8222;Mirabellplatz&#8220;. Les lignes # 1, 2, 3, 5, 6, 22 et 25 s&#8217;y arr\u00eatent. Dur\u00e9e entre 4 et 5 minutes). <\/p>\n<p>Depuis l&#8217;a\u00e9roport : Prenez la ligne # 2 en direction de &#8222;Salzburg Obergnigl&#8220;. Votre arr\u00eat s&#8217;appelle &#8222;Mirabellplatz&#8220;, dur\u00e9e environ 28 min, 16 arr\u00eats. La ligne # 2 s&#8217;arr\u00eate juste devant notre h\u00f4tel.<\/p>\n<\/div><\/li><li class=\"fusion-li-item\" style=\"\"><span class=\"icon-wrapper circle-no\"><i class=\"fusion-li-icon fa-taxi fas\" aria-hidden=\"true\"><\/i><\/span><div class=\"fusion-li-item-content\">\n<p><strong>En taxi :<\/strong><\/p>\n<p>Depuis la gare : Notre h\u00f4tel se trouve \u00e0 environ 1,1 km de la gare centrale de Salzbourg, soit 15 minutes \u00e0 pied. Si vous souhaitez prendre un taxi pour ce trajet, vous trouverez des taxis juste devant la gare. La dur\u00e9e du trajet est d&#8217;environ 7 minutes et le co\u00fbt varie entre 8 et 10 euros en fonction du trafic et de l&#8217;heure.   <\/p>\n<p>Depuis l&#8217;a\u00e9roport : Des taxis sont disponibles juste devant le b\u00e2timent.<br \/>\nDur\u00e9e environ 16 min. Co\u00fbt environ entre \u20ac 15,- &amp; \u20ac 20,- selon le trafic et l&#8217;heure de la journ\u00e9e.<\/p>\n<\/div><\/li><\/ul><div class=\"fusion-sep-clear\"><\/div><div class=\"fusion-separator fusion-full-width-sep\" style=\"margin-left: auto;margin-right: auto;margin-top:30px;width:100%;\"><\/div><div class=\"fusion-sep-clear\"><\/div><\/div><\/div><div class=\"fusion-clearfix\"><\/div><\/div><\/div><\/div><\/div><div class=\"fusion-fullwidth fullwidth-box fusion-builder-row-2 hundred-percent-fullwidth non-hundred-percent-height-scrolling fusion-no-large-visibility\" style=\"--awb-background-position:left top;--awb-border-sizes-top:0px;--awb-border-sizes-bottom:0px;--awb-border-sizes-left:0px;--awb-border-sizes-right:0px;--awb-border-radius-top-left:0px;--awb-border-radius-top-right:0px;--awb-border-radius-bottom-right:0px;--awb-border-radius-bottom-left:0px;--awb-padding-top:0px;--awb-padding-right:0px;--awb-padding-bottom:0px;--awb-padding-left:0px;--awb-flex-wrap:wrap;\" ><div class=\"fusion-builder-row fusion-row\"><div class=\"fusion-layout-column fusion_builder_column fusion-builder-column-2 fusion_builder_column_1_3 1_3 fusion-one-third fusion-column-first\" style=\"--awb-padding-top:30px;--awb-padding-right:15%;--awb-padding-bottom:30px;--awb-padding-left:15%;--awb-bg-size:cover;--awb-margin-bottom:0px;\"><div class=\"fusion-column-wrapper fusion-column-has-shadow fusion-flex-column-wrapper-legacy\"><div class=\"fusion-column-content-centered\"><div class=\"fusion-column-content\"><div class=\"fusion-text fusion-text-4\"><p style=\"letter-spacing: 4px; font-size: 13px; text-align: center; margin-bottom: 0px;\">CONTACT<\/p>\n<h2 style=\"text-align: center; font-size: 20px;\">IMLAUER Palais Mirabell<\/h2>\n<\/div><div class=\"fusion-sep-clear\"><\/div><div class=\"fusion-separator fusion-full-width-sep\" style=\"margin-left: auto;margin-right: auto;margin-top:10px;width:100%;\"><\/div><div class=\"fusion-sep-clear\"><\/div><ul style=\"--awb-size:17px;--awb-iconcolor:#cbaa5c;--awb-line-height:28.9px;--awb-icon-width:28.9px;--awb-icon-height:28.9px;--awb-icon-margin:11.9px;--awb-content-margin:40.8px;\" class=\"fusion-checklist fusion-checklist-3 fusion-checklist-default type-icons address\"><li class=\"fusion-li-item\" style=\"\"><span class=\"icon-wrapper circle-no\"><i class=\"fusion-li-icon fa-phone-alt fas\" aria-hidden=\"true\"><\/i><\/span><div class=\"fusion-li-item-content\">\n<p>T\u00e9l : <a href=\"tel:+43662881688\">+43 662 88 16 88<\/a><\/p>\n<\/div><\/li><li class=\"fusion-li-item\" style=\"\"><span class=\"icon-wrapper circle-no\"><i class=\"fusion-li-icon fa-map-marked-alt fas\" aria-hidden=\"true\"><\/i><\/span><div class=\"fusion-li-item-content\">\n<p>Mirabellplatz 8<br \/>\n5020 Salzbourg, Autriche<\/p>\n<\/div><\/li><li class=\"fusion-li-item\" style=\"\"><span class=\"icon-wrapper circle-no\"><i class=\"fusion-li-icon fa-envelope far\" aria-hidden=\"true\"><\/i><\/span><div class=\"fusion-li-item-content\">\n<p><a href=\"mailto:mirabell@imlauer.com\">mirabell@imlauer.com<\/a><\/p>\n<\/div><\/li><\/ul><\/div><\/div><div class=\"fusion-clearfix\"><\/div><\/div><\/div><div class=\"fusion-layout-column fusion_builder_column fusion-builder-column-3 fusion_builder_column_2_3 2_3 fusion-two-third fusion-column-last\" style=\"--awb-padding-top:90px;--awb-padding-right:15%;--awb-padding-bottom:90px;--awb-padding-left:15%;--awb-bg-color:#f5f5f5;--awb-bg-color-hover:#f5f5f5;--awb-bg-size:cover;--awb-margin-bottom:0px;\"><div class=\"fusion-column-wrapper fusion-flex-column-wrapper-legacy\"><div class=\"fusion-column-content-centered\"><div class=\"fusion-column-content\"><div class=\"fusion-text fusion-text-5\"><h2>Plan d&#8217;acc\u00e8s d\u00e9taill\u00e9<\/h2>\n<\/div><ul style=\"--awb-iconcolor:#cbaa5c;--awb-line-height:30.6px;--awb-icon-width:30.6px;--awb-icon-height:30.6px;--awb-icon-margin:12.6px;--awb-content-margin:43.2px;\" class=\"fusion-checklist fusion-checklist-4 fusion-checklist-default type-icons anreise\"><li class=\"fusion-li-item\" style=\"\"><span class=\"icon-wrapper circle-no\"><i class=\"fusion-li-icon fa-car-side fas\" aria-hidden=\"true\"><\/i><\/span><div class=\"fusion-li-item-content\">\n<p><strong>Avec votre propre voiture \/ parking :<\/strong><\/p>\n<p>Nous vous recommandons de vous arr\u00eater en voiture <strong>dans notre zone de chargement (1, rue Paris-Lodron)<\/strong> pour d\u00e9charger et enregistrer vos bagages. Notre personnel se fera un plaisir de vous indiquer ensuite comment acc\u00e9der au parking. <\/p>\n<p><strong>Avec un ticket de r\u00e9duction que vous pouvez obtenir \u00e0 la r\u00e9ception de notre h\u00f4tel,<\/strong> le prix du parking est de 26,00 \u20ac par 24 heures (au lieu de 40,00 \u20ac). Le parking public &#8222;Contipark Mirabell-Congress-Garage&#8220; se trouve \u00e0 quelques m\u00e8tres seulement de notre h\u00f4tel. Il dispose de 496 places de parking souterrain. Il n&#8217;est pas possible de r\u00e9server une place de parking.  <\/p>\n<p>Adresse du garage public :<br \/>\nSchrannengasse 2-4<br \/>\n5020 Salzbourg<\/p>\n<p>Nous mettons \u00e0 votre disposition une borne de recharge \u00e9lectrique qui vous permet de charger pour 0,45 \u20ac\/kWh<strong>. <\/strong>Le prix du stationnement est de 25,00 \u20ac pour 24 heures. Il n&#8217;est pas possible de r\u00e9server la borne de recharge.<\/p>\n<\/div><\/li><li class=\"fusion-li-item\" style=\"\"><span class=\"icon-wrapper circle-no\"><i class=\"fusion-li-icon fa-walking fas\" aria-hidden=\"true\"><\/i><\/span><div class=\"fusion-li-item-content\">\n<p><strong>A pied :<\/strong><\/p>\n<p>Depuis la gare : L&#8217;IMLAUER Palais Mirabell (anciennement Hotel am Mirabellplatz) se trouve \u00e0 15 minutes \u00e0 pied. Pour cela, suivez la Rainerstra\u00dfe en direction du centre\/vieille ville. Apr\u00e8s 1 km, vous arriverez \u00e0 notre h\u00f4tel au 8 Mirabellplatz.<\/p>\n<\/div><\/li><li class=\"fusion-li-item\" style=\"\"><span class=\"icon-wrapper circle-no\"><i class=\"fusion-li-icon fa-bus-alt fas\" aria-hidden=\"true\"><\/i><\/span><div class=\"fusion-li-item-content\">\n<p><strong>Par les transports en commun :<\/strong><\/p>\n<p>L&#8217;arr\u00eat le plus proche est &#8222;Mirabellplatz&#8220;. Les lignes # 1, 2, 3, 5, 6, 22 et 25 s&#8217;y arr\u00eatent. <\/p>\n<p>Depuis la gare : arr\u00eat &#8222;Mirabellplatz&#8220;. Les lignes # 1, 2, 3, 5, 6, 22 et 25 s&#8217;y arr\u00eatent. Dur\u00e9e entre 4 et 5 minutes). <\/p>\n<p>Depuis l&#8217;a\u00e9roport : Prenez la ligne # 2 en direction de &#8222;Salzburg Obergnigl&#8220;. Votre arr\u00eat s&#8217;appelle &#8222;Mirabellplatz&#8220;, dur\u00e9e environ 28 min, 16 arr\u00eats. La ligne # 2 s&#8217;arr\u00eate juste devant notre h\u00f4tel.<\/p>\n<\/div><\/li><li class=\"fusion-li-item\" style=\"\"><span class=\"icon-wrapper circle-no\"><i class=\"fusion-li-icon fa-taxi fas\" aria-hidden=\"true\"><\/i><\/span><div class=\"fusion-li-item-content\">\n<p><strong>En taxi :<\/strong><\/p>\n<p>Depuis la gare : Notre h\u00f4tel se trouve \u00e0 environ 1,1 km de la gare centrale de Salzbourg, soit 15 minutes \u00e0 pied. Si vous souhaitez prendre un taxi pour ce trajet, vous trouverez des taxis juste devant la gare. La dur\u00e9e du trajet est d&#8217;environ 7 minutes et le co\u00fbt varie entre 8 et 10 euros en fonction du trafic et de l&#8217;heure.   <\/p>\n<p>Depuis l&#8217;a\u00e9roport : Des taxis sont disponibles juste devant le b\u00e2timent.<br \/>\nDur\u00e9e environ 16 min. Co\u00fbt environ entre \u20ac 15,- &amp; \u20ac 20,- selon le trafic et l&#8217;heure de la journ\u00e9e.<\/p>\n<\/div><\/li><\/ul><div class=\"fusion-sep-clear\"><\/div><div class=\"fusion-separator fusion-full-width-sep\" style=\"margin-left: auto;margin-right: auto;margin-top:30px;width:100%;\"><\/div><div class=\"fusion-sep-clear\"><\/div><\/div><\/div><div class=\"fusion-clearfix\"><\/div><\/div><\/div><\/div><\/div><div class=\"fusion-fullwidth fullwidth-box fusion-builder-row-3 hundred-percent-fullwidth non-hundred-percent-height-scrolling fusion-equal-height-columns\" style=\"--awb-background-position:left top;--awb-border-sizes-top:0px;--awb-border-sizes-bottom:0px;--awb-border-sizes-left:0px;--awb-border-sizes-right:0px;--awb-border-radius-top-left:0px;--awb-border-radius-top-right:0px;--awb-border-radius-bottom-right:0px;--awb-border-radius-bottom-left:0px;--awb-padding-top:0px;--awb-padding-right:0px;--awb-padding-bottom:0px;--awb-padding-left:0px;--awb-flex-wrap:wrap;\" ><div class=\"fusion-builder-row fusion-row\"><div class=\"fusion-layout-column fusion_builder_column fusion-builder-column-4 fusion_builder_column_1_1 1_1 fusion-one-full fusion-column-first fusion-column-last fusion-column-no-min-height\" style=\"--awb-bg-blend:overlay;--awb-bg-size:cover;--awb-margin-bottom:0px;\"><div class=\"fusion-column-wrapper fusion-flex-column-wrapper-legacy\"><div id=\"hotelammirabellplatz_map\" style=\"width:100%; height:500px;\"><\/div><div class=\"fusion-clearfix\"><\/div><\/div><\/div><\/div><\/div><\/p>\n","protected":false},"excerpt":{"rendered":"","protected":false},"author":1,"featured_media":0,"parent":0,"menu_order":0,"comment_status":"closed","ping_status":"closed","template":"100-width.php","meta":{"footnotes":""},"class_list":["post-6972","page","type-page","status-publish","hentry"],"_links":{"self":[{"href":"https:\/\/imlauer.com\/imlauer-palais-mirabell\/wp-json\/wp\/v2\/pages\/6972","targetHints":{"allow":["GET"]}}],"collection":[{"href":"https:\/\/imlauer.com\/imlauer-palais-mirabell\/wp-json\/wp\/v2\/pages"}],"about":[{"href":"https:\/\/imlauer.com\/imlauer-palais-mirabell\/wp-json\/wp\/v2\/types\/page"}],"author":[{"embeddable":true,"href":"https:\/\/imlauer.com\/imlauer-palais-mirabell\/wp-json\/wp\/v2\/users\/1"}],"replies":[{"embeddable":true,"href":"https:\/\/imlauer.com\/imlauer-palais-mirabell\/wp-json\/wp\/v2\/comments?post=6972"}],"version-history":[{"count":51,"href":"https:\/\/imlauer.com\/imlauer-palais-mirabell\/wp-json\/wp\/v2\/pages\/6972\/revisions"}],"predecessor-version":[{"id":47405,"href":"https:\/\/imlauer.com\/imlauer-palais-mirabell\/wp-json\/wp\/v2\/pages\/6972\/revisions\/47405"}],"wp:attachment":[{"href":"https:\/\/imlauer.com\/imlauer-palais-mirabell\/wp-json\/wp\/v2\/media?parent=6972"}],"curies":[{"name":"wp","href":"https:\/\/api.w.org\/{rel}","templated":true}]}}