{"id":7236,"date":"2019-06-13T08:37:52","date_gmt":"2019-06-13T08:37:52","guid":{"rendered":"https:\/\/imlauer.com\/hotel-am-mirabellplatz\/localizacion-y-llegada\/"},"modified":"2026-03-30T12:01:58","modified_gmt":"2026-03-30T12:01:58","slug":"localizacion-y-llegada","status":"publish","type":"page","link":"https:\/\/imlauer.com\/imlauer-palais-mirabell\/localizacion-y-llegada\/?lang=es","title":{"rendered":"Localizaci\u00f3n y llegada"},"content":{"rendered":"<p><div class=\"fusion-fullwidth fullwidth-box fusion-builder-row-1 hundred-percent-fullwidth non-hundred-percent-height-scrolling fusion-equal-height-columns fusion-no-small-visibility fusion-no-medium-visibility\" style=\"--awb-background-position:left top;--awb-border-sizes-top:0px;--awb-border-sizes-bottom:0px;--awb-border-sizes-left:0px;--awb-border-sizes-right:0px;--awb-border-radius-top-left:0px;--awb-border-radius-top-right:0px;--awb-border-radius-bottom-right:0px;--awb-border-radius-bottom-left:0px;--awb-padding-top:0px;--awb-padding-right:0px;--awb-padding-bottom:0px;--awb-padding-left:0px;--awb-flex-wrap:wrap;\" ><div class=\"fusion-builder-row fusion-row\"><div class=\"fusion-layout-column fusion_builder_column fusion-builder-column-0 fusion_builder_column_1_3 1_3 fusion-one-third fusion-column-first\" style=\"--awb-padding-top:30px;--awb-padding-right:15%;--awb-padding-bottom:30px;--awb-padding-left:15%;--awb-bg-size:cover;--awb-margin-bottom:0px;\"><div class=\"fusion-column-wrapper fusion-column-has-shadow fusion-flex-column-wrapper-legacy\"><div class=\"fusion-column-content-centered\"><div class=\"fusion-column-content\"><div class=\"fusion-text fusion-text-1\"><p style=\"letter-spacing: 4px; font-size: 13px; text-align: center; margin-bottom: 0px;\">CONTACTO<\/p>\n<h1 style=\"text-align: center;\">IMLAUER Palacio Mirabell<\/h1>\n<\/div><div class=\"fusion-sep-clear\"><\/div><div class=\"fusion-separator fusion-full-width-sep\" style=\"margin-left: auto;margin-right: auto;margin-top:10px;width:100%;\"><\/div><div class=\"fusion-sep-clear\"><\/div><ul style=\"--awb-size:17px;--awb-iconcolor:#cbaa5c;--awb-line-height:28.9px;--awb-icon-width:28.9px;--awb-icon-height:28.9px;--awb-icon-margin:11.9px;--awb-content-margin:40.8px;\" class=\"fusion-checklist fusion-checklist-1 fusion-checklist-default type-icons address\"><li class=\"fusion-li-item\" style=\"\"><span class=\"icon-wrapper circle-no\"><i class=\"fusion-li-icon fa-phone-alt fas\" aria-hidden=\"true\"><\/i><\/span><div class=\"fusion-li-item-content\">\n<p>Tel: <a href=\"tel:+43662881688\">+43 662 88 16 88<\/a><\/p>\n<\/div><\/li><li class=\"fusion-li-item\" style=\"\"><span class=\"icon-wrapper circle-no\"><i class=\"fusion-li-icon fa-map-marked-alt fas\" aria-hidden=\"true\"><\/i><\/span><div class=\"fusion-li-item-content\">\n<p>Mirabellplatz 8<br \/>\n5020 Salzburgo, Austria<\/p>\n<\/div><\/li><li class=\"fusion-li-item\" style=\"\"><span class=\"icon-wrapper circle-no\"><i class=\"fusion-li-icon fa-envelope far\" aria-hidden=\"true\"><\/i><\/span><div class=\"fusion-li-item-content\">\n<p><a href=\"mailto:mirabell@imlauer.com\" target=\"_blank\" rel=\"noopener\">mirabell@imlauer.com<\/a><\/p>\n<\/div><\/li><\/ul><div class=\"fusion-sep-clear\"><\/div><div class=\"fusion-separator fusion-full-width-sep\" style=\"margin-left: auto;margin-right: auto;margin-top:40px;width:100%;\"><\/div><div class=\"fusion-sep-clear\"><\/div><div class=\"fusion-image-element fusion-image-align-center in-legacy-container\" style=\"text-align:center;--awb-max-width:150px;--awb-caption-title-font-family:var(--h2_typography-font-family);--awb-caption-title-font-weight:var(--h2_typography-font-weight);--awb-caption-title-font-style:var(--h2_typography-font-style);--awb-caption-title-size:var(--h2_typography-font-size);--awb-caption-title-transform:var(--h2_typography-text-transform);--awb-caption-title-line-height:var(--h2_typography-line-height);--awb-caption-title-letter-spacing:var(--h2_typography-letter-spacing);\"><div class=\"imageframe-align-center\"><span class=\" fusion-imageframe imageframe-none imageframe-1 hover-type-none\"><img decoding=\"async\" width=\"333\" height=\"140\" title=\"SIXT\" src=\"https:\/\/imlauer.com\/imlauer-palais-mirabell\/wp-content\/uploads\/2025\/02\/SIXT.png\" data-orig-src=\"https:\/\/imlauer.com\/imlauer-palais-mirabell\/wp-content\/uploads\/2025\/02\/SIXT.png\" alt class=\"lazyload img-responsive wp-image-168\" srcset=\"data:image\/svg+xml,%3Csvg%20xmlns%3D%27http%3A%2F%2Fwww.w3.org%2F2000%2Fsvg%27%20width%3D%27333%27%20height%3D%27140%27%20viewBox%3D%270%200%20333%20140%27%3E%3Crect%20width%3D%27333%27%20height%3D%27140%27%20fill-opacity%3D%220%22%2F%3E%3C%2Fsvg%3E\" data-srcset=\"https:\/\/imlauer.com\/imlauer-palais-mirabell\/wp-content\/uploads\/2025\/02\/SIXT-200x84.png 200w, https:\/\/imlauer.com\/imlauer-palais-mirabell\/wp-content\/uploads\/2025\/02\/SIXT.png 333w\" data-sizes=\"auto\" data-orig-sizes=\"(max-width: 969px) 100vw, 333px\" \/><\/span><\/div><\/div><div class=\"fusion-sep-clear\"><\/div><div class=\"fusion-separator fusion-full-width-sep\" style=\"margin-left: auto;margin-right: auto;margin-top:20px;width:100%;\"><\/div><div class=\"fusion-sep-clear\"><\/div><div class=\"fusion-text fusion-text-2\"><p style=\"text-align: center;\">Como hu\u00e9sped del IMLAUER Palais Mirabell, recibir\u00e1s un 15% de descuento en tu coche de alquiler de nuestro socio SIXT.<\/p>\n<\/div><div class=\"fusion-sep-clear\"><\/div><div class=\"fusion-separator fusion-full-width-sep\" style=\"margin-left: auto;margin-right: auto;margin-top:20px;width:100%;\"><\/div><div class=\"fusion-sep-clear\"><\/div><div class=\"fusion-aligncenter\"><a class=\"fusion-button button-flat fusion-button-default-size button-default fusion-button-default button-1 fusion-button-default-span fusion-button-default-type\" target=\"_blank\" rel=\"noopener noreferrer\" href=\"https:\/\/www.sixt.at\/partners\/imlauer-hotels\/\"><span class=\"fusion-button-text awb-button__text awb-button__text--default\">Ir a la p\u00e1gina de socios de SIXT<\/span><\/a><\/div><\/div><\/div><div class=\"fusion-clearfix\"><\/div><\/div><\/div><div class=\"fusion-layout-column fusion_builder_column fusion-builder-column-1 fusion_builder_column_2_3 2_3 fusion-two-third fusion-column-last\" style=\"--awb-padding-top:90px;--awb-padding-right:15%;--awb-padding-bottom:90px;--awb-padding-left:15%;--awb-bg-color:#f5f5f5;--awb-bg-color-hover:#f5f5f5;--awb-bg-size:cover;--awb-margin-bottom:0px;\"><div class=\"fusion-column-wrapper fusion-flex-column-wrapper-legacy\"><div class=\"fusion-column-content-centered\"><div class=\"fusion-column-content\"><div class=\"fusion-text fusion-text-3\"><h2>Indicaciones detalladas<\/h2>\n<\/div><ul style=\"--awb-iconcolor:#cbaa5c;--awb-line-height:30.6px;--awb-icon-width:30.6px;--awb-icon-height:30.6px;--awb-icon-margin:12.6px;--awb-content-margin:43.2px;\" class=\"fusion-checklist fusion-checklist-2 fusion-checklist-default type-icons anreise\"><li class=\"fusion-li-item\" style=\"\"><span class=\"icon-wrapper circle-no\"><i class=\"fusion-li-icon fa-car-side fas\" aria-hidden=\"true\"><\/i><\/span><div class=\"fusion-li-item-content\">\n<p><strong>Con tu propio coche \/ aparcamiento:<\/strong><\/p>\n<p>Te recomendamos que pares tu coche <strong>en nuestra zona de carga (Paris-Lodron-Str. 1)<\/strong> para descargar y facturar tu equipaje. Nuestro personal estar\u00e1 encantado de indicarte c\u00f3mo llegar al aparcamiento. <\/p>\n<p><strong>Con un ticket de descuento, que puedes obtener en la recepci\u00f3n de nuestro hotel,<\/strong> la tarifa de aparcamiento es de 26,00 \u20ac por 24 horas (en lugar de 40,00 \u20ac). El aparcamiento p\u00fablico &#8222;Contipark Mirabell-Congress-Garage&#8220; est\u00e1 a s\u00f3lo unos metros de nuestro hotel. Hay 496 plazas de aparcamiento subterr\u00e1neo disponibles, no es posible reservar una plaza de aparcamiento.  <\/p>\n<p>Direcci\u00f3n del garaje p\u00fablico:<br \/>\nSchrannengasse 2-4<br \/>\n5020 Salzburgo<\/p>\n<p>Te ofrecemos 1 estaci\u00f3n de recarga electr\u00f3nica en la que puedes cargar por 0,45 \u20ac\/kWh<strong>. <\/strong>La tarifa de aparcamiento es de 25,00 \u20ac por 24 horas. No es posible reservar la estaci\u00f3n de carga.<\/p>\n<\/div><\/li><li class=\"fusion-li-item\" style=\"\"><span class=\"icon-wrapper circle-no\"><i class=\"fusion-li-icon fa-walking fas\" aria-hidden=\"true\"><\/i><\/span><div class=\"fusion-li-item-content\">\n<p><strong>A pie:<\/strong><\/p>\n<p>Desde la estaci\u00f3n de ferrocarril: El IMLAUER Palais Mirabell (antiguo Hotel am Mirabellplatz) est\u00e1 a 15 minutos a pie. Sigue la Rainerstra\u00dfe en direcci\u00f3n al centro\/ciudad vieja. Despu\u00e9s de 1 km llegar\u00e1s a nuestro hotel en Mirabellplatz 8.<\/p>\n<\/div><\/li><li class=\"fusion-li-item\" style=\"\"><span class=\"icon-wrapper circle-no\"><i class=\"fusion-li-icon fa-bus-alt fas\" aria-hidden=\"true\"><\/i><\/span><div class=\"fusion-li-item-content\">\n<p><strong>En transporte p\u00fablico:<\/strong><\/p>\n<p>La parada m\u00e1s cercana se llama &#8222;Mirabellplatz&#8220;. Las l\u00edneas n\u00ba 1, n\u00ba 2, n\u00ba 3, n\u00ba 5, n\u00ba 6, n\u00ba 22 y n\u00ba 25 paran all\u00ed <\/p>\n<p>Desde la estaci\u00f3n de tren: parada &#8222;Mirabellplatz&#8220;. Las l\u00edneas n\u00ba 1, n\u00ba 2, n\u00ba 3, n\u00ba 5, n\u00ba 6, n\u00ba 22 y n\u00ba 25 paran all\u00ed (se tarda entre 4 y 5 minutos). <\/p>\n<p>Desde el aeropuerto: Toma la l\u00ednea 2 en direcci\u00f3n &#8222;Salzburgo Obergnigl&#8220;. Tu parada se llama &#8222;Mirabellplatz&#8220;, duraci\u00f3n aprox. 28 min, 16 paradas. La l\u00ednea n\u00ba 2 para justo delante de nuestro hotel.<\/p>\n<\/div><\/li><li class=\"fusion-li-item\" style=\"\"><span class=\"icon-wrapper circle-no\"><i class=\"fusion-li-icon fa-taxi fas\" aria-hidden=\"true\"><\/i><\/span><div class=\"fusion-li-item-content\">\n<p><strong>En taxi:<\/strong><\/p>\n<p>Desde la estaci\u00f3n de ferrocarril: Nuestro hotel est\u00e1 a unos 1,1 km o a 15 minutos a pie de la estaci\u00f3n principal de ferrocarril de Salzburgo. Si necesitas un taxi para este trayecto, encontrar\u00e1s taxis directamente delante del edificio de la estaci\u00f3n. Duran unos 7 minutos y cuestan entre 8 y 10 euros, seg\u00fan el tr\u00e1fico y la hora del d\u00eda.   <\/p>\n<p>Desde el aeropuerto: Hay taxis disponibles directamente delante del edificio.<br \/>\nDuraci\u00f3n aprox. 16 min. Coste aprox. entre 15 y 20 \u20ac, seg\u00fan el tr\u00e1fico y la hora del d\u00eda.<\/p>\n<\/div><\/li><\/ul><div class=\"fusion-sep-clear\"><\/div><div class=\"fusion-separator fusion-full-width-sep\" style=\"margin-left: auto;margin-right: auto;margin-top:30px;width:100%;\"><\/div><div class=\"fusion-sep-clear\"><\/div><\/div><\/div><div class=\"fusion-clearfix\"><\/div><\/div><\/div><\/div><\/div><div class=\"fusion-fullwidth fullwidth-box fusion-builder-row-2 hundred-percent-fullwidth non-hundred-percent-height-scrolling fusion-no-large-visibility\" style=\"--awb-background-position:left top;--awb-border-sizes-top:0px;--awb-border-sizes-bottom:0px;--awb-border-sizes-left:0px;--awb-border-sizes-right:0px;--awb-border-radius-top-left:0px;--awb-border-radius-top-right:0px;--awb-border-radius-bottom-right:0px;--awb-border-radius-bottom-left:0px;--awb-padding-top:0px;--awb-padding-right:0px;--awb-padding-bottom:0px;--awb-padding-left:0px;--awb-flex-wrap:wrap;\" ><div class=\"fusion-builder-row fusion-row\"><div class=\"fusion-layout-column fusion_builder_column fusion-builder-column-2 fusion_builder_column_1_3 1_3 fusion-one-third fusion-column-first\" style=\"--awb-padding-top:30px;--awb-padding-right:15%;--awb-padding-bottom:30px;--awb-padding-left:15%;--awb-bg-size:cover;--awb-margin-bottom:0px;\"><div class=\"fusion-column-wrapper fusion-column-has-shadow fusion-flex-column-wrapper-legacy\"><div class=\"fusion-column-content-centered\"><div class=\"fusion-column-content\"><div class=\"fusion-text fusion-text-4\"><p style=\"letter-spacing: 4px; font-size: 13px; text-align: center; margin-bottom: 0px;\">CONTACTO<\/p>\n<h2 style=\"text-align: center; font-size: 20px;\">IMLAUER Palacio Mirabell<\/h2>\n<\/div><div class=\"fusion-sep-clear\"><\/div><div class=\"fusion-separator fusion-full-width-sep\" style=\"margin-left: auto;margin-right: auto;margin-top:10px;width:100%;\"><\/div><div class=\"fusion-sep-clear\"><\/div><ul style=\"--awb-size:17px;--awb-iconcolor:#cbaa5c;--awb-line-height:28.9px;--awb-icon-width:28.9px;--awb-icon-height:28.9px;--awb-icon-margin:11.9px;--awb-content-margin:40.8px;\" class=\"fusion-checklist fusion-checklist-3 fusion-checklist-default type-icons address\"><li class=\"fusion-li-item\" style=\"\"><span class=\"icon-wrapper circle-no\"><i class=\"fusion-li-icon fa-phone-alt fas\" aria-hidden=\"true\"><\/i><\/span><div class=\"fusion-li-item-content\">\n<p>Tel: <a href=\"tel:+43662881688\">+43 662 88 16 88<\/a><\/p>\n<\/div><\/li><li class=\"fusion-li-item\" style=\"\"><span class=\"icon-wrapper circle-no\"><i class=\"fusion-li-icon fa-map-marked-alt fas\" aria-hidden=\"true\"><\/i><\/span><div class=\"fusion-li-item-content\">\n<p>Mirabellplatz 8<br \/>\n5020 Salzburgo, Austria<\/p>\n<\/div><\/li><li class=\"fusion-li-item\" style=\"\"><span class=\"icon-wrapper circle-no\"><i class=\"fusion-li-icon fa-envelope far\" aria-hidden=\"true\"><\/i><\/span><div class=\"fusion-li-item-content\">\n<p><a href=\"mailto:mirabell@imlauer.com\">mirabell@imlauer.com<\/a><\/p>\n<\/div><\/li><\/ul><\/div><\/div><div class=\"fusion-clearfix\"><\/div><\/div><\/div><div class=\"fusion-layout-column fusion_builder_column fusion-builder-column-3 fusion_builder_column_2_3 2_3 fusion-two-third fusion-column-last\" style=\"--awb-padding-top:90px;--awb-padding-right:15%;--awb-padding-bottom:90px;--awb-padding-left:15%;--awb-bg-color:#f5f5f5;--awb-bg-color-hover:#f5f5f5;--awb-bg-size:cover;--awb-margin-bottom:0px;\"><div class=\"fusion-column-wrapper fusion-flex-column-wrapper-legacy\"><div class=\"fusion-column-content-centered\"><div class=\"fusion-column-content\"><div class=\"fusion-text fusion-text-5\"><h2>Indicaciones detalladas<\/h2>\n<\/div><ul style=\"--awb-iconcolor:#cbaa5c;--awb-line-height:30.6px;--awb-icon-width:30.6px;--awb-icon-height:30.6px;--awb-icon-margin:12.6px;--awb-content-margin:43.2px;\" class=\"fusion-checklist fusion-checklist-4 fusion-checklist-default type-icons anreise\"><li class=\"fusion-li-item\" style=\"\"><span class=\"icon-wrapper circle-no\"><i class=\"fusion-li-icon fa-car-side fas\" aria-hidden=\"true\"><\/i><\/span><div class=\"fusion-li-item-content\">\n<p><strong>Con tu propio coche \/ aparcamiento:<\/strong><\/p>\n<p>Te recomendamos que pares tu coche <strong>en nuestra zona de carga (Paris-Lodron-Str. 1)<\/strong> para descargar y facturar tu equipaje. Nuestro personal estar\u00e1 encantado de indicarte c\u00f3mo llegar al aparcamiento. <\/p>\n<p><strong>Con un ticket de descuento, que puedes obtener en la recepci\u00f3n de nuestro hotel,<\/strong> la tarifa de aparcamiento es de 26,00 \u20ac por 24 horas (en lugar de 40,00 \u20ac). El aparcamiento p\u00fablico &#8222;Contipark Mirabell-Congress-Garage&#8220; est\u00e1 a s\u00f3lo unos metros de nuestro hotel. Hay 496 plazas de aparcamiento subterr\u00e1neo disponibles, no es posible reservar una plaza de aparcamiento.  <\/p>\n<p>Direcci\u00f3n del garaje p\u00fablico:<br \/>\nSchrannengasse 2-4<br \/>\n5020 Salzburgo<\/p>\n<p>Te ofrecemos 1 estaci\u00f3n de recarga electr\u00f3nica en la que puedes cargar por 0,45 \u20ac\/kWh<strong>. <\/strong>La tarifa de aparcamiento es de 25,00 \u20ac por 24 horas. No es posible reservar la estaci\u00f3n de carga.<\/p>\n<\/div><\/li><li class=\"fusion-li-item\" style=\"\"><span class=\"icon-wrapper circle-no\"><i class=\"fusion-li-icon fa-walking fas\" aria-hidden=\"true\"><\/i><\/span><div class=\"fusion-li-item-content\">\n<p><strong>A pie:<\/strong><\/p>\n<p>Desde la estaci\u00f3n de ferrocarril: El IMLAUER Palais Mirabell (antiguo Hotel am Mirabellplatz) est\u00e1 a 15 minutos a pie. Sigue la Rainerstra\u00dfe en direcci\u00f3n al centro\/ciudad vieja. Despu\u00e9s de 1 km llegar\u00e1s a nuestro hotel en Mirabellplatz 8.<\/p>\n<\/div><\/li><li class=\"fusion-li-item\" style=\"\"><span class=\"icon-wrapper circle-no\"><i class=\"fusion-li-icon fa-bus-alt fas\" aria-hidden=\"true\"><\/i><\/span><div class=\"fusion-li-item-content\">\n<p><strong>En transporte p\u00fablico:<\/strong><\/p>\n<p>La parada m\u00e1s cercana se llama &#8222;Mirabellplatz&#8220;. Las l\u00edneas n\u00ba 1, n\u00ba 2, n\u00ba 3, n\u00ba 5, n\u00ba 6, n\u00ba 22 y n\u00ba 25 paran all\u00ed <\/p>\n<p>Desde la estaci\u00f3n de tren: parada &#8222;Mirabellplatz&#8220;. Las l\u00edneas n\u00ba 1, n\u00ba 2, n\u00ba 3, n\u00ba 5, n\u00ba 6, n\u00ba 22 y n\u00ba 25 paran all\u00ed (se tarda entre 4 y 5 minutos). <\/p>\n<p>Desde el aeropuerto: Toma la l\u00ednea 2 en direcci\u00f3n &#8222;Salzburgo Obergnigl&#8220;. Tu parada se llama &#8222;Mirabellplatz&#8220;, duraci\u00f3n aprox. 28 min, 16 paradas. La l\u00ednea n\u00ba 2 para justo delante de nuestro hotel.<\/p>\n<\/div><\/li><li class=\"fusion-li-item\" style=\"\"><span class=\"icon-wrapper circle-no\"><i class=\"fusion-li-icon fa-taxi fas\" aria-hidden=\"true\"><\/i><\/span><div class=\"fusion-li-item-content\">\n<p><strong>En taxi:<\/strong><\/p>\n<p>Desde la estaci\u00f3n de ferrocarril: Nuestro hotel est\u00e1 a unos 1,1 km o a 15 minutos a pie de la estaci\u00f3n principal de ferrocarril de Salzburgo. Si necesitas un taxi para este trayecto, encontrar\u00e1s taxis directamente delante del edificio de la estaci\u00f3n. Duran unos 7 minutos y cuestan entre 8 y 10 euros, seg\u00fan el tr\u00e1fico y la hora del d\u00eda.   <\/p>\n<p>Desde el aeropuerto: Hay taxis disponibles directamente delante del edificio.<br \/>\nDuraci\u00f3n aprox. 16 min. Coste aprox. entre 15 y 20 \u20ac, seg\u00fan el tr\u00e1fico y la hora del d\u00eda.<\/p>\n<\/div><\/li><\/ul><div class=\"fusion-sep-clear\"><\/div><div class=\"fusion-separator fusion-full-width-sep\" style=\"margin-left: auto;margin-right: auto;margin-top:30px;width:100%;\"><\/div><div class=\"fusion-sep-clear\"><\/div><\/div><\/div><div class=\"fusion-clearfix\"><\/div><\/div><\/div><\/div><\/div><div class=\"fusion-fullwidth fullwidth-box fusion-builder-row-3 hundred-percent-fullwidth non-hundred-percent-height-scrolling fusion-equal-height-columns\" style=\"--awb-background-position:left top;--awb-border-sizes-top:0px;--awb-border-sizes-bottom:0px;--awb-border-sizes-left:0px;--awb-border-sizes-right:0px;--awb-border-radius-top-left:0px;--awb-border-radius-top-right:0px;--awb-border-radius-bottom-right:0px;--awb-border-radius-bottom-left:0px;--awb-padding-top:0px;--awb-padding-right:0px;--awb-padding-bottom:0px;--awb-padding-left:0px;--awb-flex-wrap:wrap;\" ><div class=\"fusion-builder-row fusion-row\"><div class=\"fusion-layout-column fusion_builder_column fusion-builder-column-4 fusion_builder_column_1_1 1_1 fusion-one-full fusion-column-first fusion-column-last fusion-column-no-min-height\" style=\"--awb-bg-blend:overlay;--awb-bg-size:cover;--awb-margin-bottom:0px;\"><div class=\"fusion-column-wrapper fusion-flex-column-wrapper-legacy\"><div id=\"hotelammirabellplatz_map\" style=\"width:100%; height:500px;\"><\/div><div class=\"fusion-clearfix\"><\/div><\/div><\/div><\/div><\/div><\/p>\n","protected":false},"excerpt":{"rendered":"","protected":false},"author":1,"featured_media":0,"parent":0,"menu_order":0,"comment_status":"closed","ping_status":"closed","template":"100-width.php","meta":{"footnotes":""},"class_list":["post-7236","page","type-page","status-publish","hentry"],"_links":{"self":[{"href":"https:\/\/imlauer.com\/imlauer-palais-mirabell\/wp-json\/wp\/v2\/pages\/7236","targetHints":{"allow":["GET"]}}],"collection":[{"href":"https:\/\/imlauer.com\/imlauer-palais-mirabell\/wp-json\/wp\/v2\/pages"}],"about":[{"href":"https:\/\/imlauer.com\/imlauer-palais-mirabell\/wp-json\/wp\/v2\/types\/page"}],"author":[{"embeddable":true,"href":"https:\/\/imlauer.com\/imlauer-palais-mirabell\/wp-json\/wp\/v2\/users\/1"}],"replies":[{"embeddable":true,"href":"https:\/\/imlauer.com\/imlauer-palais-mirabell\/wp-json\/wp\/v2\/comments?post=7236"}],"version-history":[{"count":72,"href":"https:\/\/imlauer.com\/imlauer-palais-mirabell\/wp-json\/wp\/v2\/pages\/7236\/revisions"}],"predecessor-version":[{"id":47403,"href":"https:\/\/imlauer.com\/imlauer-palais-mirabell\/wp-json\/wp\/v2\/pages\/7236\/revisions\/47403"}],"wp:attachment":[{"href":"https:\/\/imlauer.com\/imlauer-palais-mirabell\/wp-json\/wp\/v2\/media?parent=7236"}],"curies":[{"name":"wp","href":"https:\/\/api.w.org\/{rel}","templated":true}]}}