{"id":41,"date":"2025-01-28T13:31:28","date_gmt":"2025-01-28T13:31:28","guid":{"rendered":"https:\/\/imlauer.com\/imlauer-sky-bar-restaurant\/candle-light-dinner\/"},"modified":"2025-11-12T15:02:36","modified_gmt":"2025-11-12T15:02:36","slug":"candle-light-dinner","status":"publish","type":"page","link":"https:\/\/imlauer.com\/imlauer-sky-bar-restaurant\/candle-light-dinner\/","title":{"rendered":"Candle-Light-Dinner"},"content":{"rendered":"<p><div class=\"fusion-bg-parallax\" data-bg-align=\"center bottom\" data-direction=\"up\" data-mute=\"false\" data-opacity=\"100\" data-velocity=\"-0.3\" data-mobile-enabled=\"false\" data-break_parents=\"0\" data-bg-image=\"https:\/\/imlauer.com\/imlauer-sky-bar-restaurant\/wp-content\/uploads\/2025\/01\/high-res_imlauer_0919-3486.jpg\" data-bg-repeat=\"false\" ><\/div><div class=\"fusion-fullwidth fullwidth-box fusion-builder-row-1 fusion-parallax-up hundred-percent-fullwidth non-hundred-percent-height-scrolling lazyload\" style=\"--awb-background-position:center bottom;--awb-border-radius-top-left:0px;--awb-border-radius-top-right:0px;--awb-border-radius-bottom-right:0px;--awb-border-radius-bottom-left:0px;--awb-background-size:cover;--awb-flex-wrap:wrap;\" data-bg=\"https:\/\/imlauer.com\/imlauer-sky-bar-restaurant\/wp-content\/uploads\/2025\/01\/high-res_imlauer_0919-3486.jpg\" ><div class=\"fusion-builder-row fusion-row\"><div class=\"fusion-layout-column fusion_builder_column fusion-builder-column-0 fusion_builder_column_1_1 1_1 fusion-one-full fusion-column-first fusion-column-last\" style=\"--awb-bg-position:center center;--awb-bg-size:cover;\"><div class=\"fusion-column-wrapper fusion-column-has-shadow fusion-flex-column-wrapper-legacy\"><div class=\"fusion-sep-clear\"><\/div><div class=\"fusion-separator fusion-full-width-sep\" style=\"margin-left: auto;margin-right: auto;margin-bottom:35%;width:100%;\"><\/div><div class=\"fusion-sep-clear\"><\/div><div class=\"fusion-clearfix\"><\/div><\/div><\/div><\/div><\/div><div class=\"fusion-fullwidth fullwidth-box fusion-builder-row-2 nonhundred-percent-fullwidth non-hundred-percent-height-scrolling fusion-equal-height-columns zimmer\" style=\"--awb-background-position:left top;--awb-border-sizes-top:0px;--awb-border-sizes-bottom:0px;--awb-border-sizes-left:0px;--awb-border-sizes-right:0px;--awb-border-radius-top-left:0px;--awb-border-radius-top-right:0px;--awb-border-radius-bottom-right:0px;--awb-border-radius-bottom-left:0px;--awb-padding-top:0px;--awb-padding-bottom:95px;--awb-flex-wrap:wrap;\" ><div class=\"fusion-builder-row fusion-row\"><div class=\"fusion-layout-column fusion_builder_column fusion-builder-column-1 fusion_builder_column_2_5 2_5 fusion-two-fifth fusion-column-first\" style=\"--awb-padding-right:45px;--awb-padding-bottom:45px;--awb-padding-left:45px;--awb-bg-color:#ebeef1;--awb-bg-color-hover:#ebeef1;--awb-bg-position:right bottom;--awb-bg-size:cover;--awb-border-color:#af9755;--awb-border-top:1px;--awb-border-right:1px;--awb-border-bottom:1px;--awb-border-left:1px;--awb-border-style:solid;width:37.6%; margin-right: 4%;\"><div class=\"fusion-column-wrapper fusion-column-has-shadow fusion-flex-column-wrapper-legacy\"><div class=\"fusion-sep-clear\"><\/div><div class=\"fusion-separator fusion-full-width-sep\" style=\"margin-left: auto;margin-right: auto;margin-top:40px;width:100%;\"><\/div><div class=\"fusion-sep-clear\"><\/div><div class=\"fusion-text fusion-text-1\"><p style=\"letter-spacing: 4px; font-size: 13px; text-align: center; margin-bottom: 0px;\">GANZ ROMANTISCH ZU ZWEIT VEREINT<\/p>\n<h1 style=\"text-align: center;\"><strong>IMLAUER SKY<br \/>\nDINNER FOR 2 <\/strong><\/h1>\n<h2 style=\"text-align: center;\"><strong>ZUM VERLIEBEN<\/strong><\/h2>\n<\/div><div class=\"fusion-text fusion-text-2\" style=\"--awb-text-transform:none;\"><p style=\"text-align: center;\"><strong>IMLAUER Vorspeisenvariation<\/strong><\/p>\n<p style=\"text-align: center;\"><strong>***<\/strong><\/p>\n<p style=\"text-align: center;\"><strong>Surf &amp; Turf<\/strong><\/p>\n<p style=\"text-align: center;\"><strong>oder<\/strong><\/p>\n<p style=\"text-align: center;\"><strong>Saiblingsfilet<\/strong><\/p>\n<p style=\"text-align: center;\"><strong>***<\/strong><\/p>\n<p style=\"text-align: center;\"><strong>Sauerrahm Cr\u00e8me Br<\/strong><strong>\u00fbl\u00e9e<\/strong><\/p>\n<p style=\"text-align: center;\"><strong>\u20ac 64,00 pro Person<\/strong><\/p>\n<p style=\"text-align: center;\">inklusive Abendgedeck<\/p>\n<p style=\"text-align: center;\">Wir freuen uns \u00fcber Ihre Tischreservierung:<\/p>\n<p style=\"text-align: center;\">Telefon: <a href=\"tel:+4366288978666\">+43 662 88 978 666<\/a><\/p>\n<p style=\"text-align: center;\">E-Mail: <a href=\"mailto:skyrestaurant@imlauer.com\">skyrestaurant@imlauer.com<\/a><\/p>\n<\/div><div class=\"fusion-sep-clear\"><\/div><div class=\"fusion-separator fusion-full-width-sep\" style=\"margin-left: auto;margin-right: auto;margin-top:40px;width:100%;\"><\/div><div class=\"fusion-sep-clear\"><\/div><div class=\"fusion-aligncenter\"><a class=\"fusion-button button-flat button-large button-custom fusion-button-default button-1 fusion-button-default-span fusion-button-default-type fusion-has-button-gradient nks_toggle_tab_3 nks_cc_trigger_element\" style=\"--button_accent_color:#af9755;--button_accent_hover_color:#ffffff;--button_border_hover_color:#af9755;--button_border_width-top:2px;--button_border_width-right:2px;--button_border_width-bottom:2px;--button_border_width-left:2px;--button-border-radius-top-left:15px;--button-border-radius-top-right:15px;--button-border-radius-bottom-right:15px;--button-border-radius-bottom-left:15px;--button_gradient_top_color:#ffffff;--button_gradient_bottom_color:rgba(255,255,255,0.65);--button_gradient_top_color_hover:#af9755;--button_gradient_bottom_color_hover:#af9755;--button_text_transform:none;\" target=\"_self\" href=\"https:\/\/imlauer.com\/imlauer-sky-bar-restaurant\/tisch-reservieren\/\"><span class=\"fusion-button-icon-divider button-icon-divider-left\"><i class=\"fa-calendar-alt far awb-button__icon awb-button__icon--default\" aria-hidden=\"true\"><\/i><\/span><span class=\"fusion-button-text awb-button__text awb-button__text--default fusion-button-text-left\">Gleich reservieren<\/span><\/a><\/div><div class=\"fusion-sep-clear\"><\/div><div class=\"fusion-separator fusion-full-width-sep\" style=\"margin-left: auto;margin-right: auto;margin-top:40px;width:100%;\"><\/div><div class=\"fusion-sep-clear\"><\/div><div class=\"fusion-aligncenter\"><a class=\"fusion-button button-flat button-large button-custom fusion-button-default button-2 fusion-button-default-span fusion-button-default-type fusion-has-button-gradient\" style=\"--button_accent_color:#af9755;--button_accent_hover_color:#ffffff;--button_border_hover_color:#af9755;--button_border_width-top:2px;--button_border_width-right:2px;--button_border_width-bottom:2px;--button_border_width-left:2px;--button-border-radius-top-left:15px;--button-border-radius-top-right:15px;--button-border-radius-bottom-right:15px;--button-border-radius-bottom-left:15px;--button_gradient_top_color:#ffffff;--button_gradient_bottom_color:rgba(255,255,255,0.65);--button_gradient_top_color_hover:#af9755;--button_gradient_bottom_color_hover:#af9755;--button_text_transform:none;\" target=\"_blank\" rel=\"noopener noreferrer\" href=\"https:\/\/shop.imlauer.com\"><span class=\"fusion-button-icon-divider button-icon-divider-left\"><i class=\"fa-gift fas awb-button__icon awb-button__icon--default\" aria-hidden=\"true\"><\/i><\/span><span class=\"fusion-button-text awb-button__text awb-button__text--default fusion-button-text-left\">Gutschein online kaufen<\/span><\/a><\/div><div class=\"fusion-clearfix\"><\/div><\/div><\/div><div class=\"fusion-layout-column fusion_builder_column fusion-builder-column-2 fusion_builder_column_3_5 3_5 fusion-three-fifth fusion-column-last zimmerdetails_bilder\" style=\"--awb-padding-top:40px;--awb-padding-right:40px;--awb-padding-bottom:40px;--awb-padding-left:40px;--awb-bg-size:cover;--awb-border-color:rgba(175,151,85,0.3);--awb-border-top:0;--awb-border-right:0;--awb-border-bottom:0;--awb-border-left:0;--awb-border-style:solid;width:58.4%;\"><div class=\"fusion-column-wrapper fusion-column-has-shadow fusion-flex-column-wrapper-legacy\"><div class=\"fusion-image-element fusion-image-align-center in-legacy-container\" style=\"text-align:center;--awb-caption-title-font-family:var(--h2_typography-font-family);--awb-caption-title-font-weight:var(--h2_typography-font-weight);--awb-caption-title-font-style:var(--h2_typography-font-style);--awb-caption-title-size:var(--h2_typography-font-size);--awb-caption-title-transform:var(--h2_typography-text-transform);--awb-caption-title-line-height:var(--h2_typography-line-height);--awb-caption-title-letter-spacing:var(--h2_typography-letter-spacing);\"><div class=\"imageframe-align-center\"><span class=\" fusion-imageframe imageframe-none imageframe-1 hover-type-none\"><a href=\"https:\/\/imlauer.com\/imlauer-sky-bar-restaurant\/wp-content\/uploads\/2025\/01\/IMLAUER-Sky-Restaurant.jpg\" class=\"fusion-lightbox\" data-rel=\"iLightbox[6df0ba863ee0a4f06c8]\" data-title=\"IMLAUER-Sky-Restaurant\" title=\"IMLAUER-Sky-Restaurant\"><img decoding=\"async\" width=\"1000\" height=\"663\" src=\"https:\/\/imlauer.com\/imlauer-sky-bar-restaurant\/wp-content\/uploads\/2025\/01\/IMLAUER-Sky-Restaurant.jpg\" data-orig-src=\"https:\/\/imlauer.com\/imlauer-sky-bar-restaurant\/wp-content\/uploads\/2025\/01\/IMLAUER-Sky-Restaurant.jpg\" alt class=\"lazyload img-responsive wp-image-191\" srcset=\"data:image\/svg+xml,%3Csvg%20xmlns%3D%27http%3A%2F%2Fwww.w3.org%2F2000%2Fsvg%27%20width%3D%271000%27%20height%3D%27663%27%20viewBox%3D%270%200%201000%20663%27%3E%3Crect%20width%3D%271000%27%20height%3D%27663%27%20fill-opacity%3D%220%22%2F%3E%3C%2Fsvg%3E\" data-srcset=\"https:\/\/imlauer.com\/imlauer-sky-bar-restaurant\/wp-content\/uploads\/2025\/01\/IMLAUER-Sky-Restaurant-200x133.jpg 200w, https:\/\/imlauer.com\/imlauer-sky-bar-restaurant\/wp-content\/uploads\/2025\/01\/IMLAUER-Sky-Restaurant-400x265.jpg 400w, https:\/\/imlauer.com\/imlauer-sky-bar-restaurant\/wp-content\/uploads\/2025\/01\/IMLAUER-Sky-Restaurant-600x398.jpg 600w, https:\/\/imlauer.com\/imlauer-sky-bar-restaurant\/wp-content\/uploads\/2025\/01\/IMLAUER-Sky-Restaurant-800x530.jpg 800w, https:\/\/imlauer.com\/imlauer-sky-bar-restaurant\/wp-content\/uploads\/2025\/01\/IMLAUER-Sky-Restaurant.jpg 1000w\" data-sizes=\"auto\" data-orig-sizes=\"(max-width: 800px) 100vw, 800px\" \/><\/a><\/span><\/div><\/div><div class=\"fusion-sep-clear\"><\/div><div class=\"fusion-separator fusion-full-width-sep\" style=\"margin-left: auto;margin-right: auto;margin-top:40px;width:100%;\"><\/div><div class=\"fusion-sep-clear\"><\/div><div class=\"fusion-text fusion-text-3\"><p style=\"text-align: center;\">Mitten in Salzburg und doch weit weg vom Allt\u00e4glichen. Unter Ihnen glitzern die Lichter der Stadt, w\u00e4hrend <strong>hoch oben im 6. Stock<\/strong> Ambiente-Tischleuchten unser Rooftop-Restaurant in eine romantische Atmosph\u00e4re tauchen. Vor sich k\u00f6nnen Sie die Umrisse des M\u00f6nchsbergs erkennen, der sich dunkel vom Sternenhimmel abhebt. Der Blick von der IMLAUER Sky &#8211; Terrasse auf die effektvoll beleuchtete Festung Hohensalzburg sorgt f\u00fcr das romantische<\/p>\n<p style=\"text-align: center;\">P\u00fcnktchen auf dem i.<\/p>\n<p style=\"text-align: center;\">Weil Liebe bekanntlich durch den Magen geht, sind die einzelnen G\u00e4nge <strong>Ihres perfekt abgestimmten 3-G\u00e4nge-Men\u00fcs<\/strong> Gaumenfreude und Augenschmaus zugleich. Ihr Romantik-Men\u00fc wird mit viel Freude am Kochen und am Service vom IMLAUER Team kreiert und serviert. Ihr Besuch im \u201e6. Himmel der Gen\u00fcsse\u201c wird zum Erlebnis.<\/p>\n<p style=\"text-align: center;\">Bei unserem Candle-Light-Dinner dreht sich alles um die Liebe. Und um Sie. G\u00f6nnen Sie sich und Ihren Liebsten ein Abendessen der ganz besonderen Art. Lassen Sie sich die kulinarischen Versuchungen der IMLAUER-Spitzenk\u00f6che auf der Zunge zergehen. Genie\u00dfen Sie das herzliche Service, w\u00e4hrend Sie romantische Stunden in trauter Zweisamkeit verbringen. Und <strong>\u00fcber den D\u00e4chern Salzburgs<\/strong> Ihre Liebe feiern.<\/p>\n<p style=\"text-align: center;\"><strong>Gut zu wissen:<\/strong> Alle Tische im IMLAUER Sky Restaurant sind gleich festlich, <strong>stilvoll &amp; dezent gedeckt<\/strong>: wei\u00dfe Tischw\u00e4sche, eine kleine Blumen-Vase sowie eine Ambiente-Leuchte sorgen f\u00fcr eine besondere Stimmung.<\/p>\n<p style=\"text-align: center;\"><strong>Sollten Sie einen individuellen Blumenschmuck w\u00fcnschen,<\/strong> wenden Sie sich bitte <strong>direkt an unsere Floristin<\/strong>, Sandra Merhaut von der <a href=\"https:\/\/bindestelle.at\/\" target=\"_blank\" rel=\"noopener\">Bindestelle Meisterfloristik<\/a>. Vielen Dank f\u00fcr Ihr Verst\u00e4ndnis, dass die Organisation des Blumenbouquets nicht vom IMLAUER Team abgewickelt werden kann.<\/p>\n<h1 style=\"text-align: center;\">Wir freuen uns schon jetzt darauf, Sie bald bei uns kulinarisch verw\u00f6hnen zu d\u00fcrfen!<\/h1>\n<\/div><div class=\"fusion-clearfix\"><\/div><\/div><\/div><\/div><\/div><\/p>\n","protected":false},"excerpt":{"rendered":"","protected":false},"author":1,"featured_media":0,"parent":0,"menu_order":0,"comment_status":"closed","ping_status":"closed","template":"","meta":{"footnotes":""},"class_list":["post-41","page","type-page","status-publish","hentry"],"_links":{"self":[{"href":"https:\/\/imlauer.com\/imlauer-sky-bar-restaurant\/wp-json\/wp\/v2\/pages\/41","targetHints":{"allow":["GET"]}}],"collection":[{"href":"https:\/\/imlauer.com\/imlauer-sky-bar-restaurant\/wp-json\/wp\/v2\/pages"}],"about":[{"href":"https:\/\/imlauer.com\/imlauer-sky-bar-restaurant\/wp-json\/wp\/v2\/types\/page"}],"author":[{"embeddable":true,"href":"https:\/\/imlauer.com\/imlauer-sky-bar-restaurant\/wp-json\/wp\/v2\/users\/1"}],"replies":[{"embeddable":true,"href":"https:\/\/imlauer.com\/imlauer-sky-bar-restaurant\/wp-json\/wp\/v2\/comments?post=41"}],"version-history":[{"count":7,"href":"https:\/\/imlauer.com\/imlauer-sky-bar-restaurant\/wp-json\/wp\/v2\/pages\/41\/revisions"}],"predecessor-version":[{"id":16530,"href":"https:\/\/imlauer.com\/imlauer-sky-bar-restaurant\/wp-json\/wp\/v2\/pages\/41\/revisions\/16530"}],"wp:attachment":[{"href":"https:\/\/imlauer.com\/imlauer-sky-bar-restaurant\/wp-json\/wp\/v2\/media?parent=41"}],"curies":[{"name":"wp","href":"https:\/\/api.w.org\/{rel}","templated":true}]}}