{"id":45,"date":"2025-01-28T13:31:28","date_gmt":"2025-01-28T13:31:28","guid":{"rendered":"https:\/\/imlauer.com\/imlauer-sky-bar-restaurant\/speisekarte\/"},"modified":"2026-03-27T09:15:22","modified_gmt":"2026-03-27T09:15:22","slug":"speisekarte","status":"publish","type":"page","link":"https:\/\/imlauer.com\/imlauer-sky-bar-restaurant\/speisekarte\/","title":{"rendered":"Speisekarte"},"content":{"rendered":"<p><div class=\"fusion-fullwidth fullwidth-box fusion-builder-row-1 fusion-flex-container has-pattern-background has-mask-background nonhundred-percent-fullwidth non-hundred-percent-height-scrolling\" style=\"--awb-background-position:left top;--awb-border-sizes-top:0px;--awb-border-sizes-bottom:0px;--awb-border-sizes-left:0px;--awb-border-sizes-right:0px;--awb-border-radius-top-left:0px;--awb-border-radius-top-right:0px;--awb-border-radius-bottom-right:0px;--awb-border-radius-bottom-left:0px;--awb-padding-top:0px;--awb-padding-bottom:15px;--awb-margin-top:40px;--awb-flex-wrap:wrap;\" ><div class=\"fusion-builder-row fusion-row fusion-flex-align-items-stretch fusion-flex-content-wrap\" style=\"max-width:1352px;margin-left: calc(-4% \/ 2 );margin-right: calc(-4% \/ 2 );\"><div class=\"fusion-layout-column fusion_builder_column fusion-builder-column-0 fusion_builder_column_1_2 1_2 fusion-flex-column\" style=\"--awb-padding-top:40px;--awb-padding-right:40px;--awb-padding-bottom:40px;--awb-padding-left:40px;--awb-bg-color:#ffffff;--awb-bg-color-hover:#ffffff;--awb-bg-size:cover;--awb-border-color:#ebeef1;--awb-border-top:0;--awb-border-right:0;--awb-border-bottom:0;--awb-border-left:0;--awb-border-style:solid;--awb-width-large:50%;--awb-margin-top-large:0px;--awb-spacing-right-large:3.84%;--awb-margin-bottom-large:20px;--awb-spacing-left-large:3.84%;--awb-width-medium:100%;--awb-spacing-right-medium:1.92%;--awb-spacing-left-medium:1.92%;--awb-width-small:100%;--awb-spacing-right-small:1.92%;--awb-spacing-left-small:1.92%;\"><div class=\"fusion-column-wrapper fusion-column-has-shadow fusion-flex-justify-content-center fusion-content-layout-column\"><div class=\"fusion-image-element \" style=\"text-align:center;--awb-liftup-border-radius:0px;--awb-caption-title-font-family:var(--h2_typography-font-family);--awb-caption-title-font-weight:var(--h2_typography-font-weight);--awb-caption-title-font-style:var(--h2_typography-font-style);--awb-caption-title-size:var(--h2_typography-font-size);--awb-caption-title-transform:var(--h2_typography-text-transform);--awb-caption-title-line-height:var(--h2_typography-line-height);--awb-caption-title-letter-spacing:var(--h2_typography-letter-spacing);\"><div class=\"awb-image-frame awb-image-frame-1 imageframe-liftup\"><span class=\" fusion-imageframe imageframe-none imageframe-1\"><a href=\"https:\/\/imlauer.com\/imlauer-sky-bar-restaurant\/wp-content\/uploads\/2025\/01\/Trueffelnudeln-3.jpg\" class=\"fusion-lightbox\" data-rel=\"iLightbox[2ec5c732e1d4a9c56dc]\" data-title=\"Trueffelnudeln-3\" title=\"Trueffelnudeln-3\"><img decoding=\"async\" width=\"1000\" height=\"673\" src=\"https:\/\/imlauer.com\/imlauer-sky-bar-restaurant\/wp-content\/uploads\/2025\/01\/Trueffelnudeln-3.jpg\" data-orig-src=\"https:\/\/imlauer.com\/imlauer-sky-bar-restaurant\/wp-content\/uploads\/2025\/01\/Trueffelnudeln-3.jpg\" alt class=\"lazyload img-responsive wp-image-218\" srcset=\"data:image\/svg+xml,%3Csvg%20xmlns%3D%27http%3A%2F%2Fwww.w3.org%2F2000%2Fsvg%27%20width%3D%271000%27%20height%3D%27673%27%20viewBox%3D%270%200%201000%20673%27%3E%3Crect%20width%3D%271000%27%20height%3D%27673%27%20fill-opacity%3D%220%22%2F%3E%3C%2Fsvg%3E\" data-srcset=\"https:\/\/imlauer.com\/imlauer-sky-bar-restaurant\/wp-content\/uploads\/2025\/01\/Trueffelnudeln-3-200x135.jpg 200w, https:\/\/imlauer.com\/imlauer-sky-bar-restaurant\/wp-content\/uploads\/2025\/01\/Trueffelnudeln-3-400x269.jpg 400w, https:\/\/imlauer.com\/imlauer-sky-bar-restaurant\/wp-content\/uploads\/2025\/01\/Trueffelnudeln-3-600x404.jpg 600w, https:\/\/imlauer.com\/imlauer-sky-bar-restaurant\/wp-content\/uploads\/2025\/01\/Trueffelnudeln-3-800x538.jpg 800w, https:\/\/imlauer.com\/imlauer-sky-bar-restaurant\/wp-content\/uploads\/2025\/01\/Trueffelnudeln-3.jpg 1000w\" data-sizes=\"auto\" data-orig-sizes=\"(max-width: 1024px) 100vw, (max-width: 640px) 100vw, 600px\" \/><\/a><\/span><\/div><\/div><\/div><\/div><div class=\"fusion-layout-column fusion_builder_column fusion-builder-column-1 fusion_builder_column_1_2 1_2 fusion-flex-column\" style=\"--awb-bg-blend:overlay;--awb-bg-size:cover;--awb-width-large:50%;--awb-margin-top-large:0px;--awb-spacing-right-large:3.84%;--awb-margin-bottom-large:20px;--awb-spacing-left-large:3.84%;--awb-width-medium:100%;--awb-spacing-right-medium:1.92%;--awb-spacing-left-medium:1.92%;--awb-width-small:100%;--awb-spacing-right-small:1.92%;--awb-spacing-left-small:1.92%;\"><div class=\"fusion-column-wrapper fusion-column-has-shadow fusion-flex-justify-content-center fusion-content-layout-column\"><div class=\"fusion-text fusion-text-1\"><p style=\"letter-spacing: 4px; font-size: 13px; text-align: center; margin-bottom: 0px;\">WAS DARF\u00b4S SEIN?<\/p>\n<h1 style=\"text-align: center;\"><strong>SPEISEKARTEN. UND MEHR<\/strong><\/h1>\n<\/div><div class=\"fusion-text fusion-text-2\"><div class=\"fusion-text content\" style=\"text-align: center;\">\n<h2>Das IMLAUER Sky &#8211; Bar &amp; Restaurant zeichnet sich durch seine einmalige Vielfalt aus.<\/h2>\n<p>Fr\u00fchst\u00fcck oder Dinner. Mittagessen oder After Work-Cocktail. Edler Wein oder s\u00fcffiges Bier. Regional oder international. Unsere Karten sind vielf\u00e4ltig.<\/p>\n<p>Was Sie auf diesen Karten jedoch nicht sehen, ist, mit welcher <strong>Hingabe<\/strong> unsere K\u00f6che die Gerichte f\u00fcr Sie zubereiten. Wie sch\u00f6n die Speisen angerichtet werden. Und vor allem: wie herrlich sie schmecken. Das liegt auch daran, dass wir bei IMLAUER gr\u00f6\u00dften Wert auf <strong>frische Zutaten von regionalen Betrieben<\/strong> legen. Etwas anderes kommt uns nicht in die K\u00fcche! Und schon gar nicht auf Ihren Teller.<\/p>\n<p>Sie sehen schon: Die <strong>Liebe und Leidenschaft<\/strong>, die hinter jedem einzelnen unserer Gerichte stehen, k\u00f6nnen Sie nicht aus einer Karte herauslesen. Davon m\u00fcssen Sie sich selbst ein Bild machen.<\/p>\n<\/div>\n<\/div><\/div><\/div><\/div><\/div><div class=\"fusion-fullwidth fullwidth-box fusion-builder-row-2 fusion-flex-container has-pattern-background has-mask-background hundred-percent-fullwidth non-hundred-percent-height-scrolling\" style=\"--awb-background-position:left top;--awb-border-sizes-top:0px;--awb-border-sizes-bottom:0px;--awb-border-sizes-left:0px;--awb-border-sizes-right:0px;--awb-border-radius-top-left:0px;--awb-border-radius-top-right:0px;--awb-border-radius-bottom-right:0px;--awb-border-radius-bottom-left:0px;--awb-padding-top:0px;--awb-padding-right:20px;--awb-padding-bottom:0px;--awb-padding-left:20px;--awb-flex-wrap:wrap;\" ><div class=\"fusion-builder-row fusion-row fusion-flex-align-items-stretch fusion-flex-content-wrap\" style=\"width:104% !important;max-width:104% !important;margin-left: calc(-4% \/ 2 );margin-right: calc(-4% \/ 2 );\"><div class=\"fusion-layout-column fusion_builder_column fusion-builder-column-2 fusion_builder_column_1_1 1_1 fusion-flex-column fusion-flex-align-self-flex-start fusion-column-no-min-height\" style=\"--awb-bg-blend:overlay;--awb-bg-size:cover;--awb-width-large:100%;--awb-margin-top-large:0px;--awb-spacing-right-large:1.92%;--awb-margin-bottom-large:0px;--awb-spacing-left-large:1.92%;--awb-width-medium:100%;--awb-spacing-right-medium:1.92%;--awb-spacing-left-medium:1.92%;--awb-width-small:100%;--awb-spacing-right-small:1.92%;--awb-spacing-left-small:1.92%;\"><div class=\"fusion-column-wrapper fusion-flex-justify-content-flex-start fusion-content-layout-column\"><div class=\"fusion-content-boxes content-boxes columns row fusion-columns-3 fusion-columns-total-6 fusion-content-boxes-1 content-boxes-icon-on-top content-left\" style=\"--awb-backgroundcolor:#ffffff;--awb-body-color:#636362;--awb-title-color:#af9755;--awb-iconcolor:#008ab4;--awb-hover-accent-color:#af9755;--awb-circle-hover-accent-color:transparent;\" data-animationOffset=\"top-into-view\"><div style=\"--awb-backgroundcolor:#ffffff;--awb-iconcolor:#008ab4;\" class=\"fusion-column content-box-column content-box-column content-box-column-1 col-lg-4 col-md-4 col-sm-4 fusion-content-box-hover content-box-column-first-in-row\"><div class=\"col content-box-wrapper content-wrapper-background link-area-box link-type-text icon-hover-animation-slide\" data-link=\"https:\/\/imlauer.com\/imlauer-sky-bar-restaurant\/wp-content\/uploads\/2026\/03\/Standardkarte-IMLAUER_ab19.03.2026.pdf\" data-link-target=\"_blank\" data-animationOffset=\"top-into-view\"><div class=\"heading heading-with-icon icon-left\"><a class=\"heading-link\" href=\"https:\/\/imlauer.com\/imlauer-sky-bar-restaurant\/wp-content\/uploads\/2026\/03\/Standardkarte-IMLAUER_ab19.03.2026.pdf\" target=\"_blank\" rel=\"noopener noreferrer\"><div aria-hidden=\"true\" class=\"image\"><img decoding=\"async\" class=\"lazyload\" src=\"data:image\/svg+xml,%3Csvg%20xmlns%3D%27http%3A%2F%2Fwww.w3.org%2F2000%2Fsvg%27%20width%3D%27100%27%20height%3D%27100%27%20viewBox%3D%270%200%20100%20100%27%3E%3Crect%20width%3D%27100%27%20height%3D%27100%27%20fill-opacity%3D%220%22%2F%3E%3C%2Fsvg%3E\" data-orig-src=\"https:\/\/imlauer.com\/imlauer-sky-bar-restaurant\/wp-content\/uploads\/2025\/01\/besteck-1.png\" width=\"100\" height=\"100\" alt=\"\" \/><\/div><h2 class=\"content-box-heading\" style=\"--h2_typography-font-size:20px;line-height:25px;\">Speisekarte<\/h2><\/a><\/div><div class=\"fusion-clearfix\"><\/div><div class=\"content-container\">\n<p style=\"text-align: center;\">(im Restaurant)<br \/>\nK\u00fcche von 11:30 &#8211; 14:00 Uhr &amp; von 17:00 &#8211; 21:45 Uhr<\/p>\n<\/div><div class=\"fusion-clearfix\"><\/div><a class=\" fusion-read-more\" href=\"https:\/\/imlauer.com\/imlauer-sky-bar-restaurant\/wp-content\/uploads\/2026\/03\/Standardkarte-IMLAUER_ab19.03.2026.pdf\" target=\"_blank\" rel=\"noopener noreferrer\">Zur Speisekarte<\/a><div class=\"fusion-clearfix\"><\/div><\/div><\/div><div style=\"--awb-backgroundcolor:#ffffff;--awb-iconcolor:#008ab4;\" class=\"fusion-column content-box-column content-box-column content-box-column-2 col-lg-4 col-md-4 col-sm-4 fusion-content-box-hover \"><div class=\"col content-box-wrapper content-wrapper-background link-area-box link-type-text icon-hover-animation-slide\" data-link=\"https:\/\/imlauer.com\/imlauer-sky-bar-restaurant\/wp-content\/uploads\/2026\/03\/Bistrokarte_inkl._Fruehstueck_19.03.2026.pdf\" data-link-target=\"_blank\" data-animationOffset=\"top-into-view\"><div class=\"heading heading-with-icon icon-left\"><a class=\"heading-link\" href=\"https:\/\/imlauer.com\/imlauer-sky-bar-restaurant\/wp-content\/uploads\/2026\/03\/Bistrokarte_inkl._Fruehstueck_19.03.2026.pdf\" target=\"_blank\" rel=\"noopener noreferrer\"><div aria-hidden=\"true\" class=\"image\"><img decoding=\"async\" class=\"lazyload\" src=\"data:image\/svg+xml,%3Csvg%20xmlns%3D%27http%3A%2F%2Fwww.w3.org%2F2000%2Fsvg%27%20width%3D%27100%27%20height%3D%27100%27%20viewBox%3D%270%200%20100%20100%27%3E%3Crect%20width%3D%27100%27%20height%3D%27100%27%20fill-opacity%3D%220%22%2F%3E%3C%2Fsvg%3E\" data-orig-src=\"https:\/\/imlauer.com\/imlauer-sky-bar-restaurant\/wp-content\/uploads\/2025\/01\/besteck-1.png\" width=\"100\" height=\"100\" alt=\"\" \/><\/div><h2 class=\"content-box-heading\" style=\"--h2_typography-font-size:20px;line-height:25px;\">Bistro- &amp; Fr\u00fchst\u00fcckskarte<\/h2><\/a><\/div><div class=\"fusion-clearfix\"><\/div><div class=\"content-container\">\n<p style=\"text-align: center;\">(im Barbereich)<br \/>\nFr\u00fchst\u00fcck von 09:30 &#8211; 14:00 Uhr<br \/>\nBistro von 11:30 &#8211; 21:45 Uhr<\/p>\n<\/div><div class=\"fusion-clearfix\"><\/div><a class=\" fusion-read-more\" href=\"https:\/\/imlauer.com\/imlauer-sky-bar-restaurant\/wp-content\/uploads\/2026\/03\/Bistrokarte_inkl._Fruehstueck_19.03.2026.pdf\" target=\"_blank\" rel=\"noopener noreferrer\">Zur Speisekarte<\/a><div class=\"fusion-clearfix\"><\/div><\/div><\/div><div style=\"--awb-backgroundcolor:#ffffff;--awb-iconcolor:#008ab4;\" class=\"fusion-column content-box-column content-box-column content-box-column-3 col-lg-4 col-md-4 col-sm-4 fusion-content-box-hover content-box-column-last-in-row\"><div class=\"col content-box-wrapper content-wrapper-background link-area-box link-type-text icon-hover-animation-slide\" data-link=\"https:\/\/imlauer.com\/imlauer-sky-bar-restaurant\/wp-content\/uploads\/2026\/03\/0.Spezialkarte_MaerzApril_Baerlauch-2026.pdf\" data-link-target=\"_blank\" data-animationOffset=\"top-into-view\"><div class=\"heading heading-with-icon icon-left\"><a class=\"heading-link\" href=\"https:\/\/imlauer.com\/imlauer-sky-bar-restaurant\/wp-content\/uploads\/2026\/03\/0.Spezialkarte_MaerzApril_Baerlauch-2026.pdf\" target=\"_blank\" rel=\"noopener noreferrer\"><div aria-hidden=\"true\" class=\"image\"><img decoding=\"async\" class=\"lazyload\" src=\"data:image\/svg+xml,%3Csvg%20xmlns%3D%27http%3A%2F%2Fwww.w3.org%2F2000%2Fsvg%27%20width%3D%27100%27%20height%3D%27100%27%20viewBox%3D%270%200%20100%20100%27%3E%3Crect%20width%3D%27100%27%20height%3D%27100%27%20fill-opacity%3D%220%22%2F%3E%3C%2Fsvg%3E\" data-orig-src=\"https:\/\/imlauer.com\/imlauer-sky-bar-restaurant\/wp-content\/uploads\/2025\/01\/besteck-1.png\" width=\"100\" height=\"100\" alt=\"\" \/><\/div><h2 class=\"content-box-heading\" style=\"--h2_typography-font-size:20px;line-height:25px;\">Saisonales Angebot<\/h2><\/a><\/div><div class=\"fusion-clearfix\"><\/div><div class=\"content-container\">\n<p style=\"text-align: center;\">warme K\u00fcche von 11:30 &#8211; 14:00 Uhr &amp; von 17:00 &#8211; 21:45 Uhr<\/p>\n<\/div><div class=\"fusion-clearfix\"><\/div><a class=\" fusion-read-more\" href=\"https:\/\/imlauer.com\/imlauer-sky-bar-restaurant\/wp-content\/uploads\/2026\/03\/0.Spezialkarte_MaerzApril_Baerlauch-2026.pdf\" target=\"_blank\" rel=\"noopener noreferrer\">Zur Speisekarte<\/a><div class=\"fusion-clearfix\"><\/div><\/div><\/div><div style=\"--awb-backgroundcolor:#ffffff;--awb-iconcolor:#008ab4;\" class=\"fusion-column content-box-column content-box-column content-box-column-4 col-lg-4 col-md-4 col-sm-4 fusion-content-box-hover content-box-column-first-in-row\"><div class=\"col content-box-wrapper content-wrapper-background link-area-box link-type-text icon-hover-animation-slide\" data-link=\"https:\/\/imlauer.com\/imlauer-sky-bar-restaurant\/wp-content\/uploads\/2025\/07\/Bistrokarte_inkl._Fruehstueck_11.07.2025.pdf\" data-link-target=\"_blank\" data-animationOffset=\"top-into-view\"><div class=\"heading heading-with-icon icon-left\"><a class=\"heading-link\" href=\"https:\/\/imlauer.com\/imlauer-sky-bar-restaurant\/wp-content\/uploads\/2025\/07\/Bistrokarte_inkl._Fruehstueck_11.07.2025.pdf\" target=\"_blank\" rel=\"noopener noreferrer\"><div aria-hidden=\"true\" class=\"image\"><img decoding=\"async\" class=\"lazyload\" src=\"data:image\/svg+xml,%3Csvg%20xmlns%3D%27http%3A%2F%2Fwww.w3.org%2F2000%2Fsvg%27%20width%3D%27100%27%20height%3D%27100%27%20viewBox%3D%270%200%20100%20100%27%3E%3Crect%20width%3D%27100%27%20height%3D%27100%27%20fill-opacity%3D%220%22%2F%3E%3C%2Fsvg%3E\" data-orig-src=\"https:\/\/imlauer.com\/imlauer-sky-bar-restaurant\/wp-content\/uploads\/2025\/01\/tasse-1.png\" width=\"100\" height=\"100\" alt=\"\" \/><\/div><h2 class=\"content-box-heading\" style=\"--h2_typography-font-size:20px;line-height:25px;\">Fr\u00fchst\u00fcckskarte<\/h2><\/a><\/div><div class=\"fusion-clearfix\"><\/div><div class=\"content-container\">\n<p style=\"text-align: center;\">T\u00e4glich von 09:30 \u2013 14:00 Uhr<\/p>\n<\/div><div class=\"fusion-clearfix\"><\/div><a class=\" fusion-read-more\" href=\"https:\/\/imlauer.com\/imlauer-sky-bar-restaurant\/wp-content\/uploads\/2025\/07\/Bistrokarte_inkl._Fruehstueck_11.07.2025.pdf\" target=\"_blank\" rel=\"noopener noreferrer\">Zur Fr\u00fchst\u00fcckskarte<\/a><div class=\"fusion-clearfix\"><\/div><\/div><\/div><div style=\"--awb-backgroundcolor:#ffffff;--awb-iconcolor:#008ab4;\" class=\"fusion-column content-box-column content-box-column content-box-column-5 col-lg-4 col-md-4 col-sm-4 fusion-content-box-hover \"><div class=\"col content-box-wrapper content-wrapper-background link-area-box link-type-text icon-hover-animation-slide\" data-link=\"https:\/\/imlauer.com\/imlauer-sky-bar-restaurant\/wp-content\/uploads\/2026\/03\/Barkarte-Sky-Bar-Maerz2026-2.0-1.pdf\" data-link-target=\"_blank\" data-animationOffset=\"top-into-view\"><div class=\"heading heading-with-icon icon-left\"><a class=\"heading-link\" href=\"https:\/\/imlauer.com\/imlauer-sky-bar-restaurant\/wp-content\/uploads\/2026\/03\/Barkarte-Sky-Bar-Maerz2026-2.0-1.pdf\" target=\"_blank\" rel=\"noopener noreferrer\"><div aria-hidden=\"true\" class=\"image\"><img decoding=\"async\" class=\"lazyload\" src=\"data:image\/svg+xml,%3Csvg%20xmlns%3D%27http%3A%2F%2Fwww.w3.org%2F2000%2Fsvg%27%20width%3D%27100%27%20height%3D%27100%27%20viewBox%3D%270%200%20100%20100%27%3E%3Crect%20width%3D%27100%27%20height%3D%27100%27%20fill-opacity%3D%220%22%2F%3E%3C%2Fsvg%3E\" data-orig-src=\"https:\/\/imlauer.com\/imlauer-sky-bar-restaurant\/wp-content\/uploads\/2025\/01\/glas.png\" width=\"100\" height=\"100\" alt=\"\" \/><\/div><h2 class=\"content-box-heading\" style=\"--h2_typography-font-size:20px;line-height:25px;\">Cocktailkarte<\/h2><\/a><\/div><div class=\"fusion-clearfix\"><\/div><div class=\"content-container\">\n<p style=\"text-align: center;\">Feinste Auswahl an Spirituosen, Cocktails und Drinks<br \/>\nT\u00e4glich bis 01:00 Uhr<\/p>\n<\/div><div class=\"fusion-clearfix\"><\/div><a class=\" fusion-read-more\" href=\"https:\/\/imlauer.com\/imlauer-sky-bar-restaurant\/wp-content\/uploads\/2026\/03\/Barkarte-Sky-Bar-Maerz2026-2.0-1.pdf\" target=\"_blank\" rel=\"noopener noreferrer\">Zur Cocktailkarte<\/a><div class=\"fusion-clearfix\"><\/div><\/div><\/div><div style=\"--awb-backgroundcolor:#ffffff;--awb-iconcolor:#008ab4;\" class=\"fusion-column content-box-column content-box-column content-box-column-6 col-lg-4 col-md-4 col-sm-4 fusion-content-box-hover content-box-column-last content-box-column-last-in-row\"><div class=\"col content-box-wrapper content-wrapper-background link-area-box link-type-text icon-hover-animation-slide\" data-link=\"https:\/\/imlauer.com\/imlauer-sky-bar-restaurant\/wp-content\/uploads\/2025\/10\/Weinkarte-Sky_29_09.pdf\" data-link-target=\"_blank\" data-animationOffset=\"top-into-view\"><div class=\"heading heading-with-icon icon-left\"><a class=\"heading-link\" href=\"https:\/\/imlauer.com\/imlauer-sky-bar-restaurant\/wp-content\/uploads\/2025\/10\/Weinkarte-Sky_29_09.pdf\" target=\"_blank\" rel=\"noopener noreferrer\"><div aria-hidden=\"true\" class=\"image\"><img decoding=\"async\" class=\"lazyload\" src=\"data:image\/svg+xml,%3Csvg%20xmlns%3D%27http%3A%2F%2Fwww.w3.org%2F2000%2Fsvg%27%20width%3D%27100%27%20height%3D%27100%27%20viewBox%3D%270%200%20100%20100%27%3E%3Crect%20width%3D%27100%27%20height%3D%27100%27%20fill-opacity%3D%220%22%2F%3E%3C%2Fsvg%3E\" data-orig-src=\"https:\/\/imlauer.com\/imlauer-sky-bar-restaurant\/wp-content\/uploads\/2025\/01\/glas.png\" width=\"100\" height=\"100\" alt=\"\" \/><\/div><h2 class=\"content-box-heading\" style=\"--h2_typography-font-size:20px;line-height:25px;\">Weinkarte<\/h2><\/a><\/div><div class=\"fusion-clearfix\"><\/div><div class=\"content-container\">\n<p>Unsere Weinauswahl<\/p>\n<\/div><div class=\"fusion-clearfix\"><\/div><a class=\" fusion-read-more\" href=\"https:\/\/imlauer.com\/imlauer-sky-bar-restaurant\/wp-content\/uploads\/2025\/10\/Weinkarte-Sky_29_09.pdf\" target=\"_blank\" rel=\"noopener noreferrer\">Zur Weinkarte<\/a><div class=\"fusion-clearfix\"><\/div><\/div><\/div><div class=\"fusion-clearfix\"><\/div><\/div><\/div><\/div><\/div><\/div><div class=\"fusion-fullwidth fullwidth-box fusion-builder-row-3 nonhundred-percent-fullwidth non-hundred-percent-height-scrolling fusion-equal-height-columns\" style=\"--awb-border-radius-top-left:0px;--awb-border-radius-top-right:0px;--awb-border-radius-bottom-right:0px;--awb-border-radius-bottom-left:0px;--awb-margin-bottom:30px;--awb-flex-wrap:wrap;\" ><div class=\"fusion-builder-row fusion-row\"><div class=\"fusion-layout-column fusion_builder_column fusion-builder-column-3 fusion_builder_column_1_3 1_3 fusion-one-third fusion-column-first\" style=\"--awb-bg-position:center bottom;--awb-bg-size:cover;--awb-margin-bottom:0px;\"><div class=\"fusion-column-wrapper lazyload fusion-column-has-shadow fusion-flex-column-wrapper-legacy fusion-empty-column-bg-image fusion-column-has-bg-image\" data-bg-url=\"https:\/\/imlauer.com\/imlauer-sky-bar-restaurant\/wp-content\/uploads\/2025\/01\/IMLAUER-Sky-Restaurant-Salat-mit-gebratenen-Rinderfiletstreifen-scaled-1.jpg\" data-bg=\"https:\/\/imlauer.com\/imlauer-sky-bar-restaurant\/wp-content\/uploads\/2025\/01\/IMLAUER-Sky-Restaurant-Salat-mit-gebratenen-Rinderfiletstreifen-scaled-1.jpg\"><img decoding=\"async\" class=\"fusion-empty-dims-img-placeholder fusion-no-large-visibility\" aria-label=\"IMLAUER-Sky-Restaurant-Salat-mit-gebratenen-Rinderfiletstreifen-scaled\" src=\"data:image\/svg+xml,%3Csvg%20xmlns%3D%27http%3A%2F%2Fwww.w3.org%2F2000%2Fsvg%27%20width%3D%272560%27%20height%3D%271707%27%20viewBox%3D%270%200%202560%201707%27%3E%3Crect%20width%3D%272560%27%20height%3D%271707%27%20fill-opacity%3D%220%22%2F%3E%3C%2Fsvg%3E\"><div class=\"fusion-clearfix\"><\/div><\/div><\/div><div class=\"fusion-layout-column fusion_builder_column fusion-builder-column-4 fusion_builder_column_1_3 1_3 fusion-one-third\" style=\"--awb-padding-top:40px;--awb-padding-right:40px;--awb-padding-bottom:40px;--awb-padding-left:40px;--awb-bg-color:#008ab4;--awb-bg-color-hover:#008ab4;--awb-bg-size:cover;--awb-margin-bottom:0px;\"><div class=\"fusion-column-wrapper fusion-column-has-shadow fusion-flex-column-wrapper-legacy\"><div class=\"fusion-text fusion-text-3\"><h3 style=\"text-align: center;\"><em><span style=\"color: #ffffff;\">&#8222;Kein Genuss ist vor\u00fcbergehend, denn der Eindruck, den er zur\u00fcckl\u00e4sst, ist bleibend.&#8220;<\/span><\/em><\/h3>\n<p style=\"letter-spacing: 4px; font-size: 22px; text-align: center; line-height: 22px;\"><span style=\"color: #af9755;\">GOETHE<br \/>\n<\/span><\/p>\n<\/div><div class=\"fusion-clearfix\"><\/div><\/div><\/div><div class=\"fusion-layout-column fusion_builder_column fusion-builder-column-5 fusion_builder_column_1_3 1_3 fusion-one-third fusion-column-last\" style=\"--awb-bg-position:center center;--awb-bg-size:cover;\"><div class=\"fusion-column-wrapper lazyload fusion-column-has-shadow fusion-flex-column-wrapper-legacy fusion-empty-column-bg-image fusion-column-has-bg-image\" data-bg-url=\"https:\/\/imlauer.com\/imlauer-sky-bar-restaurant\/wp-content\/uploads\/2025\/01\/Salzburger-Nockerl-2-Kopie.jpg\" data-bg=\"https:\/\/imlauer.com\/imlauer-sky-bar-restaurant\/wp-content\/uploads\/2025\/01\/Salzburger-Nockerl-2-Kopie.jpg\"><img decoding=\"async\" class=\"fusion-empty-dims-img-placeholder fusion-no-large-visibility\" aria-label=\"Salzburger-Nockerl-2-Kopie\" src=\"data:image\/svg+xml,%3Csvg%20xmlns%3D%27http%3A%2F%2Fwww.w3.org%2F2000%2Fsvg%27%20width%3D%271000%27%20height%3D%27667%27%20viewBox%3D%270%200%201000%20667%27%3E%3Crect%20width%3D%271000%27%20height%3D%27667%27%20fill-opacity%3D%220%22%2F%3E%3C%2Fsvg%3E\"><div class=\"fusion-clearfix\"><\/div><\/div><\/div><\/div><\/div><\/p>\n","protected":false},"excerpt":{"rendered":"","protected":false},"author":1,"featured_media":0,"parent":0,"menu_order":0,"comment_status":"closed","ping_status":"closed","template":"100-width.php","meta":{"footnotes":""},"class_list":["post-45","page","type-page","status-publish","hentry"],"_links":{"self":[{"href":"https:\/\/imlauer.com\/imlauer-sky-bar-restaurant\/wp-json\/wp\/v2\/pages\/45","targetHints":{"allow":["GET"]}}],"collection":[{"href":"https:\/\/imlauer.com\/imlauer-sky-bar-restaurant\/wp-json\/wp\/v2\/pages"}],"about":[{"href":"https:\/\/imlauer.com\/imlauer-sky-bar-restaurant\/wp-json\/wp\/v2\/types\/page"}],"author":[{"embeddable":true,"href":"https:\/\/imlauer.com\/imlauer-sky-bar-restaurant\/wp-json\/wp\/v2\/users\/1"}],"replies":[{"embeddable":true,"href":"https:\/\/imlauer.com\/imlauer-sky-bar-restaurant\/wp-json\/wp\/v2\/comments?post=45"}],"version-history":[{"count":48,"href":"https:\/\/imlauer.com\/imlauer-sky-bar-restaurant\/wp-json\/wp\/v2\/pages\/45\/revisions"}],"predecessor-version":[{"id":17477,"href":"https:\/\/imlauer.com\/imlauer-sky-bar-restaurant\/wp-json\/wp\/v2\/pages\/45\/revisions\/17477"}],"wp:attachment":[{"href":"https:\/\/imlauer.com\/imlauer-sky-bar-restaurant\/wp-json\/wp\/v2\/media?parent=45"}],"curies":[{"name":"wp","href":"https:\/\/api.w.org\/{rel}","templated":true}]}}