{"id":47,"date":"2025-01-28T13:31:28","date_gmt":"2025-01-28T13:31:28","guid":{"rendered":"https:\/\/imlauer.com\/imlauer-sky-bar-restaurant\/regionalitaet\/"},"modified":"2026-02-13T15:09:30","modified_gmt":"2026-02-13T15:09:30","slug":"regionalitaet","status":"publish","type":"page","link":"https:\/\/imlauer.com\/imlauer-sky-bar-restaurant\/regionalitaet\/","title":{"rendered":"Regionalit\u00e4t"},"content":{"rendered":"<p><div class=\"fusion-fullwidth fullwidth-box fusion-builder-row-1 nonhundred-percent-fullwidth non-hundred-percent-height-scrolling fusion-equal-height-columns\" style=\"--awb-background-position:left top;--awb-border-sizes-top:0px;--awb-border-sizes-bottom:0px;--awb-border-sizes-left:0px;--awb-border-sizes-right:0px;--awb-border-radius-top-left:0px;--awb-border-radius-top-right:0px;--awb-border-radius-bottom-right:0px;--awb-border-radius-bottom-left:0px;--awb-padding-top:0px;--awb-padding-bottom:40px;--awb-margin-top:40px;--awb-flex-wrap:wrap;\" ><div class=\"fusion-builder-row fusion-row\"><div class=\"fusion-layout-column fusion_builder_column fusion-builder-column-0 fusion_builder_column_1_2 1_2 fusion-one-half fusion-column-first\" style=\"--awb-padding-top:40px;--awb-padding-right:40px;--awb-padding-bottom:40px;--awb-padding-left:40px;--awb-bg-color:#ffffff;--awb-bg-color-hover:#ffffff;--awb-bg-size:cover;--awb-border-color:#ebeef1;--awb-border-top:0px;--awb-border-right:0px;--awb-border-bottom:0px;--awb-border-left:0px;--awb-border-style:solid;width:48%; margin-right: 4%;\"><div class=\"fusion-column-wrapper fusion-column-has-shadow fusion-flex-column-wrapper-legacy\"><div class=\"fusion-column-content-centered\"><div class=\"fusion-column-content\"><div class=\"fusion-image-element fusion-image-align-center in-legacy-container\" style=\"text-align:center;--awb-caption-title-font-family:var(--h2_typography-font-family);--awb-caption-title-font-weight:var(--h2_typography-font-weight);--awb-caption-title-font-style:var(--h2_typography-font-style);--awb-caption-title-size:var(--h2_typography-font-size);--awb-caption-title-transform:var(--h2_typography-text-transform);--awb-caption-title-line-height:var(--h2_typography-line-height);--awb-caption-title-letter-spacing:var(--h2_typography-letter-spacing);\"><div class=\"imageframe-align-center\"><span class=\" fusion-imageframe imageframe-none imageframe-1 hover-type-none\"><img decoding=\"async\" width=\"1000\" height=\"798\" title=\"Maria_Plain_01\" src=\"https:\/\/imlauer.com\/imlauer-sky-bar-restaurant\/wp-content\/uploads\/2025\/01\/Maria_Plain_01.jpg\" data-orig-src=\"https:\/\/imlauer.com\/imlauer-sky-bar-restaurant\/wp-content\/uploads\/2025\/01\/Maria_Plain_01.jpg\" alt class=\"lazyload img-responsive wp-image-280\" srcset=\"data:image\/svg+xml,%3Csvg%20xmlns%3D%27http%3A%2F%2Fwww.w3.org%2F2000%2Fsvg%27%20width%3D%271000%27%20height%3D%27798%27%20viewBox%3D%270%200%201000%20798%27%3E%3Crect%20width%3D%271000%27%20height%3D%27798%27%20fill-opacity%3D%220%22%2F%3E%3C%2Fsvg%3E\" data-srcset=\"https:\/\/imlauer.com\/imlauer-sky-bar-restaurant\/wp-content\/uploads\/2025\/01\/Maria_Plain_01-200x160.jpg 200w, https:\/\/imlauer.com\/imlauer-sky-bar-restaurant\/wp-content\/uploads\/2025\/01\/Maria_Plain_01-400x319.jpg 400w, https:\/\/imlauer.com\/imlauer-sky-bar-restaurant\/wp-content\/uploads\/2025\/01\/Maria_Plain_01-600x479.jpg 600w, https:\/\/imlauer.com\/imlauer-sky-bar-restaurant\/wp-content\/uploads\/2025\/01\/Maria_Plain_01-800x638.jpg 800w, https:\/\/imlauer.com\/imlauer-sky-bar-restaurant\/wp-content\/uploads\/2025\/01\/Maria_Plain_01.jpg 1000w\" data-sizes=\"auto\" data-orig-sizes=\"(max-width: 800px) 100vw, 600px\" \/><\/span><\/div><\/div><\/div><\/div><div class=\"fusion-clearfix\"><\/div><\/div><\/div><div class=\"fusion-layout-column fusion_builder_column fusion-builder-column-1 fusion_builder_column_1_2 1_2 fusion-one-half fusion-column-last\" style=\"--awb-bg-blend:overlay;--awb-bg-size:cover;width:48%;\"><div class=\"fusion-column-wrapper fusion-column-has-shadow fusion-flex-column-wrapper-legacy\"><div class=\"fusion-column-content-centered\"><div class=\"fusion-column-content\"><div class=\"fusion-text fusion-text-1\"><p style=\"letter-spacing: 4px; font-size: 13px; text-align: center; margin-bottom: 0px; text-transform: uppercase;\">NACHHALTIG. ECHT. GUT.<\/p>\n<h2 style=\"text-align: center; font-size: 25px;\">DER GESCHMACK DER REGION<\/h2>\n<\/div><div class=\"fusion-text fusion-text-2\"><p style=\"text-align: center;\">Was auf Salzburgs Grund und Boden w\u00e4chst, hat Qualit\u00e4t. Davon sind wir \u00fcberzeugt.<br \/>\nWir stehen zu hundert Prozent hinter den <strong>Naturprodukten<\/strong>, die unsere Region zu bieten hat. Weil Sie <strong>beste Qualit\u00e4t<\/strong> einfach schmecken werden.<br \/>\nDeshalb, und weil uns als Familienunternehmen die Region am Herzen liegt, beziehen wir unsere <strong>Produkte von lokalen Partnern<\/strong>.<\/p>\n<\/div><div class=\"fusion-aligncenter\"><a class=\"fusion-button button-flat button-large button-custom fusion-button-default button-1 fusion-button-default-span fusion-button-default-type fusion-has-button-gradient\" style=\"--button_accent_color:#af9755;--button_accent_hover_color:#ffffff;--button_border_hover_color:#af9755;--button_border_width-top:2px;--button_border_width-right:2px;--button_border_width-bottom:2px;--button_border_width-left:2px;--button-border-radius-top-left:15px;--button-border-radius-top-right:15px;--button-border-radius-bottom-right:15px;--button-border-radius-bottom-left:15px;--button_gradient_top_color:#ffffff;--button_gradient_bottom_color:rgba(255,255,255,0.65);--button_gradient_top_color_hover:#af9755;--button_gradient_bottom_color_hover:#af9755;--button_text_transform:none;\" target=\"_self\" href=\"#\" data-toggle=\"modal\" data-target=\".fusion-modal.gutscheine\"><span class=\"fusion-button-icon-divider button-icon-divider-left\"><i class=\"fa-gift fas awb-button__icon awb-button__icon--default\" aria-hidden=\"true\"><\/i><\/span><span class=\"fusion-button-text awb-button__text awb-button__text--default fusion-button-text-left\">Gutschein online kaufen<\/span><\/a><\/div><div class=\"fusion-modal modal fade modal-1 gutscheine\" tabindex=\"-1\" role=\"dialog\" aria-labelledby=\"modal-heading-1\" aria-hidden=\"true\" style=\"--awb-border-color:#ebebeb;--awb-background:#f6f6f6;\"><div class=\"modal-dialog modal-lg\" role=\"document\"><div class=\"modal-content fusion-modal-content\"><div class=\"modal-header\"><button class=\"close\" type=\"button\" data-dismiss=\"modal\" aria-hidden=\"true\" aria-label=\"Close\">&times;<\/button><h3 class=\"modal-title\" id=\"modal-heading-1\" data-dismiss=\"modal\" aria-hidden=\"true\"><\/h3><\/div><div class=\"modal-body fusion-clearfix\">\n<p><iframe src=\"https:\/\/shop.imlauer.com\" width=\"100%\" height=\"2000\" frameborder=\"0\" allowfullscreen=\"allowfullscreen\"><\/iframe><\/p>\n<\/div><div class=\"modal-footer\"><button class=\"fusion-button button-default button-medium button default medium\" type=\"button\" data-dismiss=\"modal\">Close<\/button><\/div><\/div><\/div><\/div><\/div><\/div><div class=\"fusion-clearfix\"><\/div><\/div><\/div><\/div><\/div><div class=\"fusion-fullwidth fullwidth-box fusion-builder-row-2 hundred-percent-fullwidth non-hundred-percent-height-scrolling fusion-equal-height-columns fusion-no-small-visibility fusion-no-medium-visibility\" style=\"--awb-border-radius-top-left:0px;--awb-border-radius-top-right:0px;--awb-border-radius-bottom-right:0px;--awb-border-radius-bottom-left:0px;--awb-padding-top:4%;--awb-padding-right:6%;--awb-padding-bottom:3%;--awb-padding-left:6%;--awb-background-color:#f7f7f7;--awb-flex-wrap:wrap;\" ><div class=\"fusion-builder-row fusion-row\"><div class=\"fusion-layout-column fusion_builder_column fusion-builder-column-2 fusion_builder_column_1_2 1_2 fusion-one-half fusion-column-first fusion-animated\" style=\"--awb-padding-top:15%;--awb-padding-right:11%;--awb-padding-bottom:15%;--awb-padding-left:10%;--awb-bg-color:#ffffff;--awb-bg-color-hover:#ffffff;--awb-bg-size:cover;--awb-margin-bottom:0px;width:50%;width:calc(50% - ( ( 0 ) * 0.5 ) );margin-right: 0px;\" data-animationType=\"fadeInLeft\" data-animationDuration=\"0.8\" data-animationOffset=\"top-into-view\" id=\"region\"><div class=\"fusion-column-wrapper fusion-column-has-shadow fusion-flex-column-wrapper-legacy\"><div class=\"fusion-column-content-centered\"><div class=\"fusion-column-content\"><div class=\"fusion-text fusion-text-3\"><p style=\"text-align: center;\">Brot und Geb\u00e4ck stammen beispielsweise von der <strong>B\u00e4ckerei R\u00f6sslhuber<\/strong> in Bergheim, die Eier vom <strong>Saalfeldener Bio-Hof<\/strong>. Das frische, saisonale Obst und Gem\u00fcse beziehen wir von den <strong>Walser Bauern<\/strong> und Fisch und Meeresfr\u00fcchte vom <strong>Fischhandel Gr\u00fcll<\/strong> in Gr\u00f6dig. Fleisch und Wurst liefert uns die <strong>Fleischerei Renner<\/strong> in Siezenheim.<\/p>\n<\/div><\/div><\/div><div class=\"fusion-clearfix\"><\/div><\/div><\/div><div class=\"fusion-layout-column fusion_builder_column fusion-builder-column-3 fusion_builder_column_1_2 1_2 fusion-one-half fusion-column-last fusion-animated\" style=\"--awb-padding-top:0px;--awb-padding-right:0px;--awb-padding-bottom:0px;--awb-padding-left:0px;--awb-bg-position:center center;--awb-bg-size:cover;--awb-margin-bottom:0px;width:50%;width:calc(50% - ( ( 0 ) * 0.5 ) );\" data-animationType=\"fadeInRight\" data-animationDuration=\"0.8\" data-animationOffset=\"top-into-view\"><div class=\"fusion-column-wrapper lazyload fusion-column-has-shadow fusion-flex-column-wrapper-legacy fusion-empty-column-bg-image fusion-column-has-bg-image\" data-bg-url=\"https:\/\/imlauer.com\/imlauer-sky-bar-restaurant\/wp-content\/uploads\/2025\/01\/Fruestueck_Kinder_Huehner.jpg\" data-bg=\"https:\/\/imlauer.com\/imlauer-sky-bar-restaurant\/wp-content\/uploads\/2025\/01\/Fruestueck_Kinder_Huehner.jpg\"><div class=\"fusion-column-content-centered\"><div class=\"fusion-column-content\"><img decoding=\"async\" class=\"fusion-empty-dims-img-placeholder fusion-no-large-visibility\" aria-label=\"Fruestueck_Kinder_Huehner\" src=\"data:image\/svg+xml,%3Csvg%20xmlns%3D%27http%3A%2F%2Fwww.w3.org%2F2000%2Fsvg%27%20width%3D%27645%27%20height%3D%27430%27%20viewBox%3D%270%200%20645%20430%27%3E%3Crect%20width%3D%27645%27%20height%3D%27430%27%20fill-opacity%3D%220%22%2F%3E%3C%2Fsvg%3E\"><\/div><\/div><div class=\"fusion-clearfix\"><\/div><\/div><\/div><div class=\"fusion-layout-column fusion_builder_column fusion-builder-column-4 fusion_builder_column_1_2 1_2 fusion-one-half fusion-column-first fusion-animated\" style=\"--awb-padding-top:0px;--awb-padding-right:0px;--awb-padding-bottom:0px;--awb-padding-left:0px;--awb-bg-position:center center;--awb-bg-size:cover;--awb-margin-bottom:0px;width:50%;width:calc(50% - ( ( 0 ) * 0.5 ) );margin-right: 0px;\" data-animationType=\"fadeInRight\" data-animationDuration=\"0.8\" data-animationOffset=\"top-into-view\"><div class=\"fusion-column-wrapper lazyload fusion-column-has-shadow fusion-flex-column-wrapper-legacy fusion-empty-column-bg-image fusion-column-has-bg-image\" data-bg-url=\"https:\/\/imlauer.com\/imlauer-sky-bar-restaurant\/wp-content\/uploads\/2025\/01\/IMLAUER-hotel-pitter-salzburg-frisches-brot.jpg\" data-bg=\"https:\/\/imlauer.com\/imlauer-sky-bar-restaurant\/wp-content\/uploads\/2025\/01\/IMLAUER-hotel-pitter-salzburg-frisches-brot.jpg\"><div class=\"fusion-column-content-centered\"><div class=\"fusion-column-content\"><img decoding=\"async\" class=\"fusion-empty-dims-img-placeholder fusion-no-large-visibility\" aria-label=\"IMLAUER-hotel-pitter-salzburg-frisches-brot\" src=\"data:image\/svg+xml,%3Csvg%20xmlns%3D%27http%3A%2F%2Fwww.w3.org%2F2000%2Fsvg%27%20width%3D%27800%27%20height%3D%27534%27%20viewBox%3D%270%200%20800%20534%27%3E%3Crect%20width%3D%27800%27%20height%3D%27534%27%20fill-opacity%3D%220%22%2F%3E%3C%2Fsvg%3E\"><\/div><\/div><div class=\"fusion-clearfix\"><\/div><\/div><\/div><div class=\"fusion-layout-column fusion_builder_column fusion-builder-column-5 fusion_builder_column_1_2 1_2 fusion-one-half fusion-column-last fusion-animated\" style=\"--awb-padding-top:5%;--awb-padding-right:11%;--awb-padding-bottom:5%;--awb-padding-left:10%;--awb-bg-color:#ffffff;--awb-bg-color-hover:#ffffff;--awb-bg-size:cover;--awb-margin-bottom:0px;width:50%;width:calc(50% - ( ( 0 ) * 0.5 ) );\" data-animationType=\"fadeInLeft\" data-animationDuration=\"0.8\" data-animationOffset=\"top-into-view\"><div class=\"fusion-column-wrapper fusion-column-has-shadow fusion-flex-column-wrapper-legacy\"><div class=\"fusion-column-content-centered\"><div class=\"fusion-column-content\"><div class=\"fusion-text fusion-text-4\"><p style=\"text-align: center;\">Mit diesem konsequenten <strong>Fokus auf Regionalit\u00e4t<\/strong> garantieren wir Ihnen das ganze Jahr \u00fcber beste Qualit\u00e4t in h\u00f6chstm\u00f6glicher Frische. Wir schaffen lokale Wertsch\u00f6pfung und halten die Lieferwege kurz \u2013 und leisten damit einen <strong>Beitrag zur Nachhaltigkeit<\/strong>.<\/p>\n<p style=\"text-align: center;\">Und hier schlie\u00dft sich der Kreis zum <strong>Familienunternehmen<\/strong> \u2013 schlie\u00dflich muss es uns als familiengef\u00fchrter Betrieb ein Anliegen sein, <strong>ressourcenschonend<\/strong> zu arbeiten. Ganz im Sinne der Generationen, die nach uns kommen.<\/p>\n<\/div><\/div><\/div><div class=\"fusion-clearfix\"><\/div><\/div><\/div><\/div><\/div><div class=\"fusion-fullwidth fullwidth-box fusion-builder-row-3 hundred-percent-fullwidth non-hundred-percent-height-scrolling fusion-equal-height-columns fusion-no-large-visibility\" style=\"--awb-border-radius-top-left:0px;--awb-border-radius-top-right:0px;--awb-border-radius-bottom-right:0px;--awb-border-radius-bottom-left:0px;--awb-padding-top:4%;--awb-padding-right:6%;--awb-padding-bottom:3%;--awb-padding-left:6%;--awb-background-color:#f7f7f7;--awb-flex-wrap:wrap;\" ><div class=\"fusion-builder-row fusion-row\"><div class=\"fusion-layout-column fusion_builder_column fusion-builder-column-6 fusion_builder_column_1_2 1_2 fusion-one-half fusion-column-first fusion-animated\" style=\"--awb-padding-top:200px;--awb-padding-right:0px;--awb-padding-bottom:200px;--awb-padding-left:0px;--awb-bg-position:center center;--awb-bg-size:cover;--awb-margin-bottom:0px;width:50%;width:calc(50% - ( ( 0 ) * 0.5 ) );margin-right: 0px;\" data-animationType=\"fadeInRight\" data-animationDuration=\"0.8\" data-animationOffset=\"top-into-view\"><div class=\"fusion-column-wrapper lazyload fusion-column-has-shadow fusion-flex-column-wrapper-legacy fusion-empty-column-bg-image fusion-column-has-bg-image\" data-bg-url=\"https:\/\/imlauer.com\/imlauer-sky-bar-restaurant\/wp-content\/uploads\/sites\/3\/2019\/10\/Fruestueck_Kinder_Huehner.jpg\" data-bg=\"https:\/\/imlauer.com\/imlauer-sky-bar-restaurant\/wp-content\/uploads\/sites\/3\/2019\/10\/Fruestueck_Kinder_Huehner.jpg\"><div class=\"fusion-column-content-centered\"><div class=\"fusion-column-content\"><img decoding=\"async\" class=\"fusion-empty-dims-img-placeholder fusion-no-large-visibility\" src=\"data:image\/gif;base64,R0lGODlhAQABAAAAACH5BAEKAAEALAAAAAABAAEAAAICTAEAOw==\"><\/div><\/div><div class=\"fusion-clearfix\"><\/div><\/div><\/div><div class=\"fusion-layout-column fusion_builder_column fusion-builder-column-7 fusion_builder_column_1_2 1_2 fusion-one-half fusion-column-last fusion-animated\" style=\"--awb-padding-top:15%;--awb-padding-right:11%;--awb-padding-bottom:15%;--awb-padding-left:10%;--awb-bg-color:#ffffff;--awb-bg-color-hover:#ffffff;--awb-bg-size:cover;--awb-margin-bottom:0px;width:50%;width:calc(50% - ( ( 0 ) * 0.5 ) );\" data-animationType=\"fadeInLeft\" data-animationDuration=\"0.8\" data-animationOffset=\"top-into-view\" id=\"region\"><div class=\"fusion-column-wrapper fusion-column-has-shadow fusion-flex-column-wrapper-legacy\"><div class=\"fusion-column-content-centered\"><div class=\"fusion-column-content\"><div class=\"fusion-text fusion-text-5\"><p style=\"text-align: center;\">Brot und Geb\u00e4ck stammen beispielsweise von der <strong>B\u00e4ckerei R\u00f6sslhuber<\/strong> in Bergheim, die Eier vom <strong>Saalfeldener Bio-Hof<\/strong>. Das frische, saisonale Obst und Gem\u00fcse beziehen wir von den <strong>Walser Bauern<\/strong> und Fisch und Meeresfr\u00fcchte vom <strong>Fischhandel Gr\u00fcll<\/strong> in Gr\u00f6dig. Fleisch und Wurst liefert uns die <strong>Fleischerei Renner<\/strong> in Siezenheim.<\/p>\n<\/div><\/div><\/div><div class=\"fusion-clearfix\"><\/div><\/div><\/div><div class=\"fusion-layout-column fusion_builder_column fusion-builder-column-8 fusion_builder_column_1_2 1_2 fusion-one-half fusion-column-first fusion-animated\" style=\"--awb-padding-top:200px;--awb-padding-bottom:200px;--awb-bg-position:center center;--awb-bg-size:cover;--awb-margin-bottom:0px;width:50%;width:calc(50% - ( ( 0 ) * 0.5 ) );margin-right: 0px;\" data-animationType=\"fadeInRight\" data-animationDuration=\"0.8\" data-animationOffset=\"top-into-view\"><div class=\"fusion-column-wrapper lazyload fusion-column-has-shadow fusion-flex-column-wrapper-legacy fusion-empty-column-bg-image fusion-column-has-bg-image\" data-bg-url=\"https:\/\/imlauer.com\/imlauer-sky-bar-restaurant\/wp-content\/uploads\/sites\/3\/2019\/09\/IMLAUER-hotel-pitter-salzburg-frisches-brot.jpg\" data-bg=\"https:\/\/imlauer.com\/imlauer-sky-bar-restaurant\/wp-content\/uploads\/sites\/3\/2019\/09\/IMLAUER-hotel-pitter-salzburg-frisches-brot.jpg\"><div class=\"fusion-column-content-centered\"><div class=\"fusion-column-content\"><img decoding=\"async\" class=\"fusion-empty-dims-img-placeholder fusion-no-large-visibility\" src=\"data:image\/gif;base64,R0lGODlhAQABAAAAACH5BAEKAAEALAAAAAABAAEAAAICTAEAOw==\"><\/div><\/div><div class=\"fusion-clearfix\"><\/div><\/div><\/div><div class=\"fusion-layout-column fusion_builder_column fusion-builder-column-9 fusion_builder_column_1_2 1_2 fusion-one-half fusion-column-last fusion-animated\" style=\"--awb-padding-top:5%;--awb-padding-right:11%;--awb-padding-bottom:5%;--awb-padding-left:10%;--awb-bg-color:#ffffff;--awb-bg-color-hover:#ffffff;--awb-bg-size:cover;--awb-margin-bottom:0px;width:50%;width:calc(50% - ( ( 0 ) * 0.5 ) );\" data-animationType=\"fadeInLeft\" data-animationDuration=\"0.8\" data-animationOffset=\"top-into-view\"><div class=\"fusion-column-wrapper fusion-column-has-shadow fusion-flex-column-wrapper-legacy\"><div class=\"fusion-column-content-centered\"><div class=\"fusion-column-content\"><div class=\"fusion-text fusion-text-6\"><p style=\"text-align: center;\">Mit diesem konsequenten <strong>Fokus auf Regionalit\u00e4t<\/strong> garantieren wir Ihnen das ganze Jahr \u00fcber beste Qualit\u00e4t in h\u00f6chstm\u00f6glicher Frische. Wir schaffen lokale Wertsch\u00f6pfung und halten die Lieferwege kurz \u2013 und leisten damit einen <strong>Beitrag zur Nachhaltigkeit<\/strong>.<\/p>\n<p style=\"text-align: center;\">Und hier schlie\u00dft sich der Kreis zum <strong>Familienunternehmen<\/strong> \u2013 schlie\u00dflich muss es uns als familiengef\u00fchrter Betrieb ein Anliegen sein, <strong>ressourcenschonend<\/strong> zu arbeiten. Ganz im Sinne der Generationen, die nach uns kommen.<\/p>\n<\/div><\/div><\/div><div class=\"fusion-clearfix\"><\/div><\/div><\/div><\/div><\/div><\/p>\n","protected":false},"excerpt":{"rendered":"","protected":false},"author":1,"featured_media":0,"parent":0,"menu_order":0,"comment_status":"closed","ping_status":"closed","template":"100-width.php","meta":{"footnotes":""},"class_list":["post-47","page","type-page","status-publish","hentry"],"_links":{"self":[{"href":"https:\/\/imlauer.com\/imlauer-sky-bar-restaurant\/wp-json\/wp\/v2\/pages\/47","targetHints":{"allow":["GET"]}}],"collection":[{"href":"https:\/\/imlauer.com\/imlauer-sky-bar-restaurant\/wp-json\/wp\/v2\/pages"}],"about":[{"href":"https:\/\/imlauer.com\/imlauer-sky-bar-restaurant\/wp-json\/wp\/v2\/types\/page"}],"author":[{"embeddable":true,"href":"https:\/\/imlauer.com\/imlauer-sky-bar-restaurant\/wp-json\/wp\/v2\/users\/1"}],"replies":[{"embeddable":true,"href":"https:\/\/imlauer.com\/imlauer-sky-bar-restaurant\/wp-json\/wp\/v2\/comments?post=47"}],"version-history":[{"count":6,"href":"https:\/\/imlauer.com\/imlauer-sky-bar-restaurant\/wp-json\/wp\/v2\/pages\/47\/revisions"}],"predecessor-version":[{"id":17208,"href":"https:\/\/imlauer.com\/imlauer-sky-bar-restaurant\/wp-json\/wp\/v2\/pages\/47\/revisions\/17208"}],"wp:attachment":[{"href":"https:\/\/imlauer.com\/imlauer-sky-bar-restaurant\/wp-json\/wp\/v2\/media?parent=47"}],"curies":[{"name":"wp","href":"https:\/\/api.w.org\/{rel}","templated":true}]}}