{"id":49,"date":"2025-01-28T13:31:28","date_gmt":"2025-01-28T13:31:28","guid":{"rendered":"https:\/\/imlauer.com\/imlauer-sky-bar-restaurant\/restaurant-imlauer-am-kapitelplatz\/"},"modified":"2025-11-17T08:56:42","modified_gmt":"2025-11-17T08:56:42","slug":"kapitelplatz","status":"publish","type":"page","link":"https:\/\/imlauer.com\/imlauer-sky-bar-restaurant\/kapitelplatz\/","title":{"rendered":"Restaurant IMLAUER am Kapitelplatz"},"content":{"rendered":"<p><div class=\"fusion-fullwidth fullwidth-box fusion-builder-row-1 fusion-flex-container nonhundred-percent-fullwidth non-hundred-percent-height-scrolling\" style=\"--awb-background-position:left top;--awb-border-sizes-top:0px;--awb-border-sizes-bottom:0px;--awb-border-sizes-left:0px;--awb-border-sizes-right:0px;--awb-border-radius-top-left:0px;--awb-border-radius-top-right:0px;--awb-border-radius-bottom-right:0px;--awb-border-radius-bottom-left:0px;--awb-padding-top:0px;--awb-padding-bottom:15px;--awb-margin-top:40px;--awb-flex-wrap:wrap;\" ><div class=\"fusion-builder-row fusion-row fusion-flex-align-items-stretch fusion-flex-content-wrap\" style=\"max-width:1352px;margin-left: calc(-4% \/ 2 );margin-right: calc(-4% \/ 2 );\"><div class=\"fusion-layout-column fusion_builder_column fusion-builder-column-0 fusion_builder_column_1_2 1_2 fusion-flex-column\" style=\"--awb-padding-top:40px;--awb-padding-right:40px;--awb-padding-bottom:40px;--awb-padding-left:40px;--awb-bg-color:#ffffff;--awb-bg-color-hover:#ffffff;--awb-bg-size:cover;--awb-border-color:#ebeef1;--awb-border-top:0;--awb-border-right:0;--awb-border-bottom:0;--awb-border-left:0;--awb-border-style:solid;--awb-width-large:50%;--awb-margin-top-large:0px;--awb-spacing-right-large:3.84%;--awb-margin-bottom-large:20px;--awb-spacing-left-large:3.84%;--awb-width-medium:100%;--awb-spacing-right-medium:1.92%;--awb-spacing-left-medium:1.92%;--awb-width-small:100%;--awb-spacing-right-small:1.92%;--awb-spacing-left-small:1.92%;\"><div class=\"fusion-column-wrapper fusion-column-has-shadow fusion-flex-justify-content-flex-start fusion-content-layout-column\"><div class=\"fusion-image-element \" style=\"text-align:center;--awb-liftup-border-radius:0px;--awb-caption-title-font-family:var(--h2_typography-font-family);--awb-caption-title-font-weight:var(--h2_typography-font-weight);--awb-caption-title-font-style:var(--h2_typography-font-style);--awb-caption-title-size:var(--h2_typography-font-size);--awb-caption-title-transform:var(--h2_typography-text-transform);--awb-caption-title-line-height:var(--h2_typography-line-height);--awb-caption-title-letter-spacing:var(--h2_typography-letter-spacing);\"><div class=\"awb-image-frame awb-image-frame-1 imageframe-liftup\"><span class=\" fusion-imageframe imageframe-none imageframe-1\"><a href=\"https:\/\/imlauer.com\/imlauer-sky-bar-restaurant\/wp-content\/uploads\/2025\/01\/Festspielnaechte2010_36a-683x1024-1.jpg\" class=\"fusion-lightbox\" data-rel=\"iLightbox[81be4022069af6d568a]\" data-caption=\"Siemens Festspieln\u008achte am Kapitelplatz, Salzburger Festspiele 2010, Foto: Andreas Kolarik\/Repolusk, 26.07.2010\" data-title=\"Festspielna\u0308chte2010_36a-683&#215;1024\" title=\"Festspielna\u0308chte2010_36a-683&#215;1024\"><img decoding=\"async\" width=\"683\" height=\"1024\" src=\"https:\/\/imlauer.com\/imlauer-sky-bar-restaurant\/wp-content\/uploads\/2025\/01\/Festspielnaechte2010_36a-683x1024-1.jpg\" data-orig-src=\"https:\/\/imlauer.com\/imlauer-sky-bar-restaurant\/wp-content\/uploads\/2025\/01\/Festspielnaechte2010_36a-683x1024-1.jpg\" alt class=\"lazyload img-responsive wp-image-296\" srcset=\"data:image\/svg+xml,%3Csvg%20xmlns%3D%27http%3A%2F%2Fwww.w3.org%2F2000%2Fsvg%27%20width%3D%27683%27%20height%3D%271024%27%20viewBox%3D%270%200%20683%201024%27%3E%3Crect%20width%3D%27683%27%20height%3D%271024%27%20fill-opacity%3D%220%22%2F%3E%3C%2Fsvg%3E\" data-srcset=\"https:\/\/imlauer.com\/imlauer-sky-bar-restaurant\/wp-content\/uploads\/2025\/01\/Festspielnaechte2010_36a-683x1024-1-200x300.jpg 200w, https:\/\/imlauer.com\/imlauer-sky-bar-restaurant\/wp-content\/uploads\/2025\/01\/Festspielnaechte2010_36a-683x1024-1-400x600.jpg 400w, https:\/\/imlauer.com\/imlauer-sky-bar-restaurant\/wp-content\/uploads\/2025\/01\/Festspielnaechte2010_36a-683x1024-1-600x900.jpg 600w, https:\/\/imlauer.com\/imlauer-sky-bar-restaurant\/wp-content\/uploads\/2025\/01\/Festspielnaechte2010_36a-683x1024-1.jpg 683w\" data-sizes=\"auto\" data-orig-sizes=\"(max-width: 1024px) 100vw, (max-width: 640px) 100vw, 600px\" \/><\/a><\/span><\/div><\/div><\/div><\/div><div class=\"fusion-layout-column fusion_builder_column fusion-builder-column-1 fusion_builder_column_1_2 1_2 fusion-flex-column\" style=\"--awb-bg-blend:overlay;--awb-bg-size:cover;--awb-width-large:50%;--awb-margin-top-large:0px;--awb-spacing-right-large:3.84%;--awb-margin-bottom-large:20px;--awb-spacing-left-large:3.84%;--awb-width-medium:100%;--awb-spacing-right-medium:1.92%;--awb-spacing-left-medium:1.92%;--awb-width-small:100%;--awb-spacing-right-small:1.92%;--awb-spacing-left-small:1.92%;\"><div class=\"fusion-column-wrapper fusion-column-has-shadow fusion-flex-justify-content-center fusion-content-layout-column\"><div class=\"fusion-text fusion-text-1\"><p style=\"letter-spacing: 4px; font-size: 13px; text-align: center; margin-bottom: 0px;\">THE PLACE TO ENJOY CULTURE AND CULINARY DELIGHTS WITH A WONDERFUL VIEW<\/p>\n<h1 style=\"text-align: center;\"><strong>Wir bedanken uns f\u00fcr 25 Jahre <br \/>Open Air Restaurant IMLAUER <\/strong><strong>am Kapitelplatz<\/strong><\/h1>\n<h2 style=\"text-align: center;\">\u00a0<\/h2>\n<\/div><div class=\"fusion-text fusion-text-2\"><div class=\"fusion-text content\" style=\"text-align: center;\">Das Open Air Restaurant IMLAUER am Kapitelplatz verw\u00f6hnte 25 Jahre lang zur Festspielzeit \u201eJedermanns\u201c Gaumen.\u00a0\u00a0<\/div>\n<\/div><div class=\"fusion-separator fusion-full-width-sep\" style=\"align-self: center;margin-left: auto;margin-right: auto;margin-top:40px;width:100%;\"><\/div><div class=\"fusion-text fusion-text-3\"><p style=\"text-align: center;\">2025 war unser letztes Jahr am Kapitelplatz. Wir bedanken uns bei unseren Partnern f\u00fcr die gute Zusammenarbeit und vor allem bei unseren G\u00e4sten f\u00fcr die Treue und sind froh und dankbar f\u00fcr die vielen au\u00dfergew\u00f6hnlichen Momente.<\/p>\n<p style=\"text-align: center;\">Verw\u00f6hnen werden wir Sie weiterhin in unseren <a href=\"http:\/\/www.imlauer.com\/restaurants\">IMLAUER Restaurants\u00a0<\/a><\/p>\n<p style=\"text-align: center;\">\u00a0<\/p>\n<\/div><\/div><\/div><\/div><\/div><div class=\"fusion-fullwidth fullwidth-box fusion-builder-row-2 nonhundred-percent-fullwidth non-hundred-percent-height-scrolling fusion-no-small-visibility\" style=\"--awb-border-radius-top-left:0px;--awb-border-radius-top-right:0px;--awb-border-radius-bottom-right:0px;--awb-border-radius-bottom-left:0px;--awb-flex-wrap:wrap;\" ><div class=\"fusion-builder-row fusion-row\"><div class=\"fusion-layout-column fusion_builder_column fusion-builder-column-2 fusion_builder_column_1_1 1_1 fusion-one-full fusion-column-first fusion-column-last\" style=\"--awb-bg-blend:overlay;--awb-bg-size:cover;--awb-margin-bottom:0px;\"><div class=\"fusion-column-wrapper fusion-flex-column-wrapper-legacy\"><div class=\"fusion-text fusion-text-4\"><h2 style=\"text-align: center; font-size: 25px;\">Sie planen eine Veranstaltung, bei Ihnen oder einer ganz besonderen Location. Gerne betreuen wir Ihr Event und stehen Ihnen mit Rat und Tat zur Verf\u00fcgung.<\/h2>\n<\/div><ul style=\"--awb-size:17px;--awb-iconcolor:#cbaa5c;--awb-line-height:28.9px;--awb-icon-width:28.9px;--awb-icon-height:28.9px;--awb-icon-margin:11.9px;--awb-content-margin:40.8px;\" class=\"fusion-checklist fusion-checklist-1 fusion-checklist-default type-icons address\"><li class=\"fusion-li-item\" style=\"\"><span class=\"icon-wrapper circle-no\"><i class=\"fusion-li-icon fa-mobile-alt fas\" aria-hidden=\"true\"><\/i><\/span><div class=\"fusion-li-item-content\">Tel: <a href=\"tel:+436648202477\">+43 (0)664 820 24 77<\/a><\/div><\/li><li class=\"fusion-li-item\" style=\"\"><span class=\"icon-wrapper circle-no\"><i class=\"fusion-li-icon fa-envelope far\" aria-hidden=\"true\"><\/i><\/span><div class=\"fusion-li-item-content\"><a href=\"mailto:event@imlauer.com\">event@imlauer.com<\/a><\/div><\/li><\/ul><div class=\"fusion-sep-clear\"><\/div><div class=\"fusion-separator fusion-full-width-sep\" style=\"margin-left: auto;margin-right: auto;margin-top:50px;width:100%;\"><\/div><div class=\"fusion-sep-clear\"><\/div><div class=\"fusion-clearfix\"><\/div><\/div><\/div><\/div><\/div><\/p>\n","protected":false},"excerpt":{"rendered":"","protected":false},"author":1,"featured_media":0,"parent":0,"menu_order":0,"comment_status":"closed","ping_status":"closed","template":"100-width.php","meta":{"footnotes":""},"class_list":["post-49","page","type-page","status-publish","hentry"],"_links":{"self":[{"href":"https:\/\/imlauer.com\/imlauer-sky-bar-restaurant\/wp-json\/wp\/v2\/pages\/49","targetHints":{"allow":["GET"]}}],"collection":[{"href":"https:\/\/imlauer.com\/imlauer-sky-bar-restaurant\/wp-json\/wp\/v2\/pages"}],"about":[{"href":"https:\/\/imlauer.com\/imlauer-sky-bar-restaurant\/wp-json\/wp\/v2\/types\/page"}],"author":[{"embeddable":true,"href":"https:\/\/imlauer.com\/imlauer-sky-bar-restaurant\/wp-json\/wp\/v2\/users\/1"}],"replies":[{"embeddable":true,"href":"https:\/\/imlauer.com\/imlauer-sky-bar-restaurant\/wp-json\/wp\/v2\/comments?post=49"}],"version-history":[{"count":19,"href":"https:\/\/imlauer.com\/imlauer-sky-bar-restaurant\/wp-json\/wp\/v2\/pages\/49\/revisions"}],"predecessor-version":[{"id":16581,"href":"https:\/\/imlauer.com\/imlauer-sky-bar-restaurant\/wp-json\/wp\/v2\/pages\/49\/revisions\/16581"}],"wp:attachment":[{"href":"https:\/\/imlauer.com\/imlauer-sky-bar-restaurant\/wp-json\/wp\/v2\/media?parent=49"}],"curies":[{"name":"wp","href":"https:\/\/api.w.org\/{rel}","templated":true}]}}