{"id":34,"date":"2025-02-03T13:38:42","date_gmt":"2025-02-03T13:38:42","guid":{"rendered":"https:\/\/imlauer.com\/mirabell-coffee-bar\/index.php\/mirabell-coffee-bar-exclusiv\/"},"modified":"2026-02-13T13:15:52","modified_gmt":"2026-02-13T13:15:52","slug":"mirabell-coffee-bar-exclusiv","status":"publish","type":"page","link":"https:\/\/imlauer.com\/mirabell-coffee-bar\/mirabell-coffee-bar-exclusiv\/","title":{"rendered":"Mirabell Coffee Bar Exclusiv"},"content":{"rendered":"<p><div class=\"fusion-fullwidth fullwidth-box fusion-builder-row-1 nonhundred-percent-fullwidth non-hundred-percent-height-scrolling fusion-no-small-visibility\" style=\"--awb-background-position:left top;--awb-border-sizes-top:0px;--awb-border-sizes-bottom:0px;--awb-border-sizes-left:0px;--awb-border-sizes-right:0px;--awb-border-radius-top-left:0px;--awb-border-radius-top-right:0px;--awb-border-radius-bottom-right:0px;--awb-border-radius-bottom-left:0px;--awb-padding-top:0px;--awb-padding-bottom:15px;--awb-margin-top:40px;--awb-flex-wrap:wrap;\" ><div class=\"fusion-builder-row fusion-row\"><div class=\"fusion-layout-column fusion_builder_column fusion-builder-column-0 fusion_builder_column_1_2 1_2 fusion-one-half fusion-column-first\" style=\"--awb-padding-top:40px;--awb-padding-right:40px;--awb-padding-bottom:40px;--awb-padding-left:40px;--awb-bg-size:cover;width:48%; margin-right: 4%;\"><div class=\"fusion-column-wrapper fusion-column-has-shadow fusion-flex-column-wrapper-legacy\"><div class=\"fusion-image-element fusion-image-align-center in-legacy-container\" style=\"text-align:center;--awb-liftup-border-radius:0px;--awb-caption-title-font-family:var(--h2_typography-font-family);--awb-caption-title-font-weight:var(--h2_typography-font-weight);--awb-caption-title-font-style:var(--h2_typography-font-style);--awb-caption-title-size:var(--h2_typography-font-size);--awb-caption-title-transform:var(--h2_typography-text-transform);--awb-caption-title-line-height:var(--h2_typography-line-height);--awb-caption-title-letter-spacing:var(--h2_typography-letter-spacing);\"><div class=\"imageframe-align-center\"><div class=\"awb-image-frame awb-image-frame-1 imageframe-liftup\"><span class=\" fusion-imageframe imageframe-none imageframe-1\"><a href=\"https:\/\/imlauer.com\/mirabell-coffee-bar\/wp-content\/uploads\/2025\/02\/DSC_2004_bearb-scaled-1.jpg\" class=\"fusion-lightbox\" data-rel=\"iLightbox[8c3a28f5c13471be583]\" data-title=\"DSC_2004_bearb-scaled\" title=\"DSC_2004_bearb-scaled\"><img decoding=\"async\" width=\"2291\" height=\"2560\" src=\"https:\/\/imlauer.com\/mirabell-coffee-bar\/wp-content\/uploads\/2025\/02\/DSC_2004_bearb-scaled-1.jpg\" data-orig-src=\"https:\/\/imlauer.com\/mirabell-coffee-bar\/wp-content\/uploads\/2025\/02\/DSC_2004_bearb-scaled-1.jpg\" alt class=\"lazyload img-responsive wp-image-92\" srcset=\"data:image\/svg+xml,%3Csvg%20xmlns%3D%27http%3A%2F%2Fwww.w3.org%2F2000%2Fsvg%27%20width%3D%272291%27%20height%3D%272560%27%20viewBox%3D%270%200%202291%202560%27%3E%3Crect%20width%3D%272291%27%20height%3D%272560%27%20fill-opacity%3D%220%22%2F%3E%3C%2Fsvg%3E\" data-srcset=\"https:\/\/imlauer.com\/mirabell-coffee-bar\/wp-content\/uploads\/2025\/02\/DSC_2004_bearb-scaled-1-200x223.jpg 200w, https:\/\/imlauer.com\/mirabell-coffee-bar\/wp-content\/uploads\/2025\/02\/DSC_2004_bearb-scaled-1-400x447.jpg 400w, https:\/\/imlauer.com\/mirabell-coffee-bar\/wp-content\/uploads\/2025\/02\/DSC_2004_bearb-scaled-1-600x670.jpg 600w, https:\/\/imlauer.com\/mirabell-coffee-bar\/wp-content\/uploads\/2025\/02\/DSC_2004_bearb-scaled-1-800x894.jpg 800w, https:\/\/imlauer.com\/mirabell-coffee-bar\/wp-content\/uploads\/2025\/02\/DSC_2004_bearb-scaled-1-1200x1341.jpg 1200w, https:\/\/imlauer.com\/mirabell-coffee-bar\/wp-content\/uploads\/2025\/02\/DSC_2004_bearb-scaled-1.jpg 2291w\" data-sizes=\"auto\" data-orig-sizes=\"(max-width: 969px) 100vw, 600px\" \/><\/a><\/span><\/div><\/div><\/div><div class=\"fusion-clearfix\"><\/div><\/div><\/div><div class=\"fusion-layout-column fusion_builder_column fusion-builder-column-1 fusion_builder_column_1_2 1_2 fusion-one-half fusion-column-last\" style=\"--awb-bg-size:cover;width:48%;\"><div class=\"fusion-column-wrapper fusion-column-has-shadow fusion-flex-column-wrapper-legacy\"><div class=\"fusion-column-content-centered\"><div class=\"fusion-column-content\"><div class=\"fusion-text fusion-text-1\"><p style=\"letter-spacing: 4px; font-size: 13px; text-align: center; margin-bottom: 0px;\">THE PLACE TO CELEBRATE EXCLUSIVELY<\/p>\n<pre id=\"tw-target-text\" class=\"tw-data-text tw-text-large XcVN5d tw-ta\" dir=\"ltr\" data-placeholder=\"\u00dcbersetzung\"><\/pre>\n<h1 style=\"text-align: center;\"><strong>MIRABELL COFFEE BAR EXKLUSIV<\/strong><\/h1>\n<\/div><div class=\"fusion-text fusion-text-2\"><div class=\"fusion-text content\" style=\"text-align: center;\">\n<p>Nur f\u00fcr uns ganz allein. Buchen Sie die Mirabell Coffee Bar f\u00fcr sich und ihre Freunde oder ganz exklusiv f\u00fcr kleine Firmenfeiern mit den Kollegen.<\/p>\n<h2><strong>Private Events<\/strong><\/h2>\n<p>Klein aber fein und nun auch exklusiv buchbar. Die Mirabell Coffee Bar steht ab sofort auch Abends f\u00fcr Ihre private Veranstaltung zur Verf\u00fcgung. Ab 19:00 Uhr f\u00fcr bis zu<strong> 10 Personen<\/strong> kann dieses kleine Schmuckst\u00fcck gemietet werden. <strong>Von Antipasti \u00fcber Flammkuchen.<\/strong> Wir stellen Ihnen gerne Verpflegungsvorschl\u00e4ge ma\u00dfgeschneidert auf ihre W\u00fcnsche zusammen. W\u00e4hrend ihres Events steht Ihnen ein eigener Servicemitarbeiter zur Verf\u00fcgung, welcher sich um Speis und Trank f\u00fcr Sie und ihre G\u00e4ste k\u00fcmmert.<\/p>\n<\/div>\n<\/div><div class=\"fusion-text fusion-text-3\"><p style=\"text-align: center;\">Reservierungen nehmen wir gerne unter\u00a0<a href=\"tel:+4366288978810\">+43 (0)662 88978810<\/a> oder per E-Mail: <a href=\"mailto:event@imlauer.com\">event@imlauer.com\u00a0<\/a> entgegen<\/p>\n<\/div><\/div><\/div><div class=\"fusion-clearfix\"><\/div><\/div><\/div><\/div><div class=\"fusion-builder-row fusion-row\"><div class=\"fusion-layout-column fusion_builder_column fusion-builder-column-2 fusion_builder_column_1_2 1_2 fusion-one-half fusion-column-first\" style=\"--awb-bg-size:cover;width:50%;width:calc(50% - ( ( 4% ) * 0.5 ) );margin-right: 4%;\"><div class=\"fusion-column-wrapper fusion-column-has-shadow fusion-flex-column-wrapper-legacy\"><div class=\"fusion-text fusion-text-4\"><h2 style=\"text-align: center;\"><strong>Kleine \u00dcberraschungen und besondere Momente<\/strong><\/h2>\n<p style=\"text-align: center;\">Bewusst verzichten aber trotzdem Freude schenken. Sie m\u00f6chten dieses Jahr keine Weihnachtsfeier ausrichten, ihren Mitarbeitern und Kollegen aber dennoch eine kleine Aufmerksamkeit zukommen lassen? Die IMLAUER Wertgutscheine sind hierf\u00fcr das ideale Geschenk! Ob eine Weihnachtsfeier zu Zweit als privates Candle-Light-Dinner im IMLAUER Sky Restaurant, Kaffee, Salzburger Nockerl oder Kuchen &#8222;to Go&#8220; von der Mirabell Coffee Bar oder ein Wochenende in den beiden sch\u00f6nsten St\u00e4dten \u00d6sterreichs. Einl\u00f6sbar sind die Gutscheine in allen Hotels und Restaurants der IMLAUER Gruppe in Salzburg und Wien.<\/p>\n<\/div><div class=\"fusion-sep-clear\"><\/div><div class=\"fusion-separator fusion-full-width-sep\" style=\"margin-left: auto;margin-right: auto;margin-top:10px;width:100%;\"><\/div><div class=\"fusion-sep-clear\"><\/div><div class=\"fusion-modal modal fade modal-1 gutscheine\" tabindex=\"-1\" role=\"dialog\" aria-labelledby=\"modal-heading-1\" aria-hidden=\"true\" style=\"--awb-border-color:#ebebeb;--awb-background:#f6f6f6;\"><div class=\"modal-dialog modal-lg\" role=\"document\"><div class=\"modal-content fusion-modal-content\"><div class=\"modal-header\"><button class=\"close\" type=\"button\" data-dismiss=\"modal\" aria-hidden=\"true\" aria-label=\"Close\">&times;<\/button><h3 class=\"modal-title\" id=\"modal-heading-1\" data-dismiss=\"modal\" aria-hidden=\"true\"><\/h3><\/div><div class=\"modal-body fusion-clearfix\">\n<p><iframe src=\"https:\/\/shop.imlauer.com\" width=\"100%\" height=\"2000\" frameborder=\"0\" allowfullscreen=\"allowfullscreen\"><\/iframe><\/p>\n<\/div><div class=\"modal-footer\"><button class=\"fusion-button button-default button-medium button default medium\" type=\"button\" data-dismiss=\"modal\">Close<\/button><\/div><\/div><\/div><\/div><div class=\"fusion-aligncenter\"><a class=\"fusion-button button-flat button-large button-custom fusion-button-default button-1 fusion-button-default-span fusion-button-default-type fusion-has-button-gradient\" style=\"--button_accent_color:#af9755;--button_accent_hover_color:#ffffff;--button_border_hover_color:#af9755;--button_border_width-top:2px;--button_border_width-right:2px;--button_border_width-bottom:2px;--button_border_width-left:2px;--button_gradient_top_color:#ffffff;--button_gradient_bottom_color:rgba(255,255,255,0.65);--button_gradient_top_color_hover:#af9755;--button_gradient_bottom_color_hover:#af9755;--button_text_transform:none;\" target=\"_blank\" rel=\"noopener noreferrer\" href=\"#\" data-toggle=\"modal\" data-target=\".fusion-modal.gutscheine\"><span class=\"fusion-button-icon-divider button-icon-divider-left\"><i class=\"fa-gift fas awb-button__icon awb-button__icon--default\" aria-hidden=\"true\"><\/i><\/span><span class=\"fusion-button-text awb-button__text awb-button__text--default fusion-button-text-left\">Gutschein online kaufen<\/span><\/a><\/div><div class=\"fusion-clearfix\"><\/div><\/div><\/div><div class=\"fusion-layout-column fusion_builder_column fusion-builder-column-3 fusion_builder_column_1_2 1_2 fusion-one-half fusion-column-last\" style=\"--awb-bg-size:cover;width:50%;width:calc(50% - ( ( 4% ) * 0.5 ) );\"><div class=\"fusion-column-wrapper fusion-column-has-shadow fusion-flex-column-wrapper-legacy\"><div class=\"fusion-image-element fusion-image-align-center in-legacy-container\" style=\"text-align:center;--awb-liftup-border-radius:0px;--awb-caption-title-font-family:var(--h2_typography-font-family);--awb-caption-title-font-weight:var(--h2_typography-font-weight);--awb-caption-title-font-style:var(--h2_typography-font-style);--awb-caption-title-size:var(--h2_typography-font-size);--awb-caption-title-transform:var(--h2_typography-text-transform);--awb-caption-title-line-height:var(--h2_typography-line-height);--awb-caption-title-letter-spacing:var(--h2_typography-letter-spacing);\"><div class=\"imageframe-align-center\"><div class=\"awb-image-frame awb-image-frame-2 imageframe-liftup\"><span class=\" fusion-imageframe imageframe-none imageframe-2\"><a href=\"https:\/\/imlauer.com\/mirabell-coffee-bar\/wp-content\/uploads\/2025\/02\/Weihnachten-Imlauer-Sky-2.jpg\" class=\"fusion-lightbox\" data-rel=\"iLightbox[5fd3ec119049c586477]\" data-title=\"Weihnachten-Imlauer-Sky-2\" title=\"Weihnachten-Imlauer-Sky-2\"><img decoding=\"async\" width=\"1000\" height=\"655\" src=\"https:\/\/imlauer.com\/mirabell-coffee-bar\/wp-content\/uploads\/2025\/02\/Weihnachten-Imlauer-Sky-2.jpg\" data-orig-src=\"https:\/\/imlauer.com\/mirabell-coffee-bar\/wp-content\/uploads\/2025\/02\/Weihnachten-Imlauer-Sky-2.jpg\" alt class=\"lazyload img-responsive wp-image-94\" srcset=\"data:image\/svg+xml,%3Csvg%20xmlns%3D%27http%3A%2F%2Fwww.w3.org%2F2000%2Fsvg%27%20width%3D%271000%27%20height%3D%27655%27%20viewBox%3D%270%200%201000%20655%27%3E%3Crect%20width%3D%271000%27%20height%3D%27655%27%20fill-opacity%3D%220%22%2F%3E%3C%2Fsvg%3E\" data-srcset=\"https:\/\/imlauer.com\/mirabell-coffee-bar\/wp-content\/uploads\/2025\/02\/Weihnachten-Imlauer-Sky-2-200x131.jpg 200w, https:\/\/imlauer.com\/mirabell-coffee-bar\/wp-content\/uploads\/2025\/02\/Weihnachten-Imlauer-Sky-2-400x262.jpg 400w, https:\/\/imlauer.com\/mirabell-coffee-bar\/wp-content\/uploads\/2025\/02\/Weihnachten-Imlauer-Sky-2-600x393.jpg 600w, https:\/\/imlauer.com\/mirabell-coffee-bar\/wp-content\/uploads\/2025\/02\/Weihnachten-Imlauer-Sky-2-800x524.jpg 800w, https:\/\/imlauer.com\/mirabell-coffee-bar\/wp-content\/uploads\/2025\/02\/Weihnachten-Imlauer-Sky-2.jpg 1000w\" data-sizes=\"auto\" data-orig-sizes=\"(max-width: 969px) 100vw, 800px\" \/><\/a><\/span><\/div><\/div><\/div><div class=\"fusion-clearfix\"><\/div><\/div><\/div><\/div><\/div><div class=\"fusion-fullwidth fullwidth-box fusion-builder-row-2 nonhundred-percent-fullwidth non-hundred-percent-height-scrolling fusion-no-medium-visibility fusion-no-large-visibility\" style=\"--awb-background-position:left top;--awb-border-sizes-top:0px;--awb-border-sizes-bottom:0px;--awb-border-sizes-left:0px;--awb-border-sizes-right:0px;--awb-border-radius-top-left:0px;--awb-border-radius-top-right:0px;--awb-border-radius-bottom-right:0px;--awb-border-radius-bottom-left:0px;--awb-padding-top:0px;--awb-padding-bottom:15px;--awb-margin-top:40px;--awb-flex-wrap:wrap;\" ><div class=\"fusion-builder-row fusion-row\"><div class=\"fusion-layout-column fusion_builder_column fusion-builder-column-4 fusion_builder_column_1_2 1_2 fusion-one-half fusion-column-first\" style=\"--awb-padding-top:40px;--awb-padding-bottom:40px;--awb-bg-size:cover;width:48%; margin-right: 4%;\"><div class=\"fusion-column-wrapper fusion-column-has-shadow fusion-flex-column-wrapper-legacy\"><div class=\"fusion-image-element fusion-image-align-center in-legacy-container\" style=\"text-align:center;--awb-liftup-border-radius:0px;--awb-caption-title-font-family:var(--h2_typography-font-family);--awb-caption-title-font-weight:var(--h2_typography-font-weight);--awb-caption-title-font-style:var(--h2_typography-font-style);--awb-caption-title-size:var(--h2_typography-font-size);--awb-caption-title-transform:var(--h2_typography-text-transform);--awb-caption-title-line-height:var(--h2_typography-line-height);--awb-caption-title-letter-spacing:var(--h2_typography-letter-spacing);\"><div class=\"imageframe-align-center\"><div class=\"awb-image-frame awb-image-frame-3 imageframe-liftup\"><span class=\" fusion-imageframe imageframe-dropshadow imageframe-3\" style=\"border:13px solid #f6f6f6;-webkit-box-shadow: 3px 3px 7px rgba(0,0,0,0.3);box-shadow: 3px 3px 7px rgba(0,0,0,0.3);\"><a href=\"https:\/\/imlauer.com\/mirabell-coffee-bar\/wp-content\/uploads\/sites\/11\/2020\/10\/DSC_2004_bearb-scaled.jpg\" class=\"fusion-lightbox\" data-rel=\"iLightbox[cf8d9dd2e7502455322]\"><img decoding=\"async\" src=\"data:image\/gif;base64,R0lGODlhAQABAAAAACH5BAEKAAEALAAAAAABAAEAAAICTAEAOw==\" data-orig-src=\"https:\/\/imlauer.com\/mirabell-coffee-bar\/wp-content\/uploads\/sites\/11\/2020\/10\/DSC_2004_bearb-scaled.jpg\" alt class=\"lazyload img-responsive\"\/><\/a><\/span><\/div><\/div><\/div><div class=\"fusion-clearfix\"><\/div><\/div><\/div><div class=\"fusion-layout-column fusion_builder_column fusion-builder-column-5 fusion_builder_column_1_2 1_2 fusion-one-half fusion-column-last\" style=\"--awb-bg-size:cover;width:48%;\"><div class=\"fusion-column-wrapper fusion-column-has-shadow fusion-flex-column-wrapper-legacy\"><div class=\"fusion-column-content-centered\"><div class=\"fusion-column-content\"><div class=\"fusion-text fusion-text-5\"><p style=\"letter-spacing: 4px; font-size: 13px; text-align: center; margin-bottom: 0px;\">THE PLACE TO CELEBRATE EXCLUSIVELY<\/p>\n<pre id=\"tw-target-text\" class=\"tw-data-text tw-text-large XcVN5d tw-ta\" dir=\"ltr\" data-placeholder=\"\u00dcbersetzung\"><\/pre>\n<h2 style=\"text-align: center;\"><strong>MIRABELL COFFEE BAR EXKLUSIV<\/strong><\/h2>\n<\/div><div class=\"fusion-text fusion-text-6\"><div class=\"fusion-text content\" style=\"text-align: center;\">\n<p>Nur f\u00fcr uns ganz allein. Buchen Sie die Mirabell Coffee Bar f\u00fcr sich und ihre Freunde oder ganz exklusiv f\u00fcr kleine Firmenfeiern mit den Kollegen.<\/p>\n<h2><strong>Private Events<\/strong><\/h2>\n<p>Klein aber fein und nun auch exklusiv buchbar. Die Mirabell Coffee Bar steht ab sofort auch Abends f\u00fcr Ihre private Veranstaltung zur Verf\u00fcgung. Ab 19:00 Uhr f\u00fcr bis zu<strong> 10 Personen<\/strong> kann dieses kleine Schmuckst\u00fcck gemietet werden. <strong>Von Antipasti \u00fcber Flammkuchen.<\/strong> Wir stellen Ihnen gerne Verpflegungsvorschl\u00e4ge ma\u00dfgeschneidert auf ihre W\u00fcnsche zusammen. W\u00e4hrend ihres Events steht Ihnen ein eigener Servicemitarbeiter zur Verf\u00fcgung, welcher sich um Speis und Trank f\u00fcr Sie und ihre G\u00e4ste k\u00fcmmert.<\/p>\n<\/div>\n<\/div><div class=\"fusion-text fusion-text-7\"><p style=\"text-align: center;\">Reservierungen nehmen wir gerne unter\u00a0<a href=\"tel:+4366288978810\">+43 (0)662 88978810<\/a> oder per E-Mail: <a href=\"mailto:event@imlauer.com\">event@imlauer.com\u00a0<\/a> entgegen<\/p>\n<\/div><\/div><\/div><div class=\"fusion-clearfix\"><\/div><\/div><\/div><\/div><div class=\"fusion-builder-row fusion-row\"><div class=\"fusion-layout-column fusion_builder_column fusion-builder-column-6 fusion_builder_column_1_2 1_2 fusion-one-half fusion-column-first\" style=\"--awb-bg-size:cover;width:50%;width:calc(50% - ( ( 4% ) * 0.5 ) );margin-right: 4%;\"><div class=\"fusion-column-wrapper fusion-column-has-shadow fusion-flex-column-wrapper-legacy\"><div class=\"fusion-image-element fusion-image-align-center in-legacy-container\" style=\"text-align:center;--awb-liftup-border-radius:0px;--awb-caption-title-font-family:var(--h2_typography-font-family);--awb-caption-title-font-weight:var(--h2_typography-font-weight);--awb-caption-title-font-style:var(--h2_typography-font-style);--awb-caption-title-size:var(--h2_typography-font-size);--awb-caption-title-transform:var(--h2_typography-text-transform);--awb-caption-title-line-height:var(--h2_typography-line-height);--awb-caption-title-letter-spacing:var(--h2_typography-letter-spacing);\"><div class=\"imageframe-align-center\"><div class=\"awb-image-frame awb-image-frame-4 imageframe-liftup\"><span class=\" fusion-imageframe imageframe-dropshadow imageframe-4\" style=\"border:13px solid #f6f6f6;-webkit-box-shadow: 3px 3px 7px rgba(0,0,0,0.3);box-shadow: 3px 3px 7px rgba(0,0,0,0.3);\"><a href=\"https:\/\/imlauer.com\/pitterkeller\/wp-content\/uploads\/sites\/6\/2019\/10\/Weihnachten-Imlauer-Sky-2.jpg\" class=\"fusion-lightbox\" data-rel=\"iLightbox[501b12a26b9fac1f056]\"><img decoding=\"async\" src=\"data:image\/gif;base64,R0lGODlhAQABAAAAACH5BAEKAAEALAAAAAABAAEAAAICTAEAOw==\" data-orig-src=\"https:\/\/imlauer.com\/pitterkeller\/wp-content\/uploads\/sites\/6\/2019\/10\/Weihnachten-Imlauer-Sky-2.jpg\" alt class=\"lazyload img-responsive\"\/><\/a><\/span><\/div><\/div><\/div><div class=\"fusion-clearfix\"><\/div><\/div><\/div><div class=\"fusion-layout-column fusion_builder_column fusion-builder-column-7 fusion_builder_column_1_2 1_2 fusion-one-half fusion-column-last\" style=\"--awb-bg-size:cover;width:50%;width:calc(50% - ( ( 4% ) * 0.5 ) );\"><div class=\"fusion-column-wrapper fusion-column-has-shadow fusion-flex-column-wrapper-legacy\"><div class=\"fusion-text fusion-text-8\"><h2 style=\"text-align: center;\"><strong>Kleine \u00dcberraschungen und besondere Momente<\/strong><\/h2>\n<p style=\"text-align: center;\">Bewusst verzichten aber trotzdem Freude schenken. Sie m\u00f6chten dieses Jahr keine Weihnachtsfeier ausrichten, ihren Mitarbeitern und Kollegen aber dennoch eine kleine Aufmerksamkeit zukommen lassen? Die IMLAUER Wertgutscheine sind hierf\u00fcr das ideale Geschenk! Ob eine Weihnachtsfeier zu Zweit als privates Candle-Light-Dinner im IMLAUER Sky Restaurant, Kaffee, Salzburger Nockerl oder Kuchen &#8222;to Go&#8220; von der Mirabell Coffee Bar oder ein Wochenende in den beiden sch\u00f6nsten St\u00e4dten \u00d6sterreichs. Einl\u00f6sbar sind die Gutscheine in allen Hotels und Restaurants der IMLAUER Gruppe in Salzburg und Wien.<\/p>\n<\/div><div class=\"fusion-sep-clear\"><\/div><div class=\"fusion-separator fusion-full-width-sep\" style=\"margin-left: auto;margin-right: auto;margin-top:10px;width:100%;\"><\/div><div class=\"fusion-sep-clear\"><\/div><div class=\"fusion-modal modal fade modal-2 gutscheine\" tabindex=\"-1\" role=\"dialog\" aria-labelledby=\"modal-heading-2\" aria-hidden=\"true\" style=\"--awb-border-color:#ebebeb;--awb-background:#f6f6f6;\"><div class=\"modal-dialog modal-lg\" role=\"document\"><div class=\"modal-content fusion-modal-content\"><div class=\"modal-header\"><button class=\"close\" type=\"button\" data-dismiss=\"modal\" aria-hidden=\"true\" aria-label=\"Close\">&times;<\/button><h3 class=\"modal-title\" id=\"modal-heading-2\" data-dismiss=\"modal\" aria-hidden=\"true\"><\/h3><\/div><div class=\"modal-body fusion-clearfix\">\n<p><iframe src=\"https:\/\/shop.imlauer.com\" width=\"100%\" height=\"2000\" frameborder=\"0\" allowfullscreen=\"allowfullscreen\"><\/iframe><\/p>\n<\/div><div class=\"modal-footer\"><button class=\"fusion-button button-default button-medium button default medium\" type=\"button\" data-dismiss=\"modal\">Close<\/button><\/div><\/div><\/div><\/div><div class=\"fusion-aligncenter\"><a class=\"fusion-button button-flat button-large button-custom fusion-button-default button-2 fusion-button-default-span fusion-button-default-type fusion-has-button-gradient\" style=\"--button_accent_color:#af9755;--button_accent_hover_color:#ffffff;--button_border_hover_color:#af9755;--button_border_width-top:2px;--button_border_width-right:2px;--button_border_width-bottom:2px;--button_border_width-left:2px;--button_gradient_top_color:#ffffff;--button_gradient_bottom_color:rgba(255,255,255,0.65);--button_gradient_top_color_hover:#af9755;--button_gradient_bottom_color_hover:#af9755;--button_text_transform:none;\" target=\"_self\" href=\"#\" data-toggle=\"modal\" data-target=\".fusion-modal.gutscheine\"><span class=\"fusion-button-icon-divider button-icon-divider-left\"><i class=\"fa-gift fas awb-button__icon awb-button__icon--default\" aria-hidden=\"true\"><\/i><\/span><span class=\"fusion-button-text awb-button__text awb-button__text--default fusion-button-text-left\">Gutschein online kaufen<\/span><\/a><\/div><div class=\"fusion-clearfix\"><\/div><\/div><\/div><\/div><\/div><\/p>\n","protected":false},"excerpt":{"rendered":"","protected":false},"author":1,"featured_media":0,"parent":0,"menu_order":0,"comment_status":"closed","ping_status":"closed","template":"","meta":{"footnotes":""},"class_list":["post-34","page","type-page","status-publish","hentry"],"_links":{"self":[{"href":"https:\/\/imlauer.com\/mirabell-coffee-bar\/wp-json\/wp\/v2\/pages\/34","targetHints":{"allow":["GET"]}}],"collection":[{"href":"https:\/\/imlauer.com\/mirabell-coffee-bar\/wp-json\/wp\/v2\/pages"}],"about":[{"href":"https:\/\/imlauer.com\/mirabell-coffee-bar\/wp-json\/wp\/v2\/types\/page"}],"author":[{"embeddable":true,"href":"https:\/\/imlauer.com\/mirabell-coffee-bar\/wp-json\/wp\/v2\/users\/1"}],"replies":[{"embeddable":true,"href":"https:\/\/imlauer.com\/mirabell-coffee-bar\/wp-json\/wp\/v2\/comments?post=34"}],"version-history":[{"count":10,"href":"https:\/\/imlauer.com\/mirabell-coffee-bar\/wp-json\/wp\/v2\/pages\/34\/revisions"}],"predecessor-version":[{"id":7228,"href":"https:\/\/imlauer.com\/mirabell-coffee-bar\/wp-json\/wp\/v2\/pages\/34\/revisions\/7228"}],"wp:attachment":[{"href":"https:\/\/imlauer.com\/mirabell-coffee-bar\/wp-json\/wp\/v2\/media?parent=34"}],"curies":[{"name":"wp","href":"https:\/\/api.w.org\/{rel}","templated":true}]}}