{"id":36,"date":"2025-02-03T13:38:43","date_gmt":"2025-02-03T13:38:43","guid":{"rendered":"https:\/\/imlauer.com\/mirabell-coffee-bar\/index.php\/regionalitaet\/"},"modified":"2025-11-10T14:38:09","modified_gmt":"2025-11-10T14:38:09","slug":"regionalitaet","status":"publish","type":"page","link":"https:\/\/imlauer.com\/mirabell-coffee-bar\/regionalitaet\/","title":{"rendered":"Regionalit\u00e4t"},"content":{"rendered":"<p><div class=\"fusion-fullwidth fullwidth-box fusion-builder-row-1 hundred-percent-fullwidth non-hundred-percent-height-scrolling fusion-equal-height-columns fusion-no-small-visibility fusion-no-medium-visibility\" style=\"--awb-border-radius-top-left:0px;--awb-border-radius-top-right:0px;--awb-border-radius-bottom-right:0px;--awb-border-radius-bottom-left:0px;--awb-padding-top:4%;--awb-padding-right:0%;--awb-padding-bottom:3%;--awb-padding-left:0%;--awb-background-color:#f7f7f7;--awb-flex-wrap:wrap;\" ><div class=\"fusion-builder-row fusion-row\"><div class=\"fusion-layout-column fusion_builder_column fusion-builder-column-0 fusion_builder_column_1_2 1_2 fusion-one-half fusion-column-first fusion-animated\" style=\"--awb-padding-top:15%;--awb-padding-right:11%;--awb-padding-bottom:15%;--awb-padding-left:10%;--awb-bg-color:#ffffff;--awb-bg-color-hover:#ffffff;--awb-bg-size:cover;--awb-margin-bottom:0px;width:50%;width:calc(50% - ( ( 0 ) * 0.5 ) );margin-right: 0px;\" data-animationType=\"fadeInLeft\" data-animationDuration=\"0.8\" data-animationOffset=\"top-into-view\" id=\"region\"><div class=\"fusion-column-wrapper fusion-column-has-shadow fusion-flex-column-wrapper-legacy\"><div class=\"fusion-column-content-centered\"><div class=\"fusion-column-content\"><div class=\"fusion-text fusion-text-1\"><h1 style=\"letter-spacing: 4px; font-size: 22px; text-align: center; line-height: 22px;\"><span style=\"color: #af9755;\">UNSER REGIONALES SORTIMENT<\/span><\/h1>\n<\/div><div class=\"fusion-text fusion-text-2\"><p style=\"text-align: center;\">Vertrauen, Handschlagsqualit\u00e4t und Region \u2013 daf\u00fcr steht die Mirabell Coffee Bar. Deshalb ist <strong>Regionalit\u00e4t<\/strong> f\u00fcr uns kein x-beliebiges Schlagwort. Die Region ist unsere Speisekammer und unser wichtigster Lieferant zugleich. Deshalb arbeiten wir fast <strong>ausschlie\u00dflich mit Salzburger Betrieben<\/strong> zusammen.<\/p>\n<\/div><ul style=\"--awb-iconcolor:#af9755;--awb-line-height:30.6px;--awb-icon-width:30.6px;--awb-icon-height:30.6px;--awb-icon-margin:12.6px;--awb-content-margin:43.2px;\" class=\"fusion-checklist fusion-checklist-1 fusion-checklist-default type-icons list_breakfast\"><li class=\"fusion-li-item\" style=\"\"><span class=\"icon-wrapper circle-no\"><i class=\"fusion-li-icon fa-bread-slice fas\" aria-hidden=\"true\"><\/i><\/span><div class=\"fusion-li-item-content\">\n<p>Das herrlich-knusprige Geb\u00e4ck kommt von der B\u00e4ckerei R\u00f6\u00dflhuber.<\/p>\n<\/div><\/li><li class=\"fusion-li-item\" style=\"\"><span class=\"icon-wrapper circle-no\"><i class=\"fusion-li-icon fa-bacon fas\" aria-hidden=\"true\"><\/i><\/span><div class=\"fusion-li-item-content\">\n<p>Fleisch und Wurst liefert die Fleischerei Renner in Siezenheim.<\/p>\n<\/div><\/li><li class=\"fusion-li-item\" style=\"\"><span class=\"icon-wrapper circle-no\"><i class=\"fusion-li-icon fa-apple-alt fas\" aria-hidden=\"true\"><\/i><\/span><div class=\"fusion-li-item-content\">\n<p>Das frische Obst und knackige Gem\u00fcse der Saison wird von den Walser Gem\u00fcsebauern angebaut.<\/p>\n<\/div><\/li><li class=\"fusion-li-item\" style=\"\"><span class=\"icon-wrapper circle-no\"><i class=\"fusion-li-icon fa-mug-hot fas\" aria-hidden=\"true\"><\/i><\/span><div class=\"fusion-li-item-content\">\n<p>Herrliche Tees von Bioteaque, organic coffee von Segafredo<\/p>\n<\/div><\/li><\/ul><\/div><\/div><div class=\"fusion-clearfix\"><\/div><\/div><\/div><div class=\"fusion-layout-column fusion_builder_column fusion-builder-column-1 fusion_builder_column_1_2 1_2 fusion-one-half fusion-column-last fusion-animated\" style=\"--awb-padding-top:0px;--awb-padding-right:0px;--awb-padding-bottom:0px;--awb-padding-left:0px;--awb-bg-position:center center;--awb-bg-size:cover;--awb-margin-bottom:0px;width:50%;width:calc(50% - ( ( 0 ) * 0.5 ) );\" data-animationType=\"fadeInRight\" data-animationDuration=\"0.8\" data-animationOffset=\"top-into-view\"><div class=\"fusion-column-wrapper lazyload fusion-column-has-shadow fusion-flex-column-wrapper-legacy fusion-empty-column-bg-image fusion-column-has-bg-image\" data-bg-url=\"https:\/\/imlauer.com\/mirabell-coffee-bar\/wp-content\/uploads\/2025\/02\/Mirabell_Coffee_Bar_2_20200917_Leopold-scaled-1.jpg\" data-bg=\"https:\/\/imlauer.com\/mirabell-coffee-bar\/wp-content\/uploads\/2025\/02\/Mirabell_Coffee_Bar_2_20200917_Leopold-scaled-1.jpg\"><div class=\"fusion-column-content-centered\"><div class=\"fusion-column-content\"><img decoding=\"async\" class=\"fusion-empty-dims-img-placeholder fusion-no-large-visibility\" aria-label=\"Mirabell_Coffee_Bar\" src=\"data:image\/svg+xml,%3Csvg%20xmlns%3D%27http%3A%2F%2Fwww.w3.org%2F2000%2Fsvg%27%20width%3D%272560%27%20height%3D%271707%27%20viewBox%3D%270%200%202560%201707%27%3E%3Crect%20width%3D%272560%27%20height%3D%271707%27%20fill-opacity%3D%220%22%2F%3E%3C%2Fsvg%3E\"><\/div><\/div><div class=\"fusion-clearfix\"><\/div><\/div><\/div><div class=\"fusion-layout-column fusion_builder_column fusion-builder-column-2 fusion_builder_column_1_2 1_2 fusion-one-half fusion-column-first fusion-animated\" style=\"--awb-padding-top:0px;--awb-padding-right:0px;--awb-padding-bottom:0px;--awb-padding-left:0px;--awb-bg-position:center center;--awb-bg-size:cover;--awb-margin-bottom:0px;width:50%;width:calc(50% - ( ( 0 ) * 0.5 ) );margin-right: 0px;\" data-animationType=\"fadeInRight\" data-animationDuration=\"0.8\" data-animationOffset=\"top-into-view\"><div class=\"fusion-column-wrapper lazyload fusion-column-has-shadow fusion-flex-column-wrapper-legacy fusion-empty-column-bg-image fusion-column-has-bg-image\" data-bg-url=\"https:\/\/imlauer.com\/mirabell-coffee-bar\/wp-content\/uploads\/2025\/02\/bioteaque-tee-alpenkraeuter.jpg\" data-bg=\"https:\/\/imlauer.com\/mirabell-coffee-bar\/wp-content\/uploads\/2025\/02\/bioteaque-tee-alpenkraeuter.jpg\"><div class=\"fusion-column-content-centered\"><div class=\"fusion-column-content\"><img decoding=\"async\" class=\"fusion-empty-dims-img-placeholder fusion-no-large-visibility\" aria-label=\"bioteaque-tee-alpenkraeuter\" src=\"data:image\/svg+xml,%3Csvg%20xmlns%3D%27http%3A%2F%2Fwww.w3.org%2F2000%2Fsvg%27%20width%3D%271000%27%20height%3D%27668%27%20viewBox%3D%270%200%201000%20668%27%3E%3Crect%20width%3D%271000%27%20height%3D%27668%27%20fill-opacity%3D%220%22%2F%3E%3C%2Fsvg%3E\"><\/div><\/div><div class=\"fusion-clearfix\"><\/div><\/div><\/div><div class=\"fusion-layout-column fusion_builder_column fusion-builder-column-3 fusion_builder_column_1_2 1_2 fusion-one-half fusion-column-last fusion-animated\" style=\"--awb-padding-top:5%;--awb-padding-right:11%;--awb-padding-bottom:5%;--awb-padding-left:10%;--awb-bg-color:#ffffff;--awb-bg-color-hover:#ffffff;--awb-bg-size:cover;--awb-margin-bottom:0px;width:50%;width:calc(50% - ( ( 0 ) * 0.5 ) );\" data-animationType=\"fadeInLeft\" data-animationDuration=\"0.8\" data-animationOffset=\"top-into-view\"><div class=\"fusion-column-wrapper fusion-column-has-shadow fusion-flex-column-wrapper-legacy\"><div class=\"fusion-column-content-centered\"><div class=\"fusion-column-content\"><div class=\"fusion-text fusion-text-3\"><p style=\"text-align: center\"><strong>Unsere \u201efrisch und munter\u201c-Auswahl<\/strong><\/p>\n<p style=\"text-align: center\">Vitamine in fl\u00fcssiger Form versprechen die verschiedenen, firsch gepressten S\u00e4fte und der hausgemachte Eistee. Und Teeliebhaber schm\u00f6kern durch das umfangreiche Sortiment an verschiedenen Teesorten von Bioteaque.<\/p>\n<p style=\"text-align: center\">Wir bieten Ihnen auch <strong>laktosefreie<\/strong> <strong>und vegetarische<\/strong> <strong>Spezialit\u00e4ten, <\/strong>f\u00fcr den individuellen Genuss ohne Reue.<\/p>\n<\/div><div class=\"fusion-text fusion-text-4\"><p style=\"text-align: center\">Ob flaumig-luftiges Croissant, duftendes Brot, frisches Bio-Ei, Salzburger Nockerl oder ein knuspriger Flammkuchen zu Mittag alles wird mit viel Liebe t\u00e4glich frisch zubereitet.<\/p>\n<\/div><\/div><\/div><div class=\"fusion-clearfix\"><\/div><\/div><\/div><div class=\"fusion-layout-column fusion_builder_column fusion-builder-column-4 fusion_builder_column_1_2 1_2 fusion-one-half fusion-column-first fusion-animated\" style=\"--awb-padding-top:5%;--awb-padding-right:11%;--awb-padding-bottom:5%;--awb-padding-left:10%;--awb-bg-color:#ffffff;--awb-bg-color-hover:#ffffff;--awb-bg-size:cover;--awb-margin-bottom:0px;width:50%;width:calc(50% - ( ( 0 ) * 0.5 ) );margin-right: 0px;\" data-animationType=\"fadeInLeft\" data-animationDuration=\"0.8\" data-animationOffset=\"top-into-view\"><div class=\"fusion-column-wrapper fusion-column-has-shadow fusion-flex-column-wrapper-legacy\"><div class=\"fusion-column-content-centered\"><div class=\"fusion-column-content\"><div class=\"fusion-text fusion-text-5\"><p style=\"text-align: center\"><strong>\u2026 und untertags auch mal zwei Bio-Eier aus Saalfelden <\/strong><\/p>\n<p style=\"text-align: center\">Wir haben ausschlie\u00dflich die besten und <strong>qualitativ hochwertigsten Produkte der Region<\/strong> f\u00fcr Sie zusammengestellt.<\/p>\n<p style=\"text-align: center\">Zum Beispiel die Bio-Eier vom IMLAUER Thomanhof aus Saalfelden, aus <strong>kontrollierter biologischer Landwirtschaft<\/strong>.<br \/>\nDie H\u00fchner genie\u00dfen ihr Leben unter freiem Himmel am Fu\u00dfe des Steinernen Meeres. Das ist uns wichtig. Und wir sind \u00fcberzeugt: Eier von gl\u00fccklichen H\u00fchnern schmecken einfach besser.<\/p>\n<\/div><\/div><\/div><div class=\"fusion-clearfix\"><\/div><\/div><\/div><div class=\"fusion-layout-column fusion_builder_column fusion-builder-column-5 fusion_builder_column_1_2 1_2 fusion-one-half fusion-column-last fusion-animated\" style=\"--awb-padding-top:0px;--awb-padding-right:0px;--awb-padding-bottom:0px;--awb-padding-left:0px;--awb-bg-position:center center;--awb-bg-size:cover;--awb-margin-bottom:0px;width:50%;width:calc(50% - ( ( 0 ) * 0.5 ) );\" data-animationType=\"fadeInRight\" data-animationDuration=\"0.8\" data-animationOffset=\"top-into-view\"><div class=\"fusion-column-wrapper lazyload fusion-column-has-shadow fusion-flex-column-wrapper-legacy fusion-empty-column-bg-image fusion-column-has-bg-image\" data-bg-url=\"https:\/\/imlauer.com\/mirabell-coffee-bar\/wp-content\/uploads\/2025\/02\/Fruestueck_Kinder_Huehner.jpg\" data-bg=\"https:\/\/imlauer.com\/mirabell-coffee-bar\/wp-content\/uploads\/2025\/02\/Fruestueck_Kinder_Huehner.jpg\"><div class=\"fusion-column-content-centered\"><div class=\"fusion-column-content\"><img decoding=\"async\" class=\"fusion-empty-dims-img-placeholder fusion-no-large-visibility\" aria-label=\"Fruestueck_Kinder_Huehner\" src=\"data:image\/svg+xml,%3Csvg%20xmlns%3D%27http%3A%2F%2Fwww.w3.org%2F2000%2Fsvg%27%20width%3D%27645%27%20height%3D%27430%27%20viewBox%3D%270%200%20645%20430%27%3E%3Crect%20width%3D%27645%27%20height%3D%27430%27%20fill-opacity%3D%220%22%2F%3E%3C%2Fsvg%3E\"><\/div><\/div><div class=\"fusion-clearfix\"><\/div><\/div><\/div><\/div><\/div><div class=\"fusion-fullwidth fullwidth-box fusion-builder-row-2 nonhundred-percent-fullwidth non-hundred-percent-height-scrolling fusion-equal-height-columns fusion-no-large-visibility\" style=\"--awb-border-radius-top-left:0px;--awb-border-radius-top-right:0px;--awb-border-radius-bottom-right:0px;--awb-border-radius-bottom-left:0px;--awb-padding-top:8%;--awb-padding-bottom:100px;--awb-margin-bottom:-80px;--awb-background-color:#f6f6f6;--awb-flex-wrap:wrap;\" ><div class=\"fusion-builder-row fusion-row\"><div class=\"fusion-layout-column fusion_builder_column fusion-builder-column-6 fusion_builder_column_1_2 1_2 fusion-one-half fusion-column-first fusion-animated\" style=\"--awb-bg-position:center center;--awb-bg-size:cover;--awb-margin-bottom:0px;width:50%;width:calc(50% - ( ( 0 ) * 0.5 ) );margin-right: 0px;\" data-animationType=\"fadeInDown\" data-animationDuration=\"0.8\" data-animationOffset=\"top-into-view\"><div class=\"fusion-column-wrapper lazyload fusion-column-has-shadow fusion-flex-column-wrapper-legacy fusion-empty-column-bg-image fusion-column-has-bg-image\" data-bg-url=\"https:\/\/imlauer.com\/mirabell-coffee-bar\/wp-content\/uploads\/sites\/11\/2020\/08\/Theke-Mirabell-Coffee-Bar-quadratc-Thomas-Imlauer.jpg\" data-bg=\"https:\/\/imlauer.com\/mirabell-coffee-bar\/wp-content\/uploads\/sites\/11\/2020\/08\/Theke-Mirabell-Coffee-Bar-quadratc-Thomas-Imlauer.jpg\"><img decoding=\"async\" class=\"fusion-empty-dims-img-placeholder fusion-no-large-visibility\" src=\"data:image\/gif;base64,R0lGODlhAQABAAAAACH5BAEKAAEALAAAAAABAAEAAAICTAEAOw==\"><div class=\"fusion-clearfix\"><\/div><\/div><\/div><div class=\"fusion-layout-column fusion_builder_column fusion-builder-column-7 fusion_builder_column_1_2 1_2 fusion-one-half fusion-column-last fusion-animated\" style=\"--awb-padding-top:15%;--awb-padding-right:11%;--awb-padding-bottom:15%;--awb-padding-left:10%;--awb-bg-color:#ffffff;--awb-bg-color-hover:#ffffff;--awb-bg-size:cover;--awb-margin-bottom:0px;width:50%;width:calc(50% - ( ( 0 ) * 0.5 ) );\" data-animationType=\"fadeInLeft\" data-animationDuration=\"0.8\" data-animationOffset=\"top-into-view\" id=\"region\"><div class=\"fusion-column-wrapper fusion-column-has-shadow fusion-flex-column-wrapper-legacy\"><div class=\"fusion-column-content-centered\"><div class=\"fusion-column-content\"><div class=\"fusion-text fusion-text-6\"><p style=\"letter-spacing: 4px;font-size: 22px;text-align: center;line-height: 22px\"><span style=\"color: #af9755\">UNSER REGIONALES SORTIMENT<\/span><\/p>\n<\/div><div class=\"fusion-text fusion-text-7\"><p style=\"text-align: center\"><strong>Der Geschmack der Region.<\/strong><\/p>\n<p style=\"text-align: center\">Vertrauen, Handschlagsqualit\u00e4t und Region \u2013 daf\u00fcr steht die Mirabell Coffee Bar. Deshalb ist <strong>Regionalit\u00e4t<\/strong> f\u00fcr uns kein x-beliebiges Schlagwort. Die Region ist unsere Speisekammer und unser wichtigster Lieferant zugleich. Deshalb arbeiten wir fast <strong>ausschlie\u00dflich mit Salzburger Betrieben<\/strong> zusammen.<\/p>\n<\/div><ul style=\"--awb-iconcolor:#af9755;--awb-line-height:30.6px;--awb-icon-width:30.6px;--awb-icon-height:30.6px;--awb-icon-margin:12.6px;--awb-content-margin:43.2px;\" class=\"fusion-checklist fusion-checklist-2 fusion-checklist-default type-icons list_breakfast\"><li class=\"fusion-li-item\" style=\"\"><span class=\"icon-wrapper circle-no\"><i class=\"fusion-li-icon fa-bread-slice fas\" aria-hidden=\"true\"><\/i><\/span><div class=\"fusion-li-item-content\">\n<p>Das herrlich-knusprige Geb\u00e4ck kommt von der B\u00e4ckerei R\u00f6\u00dflhuber.<\/p>\n<\/div><\/li><li class=\"fusion-li-item\" style=\"\"><span class=\"icon-wrapper circle-no\"><i class=\"fusion-li-icon fa-bacon fas\" aria-hidden=\"true\"><\/i><\/span><div class=\"fusion-li-item-content\">\n<p>Fleisch und Wurst liefert die Fleischerei Renner in Siezenheim.<\/p>\n<\/div><\/li><li class=\"fusion-li-item\" style=\"\"><span class=\"icon-wrapper circle-no\"><i class=\"fusion-li-icon fa-apple-alt fas\" aria-hidden=\"true\"><\/i><\/span><div class=\"fusion-li-item-content\">\n<p>Das frische Obst und knackige Gem\u00fcse der Saison wird von den Walser Gem\u00fcsebauern angebaut.<\/p>\n<\/div><\/li><li class=\"fusion-li-item\" style=\"\"><span class=\"icon-wrapper circle-no\"><i class=\"fusion-li-icon fa-mug-hot fas\" aria-hidden=\"true\"><\/i><\/span><div class=\"fusion-li-item-content\">\n<p>Herrliche Tees von Bioteaque, organic coffee von Segafredo<\/p>\n<\/div><\/li><\/ul><\/div><\/div><div class=\"fusion-clearfix\"><\/div><\/div><\/div><div class=\"fusion-layout-column fusion_builder_column fusion-builder-column-8 fusion_builder_column_1_2 1_2 fusion-one-half fusion-column-first fusion-animated\" style=\"--awb-bg-position:center center;--awb-bg-size:cover;--awb-margin-bottom:0px;width:50%;width:calc(50% - ( ( 0 ) * 0.5 ) );margin-right: 0px;\" data-animationType=\"fadeInDown\" data-animationDuration=\"0.8\" data-animationOffset=\"top-into-view\"><div class=\"fusion-column-wrapper lazyload fusion-column-has-shadow fusion-flex-column-wrapper-legacy fusion-empty-column-bg-image fusion-column-has-bg-image\" data-bg-url=\"https:\/\/imlauer.com\/hotel-pitter-salzburg\/wp-content\/uploads\/sites\/2\/2019\/10\/bioteaque-tee-alpenkraeuter.jpg\" data-bg=\"https:\/\/imlauer.com\/hotel-pitter-salzburg\/wp-content\/uploads\/sites\/2\/2019\/10\/bioteaque-tee-alpenkraeuter.jpg\"><img decoding=\"async\" class=\"fusion-empty-dims-img-placeholder fusion-no-large-visibility\" src=\"data:image\/gif;base64,R0lGODlhAQABAAAAACH5BAEKAAEALAAAAAABAAEAAAICTAEAOw==\"><div class=\"fusion-clearfix\"><\/div><\/div><\/div><div class=\"fusion-layout-column fusion_builder_column fusion-builder-column-9 fusion_builder_column_1_2 1_2 fusion-one-half fusion-column-last fusion-animated\" style=\"--awb-padding-top:5%;--awb-padding-right:11%;--awb-padding-bottom:5%;--awb-padding-left:10%;--awb-bg-color:#ffffff;--awb-bg-color-hover:#ffffff;--awb-bg-size:cover;--awb-margin-bottom:0px;width:50%;width:calc(50% - ( ( 0 ) * 0.5 ) );\" data-animationType=\"fadeInLeft\" data-animationDuration=\"0.8\" data-animationOffset=\"top-into-view\"><div class=\"fusion-column-wrapper fusion-column-has-shadow fusion-flex-column-wrapper-legacy\"><div class=\"fusion-column-content-centered\"><div class=\"fusion-column-content\"><div class=\"fusion-text fusion-text-8\"><p style=\"text-align: center\"><strong>Unsere \u201efrisch und munter\u201c-Auswahl<\/strong><\/p>\n<p style=\"text-align: center\">Vitamine in fl\u00fcssiger Form versprechen die verschiedenen, firsch gepressten S\u00e4fte und der hausgemachte Eistee. Und Teeliebhaber schm\u00f6kern durch das umfangreiche Sortiment an verschiedenen Teesorten von Bioteaque.<\/p>\n<p style=\"text-align: center\">Wir bieten Ihnen auch <strong>laktosefreie<\/strong> <strong>und vegetarische<\/strong> <strong>Spezialit\u00e4ten<\/strong><strong>, <\/strong>f\u00fcr den individuellen Genuss ohne Reue.<\/p>\n<\/div><div class=\"fusion-text fusion-text-9\"><p style=\"text-align: center\">Ob flaumig-luftiges Croissant, duftendes Brot, frisches Bio-Ei, Salzburger Nockerl oder ein knuspriger Flammkuchen zu Mittag &#8211;\u00a0 alles wird mit viel Liebe t\u00e4glich frisch zubereitet.<\/p>\n<\/div><\/div><\/div><div class=\"fusion-clearfix\"><\/div><\/div><\/div><div class=\"fusion-layout-column fusion_builder_column fusion-builder-column-10 fusion_builder_column_1_2 1_2 fusion-one-half fusion-column-first fusion-animated\" style=\"--awb-bg-position:center center;--awb-bg-size:cover;--awb-margin-bottom:0px;width:50%;width:calc(50% - ( ( 0 ) * 0.5 ) );margin-right: 0px;\" data-animationType=\"fadeInDown\" data-animationDuration=\"0.8\" data-animationOffset=\"top-into-view\"><div class=\"fusion-column-wrapper lazyload fusion-column-has-shadow fusion-flex-column-wrapper-legacy fusion-empty-column-bg-image fusion-column-has-bg-image\" data-bg-url=\"https:\/\/imlauer.com\/hotel-pitter-salzburg\/wp-content\/uploads\/sites\/2\/2019\/10\/Fruestueck_Kinder_Huehner.jpg\" data-bg=\"https:\/\/imlauer.com\/hotel-pitter-salzburg\/wp-content\/uploads\/sites\/2\/2019\/10\/Fruestueck_Kinder_Huehner.jpg\"><img decoding=\"async\" class=\"fusion-empty-dims-img-placeholder fusion-no-large-visibility\" src=\"data:image\/gif;base64,R0lGODlhAQABAAAAACH5BAEKAAEALAAAAAABAAEAAAICTAEAOw==\"><div class=\"fusion-clearfix\"><\/div><\/div><\/div><div class=\"fusion-layout-column fusion_builder_column fusion-builder-column-11 fusion_builder_column_1_2 1_2 fusion-one-half fusion-column-last fusion-animated\" style=\"--awb-padding-top:5%;--awb-padding-right:11%;--awb-padding-bottom:5%;--awb-padding-left:10%;--awb-bg-color:#ffffff;--awb-bg-color-hover:#ffffff;--awb-bg-size:cover;--awb-margin-bottom:0px;width:50%;width:calc(50% - ( ( 0 ) * 0.5 ) );\" data-animationType=\"fadeInLeft\" data-animationDuration=\"0.8\" data-animationOffset=\"top-into-view\"><div class=\"fusion-column-wrapper fusion-column-has-shadow fusion-flex-column-wrapper-legacy\"><div class=\"fusion-column-content-centered\"><div class=\"fusion-column-content\"><div class=\"fusion-text fusion-text-10\"><p style=\"text-align: center\"><strong>\u2026 und untertags auch mal zwei Bio-Eier aus Saalfelden <\/strong><\/p>\n<p style=\"text-align: center\">Wir haben ausschlie\u00dflich die besten und <strong>qualitativ hochwertigsten Produkte der Region<\/strong> f\u00fcr Sie zusammengestellt.<\/p>\n<p style=\"text-align: center\">Zum Beispiel die Bio-Eier vom IMLAUER Thomanhof aus Saalfelden, aus <strong>kontrollierter biologischer Landwirtschaft<\/strong>.<br \/>\nDie H\u00fchner genie\u00dfen ihr Leben unter freiem Himmel am Fu\u00dfe des Steinernen Meeres. Das ist uns wichtig. Und wir sind \u00fcberzeugt: Eier von gl\u00fccklichen H\u00fchnern schmecken einfach besser.<\/p>\n<\/div><\/div><\/div><div class=\"fusion-clearfix\"><\/div><\/div><\/div><\/div><\/div><\/p>\n","protected":false},"excerpt":{"rendered":"","protected":false},"author":1,"featured_media":0,"parent":0,"menu_order":0,"comment_status":"closed","ping_status":"closed","template":"","meta":{"footnotes":""},"class_list":["post-36","page","type-page","status-publish","hentry"],"_links":{"self":[{"href":"https:\/\/imlauer.com\/mirabell-coffee-bar\/wp-json\/wp\/v2\/pages\/36","targetHints":{"allow":["GET"]}}],"collection":[{"href":"https:\/\/imlauer.com\/mirabell-coffee-bar\/wp-json\/wp\/v2\/pages"}],"about":[{"href":"https:\/\/imlauer.com\/mirabell-coffee-bar\/wp-json\/wp\/v2\/types\/page"}],"author":[{"embeddable":true,"href":"https:\/\/imlauer.com\/mirabell-coffee-bar\/wp-json\/wp\/v2\/users\/1"}],"replies":[{"embeddable":true,"href":"https:\/\/imlauer.com\/mirabell-coffee-bar\/wp-json\/wp\/v2\/comments?post=36"}],"version-history":[{"count":3,"href":"https:\/\/imlauer.com\/mirabell-coffee-bar\/wp-json\/wp\/v2\/pages\/36\/revisions"}],"predecessor-version":[{"id":7217,"href":"https:\/\/imlauer.com\/mirabell-coffee-bar\/wp-json\/wp\/v2\/pages\/36\/revisions\/7217"}],"wp:attachment":[{"href":"https:\/\/imlauer.com\/mirabell-coffee-bar\/wp-json\/wp\/v2\/media?parent=36"}],"curies":[{"name":"wp","href":"https:\/\/api.w.org\/{rel}","templated":true}]}}